{"id":1493,"date":"2018-11-11T16:25:35","date_gmt":"2018-11-11T15:25:35","guid":{"rendered":"http:\/\/blog.u-bourgogne.fr\/m2fctg\/?page_id=1493"},"modified":"2022-03-01T09:50:31","modified_gmt":"2022-03-01T08:50:31","slug":"presentation-2","status":"publish","type":"page","link":"https:\/\/blog.ube.fr\/m2fctg\/presentation-2\/","title":{"rendered":"Pr\u00e9sentation"},"content":{"rendered":"<p>Lien :\u00a0<a href=\"https:\/\/www.cambridgeenglish.org\/fr\/exams-and-tests\/business-certificates\/business-preliminary\/\">https:\/\/www.cambridgeenglish.org\/fr\/exams-and-tests\/business-certificates\/business-preliminary\/<\/a><\/p>\n<h2>A quoi correspond le BEC ?<\/h2>\n<p>BEC signifie<strong> Business English Certificate (aussi appel\u00e9 Cambridge English Business Certificate)<\/strong>. Comme son nom l\u2019indique, il est orient\u00e9 <strong>commerce international<\/strong>. Le BEC fait partie des examens Cambridge English. Il atteste du\u00a0niveau de langue sur des sujets business. Destin\u00e9 aux professionnels, il est d\u00e9sormais \u00e9ligible au CPF.\u00a0Cet examen est bien-s\u00fbr reconnu par les employeurs, les entit\u00e9s gouvernementales et les organisations professionnelles \u00e0 travers le monde, il permet donc l\u2019acc\u00e8s \u00e0 des postes requ\u00e9rant la ma\u00eetrise de l\u2019anglais \u00e0 un niveau international. Certaines universit\u00e9s et coll\u00e8ges acceptent \u00e9galement le BEC comme preuve du niveau des \u00e9tudiants afin d\u2019int\u00e9grer des fili\u00e8res business (bien que le. TOEFL\u00a0ou le Cambridge English Advanced soient plus appropri\u00e9s dans un cadre universitaire g\u00e9n\u00e9ral).<\/p>\n<h2>Les diff\u00e9rents certificats du BEC<\/h2>\n<h3 style=\"text-align: center;\">3 tests diff\u00e9rents :<\/h3>\n<p>Selon les niveaux, 3 tests diff\u00e9rents sont prodigu\u00e9s.<br \/>\n\u2013<strong> Le<\/strong>\u00a0<strong>BEC Preliminary\u00a0<\/strong>ou<strong>\u00a0Cambridge English Business Preliminary<\/strong>\u00a0qui correspond au niveau <strong>B1\u00a0<\/strong>sur l\u2019\u00e9chelle international du Cadre Europ\u00e9en Commun de R\u00e9f\u00e9rence (CECR). \u00a0Le test d\u00e9montre que le candidat est en mesure de lire de courts messages, interpr\u00e9ter des graphiques, \u00e9crire de courts emails, suivre une courte conversation au t\u00e9l\u00e9phone et parler de sujets professionnels.<br \/>\n\u2013 <strong>Le BEC Vantage <\/strong>ou\u00a0<strong>Cambridge English Business Vantage <\/strong>qui correspond au niveau <strong>B2. <\/strong>Ce test prouve que le candidat est capable d\u2019\u00e9crire de courts messages concernant les affaires, lire des extraits de publications \u201cbusiness\u201d ainsi que lire, comprendre et participer \u00e0 des discussions, notamment lors de r\u00e9unions d\u2019affaires.<strong><br \/>\n\u2013 Le BEC Higher <\/strong>ou\u00a0<strong>Cambridge English Business Higher<\/strong> qui correspond au niveau <strong>C1. <\/strong>Ce test confirme\u00a0que le candidat peut communiquer efficacement \u00e0 un haut niveau (manager), participer et animer des pr\u00e9sentations et r\u00e9unions avec assurance, s\u2019exprimer de mani\u00e8re tr\u00e8s claire et fluide ainsi que r\u00e9agir de mani\u00e8re appropri\u00e9e dans des situations culturelles et sociales qui peuvent varier. Le BEC Higher permet aussi d\u2019int\u00e9grer des cours de commerce \u00e0 l\u2019universit\u00e9.<\/p>\n<h3 style=\"text-align: center;\">Modalit\u00e9 d&#8217;examen du BEC :<\/h3>\n<p>Comme la plupart des tests Cambridge English, le BEC higher se compose de 4 \u00a0\u00e9preuves majeures :<br \/>\n\u2013 \u00a0une \u00e9preuve de compr\u00e9hension \u00e9crite d\u2019une dur\u00e9e de 1h00<br \/>\n\u2013 \u00a0une \u00e9preuve d\u2019expression \u00e9crite\u00a0d\u2019une dur\u00e9e de 1h10<br \/>\n\u2013 \u00a0une \u00e9preuve de compr\u00e9hension orale d\u2019une dur\u00e9e de 40 minutes<br \/>\n\u2013 \u00a0une \u00e9preuve d\u2019expression orale\u00a0d\u2019une dur\u00e9e de 16 minutes par bin\u00f4me<\/p>\n<h2>Dur\u00e9e de validit\u00e9 du BEC<\/h2>\n<p>Le BEC n\u2019a pas de date de p\u00e9remption des certifications. Le dipl\u00f4me a une dur\u00e9e ind\u00e9termin\u00e9e. Cependant, nombreuses sont les structures \u00e0 demander une certification de moins de 2 ans, sous couvert qu\u2019au-del\u00e0, le niveau du candidat peut avoir d\u00e9clin\u00e9 ou, \u00e0 l\u2019inverse, \u00a0s\u2019\u00eatre am\u00e9lior\u00e9.<\/p>\n<h2>Dipl\u00f4me<\/h2>\n<p><a href=\"https:\/\/blog.ube.fr\/m2fctg\/wp-content\/uploads\/sites\/36\/2022\/03\/BEC-certification_page-0001-1.jpg\"><img loading=\"lazy\" decoding=\"async\" class=\"size-full wp-image-2395 aligncenter\" src=\"https:\/\/blog.ube.fr\/m2fctg\/wp-content\/uploads\/sites\/36\/2022\/03\/BEC-certification_page-0001-1.jpg\" alt=\"\" width=\"1242\" height=\"1755\" srcset=\"https:\/\/blog.ube.fr\/m2fctg\/wp-content\/uploads\/sites\/36\/2022\/03\/BEC-certification_page-0001-1.jpg 1242w, https:\/\/blog.ube.fr\/m2fctg\/wp-content\/uploads\/sites\/36\/2022\/03\/BEC-certification_page-0001-1-768x1085.jpg 768w, https:\/\/blog.ube.fr\/m2fctg\/wp-content\/uploads\/sites\/36\/2022\/03\/BEC-certification_page-0001-1-1087x1536.jpg 1087w\" sizes=\"auto, (max-width: 1242px) 100vw, 1242px\" \/><\/a><\/p>\n<p>&nbsp;<\/p>\n<p>&nbsp;<\/p>\n<p style=\"text-align: center;\"><em>Site r\u00e9alis\u00e9 par ERMAN Zeynep<\/em><\/p>\n","protected":false},"excerpt":{"rendered":"<p>Lien :\u00a0https:\/\/www.cambridgeenglish.org\/fr\/exams-and-tests\/business-certificates\/business-preliminary\/ A quoi correspond le BEC ? BEC signifie Business English Certificate (aussi appel\u00e9 Cambridge English Business Certificate). Comme son nom l\u2019indique, il est orient\u00e9 commerce international. Le BEC fait partie des examens Cambridge English. Il atteste du\u00a0niveau de langue sur des sujets business. Destin\u00e9 aux professionnels, il est d\u00e9sormais \u00e9ligible au CPF.\u00a0Cet examen<\/p>\n<p><a class=\"button\" href=\"https:\/\/blog.ube.fr\/m2fctg\/presentation-2\/\" title=\"More\">  Voir plus \u2192<\/a><\/p>\n","protected":false},"author":402,"featured_media":0,"parent":0,"menu_order":0,"comment_status":"closed","ping_status":"closed","template":"","meta":{"footnotes":""},"class_list":["post-1493","page","type-page","status-publish","hentry"],"_links":{"self":[{"href":"https:\/\/blog.ube.fr\/m2fctg\/wp-json\/wp\/v2\/pages\/1493","targetHints":{"allow":["GET"]}}],"collection":[{"href":"https:\/\/blog.ube.fr\/m2fctg\/wp-json\/wp\/v2\/pages"}],"about":[{"href":"https:\/\/blog.ube.fr\/m2fctg\/wp-json\/wp\/v2\/types\/page"}],"author":[{"embeddable":true,"href":"https:\/\/blog.ube.fr\/m2fctg\/wp-json\/wp\/v2\/users\/402"}],"replies":[{"embeddable":true,"href":"https:\/\/blog.ube.fr\/m2fctg\/wp-json\/wp\/v2\/comments?post=1493"}],"version-history":[{"count":13,"href":"https:\/\/blog.ube.fr\/m2fctg\/wp-json\/wp\/v2\/pages\/1493\/revisions"}],"predecessor-version":[{"id":2396,"href":"https:\/\/blog.ube.fr\/m2fctg\/wp-json\/wp\/v2\/pages\/1493\/revisions\/2396"}],"wp:attachment":[{"href":"https:\/\/blog.ube.fr\/m2fctg\/wp-json\/wp\/v2\/media?parent=1493"}],"curies":[{"name":"wp","href":"https:\/\/api.w.org\/{rel}","templated":true}]}}