{"id":78,"date":"2016-04-13T15:22:44","date_gmt":"2016-04-13T14:22:44","guid":{"rendered":"http:\/\/blog.u-bourgogne.fr\/lpro-gevu\/?page_id=78"},"modified":"2021-01-25T13:50:08","modified_gmt":"2021-01-25T12:50:08","slug":"formation-continue-alternance","status":"publish","type":"page","link":"https:\/\/blog.ube.fr\/lpro-gevu\/formation-continue-alternance\/","title":{"rendered":"Formation continue et alternance"},"content":{"rendered":"<p>La licence professionnelle est ouverte \u00e0 la formation continue :<\/p>\n<p>&nbsp;<\/p>\n<ul>\n<li>Contrat de professionnalisation : en entreprise priv\u00e9e<\/li>\n<li>Apprentissage : en entreprise priv\u00e9e et en organisme public<\/li>\n<li>Demandeurs d&#8217;emploi via le P\u00f4le Emploi<\/li>\n<li>Salari\u00e9s : plan de formation, cong\u00e9 individuel de formation ou \u00e0 titre individuel, VAE<\/li>\n<\/ul>\n<p>&nbsp;<\/p>\n<p>La formation continue s&#8217;adresse \u00e0 toute personne d\u00e9j\u00e0 engag\u00e9e dans la vie active, d\u00e9sireuse de reprendre ses \u00e9tudes et compl\u00e9ter ainsi sa formation, ainsi qu&#8217;\u00e0 tout \u00e9tudiant souhaitant suivre une formation en alternance.<\/p>\n<p>Une validation d\u2019acquis professionnels (VAP) peut \u00eatre envisag\u00e9e selon l&#8217;exp\u00e9rience des candidats.<\/p>\n<p>&nbsp;<\/p>\n<p>Nous vous invitons \u00e0 vous renseigner aupr\u00e8s du SEFCA &#8211; Service de Formation Continue et par Alternance :<\/p>\n<ul>\n<li>sur le site du <strong><a href=\"http:\/\/sefca.u-bourgogne.fr\/reprendre-ses-etudes.html\" target=\"_blank\" rel=\"noopener noreferrer\">SEFCA<\/a><\/strong><\/li>\n<li>aupr\u00e8s de Mme Gomes : patricia.gomes@u-bourgogne.fr<\/li>\n<\/ul>\n<p>pour tout renseignement sur ces diff\u00e9rents statuts ainsi que pour la Validation des Acquis de l&#8217;Exp\u00e9rience (VAE) et les prises en charge possibles des frais de formation.<\/p>\n<p>&nbsp;<\/p>\n<p style=\"text-align: center;\"><img loading=\"lazy\" decoding=\"async\" class=\"alignnone size-medium wp-image-86\" src=\"http:\/\/blog.ube.fr\/lpro-gevu\/wp-content\/uploads\/sites\/50\/2016\/04\/logo-SEFCA-300x107.jpg\" alt=\"logo-SEFCA\" width=\"300\" height=\"107\" srcset=\"https:\/\/blog.ube.fr\/lpro-gevu\/wp-content\/uploads\/sites\/50\/2016\/04\/logo-SEFCA-300x107.jpg 300w, https:\/\/blog.ube.fr\/lpro-gevu\/wp-content\/uploads\/sites\/50\/2016\/04\/logo-SEFCA.jpg 532w\" sizes=\"auto, (max-width: 300px) 100vw, 300px\" \/><\/p>\n<p>&nbsp;<\/p>\n<p style=\"text-align: left;\">Apr\u00e8s recevabilit\u00e9 du dossier de candidature par la commission p\u00e9dagogique, contacter le SEFCA pour la r\u00e9gulation du dossier administratif :<\/p>\n<p style=\"text-align: center;\">SEFCA &#8211; Maison de l\u2019Universit\u00e9<br \/>\n\u00c0 l\u2019attention de Mme Ang\u00e9line PENESSOT<br \/>\nEsplanade Erasme &#8211; BP 27877<br \/>\n21078 DIJON Cedex<\/p>\n","protected":false},"excerpt":{"rendered":"<p>La licence professionnelle est ouverte \u00e0 la formation continue : &nbsp; Contrat de professionnalisation : en entreprise priv\u00e9e Apprentissage : en entreprise priv\u00e9e et en organisme public Demandeurs d&#8217;emploi via le P\u00f4le Emploi Salari\u00e9s : plan de formation, cong\u00e9 individuel de formation ou \u00e0 titre individuel, VAE &nbsp; La formation continue s&#8217;adresse \u00e0 toute personne&hellip;<\/p>\n<p class=\"more-link-p\"><a class=\"btn btn-primary\" href=\"https:\/\/blog.ube.fr\/lpro-gevu\/formation-continue-alternance\/\">Voir plus &rarr;<\/a><\/p>\n","protected":false},"author":83,"featured_media":0,"parent":0,"menu_order":0,"comment_status":"closed","ping_status":"closed","template":"","meta":{"footnotes":""},"class_list":["post-78","page","type-page","status-publish","hentry"],"_links":{"self":[{"href":"https:\/\/blog.ube.fr\/lpro-gevu\/wp-json\/wp\/v2\/pages\/78","targetHints":{"allow":["GET"]}}],"collection":[{"href":"https:\/\/blog.ube.fr\/lpro-gevu\/wp-json\/wp\/v2\/pages"}],"about":[{"href":"https:\/\/blog.ube.fr\/lpro-gevu\/wp-json\/wp\/v2\/types\/page"}],"author":[{"embeddable":true,"href":"https:\/\/blog.ube.fr\/lpro-gevu\/wp-json\/wp\/v2\/users\/83"}],"replies":[{"embeddable":true,"href":"https:\/\/blog.ube.fr\/lpro-gevu\/wp-json\/wp\/v2\/comments?post=78"}],"version-history":[{"count":12,"href":"https:\/\/blog.ube.fr\/lpro-gevu\/wp-json\/wp\/v2\/pages\/78\/revisions"}],"predecessor-version":[{"id":380,"href":"https:\/\/blog.ube.fr\/lpro-gevu\/wp-json\/wp\/v2\/pages\/78\/revisions\/380"}],"wp:attachment":[{"href":"https:\/\/blog.ube.fr\/lpro-gevu\/wp-json\/wp\/v2\/media?parent=78"}],"curies":[{"name":"wp","href":"https:\/\/api.w.org\/{rel}","templated":true}]}}