{"id":36,"date":"2016-04-08T18:04:38","date_gmt":"2016-04-08T17:04:38","guid":{"rendered":"http:\/\/blog.u-bourgogne.fr\/lpro-gevu\/?page_id=36"},"modified":"2021-05-10T15:47:01","modified_gmt":"2021-05-10T14:47:01","slug":"rythme","status":"publish","type":"page","link":"https:\/\/blog.ube.fr\/lpro-gevu\/enseignements\/rythme\/","title":{"rendered":"Rythme de la formation"},"content":{"rendered":"<p>&nbsp;<\/p>\n<p>Les cours ont lieu de septembre \u00e0 mars, sur 16 semaines, avec une trentaine d&#8217;heures de cours par semaine.<\/p>\n<p>Les examens ont lieu en janvier et mai, avec une soutenance de rapport de stage d\u00e9but septembre.<\/p>\n<p style=\"text-align: center;\">L&#8217;<strong><a href=\"https:\/\/calendar.google.com\/calendar\/embed?src=gb6c5e7aap8ok1kct13grd2fdo%40group.calendar.google.com&amp;ctz=Europe\/Paris\" target=\"_blank\" rel=\"noopener noreferrer\">emploi du temps<\/a><\/strong> de la formation est en ligne.<\/p>\n<p>&nbsp;<\/p>\n<ul>\n<li><strong>En alternance via l&#8217;apprentissage et le contrat de professionnalisation :<\/strong><br \/>\nLa dur\u00e9e du contrat est d&#8217;un an, sur laquelle les stagiaires alternent cours et p\u00e9riodes en entreprise entre septembre et ao\u00fbt.<\/li>\n<\/ul>\n<p style=\"text-align: center;\"><a href=\"https:\/\/blog.ube.fr\/lpro-gevu\/wp-content\/uploads\/sites\/50\/2021\/05\/CalendrierAltrnance_LPGevu2021-2022.pdf\"><strong>Calendrier Alternance 2021-2022<\/strong><\/a><\/p>\n<p>&nbsp;<\/p>\n<ul>\n<li><strong>Hors alternance : formation initiale et formation continue<\/strong><br \/>\n\u00c9tudiants et stagiaires alternent les p\u00e9riodes de cours, de projet tuteur\u00e9 (150h) et de stage (16 semaines), r\u00e9partis de septembre \u00e0 juillet.<\/li>\n<\/ul>\n<p style=\"text-align: center;\"><strong><a href=\"https:\/\/blog.ube.fr\/lpro-gevu\/wp-content\/uploads\/sites\/50\/2021\/05\/CalendrierInitiale_-LPGevu2021_2022.pdf\">Calendrier Initiale et Continue 2021-2022<\/a><\/strong><\/p>\n","protected":false},"excerpt":{"rendered":"<p>&nbsp; Les cours ont lieu de septembre \u00e0 mars, sur 16 semaines, avec une trentaine d&#8217;heures de cours par semaine. Les examens ont lieu en janvier et mai, avec une soutenance de rapport de stage d\u00e9but septembre. L&#8217;emploi du temps de la formation est en ligne. &nbsp; En alternance via l&#8217;apprentissage et le contrat de&hellip;<\/p>\n<p class=\"more-link-p\"><a class=\"btn btn-primary\" href=\"https:\/\/blog.ube.fr\/lpro-gevu\/enseignements\/rythme\/\">Voir plus &rarr;<\/a><\/p>\n","protected":false},"author":83,"featured_media":0,"parent":31,"menu_order":0,"comment_status":"closed","ping_status":"closed","template":"","meta":{"footnotes":""},"class_list":["post-36","page","type-page","status-publish","hentry"],"_links":{"self":[{"href":"https:\/\/blog.ube.fr\/lpro-gevu\/wp-json\/wp\/v2\/pages\/36","targetHints":{"allow":["GET"]}}],"collection":[{"href":"https:\/\/blog.ube.fr\/lpro-gevu\/wp-json\/wp\/v2\/pages"}],"about":[{"href":"https:\/\/blog.ube.fr\/lpro-gevu\/wp-json\/wp\/v2\/types\/page"}],"author":[{"embeddable":true,"href":"https:\/\/blog.ube.fr\/lpro-gevu\/wp-json\/wp\/v2\/users\/83"}],"replies":[{"embeddable":true,"href":"https:\/\/blog.ube.fr\/lpro-gevu\/wp-json\/wp\/v2\/comments?post=36"}],"version-history":[{"count":23,"href":"https:\/\/blog.ube.fr\/lpro-gevu\/wp-json\/wp\/v2\/pages\/36\/revisions"}],"predecessor-version":[{"id":398,"href":"https:\/\/blog.ube.fr\/lpro-gevu\/wp-json\/wp\/v2\/pages\/36\/revisions\/398"}],"up":[{"embeddable":true,"href":"https:\/\/blog.ube.fr\/lpro-gevu\/wp-json\/wp\/v2\/pages\/31"}],"wp:attachment":[{"href":"https:\/\/blog.ube.fr\/lpro-gevu\/wp-json\/wp\/v2\/media?parent=36"}],"curies":[{"name":"wp","href":"https:\/\/api.w.org\/{rel}","templated":true}]}}