{"id":31,"date":"2016-04-08T17:58:20","date_gmt":"2016-04-08T16:58:20","guid":{"rendered":"http:\/\/blog.u-bourgogne.fr\/lpro-gevu\/?page_id=31"},"modified":"2018-04-03T15:52:51","modified_gmt":"2018-04-03T14:52:51","slug":"enseignements","status":"publish","type":"page","link":"https:\/\/blog.ube.fr\/lpro-gevu\/enseignements\/","title":{"rendered":"Enseignements"},"content":{"rendered":"<p><strong>OBJECTIFS<\/strong><\/p>\n<ul>\n<li>G\u00e9rer les espaces paysagers en int\u00e9grant les nouvelles technologies et les pr\u00e9conisations de d\u00e9veloppement durable.<\/li>\n<li>Mettre en \u0153uvre des politiques urbaines en mati\u00e8re de conservation, de d\u00e9veloppement et de valorisation du patrimoine paysager v\u00e9g\u00e9tal.<\/li>\n<li>Assurer la coordination entre les diff\u00e9rents acteurs du paysage<\/li>\n<li>Concevoir des projets d&#8217;am\u00e9nagements paysagers en milieu urbanis\u00e9, les mettre en \u0153uvre et les g\u00e9rer.<\/li>\n<\/ul>\n<p>&nbsp;<\/p>\n<p><strong>COMP\u00c9TENCES ACQUISES<\/strong><\/p>\n<ul>\n<li>Diagnostiquer l\u2019\u00e9tat d\u2019un patrimoine v\u00e9g\u00e9tal urbain, notamment arbor\u00e9, en vue de sa gestion.<\/li>\n<li>Concevoir et mettre en \u0153uvre un plan de gestion durable de ce patrimoine, notamment de gestion diff\u00e9renci\u00e9e, dans le respect des ressources naturelles du milieu urbain.<\/li>\n<li>Ma\u00eetriser des outils num\u00e9riques d\u2019analyse et de repr\u00e9sentation de l\u2019espace au service de la gestion d\u2019un patrimoine v\u00e9g\u00e9tal urbain : gestion de bases de donn\u00e9es, conception d\u2019un Syst\u00e8me d\u2019Information G\u00e9ographique, cartographie, dessin assist\u00e9 par ordinateur.<\/li>\n<li>Contribuer \u00e0 l\u2019am\u00e9nagement urbain par la valorisation des trames vertes et bleues et au renforcement de la biodiversit\u00e9 urbaine.<\/li>\n<li>Mettre en \u0153uvre des techniques d\u2019am\u00e9nagements paysagers et l\u2019anticipation de leurs impacts sur l\u2019environnement dans un souci de durabilit\u00e9.<\/li>\n<\/ul>\n","protected":false},"excerpt":{"rendered":"<p>OBJECTIFS G\u00e9rer les espaces paysagers en int\u00e9grant les nouvelles technologies et les pr\u00e9conisations de d\u00e9veloppement durable. Mettre en \u0153uvre des politiques urbaines en mati\u00e8re de conservation, de d\u00e9veloppement et de valorisation du patrimoine paysager v\u00e9g\u00e9tal. Assurer la coordination entre les diff\u00e9rents acteurs du paysage Concevoir des projets d&#8217;am\u00e9nagements paysagers en milieu urbanis\u00e9, les mettre en&hellip;<\/p>\n<p class=\"more-link-p\"><a class=\"btn btn-primary\" href=\"https:\/\/blog.ube.fr\/lpro-gevu\/enseignements\/\">Voir plus &rarr;<\/a><\/p>\n","protected":false},"author":83,"featured_media":0,"parent":0,"menu_order":0,"comment_status":"closed","ping_status":"closed","template":"","meta":{"footnotes":""},"class_list":["post-31","page","type-page","status-publish","hentry"],"_links":{"self":[{"href":"https:\/\/blog.ube.fr\/lpro-gevu\/wp-json\/wp\/v2\/pages\/31","targetHints":{"allow":["GET"]}}],"collection":[{"href":"https:\/\/blog.ube.fr\/lpro-gevu\/wp-json\/wp\/v2\/pages"}],"about":[{"href":"https:\/\/blog.ube.fr\/lpro-gevu\/wp-json\/wp\/v2\/types\/page"}],"author":[{"embeddable":true,"href":"https:\/\/blog.ube.fr\/lpro-gevu\/wp-json\/wp\/v2\/users\/83"}],"replies":[{"embeddable":true,"href":"https:\/\/blog.ube.fr\/lpro-gevu\/wp-json\/wp\/v2\/comments?post=31"}],"version-history":[{"count":4,"href":"https:\/\/blog.ube.fr\/lpro-gevu\/wp-json\/wp\/v2\/pages\/31\/revisions"}],"predecessor-version":[{"id":213,"href":"https:\/\/blog.ube.fr\/lpro-gevu\/wp-json\/wp\/v2\/pages\/31\/revisions\/213"}],"wp:attachment":[{"href":"https:\/\/blog.ube.fr\/lpro-gevu\/wp-json\/wp\/v2\/media?parent=31"}],"curies":[{"name":"wp","href":"https:\/\/api.w.org\/{rel}","templated":true}]}}