{"id":292,"date":"2019-05-07T13:46:39","date_gmt":"2019-05-07T12:46:39","guid":{"rendered":"http:\/\/blog.u-bourgogne.fr\/lpro-gevu\/?page_id=292"},"modified":"2021-03-09T16:43:31","modified_gmt":"2021-03-09T15:43:31","slug":"projet-tuteure","status":"publish","type":"page","link":"https:\/\/blog.ube.fr\/lpro-gevu\/enseignements\/projet-tuteure\/","title":{"rendered":"Projet tuteur\u00e9"},"content":{"rendered":"<p>Le projet tuteur\u00e9 dure 9 semaines pour les \u00e9tudiants en formation initiale (hors alternants).<\/p>\n<p>C&#8217;est un projet de promotion, r\u00e9pondant \u00e0 la demande d&#8217;une collectivit\u00e9 et conduit par un paysagiste DPLG.<\/p>\n<p>Cette ann\u00e9e 2020-2021, les \u00e9tudiants et stagiaires travaillent sur le r\u00e9am\u00e9nagement des berges du canal de Bourgogne, en aval du Port de Dijon, avec Voies Navigables de France.<\/p>\n<p>Voici la liste des pr\u00e9c\u00e9dents projets tuteur\u00e9s :<\/p>\n<ul>\n<li>Dijon (2006-2007)<\/li>\n<li>Longvic (2007-2008)<\/li>\n<li>Quetigny (2008-2009)<\/li>\n<li>Marsannay-la-C\u00f4te (2009-2010)<\/li>\n<li>Chen\u00f4ve (2010-2011)<\/li>\n<li>Universit\u00e9 de Bourgogne (2011-2012)<\/li>\n<li>Talant (2012-2013)<\/li>\n<li>Voies Navigables de France (2013-2014)<\/li>\n<li>Lyc\u00e9e agricole de Quetigny (2014-2015)<\/li>\n<li>Longvic (2015-2016)<\/li>\n<li>F\u00e9nay (2016-2017)<\/li>\n<li>Dijon (2017-2018)<\/li>\n<li>Magny-sur Tille (2018-2019)<\/li>\n<li>Longvic (2019-2020)<\/li>\n<li>Voies Navigables de France (2020-2021)<\/li>\n<\/ul>\n","protected":false},"excerpt":{"rendered":"<p>Le projet tuteur\u00e9 dure 9 semaines pour les \u00e9tudiants en formation initiale (hors alternants). C&#8217;est un projet de promotion, r\u00e9pondant \u00e0 la demande d&#8217;une collectivit\u00e9 et conduit par un paysagiste DPLG. Cette ann\u00e9e 2020-2021, les \u00e9tudiants et stagiaires travaillent sur le r\u00e9am\u00e9nagement des berges du canal de Bourgogne, en aval du Port de Dijon, avec&hellip;<\/p>\n<p class=\"more-link-p\"><a class=\"btn btn-primary\" href=\"https:\/\/blog.ube.fr\/lpro-gevu\/enseignements\/projet-tuteure\/\">Voir plus &rarr;<\/a><\/p>\n","protected":false},"author":83,"featured_media":0,"parent":31,"menu_order":1,"comment_status":"closed","ping_status":"closed","template":"","meta":{"footnotes":""},"class_list":["post-292","page","type-page","status-publish","hentry"],"_links":{"self":[{"href":"https:\/\/blog.ube.fr\/lpro-gevu\/wp-json\/wp\/v2\/pages\/292","targetHints":{"allow":["GET"]}}],"collection":[{"href":"https:\/\/blog.ube.fr\/lpro-gevu\/wp-json\/wp\/v2\/pages"}],"about":[{"href":"https:\/\/blog.ube.fr\/lpro-gevu\/wp-json\/wp\/v2\/types\/page"}],"author":[{"embeddable":true,"href":"https:\/\/blog.ube.fr\/lpro-gevu\/wp-json\/wp\/v2\/users\/83"}],"replies":[{"embeddable":true,"href":"https:\/\/blog.ube.fr\/lpro-gevu\/wp-json\/wp\/v2\/comments?post=292"}],"version-history":[{"count":4,"href":"https:\/\/blog.ube.fr\/lpro-gevu\/wp-json\/wp\/v2\/pages\/292\/revisions"}],"predecessor-version":[{"id":384,"href":"https:\/\/blog.ube.fr\/lpro-gevu\/wp-json\/wp\/v2\/pages\/292\/revisions\/384"}],"up":[{"embeddable":true,"href":"https:\/\/blog.ube.fr\/lpro-gevu\/wp-json\/wp\/v2\/pages\/31"}],"wp:attachment":[{"href":"https:\/\/blog.ube.fr\/lpro-gevu\/wp-json\/wp\/v2\/media?parent=292"}],"curies":[{"name":"wp","href":"https:\/\/api.w.org\/{rel}","templated":true}]}}