{"id":17,"date":"2016-04-08T16:50:27","date_gmt":"2016-04-08T15:50:27","guid":{"rendered":"http:\/\/blog.u-bourgogne.fr\/lpro-gevu\/?page_id=17"},"modified":"2022-02-28T23:36:15","modified_gmt":"2022-02-28T22:36:15","slug":"candidature","status":"publish","type":"page","link":"https:\/\/blog.ube.fr\/lpro-gevu\/candidature\/","title":{"rendered":"Candidature"},"content":{"rendered":"<p>Compte-tenu de la fermeture de la LP GEVU, il n&#8217;est plus possible de candidater.<\/p>\n<p>Nous avons \u00e9t\u00e9 tr\u00e8s heureux de former pr\u00e8s de 300 \u00e9tudiants en 17 ann\u00e9es de LP GPPVMU puis GEVU.<\/p>\n<p>Le master Changement Climatique, Adaptation, Territoires (CClimAT) ouvre \u00e0 la place \u00e0 la rentr\u00e9e 2022. Il est accessible \u00e0 partir d&#8217;un Bac + 3. <a href=\"https:\/\/blog.ube.fr\/mastercclimat\/\">https:\/\/blog.ube.fr\/mastercclimat\/<\/a><\/p>\n<p>Il s&#8217;agit d&#8217;un choix de l&#8217;\u00e9quipe d&#8217;enseignants-chercheurs du d\u00e9partement de g\u00e9ographie de l&#8217;universit\u00e9 de Bourgogne : ce nouveau master nous permet de recentrer nos comp\u00e9tences, pour mieux r\u00e9unir encore enseignement et recherche.<\/p>\n<p>Nous sommes d\u00e9sol\u00e9s pour les \u00e9tudiants qui auraient voulu int\u00e9grer la LP GEVU \u00e0 la rentr\u00e9e 2022 car nous appr\u00e9cions beaucoup le public de la LP GEVU.<\/p>\n<p>La mention Am\u00e9nagement du Paysage reste ouverte en licence professionnelle \u00e0 l&#8217;universit\u00e9 de Bourgogne avec les 2 parcours en alternance de l&#8217;IUT de Dijon :<\/p>\n<ul>\n<li>Infographie Paysag\u00e8re<\/li>\n<li>Gestion de Projet Paysager<\/li>\n<\/ul>\n<p>D&#8217;autres Licences Professionnelles ailleurs en France pr\u00e9sentent un programme de formation proche de celui de la LP GEVU (liste non exhaustive) :<\/p>\n<ul>\n<li>Gestion durable des arbres et des arbustes \u00e0 Clermont-Ferrand<\/li>\n<li>Ecopur \u00e0 Paris-Saclay<\/li>\n<li>Nature en ville \u00e0 Lyon 2<\/li>\n<li>Gestion diff\u00e9renci\u00e9e des espaces verts \u00e0 Arras<\/li>\n<li>Gestion et d\u00e9veloppement durable du paysage \u00e0 Nancy<\/li>\n<li>Am\u00e9nagement paysager et urbanisme \u00e0 Rennes 2<\/li>\n<li>Ecologie urbaine et biodiversit\u00e9 \u00e0 Grenoble<\/li>\n<\/ul>\n<p>Bonne continuation \u00e0 vous !<\/p>\n","protected":false},"excerpt":{"rendered":"<p>Compte-tenu de la fermeture de la LP GEVU, il n&#8217;est plus possible de candidater. Nous avons \u00e9t\u00e9 tr\u00e8s heureux de former pr\u00e8s de 300 \u00e9tudiants en 17 ann\u00e9es de LP GPPVMU puis GEVU. Le master Changement Climatique, Adaptation, Territoires (CClimAT) ouvre \u00e0 la place \u00e0 la rentr\u00e9e 2022. Il est accessible \u00e0 partir d&#8217;un Bac&hellip;<\/p>\n<p class=\"more-link-p\"><a class=\"btn btn-primary\" href=\"https:\/\/blog.ube.fr\/lpro-gevu\/candidature\/\">Voir plus &rarr;<\/a><\/p>\n","protected":false},"author":83,"featured_media":0,"parent":0,"menu_order":0,"comment_status":"closed","ping_status":"closed","template":"","meta":{"footnotes":""},"class_list":["post-17","page","type-page","status-publish","hentry"],"_links":{"self":[{"href":"https:\/\/blog.ube.fr\/lpro-gevu\/wp-json\/wp\/v2\/pages\/17","targetHints":{"allow":["GET"]}}],"collection":[{"href":"https:\/\/blog.ube.fr\/lpro-gevu\/wp-json\/wp\/v2\/pages"}],"about":[{"href":"https:\/\/blog.ube.fr\/lpro-gevu\/wp-json\/wp\/v2\/types\/page"}],"author":[{"embeddable":true,"href":"https:\/\/blog.ube.fr\/lpro-gevu\/wp-json\/wp\/v2\/users\/83"}],"replies":[{"embeddable":true,"href":"https:\/\/blog.ube.fr\/lpro-gevu\/wp-json\/wp\/v2\/comments?post=17"}],"version-history":[{"count":38,"href":"https:\/\/blog.ube.fr\/lpro-gevu\/wp-json\/wp\/v2\/pages\/17\/revisions"}],"predecessor-version":[{"id":429,"href":"https:\/\/blog.ube.fr\/lpro-gevu\/wp-json\/wp\/v2\/pages\/17\/revisions\/429"}],"wp:attachment":[{"href":"https:\/\/blog.ube.fr\/lpro-gevu\/wp-json\/wp\/v2\/media?parent=17"}],"curies":[{"name":"wp","href":"https:\/\/api.w.org\/{rel}","templated":true}]}}