{"id":14,"date":"2016-04-08T16:47:31","date_gmt":"2016-04-08T15:47:31","guid":{"rendered":"http:\/\/blog.u-bourgogne.fr\/lpro-gevu\/?page_id=14"},"modified":"2021-07-09T08:42:58","modified_gmt":"2021-07-09T07:42:58","slug":"contacts","status":"publish","type":"page","link":"https:\/\/blog.ube.fr\/lpro-gevu\/contacts\/","title":{"rendered":"Contacts"},"content":{"rendered":"<h4><strong>Secr\u00e9tariat p\u00e9dagogique et scolarit\u00e9 \u00e9tudiante :<\/strong><\/h4>\n<p>secretariat.geographie@u-bourgogne.fr<\/p>\n<p>03 80 39 57 30<\/p>\n<p>&nbsp;<\/p>\n<h4><strong>Responsable de formation :<\/strong><\/h4>\n<p>Anne J\u00e9gou<\/p>\n<p>anne.jegou@u-bourgogne.fr<\/p>\n<p>03 80 39 57 31<\/p>\n<p>&nbsp;<\/p>\n<h4><strong>Gestion administrative des stagiaires de la formation continue et par alternance :<\/strong><\/h4>\n<p>Patricia Gomes<\/p>\n<p>patricia.gomes@u-bourgogne.fr<\/p>\n<p>03 80 39 51 93<\/p>\n<p>&nbsp;<\/p>\n<h4><strong>Venir dans les locaux de la licence pro GEVU \u00e0 l&#8217;universit\u00e9<br \/>\n<\/strong><\/h4>\n<p><strong>Adresse<br \/>\n<\/strong><\/p>\n<p>B\u00e2timent Droit &#8211; Lettres<br \/>\n4 boulevard Gabriel<br \/>\n21 000 Dijon<\/p>\n<p><strong>En transports en commun<\/strong><\/p>\n<ul>\n<li>Tramway T1, arr\u00eat Erasme<\/li>\n<li>Bus 5, arr\u00eat Agrosup ou Mansart<\/li>\n<li>Bus Corol, arr\u00eat Fac des lettres<\/li>\n<\/ul>\n<p><strong>En voiture, \u00e0 pieds ou en v\u00e9lo<\/strong><\/p>\n<p>Carte sur Google Maps :<a title=\"Carte sur Google Maps\" href=\"https:\/\/goo.gl\/maps\/iwRJG\" target=\"_blank\" rel=\"noopener noreferrer\"> https:\/\/goo.gl\/maps\/iwRJG<\/a><\/p>\n","protected":false},"excerpt":{"rendered":"<p>Secr\u00e9tariat p\u00e9dagogique et scolarit\u00e9 \u00e9tudiante : secretariat.geographie@u-bourgogne.fr 03 80 39 57 30 &nbsp; Responsable de formation : Anne J\u00e9gou anne.jegou@u-bourgogne.fr 03 80 39 57 31 &nbsp; Gestion administrative des stagiaires de la formation continue et par alternance : Patricia Gomes patricia.gomes@u-bourgogne.fr 03 80 39 51 93 &nbsp; Venir dans les locaux de la licence pro&hellip;<\/p>\n<p class=\"more-link-p\"><a class=\"btn btn-primary\" href=\"https:\/\/blog.ube.fr\/lpro-gevu\/contacts\/\">Voir plus &rarr;<\/a><\/p>\n","protected":false},"author":83,"featured_media":0,"parent":0,"menu_order":0,"comment_status":"closed","ping_status":"closed","template":"","meta":{"footnotes":""},"class_list":["post-14","page","type-page","status-publish","hentry"],"_links":{"self":[{"href":"https:\/\/blog.ube.fr\/lpro-gevu\/wp-json\/wp\/v2\/pages\/14","targetHints":{"allow":["GET"]}}],"collection":[{"href":"https:\/\/blog.ube.fr\/lpro-gevu\/wp-json\/wp\/v2\/pages"}],"about":[{"href":"https:\/\/blog.ube.fr\/lpro-gevu\/wp-json\/wp\/v2\/types\/page"}],"author":[{"embeddable":true,"href":"https:\/\/blog.ube.fr\/lpro-gevu\/wp-json\/wp\/v2\/users\/83"}],"replies":[{"embeddable":true,"href":"https:\/\/blog.ube.fr\/lpro-gevu\/wp-json\/wp\/v2\/comments?post=14"}],"version-history":[{"count":15,"href":"https:\/\/blog.ube.fr\/lpro-gevu\/wp-json\/wp\/v2\/pages\/14\/revisions"}],"predecessor-version":[{"id":416,"href":"https:\/\/blog.ube.fr\/lpro-gevu\/wp-json\/wp\/v2\/pages\/14\/revisions\/416"}],"wp:attachment":[{"href":"https:\/\/blog.ube.fr\/lpro-gevu\/wp-json\/wp\/v2\/media?parent=14"}],"curies":[{"name":"wp","href":"https:\/\/api.w.org\/{rel}","templated":true}]}}