{"id":114,"date":"2016-04-13T17:38:16","date_gmt":"2016-04-13T16:38:16","guid":{"rendered":"http:\/\/blog.u-bourgogne.fr\/lpro-gevu\/?page_id=114"},"modified":"2018-06-18T22:27:01","modified_gmt":"2018-06-18T21:27:01","slug":"debouches","status":"publish","type":"page","link":"https:\/\/blog.ube.fr\/lpro-gevu\/debouches\/","title":{"rendered":"D\u00e9bouch\u00e9s"},"content":{"rendered":"<h4><strong>Secteurs d\u2019activit\u00e9s<\/strong><\/h4>\n<ul>\n<li>Collectivit\u00e9s locales, administrations publiques et services de l\u2019\u00c9tat<\/li>\n<li>Bureaux d\u2019\u00e9tudes techniques dans le domaine du paysage<\/li>\n<li>Entreprises d\u2019espaces verts<\/li>\n<li>Bureaux d&#8217;\u00e9tudes en am\u00e9nagement urbain<\/li>\n<\/ul>\n<h4><strong>Types d\u2019emplois accessibles<\/strong><\/h4>\n<ul>\n<li>Charg\u00e9 de mission, d\u2019\u00e9tudes ou de conseil ; gestionnaire de projet<\/li>\n<li>Chef d\u2019\u00e9quipe, cadre interm\u00e9diaire<\/li>\n<li>Assistant paysagiste\u00a0; assistant conseil\u00a0; concepteur et assistant technique\u00a0; assistant ing\u00e9nieur<\/li>\n<li>Technicien expert<\/li>\n<li>Formateur ou enseignant<\/li>\n<li>Technicien territorial<\/li>\n<li>G\u00e9omaticien en environnement<\/li>\n<\/ul>\n<h4><strong>Insertion professionnelle des dipl\u00f4m\u00e9s<\/strong><\/h4>\n<p>Plusieurs suites professionnelles se d\u00e9gagent \u00e0 l&#8217;issue de la licence professionnelle, en CDI ou en CDD, parfois d\u00e8s l\u2019obtention du dipl\u00f4me et pour certaines apr\u00e8s l&#8217;obtention d&#8217;un master :<\/p>\n<ul>\n<li>Responsable de service espaces verts dans une commune ou charg\u00e9 d\u2019op\u00e9ration<\/li>\n<li>Jardinier paysagiste ou chef d\u2019\u00e9quipe en entreprise du paysage<\/li>\n<li>Ing\u00e9nieur paysagiste en bureau d\u2019\u00e9tudes<\/li>\n<li>Cartographe<\/li>\n<li>Dessinateur chez un g\u00e9om\u00e8tre<\/li>\n<li>Assistant paysagiste<\/li>\n<li>Urbaniste en bureau d\u2019\u00e9tudes<\/li>\n<li>Enseignant dans l\u2019enseignement agricole<\/li>\n<li>D\u00e9corateur ext\u00e9rieur \/ int\u00e9rieur<\/li>\n<\/ul>\n<h4><strong>Poursuites d&#8217;\u00e9tudes<\/strong><\/h4>\n<p>Une proportion variable d\u2019\u00e9tudiants poursuit ses \u00e9tudes apr\u00e8s la licence professionnelle :<\/p>\n<ul>\n<li>en master, notamment d&#8217;urbanisme ou de d\u00e9veloppement durable<\/li>\n<li>en \u00e9cole sup\u00e9rieure du paysage<\/li>\n<\/ul>\n","protected":false},"excerpt":{"rendered":"<p>Secteurs d\u2019activit\u00e9s Collectivit\u00e9s locales, administrations publiques et services de l\u2019\u00c9tat Bureaux d\u2019\u00e9tudes techniques dans le domaine du paysage Entreprises d\u2019espaces verts Bureaux d&#8217;\u00e9tudes en am\u00e9nagement urbain Types d\u2019emplois accessibles Charg\u00e9 de mission, d\u2019\u00e9tudes ou de conseil ; gestionnaire de projet Chef d\u2019\u00e9quipe, cadre interm\u00e9diaire Assistant paysagiste\u00a0; assistant conseil\u00a0; concepteur et assistant technique\u00a0; assistant ing\u00e9nieur Technicien&hellip;<\/p>\n<p class=\"more-link-p\"><a class=\"btn btn-primary\" href=\"https:\/\/blog.ube.fr\/lpro-gevu\/debouches\/\">Voir plus &rarr;<\/a><\/p>\n","protected":false},"author":83,"featured_media":0,"parent":0,"menu_order":0,"comment_status":"closed","ping_status":"closed","template":"","meta":{"footnotes":""},"class_list":["post-114","page","type-page","status-publish","hentry"],"_links":{"self":[{"href":"https:\/\/blog.ube.fr\/lpro-gevu\/wp-json\/wp\/v2\/pages\/114","targetHints":{"allow":["GET"]}}],"collection":[{"href":"https:\/\/blog.ube.fr\/lpro-gevu\/wp-json\/wp\/v2\/pages"}],"about":[{"href":"https:\/\/blog.ube.fr\/lpro-gevu\/wp-json\/wp\/v2\/types\/page"}],"author":[{"embeddable":true,"href":"https:\/\/blog.ube.fr\/lpro-gevu\/wp-json\/wp\/v2\/users\/83"}],"replies":[{"embeddable":true,"href":"https:\/\/blog.ube.fr\/lpro-gevu\/wp-json\/wp\/v2\/comments?post=114"}],"version-history":[{"count":6,"href":"https:\/\/blog.ube.fr\/lpro-gevu\/wp-json\/wp\/v2\/pages\/114\/revisions"}],"predecessor-version":[{"id":249,"href":"https:\/\/blog.ube.fr\/lpro-gevu\/wp-json\/wp\/v2\/pages\/114\/revisions\/249"}],"wp:attachment":[{"href":"https:\/\/blog.ube.fr\/lpro-gevu\/wp-json\/wp\/v2\/media?parent=114"}],"curies":[{"name":"wp","href":"https:\/\/api.w.org\/{rel}","templated":true}]}}