{"id":64,"date":"2015-10-21T11:19:47","date_gmt":"2015-10-21T10:19:47","guid":{"rendered":"http:\/\/blog.u-bourgogne.fr\/list-maps\/?page_id=64"},"modified":"2017-11-06T15:51:14","modified_gmt":"2017-11-06T14:51:14","slug":"tiago-santos","status":"publish","type":"page","link":"https:\/\/blog.ube.fr\/list-maps\/early-stage-researchers\/tiago-santos\/","title":{"rendered":"ESR 5 Tiago Santos"},"content":{"rendered":"<p class=\"titre1\" style=\"text-align: center;font-family: streetvertising;color: #483d8b;font-size: 16px\"><strong style=\"color: #483d8b\">PRESENTATION OF THE SUB-PROJECT 5<\/strong><\/p>\n<p class=\"titre2\" style=\"text-align: center;font-family: calibri;color: #483d8b;font-size: 18px\"><strong style=\"color: #483d8b\">Role of protein secretion in adaptation of <em style=\"color: #483d8b\">L. monocytogenes<\/em><\/strong><\/p>\n<div id=\"attachment_940\" style=\"width: 492px\" class=\"wp-caption aligncenter\"><a href=\"http:\/\/blog.ube.fr\/list-maps\/wp-content\/uploads\/sites\/34\/2015\/10\/carte-ESR5.3.png\"><img loading=\"lazy\" decoding=\"async\" aria-describedby=\"caption-attachment-940\" class=\"wp-image-940 size-full\" src=\"http:\/\/blog.ube.fr\/list-maps\/wp-content\/uploads\/sites\/34\/2015\/10\/carte-ESR5.3.png\" alt=\"carte ESR5.3\" width=\"482\" height=\"382\" srcset=\"https:\/\/blog.ube.fr\/list-maps\/wp-content\/uploads\/sites\/34\/2015\/10\/carte-ESR5.3.png 482w, https:\/\/blog.ube.fr\/list-maps\/wp-content\/uploads\/sites\/34\/2015\/10\/carte-ESR5.3-300x238.png 300w\" sizes=\"auto, (max-width: 482px) 100vw, 482px\" \/><\/a><p id=\"caption-attachment-940\" class=\"wp-caption-text\">Host organisation: INRA Secondments: University of Burgundy (UB) and University of Copenhagen (UCPH)<\/p><\/div>\n<p class=\"paragraphe\" style=\"font-family: streetvertising;font-size: 14px;color: #483d8b;padding-left: 90px\"><strong><b style=\"color: #483d8b\">HOST INSTITUTION AND SUPERVISOR:<br \/>\n<\/b><\/strong><\/p>\n<p class=\"paragraphe\" style=\"font-family: calibri;font-size: 16px;color: #000000;padding-left: 90px;padding-right: 90px\">INRA UR454, DR. Michel H\u00c9BRAUD <a style=\"text-decoration: none;color: #483d8b\" href=\"http:\/\/blog.ube.fr\/list-maps\/consortium\/beneficiaries\/inra\/\">(more details)<\/a><\/p>\n<p class=\"paragraphe\" style=\"font-family: streetvertising;font-size: 14px;text-align: justify;color: #483d8b;padding-left: 90px\"><strong><b style=\"color: #483d8b\">OBJECTIVES:<\/b><\/strong><\/p>\n<p class=\"paragraphe\" style=\"font-family: calibri;font-size: 16px;text-align: justify;color: #000000;padding-left: 90px;padding-right: 90px\">This project will connect the role of secreted protein, particularly the cell surface-associated proteins named surfaceome (or surfome) and the extracellular proteins named exoproteome during biofilm formation and adaptation to controlled environments (eg low air relative humidity). A combination of classical and innovative proteomic approaches by using different protein extraction methods (precipitation, cell fractionation, cell enzymatic shaving), in-gel and off-gel protein separation and analysis (2-DE and Maldi-Tof MS; label-free quantitative LC-MS\/MS) and Maldi imaging MS of proteins, peptides and lipids in biofilms will be implemented to explore the molecular response of <em style=\"color: #000000\">L. monocytogenes<\/em>. The analyses will be performed both with a reference sequenced strain and a strain qualified as persistent due to its identification during several years in a foodstuff plant (but never found on output food products). Deletion mutants will be constructed to understand the regulation and role of some proteins of interest.<\/p>\n<p class=\"paragraphe\" style=\"font-family: streetvertising;font-size: 14px;text-align: justify;color: #483d8b;padding-left: 90px;padding-right: 90px\"><strong><b style=\"color: #483d8b\">EXPECTED RESULTS:<\/b><\/strong><\/p>\n<p class=\"paragraphe\" style=\"font-family: calibri;font-size: 16px;text-align: justify;color: #000000;padding-left: 90px;padding-right: 90px\">Quantitative proteome allowing linkage between mRNA levels and protein levels in order to strenghten interpretation of transcriptome data. Decipher molecilar response in the interface cell\/environment<\/p>\n<p class=\"paragraphe\" style=\"font-family: streetvertising;font-size: 14px;color: #483d8b;padding-left: 90px;padding-right: 90px\"><strong><b style=\"color: #483d8b\">SECONDMENTS:<\/b><\/strong><\/p>\n<p class=\"paragraphe\" style=\"font-family: calibri;font-size: 16px;text-align: justify;color: #000000;padding-left: 90px;padding-right: 90px\">University of Copenhagen <a style=\"text-decoration: none;color: #483d8b\" href=\"http:\/\/blog.ube.fr\/list-maps\/consortium\/beneficiaries\/university-of-copenhagen\/\">(more details)<\/a> and University of Burgundy <a style=\"text-decoration: none;color: #483d8b\" href=\"http:\/\/blog.ube.fr\/list-maps\/consortium\/beneficiaries\/university-of-burgundy\/\">(more details)<\/a><\/p>\n<p class=\"paragraphe\" style=\"font-family: streetvertising;font-size: 14px;color: #483d8b;padding-left: 90px;padding-right: 90px\"><strong><b style=\"color: #483d8b\">DURATION OF THE RECRUITMENT :<\/b><\/strong><\/p>\n<p class=\"paragraphe\" style=\"font-family: calibri;font-size: 16px;color: #000000;padding-left: 90px;padding-right: 90px\">36 months<\/p>\n<p class=\"titre1\" style=\"text-align: center;font-family: streetvertising;color: #483d8b;font-size: 16px;padding-left: 90px\"><strong style=\"color: #483d8b\">PRESENTATION OF THE FELLOW<\/strong><\/p>\n<p class=\"titre2\" style=\"text-align: center;font-family: calibri;color: #483d8b;font-size: 18px\"><strong style=\"color: #000000\">\u00a0\u00a0\u00a0\u00a0\u00a0\u00a0\u00a0\u00a0\u00a0\u00a0\u00a0\u00a0\u00a0\u00a0\u00a0\u00a0\u00a0\u00a0\u00a0\u00a0\u00a0 Tiago SANTOS<\/strong><\/p>\n<p class=\"titre1\" style=\"text-align: center;font-family: streetvertising;color: #483d8b;font-size: 16px;padding-left: 90px\"><a href=\"http:\/\/blog.ube.fr\/list-maps\/wp-content\/uploads\/sites\/34\/2015\/10\/Tiago-Santos.jpg\"><img loading=\"lazy\" decoding=\"async\" class=\"alignnone wp-image-803\" src=\"http:\/\/blog.ube.fr\/list-maps\/wp-content\/uploads\/sites\/34\/2015\/10\/Tiago-Santos.jpg\" alt=\"Tiago Santos\" width=\"261\" height=\"298\" srcset=\"https:\/\/blog.ube.fr\/list-maps\/wp-content\/uploads\/sites\/34\/2015\/10\/Tiago-Santos.jpg 725w, https:\/\/blog.ube.fr\/list-maps\/wp-content\/uploads\/sites\/34\/2015\/10\/Tiago-Santos-300x343.jpg 300w\" sizes=\"auto, (max-width: 261px) 100vw, 261px\" \/><\/a><\/p>\n<p class=\"paragraphe\" style=\"font-family: streetvertising;font-size: 14px;color: #483d8b;padding-left: 90px;padding-right: 90px\"><strong><b style=\"color: #483d8b\">MY PREVIOUS TRAINING AND EXPERIENCE:<\/b><\/strong><\/p>\n<p class=\"paragraphe\" style=\"font-family: calibri;font-size: 16px;text-align: justify;color: #000000;padding-left: 90px;padding-right: 90px\">I\u2019m a 25 years old researcher with an h-index of 4 and more than 4 years lab experience that culminated in 8 published papers, 2 chapters and 30 communications in scientific meetings. I carried out my studies in Portugal, at the University of Tr\u00e1s-os-Montes and Alto Douro (UTAD), where I received, in 2012, my Bachelor of Science degree in Genetics and Biotechnology. There, I acquired my first research experience and my strong interest in molecular microbiology, and my will to prosecute my career on general proteomics. Afterwards, I decided to continue my academic training in the same institution, with a Master Degree in Molecular, Comparative and Technological Genetics. After my master\u2019s (May 2014) I continued my collaboration in the Center of Genetics and Biotechnology (CGB-UTAD). In July 2014 I won a one-year MSc research fellow in the INNOFOOD project (CGB-UTAD). Research work I developed up to date was focused on the use of genomics and proteomics in microbial species and plant varieties.<\/p>\n<p class=\"paragraphe\" style=\"font-family: streetvertising;font-size: 14px;color: #483d8b;padding-left: 90px;padding-right: 90px\"><strong><b style=\"color: #483d8b\">WHY I WANTED TO JOIN THE PROJECT :<\/b><\/strong><\/p>\n<p class=\"paragraphe\" style=\"font-family: calibri;font-size: 16px;text-align: justify;color: #000000;padding-left: 90px;padding-right: 90px\">I chose to join this project because as part of the European Commission funded Marie Curie Innovative training network (ITN) it reveals to be an ambitious project that aims to obtain important results in the area of microbiology and foodborne pathogens. This project allows the integration of several vanguard techniques and in my point of view, will be followed by very good researchers. Allied to these reasons, the fact that it can broaden my international experience and the possibility to have contact with different realities of European countries makes this project ideal for future follow-up of my academic and scientific career. I was recruited for the sub-project 5 and I will be based at the Microbiology Unit at INRA-Clermont Ferrand (INRA, UR454 MICROBIOLOGIE, Centre Auvergne Rh\u00f4ne-Alpes, 63122 Saint Gen\u00e8s Champanelle ) with the supervision of Dr. Michel H\u00e9braud.<\/p>\n<p class=\"paragraphe\" style=\"font-family: streetvertising;font-size: 14px;color: #483d8b;padding-left: 90px;padding-right: 90px\"><strong><b style=\"color: #483d8b\">ABOUT MY RESEARCH PROJECT :<\/b><\/strong><\/p>\n<p class=\"paragraphe\" style=\"font-family: calibri;font-size: 16px;text-align: justify;color: #000000;padding-left: 90px;padding-right: 90px\">My sub-project will connect the role of secreted protein, particularly the cell surface-associated proteins named surfaceome and the extracellular proteins named exoproteome during biofilm formation and adaptation to controlled environments (eg low air relative humidity, temperature,\u2026). A combination of classical and innovative proteomic approaches by using different protein extraction methods (precipitation, cell fractionation, cell enzymatic shaving), in-gel and off-gel protein separation and analysis (2-DE and MALDI-TOF MS; label-free quantitative LCMS\/MS) and MALDI imaging MS of proteins, peptides and lipids in biofilms will be implemented to explore the molecular response of <em style=\"color: #000000\">L. monocytogenes<\/em>. The analyses will be performed both with a reference sequenced strain and a strain qualified as persistent due to its identification during several years in a foodstuff plant (but never found on output food products). Deletion mutants will be constructed to understand the regulation and role of some proteins of interest. We predict difficulties when comparing our proteomic results with the transcriptomic data but we are also confident to overcome these obstacles with sub-project cooperation. We expect to reach the quantitative proteome allowing linkage between mRNA levels and protein levels in order to strengthen interpretation of transcriptome data and to decipher the molecular response in the interface cell\/environment to contribute to the overall project objective of studying regulatory circuitry that drives adaptation and virulence of <em style=\"color: #000000\">L. monocytogenes<\/em> from farm to fork.<\/p>\n<p class=\"paragraphe\" style=\"font-family: calibri;font-size: 16px;text-align: justify;color: #000000;padding-left: 90px;padding-right: 90px\"><a style=\"text-decoration: none;color: #483d8b;font-size: 14px\" href=\"http:\/\/blog.ube.fr\/list-maps\/wp-content\/uploads\/sites\/34\/2015\/12\/Tiago-SANTOS.pdf\">General public presentation<\/a><\/p>\n<p class=\"paragraphe\" style=\"font-family: streetvertising;font-size: 14px;color: #483d8b;padding-left: 90px;padding-right: 90px\"><strong><b style=\"color: #483d8b\">OTHERS INTERESTS:<\/b><\/strong><\/p>\n<p class=\"paragraphe\" style=\"font-family: calibri;font-size: 16px;text-align: justify;color: #000000;padding-left: 90px;padding-right: 90px\">Since I will be in France for the all of my PhD I intend to learn to speak and write correctly in French and to have the opportunity to visit different countries and cultures, hopefully at the same time as scientific meetings of my field.<\/p>\n<p class=\"paragraphe\" style=\"font-family: streetvertising;font-size: 14px;color: #483d8b;padding-left: 90px;padding-right: 90px\"><strong><b style=\"color: #483d8b\">CONTACT :<\/b><\/strong><\/p>\n<p><a style=\"text-decoration: none;color: #483d8b;padding-left: 90px;font-family: calibri;font-size: 14px;padding-right: 90px\" href=\"mailto:tiago.santos@inra.fr\">tiago.santos@inra.fr<\/a><\/p>\n<p><a style=\"text-decoration: none;color: #483d8b;padding-left: 90px;font-family: calibri;font-size: 14px;padding-right: 90px\" href=\"https:\/\/www.researchgate.net\/profile\/Tiago_Santos12\">https:\/\/www.researchgate.net\/profile\/Tiago_Santos12<\/a><\/p>\n<p>&nbsp;<\/p>\n<p>&nbsp;<\/p>\n<p class=\"titre2\" style=\"font-family: calibri;color: #000000;font-size: 12px;text-align: center\"><a href=\"http:\/\/blog.ube.fr\/list-maps\/wp-content\/uploads\/sites\/34\/2015\/10\/eulogo.jpg\"><img loading=\"lazy\" decoding=\"async\" class=\"alignnone wp-image-557 \" src=\"http:\/\/blog.ube.fr\/list-maps\/wp-content\/uploads\/sites\/34\/2015\/10\/eulogo.jpg\" alt=\"eulogo\" width=\"79\" height=\"46\" srcset=\"https:\/\/blog.ube.fr\/list-maps\/wp-content\/uploads\/sites\/34\/2015\/10\/eulogo.jpg 600w, https:\/\/blog.ube.fr\/list-maps\/wp-content\/uploads\/sites\/34\/2015\/10\/eulogo-300x175.jpg 300w\" sizes=\"auto, (max-width: 79px) 100vw, 79px\" \/><\/a>This project has received funding from the European Union\u2019s Horizon 2020 research and innovation programme under the Marie Sklodowska Curie grant agreement n\u00b0 641984<\/p>\n","protected":false},"excerpt":{"rendered":"<p>PRESENTATION OF THE SUB-PROJECT 5 Role of protein secretion in adaptation of L. monocytogenes HOST INSTITUTION AND SUPERVISOR: INRA UR454, DR. Michel H\u00c9BRAUD (more details) OBJECTIVES: This project will connect the role of secreted protein, particularly the cell surface-associated proteins named surfaceome (or surfome) and the extracellular proteins named exoproteome during biofilm formation and adaptation&hellip;<\/p>\n<p class=\"more-link-p\"><a class=\"btn btn-primary\" href=\"https:\/\/blog.ube.fr\/list-maps\/early-stage-researchers\/tiago-santos\/\">Voir plus &rarr;<\/a><\/p>\n","protected":false},"author":99,"featured_media":0,"parent":18,"menu_order":5,"comment_status":"closed","ping_status":"closed","template":"","meta":{"footnotes":""},"class_list":["post-64","page","type-page","status-publish","hentry"],"_links":{"self":[{"href":"https:\/\/blog.ube.fr\/list-maps\/wp-json\/wp\/v2\/pages\/64","targetHints":{"allow":["GET"]}}],"collection":[{"href":"https:\/\/blog.ube.fr\/list-maps\/wp-json\/wp\/v2\/pages"}],"about":[{"href":"https:\/\/blog.ube.fr\/list-maps\/wp-json\/wp\/v2\/types\/page"}],"author":[{"embeddable":true,"href":"https:\/\/blog.ube.fr\/list-maps\/wp-json\/wp\/v2\/users\/99"}],"replies":[{"embeddable":true,"href":"https:\/\/blog.ube.fr\/list-maps\/wp-json\/wp\/v2\/comments?post=64"}],"version-history":[{"count":22,"href":"https:\/\/blog.ube.fr\/list-maps\/wp-json\/wp\/v2\/pages\/64\/revisions"}],"predecessor-version":[{"id":1823,"href":"https:\/\/blog.ube.fr\/list-maps\/wp-json\/wp\/v2\/pages\/64\/revisions\/1823"}],"up":[{"embeddable":true,"href":"https:\/\/blog.ube.fr\/list-maps\/wp-json\/wp\/v2\/pages\/18"}],"wp:attachment":[{"href":"https:\/\/blog.ube.fr\/list-maps\/wp-json\/wp\/v2\/media?parent=64"}],"curies":[{"name":"wp","href":"https:\/\/api.w.org\/{rel}","templated":true}]}}