{"id":8,"date":"2015-10-21T10:57:24","date_gmt":"2015-10-21T09:57:24","guid":{"rendered":"http:\/\/blog.u-bourgogne.fr\/list-maps\/?page_id=8"},"modified":"2018-03-02T16:31:44","modified_gmt":"2018-03-02T15:31:44","slug":"partenaires","status":"publish","type":"page","link":"https:\/\/blog.ube.fr\/list-maps-fr\/partenaires\/","title":{"rendered":"Partenaires"},"content":{"rendered":"<p>&nbsp;<\/p>\n<p class=\"titre2\" style=\"font-family: calibri;text-align: justify;color: #000000;font-size: 16px;padding-left: 100px;padding-right: 100px\"><a style=\"text-decoration: none;color: #483d8b;font-size: 20px;font-family: arial\" href=\"http:\/\/blog.ube.fr\/list-maps-fr\/partenaires\/beneficiaires\/\">PARTENAIRES B\u00c9N\u00c9FICIAIRES <\/a><\/p>\n<p style=\"font-family: calibri;font-size: 16px;color: #000000;padding-left: 100px;padding-right: 100px\">Les partenaires b\u00e9n\u00e9ficiaires sont des \u00e9tablissements partenaires \u00e0 part enti\u00e8re au projet. Ils contribuent directement \u00e0 la mise en \u0153uvre du programme de recherche et de formation, en recrutant et en formant les jeunes chercheurs.<\/p>\n<p><a style=\"padding-left: 100px\" href=\"http:\/\/blog.ube.fr\/list-maps\/consortium\/beneficiaries\/university-of-burgundy\/\"><img loading=\"lazy\" decoding=\"async\" class=\"alignnone wp-image-526\" src=\"http:\/\/blog.ube.fr\/list-maps-fr\/wp-content\/uploads\/sites\/56\/2015\/11\/logoub.png\" alt=\"Universit\u00e9 de Bourgogne\" width=\"211\" height=\"106\" srcset=\"https:\/\/blog.ube.fr\/list-maps-fr\/wp-content\/uploads\/sites\/56\/2015\/11\/logoub.png 454w, https:\/\/blog.ube.fr\/list-maps-fr\/wp-content\/uploads\/sites\/56\/2015\/11\/logoub-449x228.png 449w, https:\/\/blog.ube.fr\/list-maps-fr\/wp-content\/uploads\/sites\/56\/2015\/11\/logoub-300x151.png 300w\" sizes=\"auto, (max-width: 211px) 100vw, 211px\" \/><\/a><a href=\"http:\/\/blog.ube.fr\/list-maps\/consortium\/beneficiaries\/university-college-cork\/\"><img loading=\"lazy\" decoding=\"async\" class=\"alignnone wp-image-500\" src=\"http:\/\/blog.ube.fr\/list-maps-fr\/wp-content\/uploads\/sites\/56\/2015\/11\/UCC-Logo-RGB_NEW1.jpg\" alt=\"UCC\" width=\"184\" height=\"85\" srcset=\"https:\/\/blog.ube.fr\/list-maps-fr\/wp-content\/uploads\/sites\/56\/2015\/11\/UCC-Logo-RGB_NEW1.jpg 1323w, https:\/\/blog.ube.fr\/list-maps-fr\/wp-content\/uploads\/sites\/56\/2015\/11\/UCC-Logo-RGB_NEW1-300x139.jpg 300w\" sizes=\"auto, (max-width: 184px) 100vw, 184px\" \/><\/a><a href=\"http:\/\/blog.ube.fr\/list-maps\/consortium\/beneficiaries\/university-of-copenhagen\/\"><img loading=\"lazy\" decoding=\"async\" class=\"alignnone wp-image-498\" src=\"http:\/\/blog.ube.fr\/list-maps-fr\/wp-content\/uploads\/sites\/56\/2015\/11\/ku_co_uk_h.jpg\" alt=\"\" width=\"199\" height=\"71\" srcset=\"https:\/\/blog.ube.fr\/list-maps-fr\/wp-content\/uploads\/sites\/56\/2015\/11\/ku_co_uk_h.jpg 612w, https:\/\/blog.ube.fr\/list-maps-fr\/wp-content\/uploads\/sites\/56\/2015\/11\/ku_co_uk_h-300x107.jpg 300w\" sizes=\"auto, (max-width: 199px) 100vw, 199px\" \/><\/a><\/p>\n<p><a style=\"padding-left: 100px\" href=\"http:\/\/blog.ube.fr\/list-maps\/consortium\/beneficiaries\/national-university-of-galway\/\">\u00a0\u00a0\u00a0 <img loading=\"lazy\" decoding=\"async\" class=\"alignnone wp-image-479\" src=\"http:\/\/blog.ube.fr\/list-maps-fr\/wp-content\/uploads\/sites\/56\/2015\/11\/nuigalway.jpg\" alt=\"\" width=\"201\" height=\"62\" srcset=\"https:\/\/blog.ube.fr\/list-maps-fr\/wp-content\/uploads\/sites\/56\/2015\/11\/nuigalway.jpg 1181w, https:\/\/blog.ube.fr\/list-maps-fr\/wp-content\/uploads\/sites\/56\/2015\/11\/nuigalway-300x92.jpg 300w, https:\/\/blog.ube.fr\/list-maps-fr\/wp-content\/uploads\/sites\/56\/2015\/11\/nuigalway-1170x363.jpg 1170w\" sizes=\"auto, (max-width: 201px) 100vw, 201px\" \/><\/a><a href=\"http:\/\/blog.ube.fr\/list-maps\/consortium\/beneficiaries\/inra\/\">\u00a0 <img loading=\"lazy\" decoding=\"async\" class=\"alignnone wp-image-581\" src=\"http:\/\/blog.ube.fr\/list-maps-fr\/wp-content\/uploads\/sites\/56\/2015\/10\/311123_Logo_INRA.jpg\" alt=\"\" width=\"136\" height=\"56\" srcset=\"https:\/\/blog.ube.fr\/list-maps-fr\/wp-content\/uploads\/sites\/56\/2015\/10\/311123_Logo_INRA.jpg 1411w, https:\/\/blog.ube.fr\/list-maps-fr\/wp-content\/uploads\/sites\/56\/2015\/10\/311123_Logo_INRA-300x124.jpg 300w\" sizes=\"auto, (max-width: 136px) 100vw, 136px\" \/><\/a><a href=\"http:\/\/blog.ube.fr\/list-maps\/consortium\/beneficiaries\/wageningen-university\/\">\u00a0 <img loading=\"lazy\" decoding=\"async\" class=\"alignnone wp-image-508\" src=\"http:\/\/blog.ube.fr\/list-maps-fr\/wp-content\/uploads\/sites\/56\/2015\/11\/Wageningen-LOGO.jpg\" alt=\"Wageningen University\" width=\"255\" height=\"72\" srcset=\"https:\/\/blog.ube.fr\/list-maps-fr\/wp-content\/uploads\/sites\/56\/2015\/11\/Wageningen-LOGO.jpg 1807w, https:\/\/blog.ube.fr\/list-maps-fr\/wp-content\/uploads\/sites\/56\/2015\/11\/Wageningen-LOGO-300x85.jpg 300w\" sizes=\"auto, (max-width: 255px) 100vw, 255px\" \/><\/a><\/p>\n<p><a style=\"padding-left: 100px\" href=\"http:\/\/blog.ube.fr\/list-maps\/consortium\/beneficiaries\/university-of-southern-denmark\/\"><img loading=\"lazy\" decoding=\"async\" class=\"alignnone wp-image-499\" src=\"http:\/\/blog.ube.fr\/list-maps-fr\/wp-content\/uploads\/sites\/56\/2015\/11\/SDU-logo.png\" alt=\"University Southern Denmark\" width=\"210\" height=\"83\" srcset=\"https:\/\/blog.ube.fr\/list-maps-fr\/wp-content\/uploads\/sites\/56\/2015\/11\/SDU-logo.png 986w, https:\/\/blog.ube.fr\/list-maps-fr\/wp-content\/uploads\/sites\/56\/2015\/11\/SDU-logo-300x118.png 300w\" sizes=\"auto, (max-width: 210px) 100vw, 210px\" \/><\/a><a href=\"http:\/\/blog.ube.fr\/list-maps\/consortium\/beneficiaries\/genxpro\/\"><img loading=\"lazy\" decoding=\"async\" class=\"alignnone wp-image-475\" src=\"http:\/\/blog.ube.fr\/list-maps-fr\/wp-content\/uploads\/sites\/56\/2015\/11\/genxprologo.gif\" alt=\"\" width=\"221\" height=\"76\" \/>\u00a0\u00a0<\/a><a href=\"http:\/\/blog.ube.fr\/list-maps\/consortium\/beneficiaries\/biofilm-control\/\"><img loading=\"lazy\" decoding=\"async\" class=\"alignnone wp-image-515\" src=\"http:\/\/blog.ube.fr\/list-maps-fr\/wp-content\/uploads\/sites\/56\/2015\/11\/logobio.png\" alt=\"BioFilm Control\" width=\"217\" height=\"112\" srcset=\"https:\/\/blog.ube.fr\/list-maps-fr\/wp-content\/uploads\/sites\/56\/2015\/11\/logobio.png 451w, https:\/\/blog.ube.fr\/list-maps-fr\/wp-content\/uploads\/sites\/56\/2015\/11\/logobio-449x233.png 449w, https:\/\/blog.ube.fr\/list-maps-fr\/wp-content\/uploads\/sites\/56\/2015\/11\/logobio-300x155.png 300w\" sizes=\"auto, (max-width: 217px) 100vw, 217px\" \/><\/a><\/p>\n<p>&nbsp;<\/p>\n<p class=\"titre2\" style=\"font-family: calibri;text-align: justify;font-size: 16px;padding-left: 100px;padding-right: 100px\"><a style=\"text-decoration: none;color: #483d8b;font-size: 20px;font-family: arial\" href=\"http:\/\/blog.ube.fr\/list-maps-fr\/partenaires\/associes\/\">PARTENAIRES ASSOCI\u00c9S<\/a><\/p>\n<p style=\"font-family: calibri;font-size: 16px;padding-left: 100px;padding-right: 100px;color: #000000\">Les partenaires associ\u00e9s sont des partenaires qui ne recrutent pas de jeunes chercheurs. Leur r\u00f4le dans le projet est d\u2019offrir une formation compl\u00e9mentaire et d\u2019accueillir les ESRs pendant les \u00ab secondments \u00bb.<\/p>\n<p><a style=\"padding-left: 100px\" href=\"http:\/\/blog.ube.fr\/list-maps\/consortium\/partners-organizations\/thermofisher-scientific\/\"><img loading=\"lazy\" decoding=\"async\" class=\"alignnone wp-image-488\" src=\"http:\/\/blog.ube.fr\/list-maps-fr\/wp-content\/uploads\/sites\/56\/2015\/11\/Thermo-Fisher-Scientific-Inc.1.jpg\" alt=\"ThermoFisher \" width=\"157\" height=\"114\" srcset=\"https:\/\/blog.ube.fr\/list-maps-fr\/wp-content\/uploads\/sites\/56\/2015\/11\/Thermo-Fisher-Scientific-Inc.1.jpg 310w, https:\/\/blog.ube.fr\/list-maps-fr\/wp-content\/uploads\/sites\/56\/2015\/11\/Thermo-Fisher-Scientific-Inc.1-300x218.jpg 300w\" sizes=\"auto, (max-width: 157px) 100vw, 157px\" \/><\/a><a href=\"http:\/\/blog.ube.fr\/list-maps\/consortium\/partners-organizations\/lactalis\/\"><img loading=\"lazy\" decoding=\"async\" class=\"alignnone wp-image-486 \" src=\"http:\/\/blog.ube.fr\/list-maps-fr\/wp-content\/uploads\/sites\/56\/2015\/11\/lactalis-logo.png\" alt=\"Lactalis\" width=\"167\" height=\"55\" \/><\/a><\/p>\n<p>&nbsp;<\/p>\n<p class=\"titre2\" style=\"font-family: calibri;color: #000000;font-size: 12px;text-align: center\"><a href=\"http:\/\/blog.ube.fr\/list-maps\/wp-content\/uploads\/sites\/34\/2015\/10\/eulogo.jpg\"><img loading=\"lazy\" decoding=\"async\" class=\"alignnone wp-image-557 \" src=\"http:\/\/blog.ube.fr\/list-maps\/wp-content\/uploads\/sites\/34\/2015\/10\/eulogo.jpg\" alt=\"eulogo\" width=\"79\" height=\"46\" srcset=\"https:\/\/blog.ube.fr\/list-maps-fr\/wp-content\/uploads\/sites\/56\/2015\/10\/eulogo.jpg 600w, https:\/\/blog.ube.fr\/list-maps-fr\/wp-content\/uploads\/sites\/56\/2015\/10\/eulogo-300x175.jpg 300w\" sizes=\"auto, (max-width: 79px) 100vw, 79px\" \/><\/a>This project has received funding from the European Union\u2019s Horizon 2020 research and innovation programme under the Marie Sklodowska Curie grant agreement n\u00b0 641984<\/p>\n","protected":false},"excerpt":{"rendered":"<p>&nbsp; PARTENAIRES B\u00c9N\u00c9FICIAIRES Les partenaires b\u00e9n\u00e9ficiaires sont des \u00e9tablissements partenaires \u00e0 part enti\u00e8re au projet. Ils contribuent directement \u00e0 la mise en \u0153uvre du programme de recherche et de formation, en recrutant et en formant les jeunes chercheurs. \u00a0\u00a0\u00a0 \u00a0 \u00a0 \u00a0\u00a0 &nbsp; PARTENAIRES ASSOCI\u00c9S Les partenaires associ\u00e9s sont des partenaires qui ne recrutent pas&hellip;<\/p>\n<p class=\"more-link-p\"><a class=\"btn btn-primary\" href=\"https:\/\/blog.ube.fr\/list-maps-fr\/partenaires\/\">Voir plus &rarr;<\/a><\/p>\n","protected":false},"author":99,"featured_media":0,"parent":0,"menu_order":2,"comment_status":"closed","ping_status":"closed","template":"","meta":{"footnotes":""},"class_list":["post-8","page","type-page","status-publish","hentry"],"_links":{"self":[{"href":"https:\/\/blog.ube.fr\/list-maps-fr\/wp-json\/wp\/v2\/pages\/8","targetHints":{"allow":["GET"]}}],"collection":[{"href":"https:\/\/blog.ube.fr\/list-maps-fr\/wp-json\/wp\/v2\/pages"}],"about":[{"href":"https:\/\/blog.ube.fr\/list-maps-fr\/wp-json\/wp\/v2\/types\/page"}],"author":[{"embeddable":true,"href":"https:\/\/blog.ube.fr\/list-maps-fr\/wp-json\/wp\/v2\/users\/99"}],"replies":[{"embeddable":true,"href":"https:\/\/blog.ube.fr\/list-maps-fr\/wp-json\/wp\/v2\/comments?post=8"}],"version-history":[{"count":23,"href":"https:\/\/blog.ube.fr\/list-maps-fr\/wp-json\/wp\/v2\/pages\/8\/revisions"}],"predecessor-version":[{"id":1731,"href":"https:\/\/blog.ube.fr\/list-maps-fr\/wp-json\/wp\/v2\/pages\/8\/revisions\/1731"}],"wp:attachment":[{"href":"https:\/\/blog.ube.fr\/list-maps-fr\/wp-json\/wp\/v2\/media?parent=8"}],"curies":[{"name":"wp","href":"https:\/\/api.w.org\/{rel}","templated":true}]}}