{"id":60,"date":"2015-10-21T11:18:58","date_gmt":"2015-10-21T10:18:58","guid":{"rendered":"http:\/\/blog.u-bourgogne.fr\/list-maps\/?page_id=60"},"modified":"2017-11-06T15:49:36","modified_gmt":"2017-11-06T14:49:36","slug":"miguel-villoria-recio","status":"publish","type":"page","link":"https:\/\/blog.ube.fr\/list-maps-fr\/jeunes-chercheurs\/miguel-villoria-recio\/","title":{"rendered":"ESR 3"},"content":{"rendered":"<p class=\"titre1\" style=\"text-align: center;font-family: arial;color: #483d8b;font-size: 16px\"><strong style=\"color: #483d8b\">PR\u00c9SENTATION DU PROJET INDIVIDUEL 3<\/strong><\/p>\n<p class=\"titre2\" style=\"text-align: center;font-family: calibri;color: #483d8b;font-size: 18px\"><strong style=\"color: #483d8b\">Regulation of the virulon of <em style=\"color: #483d8b\">L. monocytogenes<\/em> by carbohydrates<\/strong><\/p>\n<div id=\"attachment_936\" style=\"width: 517px\" class=\"wp-caption aligncenter\"><a href=\"http:\/\/blog.ube.fr\/list-maps\/wp-content\/uploads\/sites\/34\/2015\/10\/carte-ESR3.3.png\"><img loading=\"lazy\" decoding=\"async\" aria-describedby=\"caption-attachment-936\" class=\"wp-image-936 size-full\" src=\"http:\/\/blog.ube.fr\/list-maps\/wp-content\/uploads\/sites\/34\/2015\/10\/carte-ESR3.3.png\" alt=\"carte ESR3.3\" width=\"507\" height=\"452\" srcset=\"https:\/\/blog.ube.fr\/list-maps-fr\/wp-content\/uploads\/sites\/56\/2015\/10\/carte-ESR3.3.png 507w, https:\/\/blog.ube.fr\/list-maps-fr\/wp-content\/uploads\/sites\/56\/2015\/10\/carte-ESR3.3-300x267.png 300w\" sizes=\"auto, (max-width: 507px) 100vw, 507px\" \/><\/a><p id=\"caption-attachment-936\" class=\"wp-caption-text\">Host organisation: University of Copenhagen (UCPH) Secondments: University College Cork (UCC) and University of Burgundy (UB)<\/p><\/div>\n<p class=\"paragraphe\" style=\"font-family: arial;font-size: 14px;color: #483d8b;padding-left: 90px;padding-right: 90px\"><strong><b style=\"color: #483d8b\">ORGANISATION D&#8217;ACCUEIL ET SUPERVISEUR:<br \/>\n<\/b><\/strong><\/p>\n<p class=\"paragraphe\" style=\"font-family: calibri;font-size: 16px;color: #000000;padding-left: 90px;padding-right: 90px\">Universit\u00e9 de Copenhague, Dr. Hanne INGMER <a style=\"text-decoration: none;color: #483d8b\" href=\"http:\/\/blog.ube.fr\/list-maps-fr\/partenaires\/beneficiaires\/universite-de-copenhague\/\">(plus d&#8217;informations)<\/a><\/p>\n<p class=\"paragraphe\" style=\"font-family: arial;font-size: 14px;text-align: justify;color: #483d8b;padding-left: 90px;padding-right: 90px\"><strong><b style=\"color: #483d8b\">OBJECTIFS:<\/b><\/strong><\/p>\n<p class=\"paragraphe\" style=\"font-family: calibri;font-size: 16px;text-align: justify;color: #000000;padding-left: 90px;padding-right: 90px\">Preliminary data suggest that host sugar-molecules have chitin-resembling moieties and that these are substrates for both bacterial and human chitinases. Considering that the <em style=\"color: #000000\">L. monocytogenes <\/em>chitinases are important in both environmental and host adaptation, we wish to identify the host chitin-type molecules and determine the role of these molecules as well as of the listerial chitinases for attachment, invasion and long-term survival in host cells. To assess the environmental role of the <em style=\"color: #000000\">L. monocytogenes<\/em> chitinases we will determine the regulation of chitinase expression and investigate the conditions at which they are expressed. The role of chitinases in adaptability of <em style=\"color: #000000\">L. monocytogenes<\/em> will be determined by investigation of the respective mutants in growth and survival in the various environments and the ability of the mutants to survive and initiate growth after abrupt changes in environments.Regarding the critical role of carbohydrates in regulation, this project will use combinations of proteomic and transcriptomic approaches to dissect the intricate regulatory mechanisms controlling chitinase expression. This will be studied using transposon mutagenesis and site-directed mutagenesis.<\/p>\n<p class=\"paragraphe\" style=\"font-family: arial;font-size: 14px;text-align: justify;color: #483d8b;padding-left: 90px;padding-right: 90px\"><strong><b style=\"color: #483d8b\">R\u00c9SULTATS ATTENDUS:<\/b><\/strong><\/p>\n<p class=\"paragraphe\" style=\"font-family: calibri;font-size: 16px;text-align: justify;color: #000000;padding-left: 90px;padding-right: 90px\">Global transcriptomic response to chitin. Determination of TSS. Identification of proteins critical for regulation of chitinase expression. Evaluation of the role of chitinases during infection. Contribution of chitinases to soil and plant adaptation<\/p>\n<p class=\"paragraphe\" style=\"font-family: arial;font-size: 14px;color: #483d8b;padding-left: 90px;padding-right: 90px\"><strong style=\"color: #483d8b\">SECONDMENTS:<b><\/b><\/strong><\/p>\n<p class=\"paragraphe\" style=\"font-family: calibri;font-size: 16px;text-align: justify;color: #000000;padding-left: 90px;padding-right: 90px\">Universit\u00e9 Coll\u00e8ge Cork <a style=\"text-decoration: none;color: #483d8b\" href=\"http:\/\/blog.ube.fr\/list-maps-fr\/partenaires\/beneficiaires\/universite-de-cork\/\">(plus d&#8217;informations)<\/a> et Universit\u00e9 de Bourgogne <a style=\"text-decoration: none;color: #483d8b\" href=\"http:\/\/blog.ube.fr\/list-maps-fr\/partenaires\/beneficiaires\/universite-de-bourgogne\/\">(plus d&#8217;informations)<\/a><\/p>\n<p class=\"paragraphe\" style=\"font-family: arial;font-size: 14px;color: #483d8b;padding-left: 90px;padding-right: 90px\"><strong style=\"color: #483d8b\"><b style=\"color: #483d8b\">DUREE DU RECRUTEMENT :<\/b><\/strong><\/p>\n<p class=\"paragraphe\" style=\"font-family: calibri;font-size: 16px;color: #000000;padding-left: 90px;padding-right: 90px\">36 mois<\/p>\n<p>&nbsp;<\/p>\n<p class=\"titre1\" style=\"font-family: arial;color: #483d8b;font-size: 16px;padding-right: 90px;padding-left: 90px;text-align: left\"><strong style=\"color: #483d8b\">PR\u00c9SENTATION DU CHERCHEUR<a href=\"http:\/\/blog.ube.fr\/list-maps\/wp-content\/uploads\/sites\/34\/2015\/10\/Miguel-ESR3.jpg\"><img loading=\"lazy\" decoding=\"async\" class=\"wp-image-979 alignright\" src=\"http:\/\/blog.ube.fr\/list-maps\/wp-content\/uploads\/sites\/34\/2015\/10\/Miguel-ESR3.jpg\" alt=\"Miguel ESR3\" width=\"378\" height=\"284\" srcset=\"https:\/\/blog.ube.fr\/list-maps-fr\/wp-content\/uploads\/sites\/56\/2015\/10\/Miguel-ESR3.jpg 1296w, https:\/\/blog.ube.fr\/list-maps-fr\/wp-content\/uploads\/sites\/56\/2015\/10\/Miguel-ESR3-300x225.jpg 300w\" sizes=\"auto, (max-width: 378px) 100vw, 378px\" \/><\/a><\/strong><\/p>\n<p class=\"titre2\" style=\"font-family: calibri;color: #483d8b;font-size: 18px;padding-left: 90px;padding-right: 90px;text-align: left\"><strong style=\"color: #000000\">Miguel VILLORIA RECIO<\/strong><\/p>\n<p class=\"paragraphe\" style=\"font-family: calibri;font-size: 16px;text-align: justify;color: #000000;padding-left: 90px;padding-right: 90px\"><strong><b style=\"color: #483d8b\">PAYS D&#8217;ORIGINE: <\/b><\/strong>Espagne<\/p>\n<p class=\"paragraphe\" style=\"font-family: arial;font-size: 14px;color: #483d8b;padding-left: 90px;padding-right: 90px\"><strong style=\"color: #483d8b\"><b style=\"color: #483d8b\">FORMATION :<\/b><\/strong><\/p>\n<ul style=\"padding-left: 90px\">\n<li class=\"paragraphe\" style=\"font-family: calibri;font-size: 16px;text-align: justify;color: #000000;padding-right: 90px\">Licence en biologie \u00e0 l&#8217;Universit\u00e9 de Salamanque, Espagne<\/li>\n<li class=\"paragraphe\" style=\"font-family: calibri;font-size: 16px;text-align: justify;color: #000000;padding-right: 90px\">Erasmus \u00e0 l&#8217;Universit\u00e9 de Turin, Italie et l&#8217;Universit\u00e9 d\u2019\u00c9dimbourg, \u00c9cosse<\/li>\n<li class=\"paragraphe\" style=\"font-family: calibri;font-size: 16px;text-align: justify;color: #000000;padding-right: 90px\">Master en recherche sur les maladies infectieuses \u00e0 l&#8217;Universit\u00e9 d\u2019\u00c9dimbourg, \u00c9cosse<\/li>\n<\/ul>\n<p class=\"paragraphe\" style=\"font-family: arial;font-size: 14px;color: #483d8b;padding-left: 90px;padding-right: 90px;text-align: left\"><strong style=\"color: #483d8b\"><b style=\"color: #483d8b\">CONTACT :<\/b><\/strong><\/p>\n<p><a style=\"text-decoration: none;color: #483d8b;padding-left: 90px;font-family: calibri;font-size: 16px\" href=\"mailto:michirecio@sund.ku.dk\">michirecio@sund.ku.dk<\/a><br \/>\n<a style=\"text-decoration: none;color: #483d8b;padding-left: 90px;font-family: calibri;font-size: 16px\" href=\"https:\/\/dk.linkedin.com\/in\/miguel-villoria-recio-2a387594\">https:\/\/dk.linkedin.com\/in\/miguel-villoria-recio-2a387594<\/a><\/p>\n<p>&nbsp;<\/p>\n<p>&nbsp;<\/p>\n<p class=\"paragraphe\" style=\"font-family: calibri;font-size: 16px;color: #000000;padding-left: 90px;padding-right: 90px;text-align: center\"><a style=\"text-decoration: none;color: #483d8b\" href=\"http:\/\/blog.ube.fr\/list-maps\/early-stage-researchers\/miguel-villoria-recio\/\/\">(plus d&#8217;informations sur la page anglaise)<\/a><\/p>\n<p>&nbsp;<\/p>\n<p>&nbsp;<\/p>\n<p>&nbsp;<\/p>\n<p class=\"titre2\" style=\"font-family: calibri;color: #000000;font-size: 12px;text-align: center\"><a href=\"http:\/\/blog.ube.fr\/list-maps\/wp-content\/uploads\/sites\/34\/2015\/10\/eulogo.jpg\"><img loading=\"lazy\" decoding=\"async\" class=\"alignnone wp-image-557 \" src=\"http:\/\/blog.ube.fr\/list-maps\/wp-content\/uploads\/sites\/34\/2015\/10\/eulogo.jpg\" alt=\"eulogo\" width=\"79\" height=\"46\" srcset=\"https:\/\/blog.ube.fr\/list-maps-fr\/wp-content\/uploads\/sites\/56\/2015\/10\/eulogo.jpg 600w, https:\/\/blog.ube.fr\/list-maps-fr\/wp-content\/uploads\/sites\/56\/2015\/10\/eulogo-300x175.jpg 300w\" sizes=\"auto, (max-width: 79px) 100vw, 79px\" \/><\/a>Ce projet est financ\u00e9 par les actions Marie-Sklodowska Curie du programme de recherche et d\u2019innovation de l\u2019Union europ\u00e9enne Horizon 2020 selon l\u2019accord de subvention n\u00b0641984<\/p>\n","protected":false},"excerpt":{"rendered":"<p>PR\u00c9SENTATION DU PROJET INDIVIDUEL 3 Regulation of the virulon of L. monocytogenes by carbohydrates ORGANISATION D&#8217;ACCUEIL ET SUPERVISEUR: Universit\u00e9 de Copenhague, Dr. Hanne INGMER (plus d&#8217;informations) OBJECTIFS: Preliminary data suggest that host sugar-molecules have chitin-resembling moieties and that these are substrates for both bacterial and human chitinases. Considering that the L. monocytogenes chitinases are important&hellip;<\/p>\n<p class=\"more-link-p\"><a class=\"btn btn-primary\" href=\"https:\/\/blog.ube.fr\/list-maps-fr\/jeunes-chercheurs\/miguel-villoria-recio\/\">Voir plus &rarr;<\/a><\/p>\n","protected":false},"author":99,"featured_media":0,"parent":18,"menu_order":3,"comment_status":"closed","ping_status":"closed","template":"","meta":{"footnotes":""},"class_list":["post-60","page","type-page","status-publish","hentry"],"_links":{"self":[{"href":"https:\/\/blog.ube.fr\/list-maps-fr\/wp-json\/wp\/v2\/pages\/60","targetHints":{"allow":["GET"]}}],"collection":[{"href":"https:\/\/blog.ube.fr\/list-maps-fr\/wp-json\/wp\/v2\/pages"}],"about":[{"href":"https:\/\/blog.ube.fr\/list-maps-fr\/wp-json\/wp\/v2\/types\/page"}],"author":[{"embeddable":true,"href":"https:\/\/blog.ube.fr\/list-maps-fr\/wp-json\/wp\/v2\/users\/99"}],"replies":[{"embeddable":true,"href":"https:\/\/blog.ube.fr\/list-maps-fr\/wp-json\/wp\/v2\/comments?post=60"}],"version-history":[{"count":21,"href":"https:\/\/blog.ube.fr\/list-maps-fr\/wp-json\/wp\/v2\/pages\/60\/revisions"}],"predecessor-version":[{"id":1628,"href":"https:\/\/blog.ube.fr\/list-maps-fr\/wp-json\/wp\/v2\/pages\/60\/revisions\/1628"}],"up":[{"embeddable":true,"href":"https:\/\/blog.ube.fr\/list-maps-fr\/wp-json\/wp\/v2\/pages\/18"}],"wp:attachment":[{"href":"https:\/\/blog.ube.fr\/list-maps-fr\/wp-json\/wp\/v2\/media?parent=60"}],"curies":[{"name":"wp","href":"https:\/\/api.w.org\/{rel}","templated":true}]}}