{"id":58,"date":"2015-10-21T11:18:30","date_gmt":"2015-10-21T10:18:30","guid":{"rendered":"http:\/\/blog.u-bourgogne.fr\/list-maps\/?page_id=58"},"modified":"2017-11-06T15:36:06","modified_gmt":"2017-11-06T14:36:06","slug":"vanessa-las-heras","status":"publish","type":"page","link":"https:\/\/blog.ube.fr\/list-maps-fr\/jeunes-chercheurs\/vanessa-las-heras\/","title":{"rendered":"ESR 2"},"content":{"rendered":"<p class=\"titre1\" style=\"text-align: center;font-family: arial;color: #483d8b;font-size: 16px;padding-left: 90px;padding-right: 90px\"><strong style=\"color: #483d8b\">PR\u00c9SENTATION DU PROJET INDIVIDUEL 2<\/strong><\/p>\n<p class=\"titre2\" style=\"text-align: center;font-family: calibri;color: #483d8b;font-size: 18px\"><strong style=\"color: #483d8b\">Stress pre-adaptation and virulence potential of <i style=\"color: #483d8b\">L.monocytogenes<\/i> in the food matrix<\/strong><\/p>\n<div id=\"attachment_934\" style=\"width: 596px\" class=\"wp-caption aligncenter\"><a href=\"http:\/\/blog.ube.fr\/list-maps\/wp-content\/uploads\/sites\/34\/2015\/10\/carte-ESR2.3.png\"><img loading=\"lazy\" decoding=\"async\" aria-describedby=\"caption-attachment-934\" class=\"wp-image-934 size-full\" src=\"http:\/\/blog.ube.fr\/list-maps\/wp-content\/uploads\/sites\/34\/2015\/10\/carte-ESR2.3.png\" alt=\"carte ESR2.3\" width=\"586\" height=\"464\" srcset=\"https:\/\/blog.ube.fr\/list-maps-fr\/wp-content\/uploads\/sites\/56\/2015\/10\/carte-ESR2.3.png 586w, https:\/\/blog.ube.fr\/list-maps-fr\/wp-content\/uploads\/sites\/56\/2015\/10\/carte-ESR2.3-300x238.png 300w\" sizes=\"auto, (max-width: 586px) 100vw, 586px\" \/><\/a><p id=\"caption-attachment-934\" class=\"wp-caption-text\">Recruteur: Universit\u00e9 de Cork (UCC) Secondments: Universit\u00e9 de Bourgogne (UB) et GenXPro (GXP)<\/p><\/div>\n<p class=\"paragraphe\" style=\"font-family: arial;font-size: 14px;color: #483d8b;padding-left: 90px;padding-right: 90px;text-align: left\"><strong><b style=\"color: #483d8b\">ORGANISATION D&#8217;ACCUEIL ET SUPERVISEUR:<br \/>\n<\/b><\/strong><\/p>\n<p class=\"paragraphe\" style=\"font-family: calibri;font-size: 16px;color: #000000;padding-left: 90px;padding-right: 90px\">Universit\u00e9 de Cork, Dr. Cormac GAHAN <a style=\"text-decoration: none;color: #483d8b\" href=\"http:\/\/blog.ube.fr\/list-maps-fr\/partenaires\/beneficiaires\/universite-de-cork\/\">(plus de d\u00e9tails)<\/a><\/p>\n<p class=\"paragraphe\" style=\"font-family: arial;font-size: 14px;text-align: justify;color: #483d8b;padding-left: 90px;padding-right: 90px\"><strong><b style=\"color: #483d8b\">OBJECTIFS:<\/b><\/strong><\/p>\n<p class=\"paragraphe\" style=\"font-family: calibri;font-size: 16px;text-align: justify;color: #000000;padding-left: 90px;padding-right: 90px\">The project will examine the effects of important food components (including glutamate, arginine and carnitine) upon virulence potential in <i style=\"color: #000000\">L. monocytogenes<\/i>. The ESR will utilise the ECadhum transgenic mouse system as a means to study the influence of food constituents upon pathogenesis using the pathogen in suspension (+\/- specific food components) and also using special defined chow containing particular food components as additives (from Teklad\/Harlan custom diets). The ESR will utilise classical microbiological approaches as well as bioluminescent imaging of <i style=\"color: #000000\">L. monocytogenes<\/i> to track the pathogen in this system (IVIS system luminescence imaging). The ESR will also use deep sequencing approaches to determine the effects of food constituents upon gene expression profiles in <i style=\"color: #000000\">L. monocytogenes<\/i> with a particular focus upon gene systems known to be induced in vivo during growth in the GI tract and necessary for virulence (e.g. SigmaB, BSH, bile, ADI, OpuC, GAD etc).<\/p>\n<p class=\"paragraphe\" style=\"font-family: arial;font-size: 14px;text-align: justify;color: #483d8b;padding-left: 90px;padding-right: 90px\"><strong><b style=\"color: #483d8b\">R\u00c9SULTATS ATTENDUS:<\/b><\/strong><\/p>\n<p class=\"paragraphe\" style=\"font-family: calibri;font-size: 16px;text-align: justify;color: #000000;padding-left: 90px;padding-right: 90px\">Global transcriptomic response to food matrix constituents . Determination of TSS. Identification of proteins critical for survival in this habitat.<\/p>\n<p class=\"paragraphe\" style=\"font-family: arial;font-size: 14px;color: #483d8b;padding-right: 90px;padding-left: 90px\"><strong><b style=\"color: #483d8b\">SECONDMENTS:<\/b><\/strong><\/p>\n<p class=\"paragraphe\" style=\"font-family: calibri;font-size: 16px;text-align: justify;color: #000000;padding-left: 90px;padding-right: 90px\">GenXPRO <a style=\"text-decoration: none;color: #483d8b\" href=\"http:\/\/blog.ube.fr\/list-maps-fr\/partenaires\/beneficiaires\/genxprofr\/\">(plus de d\u00e9tails)<\/a> et l&#8217;Universit\u00e9 de Bourgogne <a style=\"text-decoration: none;color: #483d8b\" href=\"http:\/\/blog.ube.fr\/list-maps-fr\/partenaires\/beneficiaires\/universite-de-bourgogne\/\">(plus de d\u00e9tails)<\/a><\/p>\n<p class=\"paragraphe\" style=\"font-family: arial;font-size: 14px;color: #483d8b;padding-right: 90px;padding-left: 90px\"><strong><b style=\"color: #483d8b\">DUR\u00c9E DU RECRUTEMENT:<\/b><\/strong><\/p>\n<p class=\"paragraphe\" style=\"font-family: calibri;font-size: 16px;color: #000000;padding-right: 90px;padding-left: 90px\">36 mois<\/p>\n<p>&nbsp;<\/p>\n<p class=\"titre1\" style=\"font-family: arial;color: #483d8b;font-size: 16px;padding-right: 90px;padding-left: 90px;text-align: left\"><strong style=\"color: #483d8b\">PR\u00c9SENTATION DU CHERCHEUR<\/strong><\/p>\n<p class=\"titre2\" style=\"font-family: calibri;color: #483d8b;font-size: 18px;text-align: left;padding-left: 90px\"><strong style=\"color: #000000\">Vanessa LAS HERAS<\/strong><\/p>\n<p class=\"paragraphe\" style=\"font-family: calibri;font-size: 16px;text-align: justify;color: #000000;padding-left: 90px;padding-right: 90px\"><a href=\"http:\/\/blog.ube.fr\/list-maps\/wp-content\/uploads\/sites\/34\/2015\/10\/vanessa.png\"><img loading=\"lazy\" decoding=\"async\" class=\"wp-image-815 alignleft\" src=\"http:\/\/blog.ube.fr\/list-maps\/wp-content\/uploads\/sites\/34\/2015\/10\/vanessa.png\" alt=\"vanessa\" width=\"256\" height=\"342\" srcset=\"https:\/\/blog.ube.fr\/list-maps-fr\/wp-content\/uploads\/sites\/56\/2015\/10\/vanessa.png 481w, https:\/\/blog.ube.fr\/list-maps-fr\/wp-content\/uploads\/sites\/56\/2015\/10\/vanessa-300x400.png 300w\" sizes=\"auto, (max-width: 256px) 100vw, 256px\" \/><\/a><strong><b style=\"color: #483d8b\">PAYS D&#8217;ORIGINE:\u00a0 <\/b><\/strong>Portugal<\/p>\n<p class=\"paragraphe\" style=\"font-family: arial;font-size: 14px;color: #483d8b;padding-right: 90px;padding-left: 90px\"><strong><b style=\"color: #483d8b\">FORMATION:<\/b><\/strong><\/p>\n<ul style=\"padding-left: 200px\">\n<li class=\"paragraphe\" style=\"font-family: calibri;font-size: 16px;text-align: justify;color: #000000;padding-right: 90px\">Licence en biotechnologie \u00e0 l&#8217;universit\u00e9 Algarve, Portugal<\/li>\n<li class=\"paragraphe\" style=\"font-family: calibri;font-size: 16px;text-align: justify;color: #000000;padding-right: 90px\">3\u00e8me ann\u00e9e de licence avec le programme d&#8217;\u00e9change ERASMUS, \u00e0 l&#8217;universit\u00e9 de Lund, Su\u00e8de<\/li>\n<li class=\"paragraphe\" style=\"font-family: calibri;font-size: 16px;text-align: justify;color: #000000;padding-right: 90px\">Master en biotechnologie, universit\u00e9 de Lund, Su\u00e8de<\/li>\n<\/ul>\n<p class=\"paragraphe\" style=\"font-family: streetvertising;font-size: 14px;color: #483d8b;padding-right: 90px;padding-left: 90px\"><strong><b style=\"color: #483d8b\">CONTACT :<\/b><\/strong><\/p>\n<p><a style=\"text-decoration: none;color: #483d8b;padding-right: 80px;font-family: calibri;font-size: 14px\" href=\"mailto:vanessa.lasheras@ucc.ie\">vanessa.lasheras@ucc.ie<\/a><\/p>\n<p>&nbsp;<\/p>\n<p>&nbsp;<\/p>\n<p class=\"paragraphe\" style=\"font-family: calibri;font-size: 16px;color: #000000;padding-left: 90px;padding-right: 90px;text-align: center\"><a style=\"text-decoration: none;color: #483d8b\" href=\"http:\/\/blog.ube.fr\/list-maps\/early-stage-researchers\/vanessa-las-heras\/\">(plus d&#8217;informations sur la page anglaise)<\/a><\/p>\n<p>&nbsp;<\/p>\n<p>&nbsp;<\/p>\n<p>&nbsp;<\/p>\n<p class=\"titre2\" style=\"font-family: calibri;color: #000000;font-size: 12px;text-align: center\"><a href=\"http:\/\/blog.ube.fr\/list-maps\/wp-content\/uploads\/sites\/34\/2015\/10\/eulogo.jpg\"><img loading=\"lazy\" decoding=\"async\" class=\"alignnone wp-image-557 \" src=\"http:\/\/blog.ube.fr\/list-maps\/wp-content\/uploads\/sites\/34\/2015\/10\/eulogo.jpg\" alt=\"eulogo\" width=\"79\" height=\"46\" srcset=\"https:\/\/blog.ube.fr\/list-maps-fr\/wp-content\/uploads\/sites\/56\/2015\/10\/eulogo.jpg 600w, https:\/\/blog.ube.fr\/list-maps-fr\/wp-content\/uploads\/sites\/56\/2015\/10\/eulogo-300x175.jpg 300w\" sizes=\"auto, (max-width: 79px) 100vw, 79px\" \/><\/a>Ce projet est financ\u00e9 par les actions Marie-Sklodowska Curie du programme de recherche et d\u2019innovation de l\u2019Union europ\u00e9enne Horizon 2020 selon l\u2019accord de subvention n\u00b0641984<\/p>\n","protected":false},"excerpt":{"rendered":"<p>PR\u00c9SENTATION DU PROJET INDIVIDUEL 2 Stress pre-adaptation and virulence potential of L.monocytogenes in the food matrix ORGANISATION D&#8217;ACCUEIL ET SUPERVISEUR: Universit\u00e9 de Cork, Dr. Cormac GAHAN (plus de d\u00e9tails) OBJECTIFS: The project will examine the effects of important food components (including glutamate, arginine and carnitine) upon virulence potential in L. monocytogenes. The ESR will utilise&hellip;<\/p>\n<p class=\"more-link-p\"><a class=\"btn btn-primary\" href=\"https:\/\/blog.ube.fr\/list-maps-fr\/jeunes-chercheurs\/vanessa-las-heras\/\">Voir plus &rarr;<\/a><\/p>\n","protected":false},"author":99,"featured_media":0,"parent":18,"menu_order":2,"comment_status":"closed","ping_status":"closed","template":"","meta":{"footnotes":""},"class_list":["post-58","page","type-page","status-publish","hentry"],"_links":{"self":[{"href":"https:\/\/blog.ube.fr\/list-maps-fr\/wp-json\/wp\/v2\/pages\/58","targetHints":{"allow":["GET"]}}],"collection":[{"href":"https:\/\/blog.ube.fr\/list-maps-fr\/wp-json\/wp\/v2\/pages"}],"about":[{"href":"https:\/\/blog.ube.fr\/list-maps-fr\/wp-json\/wp\/v2\/types\/page"}],"author":[{"embeddable":true,"href":"https:\/\/blog.ube.fr\/list-maps-fr\/wp-json\/wp\/v2\/users\/99"}],"replies":[{"embeddable":true,"href":"https:\/\/blog.ube.fr\/list-maps-fr\/wp-json\/wp\/v2\/comments?post=58"}],"version-history":[{"count":21,"href":"https:\/\/blog.ube.fr\/list-maps-fr\/wp-json\/wp\/v2\/pages\/58\/revisions"}],"predecessor-version":[{"id":260,"href":"https:\/\/blog.ube.fr\/list-maps-fr\/wp-json\/wp\/v2\/pages\/58\/revisions\/260"}],"up":[{"embeddable":true,"href":"https:\/\/blog.ube.fr\/list-maps-fr\/wp-json\/wp\/v2\/pages\/18"}],"wp:attachment":[{"href":"https:\/\/blog.ube.fr\/list-maps-fr\/wp-json\/wp\/v2\/media?parent=58"}],"curies":[{"name":"wp","href":"https:\/\/api.w.org\/{rel}","templated":true}]}}