{"id":18,"date":"2015-10-21T11:08:00","date_gmt":"2015-10-21T10:08:00","guid":{"rendered":"http:\/\/blog.u-bourgogne.fr\/list-maps\/?page_id=18"},"modified":"2018-03-02T17:04:47","modified_gmt":"2018-03-02T16:04:47","slug":"jeunes-chercheurs","status":"publish","type":"page","link":"https:\/\/blog.ube.fr\/list-maps-fr\/jeunes-chercheurs\/","title":{"rendered":"Jeunes chercheurs"},"content":{"rendered":"<p>&nbsp;<\/p>\n<div id=\"attachment_763\" style=\"width: 643px\" class=\"wp-caption aligncenter\"><a href=\"http:\/\/blog.ube.fr\/list-maps\/wp-content\/uploads\/sites\/34\/2015\/10\/map-ESR-recruited.png\" rel=\"attachment wp-att-763\"><img loading=\"lazy\" decoding=\"async\" aria-describedby=\"caption-attachment-763\" class=\"wp-image-763 \" src=\"http:\/\/blog.ube.fr\/list-maps\/wp-content\/uploads\/sites\/34\/2015\/10\/map-ESR-recruited.png\" alt=\"map ESR recruited\" width=\"633\" height=\"341\" srcset=\"https:\/\/blog.ube.fr\/list-maps-fr\/wp-content\/uploads\/sites\/56\/2015\/10\/map-ESR-recruited.png 1004w, https:\/\/blog.ube.fr\/list-maps-fr\/wp-content\/uploads\/sites\/56\/2015\/10\/map-ESR-recruited-300x162.png 300w\" sizes=\"auto, (max-width: 633px) 100vw, 633px\" \/><\/a><p id=\"caption-attachment-763\" class=\"wp-caption-text\">Pays d&#8217;origine des chercheur.se.s recrut\u00e9.e.s<\/p><\/div>\n<p>&nbsp;<\/p>\n<p class=\"titre2\" style=\"font-family: calibri;text-align: center;color: #000000;font-size: 16px;padding-left: 100px;padding-right: 100px\">Les jeunes chercheur.se.s ont \u00e9t\u00e9 recrut\u00e9.e.s selon les crit\u00e8res europ\u00e9ens des actions Marie-Sklodowska Curie:<\/p>\n<ul style=\"padding-left: 80px;padding-right: 80px;color: #000000\">\n<li style=\"color: #000000\">\n<p style=\"font-family: calibri;color: #000000;font-size: 16px\">Les chercheur.se.s peuvent \u00eatre de <b style=\"color: #483d8b\">n&#8217;importe quelle nationalit\u00e9.<\/b><\/p>\n<\/li>\n<li style=\"color: #000000\">\n<p style=\"font-family: calibri;color: #000000;font-size: 16px\">Les candidat.e.s doivent \u00eatre, au moment de leur recrutement par l\u2019organisation d\u2019accueil, dans leur <b style=\"color: #483d8b\">quatre premi\u00e8res ann\u00e9es de recherche<\/b>. (une exp\u00e9rience de recherche \u00e9quivalent \u00e0 un temps-plein). L\u2019exp\u00e9rience de recherche qui \u00e9quivaut \u00e0 un temps-plein, est mesur\u00e9e \u00e0 partir de la date \u00e0 laquelle le.la chercheur.se a obtenu le dipl\u00f4me qui l\u2019autorise \u00e0 poursuivre un doctorat, dans le pays o\u00f9 il.elle a obtenu ce dipl\u00f4me ou dans le pays dans lequel il.elle est recrut\u00e9.e, sans tenir compte que le doctorat ait \u00e9t\u00e9 ou non envisag\u00e9.<\/p>\n<\/li>\n<li style=\"color: #000000\">\n<p style=\"font-family: calibri;color: #000000;font-size: 16px\">Les candidat.e.s ne doivent <b style=\"color: #483d8b\">pas \u00eatre dipl\u00f4m\u00e9.e.s d\u2019un doctorat.<\/b><\/p>\n<\/li>\n<li style=\"color: #000000\">\n<p style=\"font-family: calibri;color: #000000;font-size: 16px\"><b style=\"color: #483d8b\">R\u00e8gles de mobilit\u00e9: <\/b>les candidat.e.s ne doivent pas avoir r\u00e9sid\u00e9 ou r\u00e9alis\u00e9 leur activit\u00e9 principale (travail, \u00e9tudes) dans le pays de l\u2019organisation qui les recrutent, plus de 12 mois, dans les 3 ans qui pr\u00e9c\u00e8dent leur date d\u2019embauche.<\/p>\n<\/li>\n<\/ul>\n<p>&nbsp;<\/p>\n<p class=\"titre2\" style=\"font-family: calibri;-center;text-align: justify;color: #000000;font-size: 16px;padding-left: 100px;padding-right: 100px\">\n","protected":false},"excerpt":{"rendered":"<p>&nbsp; &nbsp; Les jeunes chercheur.se.s ont \u00e9t\u00e9 recrut\u00e9.e.s selon les crit\u00e8res europ\u00e9ens des actions Marie-Sklodowska Curie: Les chercheur.se.s peuvent \u00eatre de n&#8217;importe quelle nationalit\u00e9. Les candidat.e.s doivent \u00eatre, au moment de leur recrutement par l\u2019organisation d\u2019accueil, dans leur quatre premi\u00e8res ann\u00e9es de recherche. (une exp\u00e9rience de recherche \u00e9quivalent \u00e0 un temps-plein). L\u2019exp\u00e9rience de recherche qui&hellip;<\/p>\n<p class=\"more-link-p\"><a class=\"btn btn-primary\" href=\"https:\/\/blog.ube.fr\/list-maps-fr\/jeunes-chercheurs\/\">Voir plus &rarr;<\/a><\/p>\n","protected":false},"author":99,"featured_media":0,"parent":0,"menu_order":3,"comment_status":"closed","ping_status":"closed","template":"","meta":{"footnotes":""},"class_list":["post-18","page","type-page","status-publish","hentry"],"_links":{"self":[{"href":"https:\/\/blog.ube.fr\/list-maps-fr\/wp-json\/wp\/v2\/pages\/18","targetHints":{"allow":["GET"]}}],"collection":[{"href":"https:\/\/blog.ube.fr\/list-maps-fr\/wp-json\/wp\/v2\/pages"}],"about":[{"href":"https:\/\/blog.ube.fr\/list-maps-fr\/wp-json\/wp\/v2\/types\/page"}],"author":[{"embeddable":true,"href":"https:\/\/blog.ube.fr\/list-maps-fr\/wp-json\/wp\/v2\/users\/99"}],"replies":[{"embeddable":true,"href":"https:\/\/blog.ube.fr\/list-maps-fr\/wp-json\/wp\/v2\/comments?post=18"}],"version-history":[{"count":4,"href":"https:\/\/blog.ube.fr\/list-maps-fr\/wp-json\/wp\/v2\/pages\/18\/revisions"}],"predecessor-version":[{"id":1733,"href":"https:\/\/blog.ube.fr\/list-maps-fr\/wp-json\/wp\/v2\/pages\/18\/revisions\/1733"}],"wp:attachment":[{"href":"https:\/\/blog.ube.fr\/list-maps-fr\/wp-json\/wp\/v2\/media?parent=18"}],"curies":[{"name":"wp","href":"https:\/\/api.w.org\/{rel}","templated":true}]}}