{"id":413,"date":"2018-11-29T13:01:45","date_gmt":"2018-11-29T12:01:45","guid":{"rendered":"http:\/\/blog.u-bourgogne.fr\/limquet\/?page_id=413"},"modified":"2021-04-12T16:36:30","modified_gmt":"2021-04-12T14:36:30","slug":"astghiks-project","status":"publish","type":"page","link":"https:\/\/blog.ube.fr\/limquet\/astghiks-project\/","title":{"rendered":"Astghik&#8217;s project"},"content":{"rendered":"<p>&nbsp;<\/p>\n<table style=\"width: 846px;\">\n<tbody>\n<tr>\n<td style=\"width: 258px; border: 1px solid white;\"><img loading=\"lazy\" decoding=\"async\" class=\"alignnone wp-image-411\" src=\"http:\/\/blog.ube.fr\/limquet\/wp-content\/uploads\/sites\/113\/2018\/09\/IMG_Astghik-300x258.jpg\" alt=\"\" width=\"200\" height=\"172\" srcset=\"https:\/\/blog.ube.fr\/limquet\/wp-content\/uploads\/sites\/113\/2018\/09\/IMG_Astghik-300x258.jpg 300w, https:\/\/blog.ube.fr\/limquet\/wp-content\/uploads\/sites\/113\/2018\/09\/IMG_Astghik.jpg 764w\" sizes=\"auto, (max-width: 200px) 100vw, 200px\" \/><\/td>\n<td style=\"width: 553px; border: 1px solid white;\"><span style=\"text-decoration: underline;\"><strong><span style=\"color: #0000ff;\">Astghik Saharyan<\/span><\/strong><\/span><\/p>\n<p><span style=\"text-decoration: underline;\">E-mail:<\/span> astghik.saharyan@gmail.com<\/p>\n<p><span style=\"text-decoration: underline;\">Phone:<\/span> +33 (0)3 80 39 59 77<\/p>\n<p><span style=\"text-decoration: underline;\">Institution:<\/span> Universit\u00e9 de Bourgogne Franche-Comt\u00e9<\/p>\n<p><span style=\"text-decoration: underline;\">supervisor:<\/span> St\u00e9phane Gu\u00e9rin<\/td>\n<\/tr>\n<\/tbody>\n<\/table>\n<p>&nbsp;<\/p>\n<p><strong><span style=\"color: #0000ff;\">Project title:<\/span><\/strong> Robust quantum control methods for light-matter interfaces (mainly WP1 &amp; WP2, also WP4 &amp; WP3)<\/p>\n<p style=\"text-align: justify;\">A major objective of this transverse work will consist in developing versatile robust quantum control schemes that can be applied to CQED, ion traps, NMR, and nanoscale media via surface plasmons driven by laser fields. We will combine single-shot shaped pulse, composite pulse and optimal control techniques. On the basis of the recent UOXF results, we will design specifically robust methods for the model of a CQED \/ mediating single- and multi-photons network with applications for quantum information processing (multiphoton coding): Complex single- and multi-photonic wavepackets will be produced in a cavity from an atom driven by a laser pulse, before leaking out and resulting in propagating Fock states. The photonic wavepackets will be reabsorbed in an efficient and robust way by another cavity to complete the networking scheme. An important objective will be the transposition of these concepts in quantum plasmonics via single- and multi-plasmons (localized on nanoparticle or delocalized on waveguide) in order to propose schemes of quantum information processing at the nanoscale.<br \/>\nAstghik will be co-supervised by UOXF, where she will provide a theoretical and numerical support for the quantum networks and interfaces developed at UOXF. During the secondment, she will learn about the specificities of CQED systems implemented at UOXF.<\/p>\n<p style=\"text-align: justify;\"><strong><span style=\"color: #0000ff;\">Expected results:<\/span><\/strong> Robust schemes for quantum networks between cavities. Schemes to entangle quantum emitters via waveguide surface plasmons. Quantum information processing between quantum emitters via nanoparticles or waveguide. Adiabatic Floquet theory for interfacing photon\/phonon\/laser\/atoms.<\/p>\n<p>&nbsp;<\/p>\n<p>UOXF = University of Oxford<br \/>\n&nbsp;<\/p>\n<p><strong>Articles and reports:<\/strong><\/p>\n<p>&#8211; <a href=\"href=\"https:\/\/arxiv.org\/pdf\/2009.07949.pdf\">Article published in Applied Physics Letters (2021), preprint<\/a><br \/>\n&#8211; <a href=\"https:\/\/arxiv.org\/pdf\/1908.03002.pdf\">Article published in Physical Review A (2020), preprint<\/a><\/p>\n","protected":false},"excerpt":{"rendered":"<p>&nbsp; Astghik Saharyan E-mail: astghik.saharyan@gmail.com Phone: +33 (0)3 80 39 59 77 Institution: Universit\u00e9 de Bourgogne Franche-Comt\u00e9 supervisor: St\u00e9phane Gu\u00e9rin &nbsp; Project title: Robust quantum control methods for light-matter interfaces (mainly WP1 &amp; WP2, also WP4 &amp; WP3) A major objective of this transverse work will consist in developing versatile robust quantum control schemes that&hellip;<\/p>\n<p class=\"more-link-p\"><a class=\"btn btn-primary\" href=\"https:\/\/blog.ube.fr\/limquet\/astghiks-project\/\">Voir plus &rarr;<\/a><\/p>\n","protected":false},"author":373,"featured_media":0,"parent":0,"menu_order":0,"comment_status":"closed","ping_status":"closed","template":"","meta":{"footnotes":""},"class_list":["post-413","page","type-page","status-publish","hentry"],"_links":{"self":[{"href":"https:\/\/blog.ube.fr\/limquet\/wp-json\/wp\/v2\/pages\/413","targetHints":{"allow":["GET"]}}],"collection":[{"href":"https:\/\/blog.ube.fr\/limquet\/wp-json\/wp\/v2\/pages"}],"about":[{"href":"https:\/\/blog.ube.fr\/limquet\/wp-json\/wp\/v2\/types\/page"}],"author":[{"embeddable":true,"href":"https:\/\/blog.ube.fr\/limquet\/wp-json\/wp\/v2\/users\/373"}],"replies":[{"embeddable":true,"href":"https:\/\/blog.ube.fr\/limquet\/wp-json\/wp\/v2\/comments?post=413"}],"version-history":[{"count":11,"href":"https:\/\/blog.ube.fr\/limquet\/wp-json\/wp\/v2\/pages\/413\/revisions"}],"predecessor-version":[{"id":940,"href":"https:\/\/blog.ube.fr\/limquet\/wp-json\/wp\/v2\/pages\/413\/revisions\/940"}],"wp:attachment":[{"href":"https:\/\/blog.ube.fr\/limquet\/wp-json\/wp\/v2\/media?parent=413"}],"curies":[{"name":"wp","href":"https:\/\/api.w.org\/{rel}","templated":true}]}}