{"id":277,"date":"2018-09-11T14:22:15","date_gmt":"2018-09-11T12:22:15","guid":{"rendered":"http:\/\/blog.u-bourgogne.fr\/limquet\/?page_id=277"},"modified":"2021-03-23T16:05:47","modified_gmt":"2021-03-23T15:05:47","slug":"fellows","status":"publish","type":"page","link":"https:\/\/blog.ube.fr\/limquet\/fellows\/","title":{"rendered":"Fellows"},"content":{"rendered":"<p>Click on the pictures for details on the fellows&#8217; projects.<\/p>\n<table style=\"width: 846px;\">\n<tbody>\n<tr>\n<td style=\"width: 258px; border: 1px solid white;\"><a href=\"http:\/\/blog.ube.fr\/limquet\/akshays-project\/\"><img loading=\"lazy\" decoding=\"async\" class=\"alignnone wp-image-217\" src=\"http:\/\/blog.ube.fr\/limquet\/wp-content\/uploads\/sites\/113\/2018\/09\/291547-225x300.jpeg\" alt=\"\" width=\"200\" height=\"53\" \/><\/a><\/td>\n<td style=\"width: 553px; border: 1px solid white;\"><span style=\"text-decoration: underline;\"><strong><span style=\"color: #0000ff;\">Akshay Balgarkashi<\/span><\/strong><\/span><\/p>\n<p><span style=\"text-decoration: underline;\">E-mail:<\/span> akshay.balgarkashi@epfl.ch<\/p>\n<p><span style=\"text-decoration: underline;\">Phone:<\/span> +41 (0)21 69 37324<\/p>\n<p><span style=\"text-decoration: underline;\">Institution:<\/span> Ecole Polytechnique F\u00e9d\u00e9rale de Lausanne<\/p>\n<p><span style=\"text-decoration: underline;\">supervisor:<\/span> Anna Fontcuberta i Morral<\/td>\n<\/tr>\n<\/tbody>\n<\/table>\n<p>&nbsp;<\/p>\n<table style=\"width: 846px;\">\n<tbody>\n<tr>\n<td style=\"width: 258px; border: 1px solid white;\"><a href=\"http:\/\/blog.ube.fr\/limquet\/xiaos-project\/\"><img loading=\"lazy\" decoding=\"async\" class=\"alignnone wp-image-368\" src=\"http:\/\/blog.ube.fr\/limquet\/wp-content\/uploads\/sites\/113\/2018\/09\/xiao_yu-230x300.jpg\" alt=\"\" width=\"200\" height=\"260\" srcset=\"https:\/\/blog.ube.fr\/limquet\/wp-content\/uploads\/sites\/113\/2018\/09\/xiao_yu-230x300.jpg 230w, https:\/\/blog.ube.fr\/limquet\/wp-content\/uploads\/sites\/113\/2018\/09\/xiao_yu-768x1000.jpg 768w, https:\/\/blog.ube.fr\/limquet\/wp-content\/uploads\/sites\/113\/2018\/09\/xiao_yu-786x1024.jpg 786w\" sizes=\"auto, (max-width: 200px) 100vw, 200px\" \/><\/a><\/td>\n<td style=\"width: 553px; border: 1px solid white;\"><span style=\"text-decoration: underline;\"><strong><span style=\"color: #0000ff;\">Xiao Yu<\/span><\/strong><\/span><\/p>\n<p><span style=\"text-decoration: underline;\">E-mail:<\/span> xiao.yu@u-bourgogne.fr<\/p>\n<p><span style=\"text-decoration: underline;\">Phone:<\/span> +33 (0)3 80 39 60 37<\/p>\n<p><span style=\"text-decoration: underline;\">Institution:<\/span> Universit\u00e9 de Bourgogne Franche-Comt\u00e9<\/p>\n<p><span style=\"text-decoration: underline;\">supervisor:<\/span> G\u00e9rard Colas des Francs<\/td>\n<\/tr>\n<\/tbody>\n<\/table>\n<p>&nbsp;<\/p>\n<table style=\"width: 846px;\">\n<tbody>\n<tr>\n<td style=\"width: 258px; border: 1px solid white;\"><a href=\"http:\/\/blog.ube.fr\/limquet\/mackrines-project\/\"><img loading=\"lazy\" decoding=\"async\" class=\"alignnone wp-image-406\" src=\"http:\/\/blog.ube.fr\/limquet\/wp-content\/uploads\/sites\/113\/2018\/09\/Mackrine_Nahra_bis-222x300.jpg\" alt=\"\" width=\"200\" height=\"270\" srcset=\"https:\/\/blog.ube.fr\/limquet\/wp-content\/uploads\/sites\/113\/2018\/09\/Mackrine_Nahra_bis-222x300.jpg 222w, https:\/\/blog.ube.fr\/limquet\/wp-content\/uploads\/sites\/113\/2018\/09\/Mackrine_Nahra_bis.jpg 437w\" sizes=\"auto, (max-width: 200px) 100vw, 200px\" \/><\/a><\/td>\n<td style=\"width: 553px; border: 1px solid white;\"><span style=\"text-decoration: underline;\"><strong><span style=\"color: #0000ff;\">Mackrine Nahra<\/span><\/strong><\/span><\/p>\n<p><span style=\"text-decoration: underline;\">E-mail:<\/span> mackrine.nahra@utt.fr<\/p>\n<p><span style=\"text-decoration: underline;\">Phone:<\/span> +33 (0)3 51 59 11 33<\/p>\n<p><span style=\"text-decoration: underline;\">Institution:<\/span> Universit\u00e9 de Technologie de Troyes<\/p>\n<p><span style=\"text-decoration: underline;\">supervisor:<\/span> Christophe Couteau<\/td>\n<\/tr>\n<\/tbody>\n<\/table>\n<p>&nbsp;<\/p>\n<table style=\"width: 846px;\">\n<tbody>\n<tr>\n<td style=\"width: 258px; border: 1px solid white;\"><a href=\"http:\/\/blog.ube.fr\/limquet\/corentins-project\/\"><img loading=\"lazy\" decoding=\"async\" class=\"alignnone wp-image-400\" src=\"http:\/\/blog.ube.fr\/limquet\/wp-content\/uploads\/sites\/113\/2018\/09\/Corentin_Pignot-273x300.jpg\" alt=\"\" width=\"200\" height=\"220\" srcset=\"https:\/\/blog.ube.fr\/limquet\/wp-content\/uploads\/sites\/113\/2018\/09\/Corentin_Pignot-273x300.jpg 273w, https:\/\/blog.ube.fr\/limquet\/wp-content\/uploads\/sites\/113\/2018\/09\/Corentin_Pignot-768x844.jpg 768w, https:\/\/blog.ube.fr\/limquet\/wp-content\/uploads\/sites\/113\/2018\/09\/Corentin_Pignot-931x1024.jpg 931w\" sizes=\"auto, (max-width: 200px) 100vw, 200px\" \/><\/a><\/td>\n<td style=\"width: 553px; border: 1px solid white;\"><span style=\"text-decoration: underline;\"><strong><span style=\"color: #0000ff;\">Corentin Pignot<\/span><\/strong><\/span><\/p>\n<p><span style=\"text-decoration: underline;\">E-mail:<\/span> corentin.pignot@gmail.com<\/p>\n<p><span style=\"text-decoration: underline;\">Phone:<\/span> +44 (0)1273 87 7673<\/p>\n<p><span style=\"text-decoration: underline;\">Institution:<\/span> University of Sussex<\/p>\n<p><span style=\"text-decoration: underline;\">supervisor:<\/span> Matthias Keller<\/td>\n<\/tr>\n<\/tbody>\n<\/table>\n<p>&nbsp;<\/p>\n<table style=\"width: 846px;\">\n<tbody>\n<tr>\n<td style=\"width: 258px; border: 1px solid white;\"><a href=\"http:\/\/blog.ube.fr\/limquet\/anas-project\/\"><img loading=\"lazy\" decoding=\"async\" class=\"alignnone wp-image-429\" src=\"http:\/\/blog.ube.fr\/limquet\/wp-content\/uploads\/sites\/113\/2018\/09\/Ana_Micevic-253x300.jpg\" alt=\"\" width=\"200\" height=\"237\" srcset=\"https:\/\/blog.ube.fr\/limquet\/wp-content\/uploads\/sites\/113\/2018\/09\/Ana_Micevic-253x300.jpg 253w, https:\/\/blog.ube.fr\/limquet\/wp-content\/uploads\/sites\/113\/2018\/09\/Ana_Micevic-768x911.jpg 768w, https:\/\/blog.ube.fr\/limquet\/wp-content\/uploads\/sites\/113\/2018\/09\/Ana_Micevic.jpg 809w\" sizes=\"auto, (max-width: 200px) 100vw, 200px\" \/><\/a><\/td>\n<td style=\"width: 553px; border: 1px solid white;\"><span style=\"text-decoration: underline;\"><strong><span style=\"color: #0000ff;\">Ana Mi\u0107evi\u0107<\/span><\/strong><\/span><\/p>\n<p><span style=\"text-decoration: underline;\">E-mail:<\/span> anamicevic123@gmail.com<\/p>\n<p><span style=\"text-decoration: underline;\">Phone:<\/span> <span style=\"color: #000000;\"><span style=\"font-family: arial, helvetica, sans-serif;\">+49 (0)89 2302 9101<\/span><\/span><\/p>\n<p><span style=\"text-decoration: underline;\">Institution:<\/span> QuBig GmbH<\/p>\n<p><span style=\"text-decoration: underline;\">supervisor:<\/span> Enrico Vogt<\/td>\n<\/tr>\n<\/tbody>\n<\/table>\n<p>&nbsp;<\/p>\n<table style=\"width: 846px;\">\n<tbody>\n<tr>\n<td style=\"width: 258px; border: 1px solid white;\"><a href=\"http:\/\/blog.ube.fr\/limquet\/muhammads-project\/\"><img loading=\"lazy\" decoding=\"async\" class=\"alignnone wp-image-428\" src=\"http:\/\/blog.ube.fr\/limquet\/wp-content\/uploads\/sites\/113\/2018\/09\/Muhammad_ahmed-207x300.jpg\" alt=\"\" width=\"200\" height=\"290\" srcset=\"https:\/\/blog.ube.fr\/limquet\/wp-content\/uploads\/sites\/113\/2018\/09\/Muhammad_ahmed-207x300.jpg 207w, https:\/\/blog.ube.fr\/limquet\/wp-content\/uploads\/sites\/113\/2018\/09\/Muhammad_ahmed.jpg 472w\" sizes=\"auto, (max-width: 200px) 100vw, 200px\" \/><\/a><\/td>\n<td style=\"width: 553px; border: 1px solid white;\"><span style=\"text-decoration: underline;\"><strong><span style=\"color: #0000ff;\">Muhammad Ahmed<\/span><\/strong><\/span><\/p>\n<p><span style=\"text-decoration: underline;\">E-mail:<\/span> muhammad.ahmed@utt.fr<\/p>\n<p><span style=\"text-decoration: underline;\">Phone:<\/span> +33 (0)3 51 59 13 20<\/p>\n<p><span style=\"text-decoration: underline;\">Institution:<\/span> Teem Photonics<\/p>\n<p><span style=\"text-decoration: underline;\">supervisor:<\/span> Fabien Geoffray<\/td>\n<\/tr>\n<\/tbody>\n<\/table>\n<p>&nbsp;<\/p>\n<table style=\"width: 846px;\">\n<tbody>\n<tr>\n<td style=\"width: 258px; border: 1px solid white;\"><a href=\"http:\/\/blog.ube.fr\/limquet\/astghiks-project\/\"><img loading=\"lazy\" decoding=\"async\" class=\"alignnone wp-image-411\" src=\"http:\/\/blog.ube.fr\/limquet\/wp-content\/uploads\/sites\/113\/2018\/09\/IMG_Astghik-300x258.jpg\" alt=\"\" width=\"200\" height=\"172\" srcset=\"https:\/\/blog.ube.fr\/limquet\/wp-content\/uploads\/sites\/113\/2018\/09\/IMG_Astghik-300x258.jpg 300w, https:\/\/blog.ube.fr\/limquet\/wp-content\/uploads\/sites\/113\/2018\/09\/IMG_Astghik.jpg 764w\" sizes=\"auto, (max-width: 200px) 100vw, 200px\" \/><\/a><\/td>\n<td style=\"width: 553px; border: 1px solid white;\"><span style=\"text-decoration: underline;\"><strong><span style=\"color: #0000ff;\">Astghik Saharyan<\/span><\/strong><\/span><\/p>\n<p><span style=\"text-decoration: underline;\">E-mail:<\/span> astghik.saharyan@gmail.com<\/p>\n<p><span style=\"text-decoration: underline;\">Phone:<\/span> +33 (0)3 80 39 59 77<\/p>\n<p><span style=\"text-decoration: underline;\">Institution:<\/span> Universit\u00e9 de Bourgogne Franche-Comt\u00e9<\/p>\n<p><span style=\"text-decoration: underline;\">supervisor:<\/span> St\u00e9phane Gu\u00e9rin<\/td>\n<\/tr>\n<\/tbody>\n<\/table>\n<p>&nbsp;<\/p>\n<table style=\"width: 846px;\">\n<tbody>\n<tr>\n<td style=\"width: 258px; border: 1px solid white;\"><a href=\"http:\/\/blog.ube.fr\/limquet\/marks-project\/\"><img loading=\"lazy\" decoding=\"async\" class=\"alignnone wp-image-420\" src=\"http:\/\/blog.ube.fr\/limquet\/wp-content\/uploads\/sites\/113\/2018\/09\/Photograph_Mark_Ijspeert-225x300.jpg\" alt=\"\" width=\"200\" height=\"267\" srcset=\"https:\/\/blog.ube.fr\/limquet\/wp-content\/uploads\/sites\/113\/2018\/09\/Photograph_Mark_Ijspeert-225x300.jpg 225w, https:\/\/blog.ube.fr\/limquet\/wp-content\/uploads\/sites\/113\/2018\/09\/Photograph_Mark_Ijspeert-768x1024.jpg 768w, https:\/\/blog.ube.fr\/limquet\/wp-content\/uploads\/sites\/113\/2018\/09\/Photograph_Mark_Ijspeert.jpg 1248w\" sizes=\"auto, (max-width: 200px) 100vw, 200px\" \/><\/a><\/td>\n<td style=\"width: 553px; border: 1px solid white;\"><span style=\"text-decoration: underline;\"><strong><span style=\"color: #0000ff;\">Mark Ijspeert<\/span><\/strong><\/span><\/p>\n<p><span style=\"text-decoration: underline;\">E-mail:<\/span> mark.ijspeert@physics.ox.ac.uk<\/p>\n<p><span style=\"text-decoration: underline;\">Phone:<\/span> +44 (0) 1865 272565<\/p>\n<p><span style=\"text-decoration: underline;\">Institution:<\/span> University of Oxford<\/p>\n<p><span style=\"text-decoration: underline;\">supervisor:<\/span> Axel Kuhn<\/td>\n<\/tr>\n<\/tbody>\n<\/table>\n<p>&nbsp;<\/p>\n<table style=\"width: 846px;\">\n<tbody>\n<tr>\n<td style=\"width: 258px; border: 1px solid white;\"><a href=\"http:\/\/blog.ube.fr\/limquet\/juans-project\/\"><img loading=\"lazy\" decoding=\"async\" class=\"alignnone wp-image-463 size-medium\" src=\"http:\/\/blog.ube.fr\/limquet\/wp-content\/uploads\/sites\/113\/2018\/09\/juan_rafael-200x300.jpeg\" alt=\"\" width=\"200\" height=\"300\" srcset=\"https:\/\/blog.ube.fr\/limquet\/wp-content\/uploads\/sites\/113\/2018\/09\/juan_rafael-200x300.jpeg 200w, https:\/\/blog.ube.fr\/limquet\/wp-content\/uploads\/sites\/113\/2018\/09\/juan_rafael-768x1151.jpeg 768w, https:\/\/blog.ube.fr\/limquet\/wp-content\/uploads\/sites\/113\/2018\/09\/juan_rafael-683x1024.jpeg 683w, https:\/\/blog.ube.fr\/limquet\/wp-content\/uploads\/sites\/113\/2018\/09\/juan_rafael.jpeg 854w\" sizes=\"auto, (max-width: 200px) 100vw, 200px\" \/><\/a><\/td>\n<td style=\"width: 553px; border: 1px solid white;\"><span style=\"text-decoration: underline;\"><strong><span style=\"color: #0000ff;\">Juan Rafael Alvarez Velasquez<\/span><\/strong><\/span><\/p>\n<p><span style=\"text-decoration: underline;\">E-mail:<\/span> Juan.Alvarezvelasquez@physics.ox.ac<\/p>\n<p><span style=\"text-decoration: underline;\">Phone:<\/span> +44 (0) 1865 272565<\/p>\n<p><span style=\"text-decoration: underline;\">Institution:<\/span> University of Oxford<\/p>\n<p><span style=\"text-decoration: underline;\">supervisor:<\/span> Axel Kuhn<\/td>\n<\/tr>\n<\/tbody>\n<\/table>\n<p>&nbsp;<\/p>\n<table style=\"width: 846px;\">\n<tbody>\n<tr>\n<td style=\"width: 258px; border: 1px solid white;\"><a href=\"http:\/\/blog.ube.fr\/limquet\/hayks-project\/\"><img loading=\"lazy\" decoding=\"async\" class=\"alignnone wp-image-435\" src=\"http:\/\/blog.ube.fr\/limquet\/wp-content\/uploads\/sites\/113\/2018\/09\/IMG_20181204_135433_001_hayk-183x300.jpg\" alt=\"\" width=\"200\" height=\"328\" srcset=\"https:\/\/blog.ube.fr\/limquet\/wp-content\/uploads\/sites\/113\/2018\/09\/IMG_20181204_135433_001_hayk-183x300.jpg 183w, https:\/\/blog.ube.fr\/limquet\/wp-content\/uploads\/sites\/113\/2018\/09\/IMG_20181204_135433_001_hayk.jpg 371w\" sizes=\"auto, (max-width: 200px) 100vw, 200px\" \/><\/a><\/td>\n<td style=\"width: 553px; border: 1px solid white;\"><span style=\"text-decoration: underline;\"><strong><span style=\"color: #0000ff;\">Hayk Gevorgyan<\/span><\/strong><\/span><\/p>\n<p><span style=\"text-decoration: underline;\">E-mail:<\/span> haykgev95@gmail.com<\/p>\n<p><span style=\"text-decoration: underline;\">Phone:<\/span> +359886811078<\/p>\n<p><span style=\"text-decoration: underline;\">Institution:<\/span> Foundation for Theoretical and Computational Physics and Astrophysics<\/p>\n<p><span style=\"text-decoration: underline;\">supervisor:<\/span> Nikolay Vitanov<\/td>\n<\/tr>\n<\/tbody>\n<\/table>\n<p>&nbsp;<\/p>\n<table style=\"width: 846px;\">\n<tbody>\n<tr>\n<td style=\"width: 258px; border: 1px solid white;\"><a href=\"http:\/\/blog.ube.fr\/limquet\/mouhamads-project\/\"><img loading=\"lazy\" decoding=\"async\" class=\"alignnone wp-image-450\" src=\"http:\/\/blog.ube.fr\/limquet\/wp-content\/uploads\/sites\/113\/2018\/09\/Mouhamad-AL-MAHMOUD-photo-300x292.jpeg\" alt=\"\" width=\"200\" height=\"195\" srcset=\"https:\/\/blog.ube.fr\/limquet\/wp-content\/uploads\/sites\/113\/2018\/09\/Mouhamad-AL-MAHMOUD-photo-300x292.jpeg 300w, https:\/\/blog.ube.fr\/limquet\/wp-content\/uploads\/sites\/113\/2018\/09\/Mouhamad-AL-MAHMOUD-photo-768x747.jpeg 768w, https:\/\/blog.ube.fr\/limquet\/wp-content\/uploads\/sites\/113\/2018\/09\/Mouhamad-AL-MAHMOUD-photo-1024x996.jpeg 1024w, https:\/\/blog.ube.fr\/limquet\/wp-content\/uploads\/sites\/113\/2018\/09\/Mouhamad-AL-MAHMOUD-photo.jpeg 1600w\" sizes=\"auto, (max-width: 200px) 100vw, 200px\" \/><\/a><\/td>\n<td style=\"width: 553px; border: 1px solid white;\"><span style=\"text-decoration: underline;\"><strong><span style=\"color: #0000ff;\">Mouhamad Al-Mahmoud<\/span><\/strong><\/span><\/p>\n<p><span style=\"text-decoration: underline;\">E-mail:<\/span> mouhamadmahmoud1@gmail.com<\/p>\n<p><span style=\"text-decoration: underline;\">Phone:<\/span> +359893831068<\/p>\n<p><span style=\"text-decoration: underline;\">Institution:<\/span> Foundation for Theoretical and Computational Physics and Astrophysics<\/p>\n<p><span style=\"text-decoration: underline;\">supervisor:<\/span> Andon Rangelov<\/td>\n<\/tr>\n<\/tbody>\n<\/table>\n<p>&nbsp;<\/p>\n<table style=\"width: 846px;\">\n<tbody>\n<tr>\n<td style=\"width: 258px; border: 1px solid white;\"><a href=\"http:\/\/blog.ube.fr\/limquet\/kirthanaas-project\/\"><img loading=\"lazy\" decoding=\"async\" class=\"alignnone wp-image-479\" src=\"http:\/\/blog.ube.fr\/limquet\/wp-content\/uploads\/sites\/113\/2018\/12\/kirthanaa-233x300.jpg\" alt=\"\" width=\"200\" height=\"257\" srcset=\"https:\/\/blog.ube.fr\/limquet\/wp-content\/uploads\/sites\/113\/2018\/12\/kirthanaa-233x300.jpg 233w, https:\/\/blog.ube.fr\/limquet\/wp-content\/uploads\/sites\/113\/2018\/12\/kirthanaa.jpg 413w\" sizes=\"auto, (max-width: 200px) 100vw, 200px\" \/><\/a><\/td>\n<td style=\"width: 553px; border: 1px solid white;\"><span style=\"text-decoration: underline;\"><strong><span style=\"color: #0000ff;\">Kirthanaa Indumathi<\/span><\/strong><\/span><\/p>\n<p><span style=\"text-decoration: underline;\">E-mail:<\/span> kirthanaa.indumathi@femto-st.fr<\/p>\n<p><span style=\"text-decoration: underline;\">Phone:<\/span> +33 (0)3 81 66 64 15<\/p>\n<p><span style=\"text-decoration: underline;\">Institution:<\/span> Universit\u00e9 de Bourgogne Franche-Comt\u00e9<\/p>\n<p><span style=\"text-decoration: underline;\">supervisor:<\/span> Jean-Marc Merolla<\/td>\n<\/tr>\n<\/tbody>\n<\/table>\n<p>&nbsp;<\/p>\n<table style=\"width: 846px;\">\n<tbody>\n<tr>\n<td style=\"width: 258px; border: 1px solid white;\"><a href=\"http:\/\/blog.ube.fr\/limquet\/matejas-project\/\"><img loading=\"lazy\" decoding=\"async\" class=\"alignnone wp-image-349\" src=\"http:\/\/blog.ube.fr\/limquet\/wp-content\/uploads\/sites\/113\/2018\/09\/blank-avatar-300x300.png\" alt=\"\" width=\"200\" height=\"200\" srcset=\"https:\/\/blog.ube.fr\/limquet\/wp-content\/uploads\/sites\/113\/2018\/09\/blank-avatar-300x300.png 300w, https:\/\/blog.ube.fr\/limquet\/wp-content\/uploads\/sites\/113\/2018\/09\/blank-avatar-150x150.png 150w, https:\/\/blog.ube.fr\/limquet\/wp-content\/uploads\/sites\/113\/2018\/09\/blank-avatar-768x769.png 768w, https:\/\/blog.ube.fr\/limquet\/wp-content\/uploads\/sites\/113\/2018\/09\/blank-avatar-1022x1024.png 1022w, https:\/\/blog.ube.fr\/limquet\/wp-content\/uploads\/sites\/113\/2018\/09\/blank-avatar.png 1278w\" sizes=\"auto, (max-width: 200px) 100vw, 200px\" \/><\/a><\/td>\n<td style=\"width: 553px; border: 1px solid white;\"><span style=\"text-decoration: underline;\"><strong><span style=\"color: #0000ff;\">Mateja Pr\u0161lja<\/span><\/strong><\/span><\/p>\n<p><span style=\"text-decoration: underline;\">E-mail:<\/span> mateja.prslja@qutools.com<\/p>\n<p><span style=\"text-decoration: underline;\">Phone:<\/span> +49 89 321649590<\/p>\n<p><span style=\"text-decoration: underline;\">Institution:<\/span> QuTools GmbH<\/p>\n<p><span style=\"text-decoration: underline;\">supervisor:<\/span> Henning Weier<\/td>\n<\/tr>\n<\/tbody>\n<\/table>\n<p>&nbsp;<\/p>\n<table style=\"width: 846px;\">\n<tbody>\n<tr>\n<td style=\"width: 258px; border: 1px solid white;\"><a href=\"http:\/\/blog.ube.fr\/limquet\/sergiys-project\/\"><img loading=\"lazy\" decoding=\"async\" class=\"alignnone wp-image-838\" src=\"http:\/\/blog.ube.fr\/limquet\/wp-content\/uploads\/sites\/113\/2021\/03\/sergiy-stryzhenko-1-300x200.jpg\" alt=\"\" width=\"200\" height=\"133\" srcset=\"https:\/\/blog.ube.fr\/limquet\/wp-content\/uploads\/sites\/113\/2021\/03\/sergiy-stryzhenko-1-300x200.jpg 300w, https:\/\/blog.ube.fr\/limquet\/wp-content\/uploads\/sites\/113\/2021\/03\/sergiy-stryzhenko-1-768x512.jpg 768w, https:\/\/blog.ube.fr\/limquet\/wp-content\/uploads\/sites\/113\/2021\/03\/sergiy-stryzhenko-1.jpg 800w\" sizes=\"auto, (max-width: 200px) 100vw, 200px\" \/><\/a><\/td>\n<td style=\"width: 553px; border: 1px solid white;\"><span style=\"text-decoration: underline;\"><strong><span style=\"color: #0000ff;\">Sergiy Stryzhenko<\/span><\/strong><\/span><\/p>\n<p><span style=\"text-decoration: underline;\">E-mail:<\/span> sergiy.stryzhenko@physik.tu-darmstadt.de<\/p>\n<p><span style=\"text-decoration: underline;\">Phone:<\/span> +49-6151-16-20745<\/p>\n<p><span style=\"text-decoration: underline;\">Institution:<\/span> Technical University of Darmstadt<\/p>\n<p><span style=\"text-decoration: underline;\">supervisor:<\/span> Thomas Halfmann, Thorsten Peters<\/td>\n<\/tr>\n<\/tbody>\n<\/table>\n<p>&nbsp;<\/p>\n<table style=\"width: 846px;\">\n<tbody>\n<tr>\n<td style=\"width: 258px; border: 1px solid white;\"><a href=\"http:\/\/blog.ube.fr\/limquet\/chandras-project\/\"><img loading=\"lazy\" decoding=\"async\" class=\"alignnone wp-image-321\" src=\"http:\/\/blog.ube.fr\/limquet\/wp-content\/uploads\/sites\/113\/2018\/09\/blank-avatar-male-300x285.png\" alt=\"\" width=\"200\" height=\"190\" srcset=\"https:\/\/blog.ube.fr\/limquet\/wp-content\/uploads\/sites\/113\/2018\/09\/blank-avatar-male-300x285.png 300w, https:\/\/blog.ube.fr\/limquet\/wp-content\/uploads\/sites\/113\/2018\/09\/blank-avatar-male-768x730.png 768w, https:\/\/blog.ube.fr\/limquet\/wp-content\/uploads\/sites\/113\/2018\/09\/blank-avatar-male-1024x973.png 1024w, https:\/\/blog.ube.fr\/limquet\/wp-content\/uploads\/sites\/113\/2018\/09\/blank-avatar-male.png 1280w\" sizes=\"auto, (max-width: 200px) 100vw, 200px\" \/><\/a><\/td>\n<td style=\"width: 553px; border: 1px solid white;\"><span style=\"text-decoration: underline;\"><strong><span style=\"color: #0000ff;\">Chandra Vardhan<\/span><\/strong><\/span><\/p>\n<p><span style=\"text-decoration: underline;\">E-mail:<\/span> chandra.vardhan@physik.tu-darmstadt.de<\/p>\n<p><span style=\"text-decoration: underline;\">Phone:<\/span> +49-6151-16-20745<\/p>\n<p><span style=\"text-decoration: underline;\">Institution:<\/span> Technical University of Darmstadt<\/p>\n<p><span style=\"text-decoration: underline;\">supervisor:<\/span> Thomas Halfmann, Thorsten Peters<\/td>\n<\/tr>\n<\/tbody>\n<\/table>\n<p>&nbsp;<\/p>\n<table style=\"width: 846px;\">\n<tbody>\n<tr>\n<td style=\"width: 258px; border: 1px solid white;\"><a href=\"http:\/\/blog.ube.fr\/limquet\/chian-yus-project\/\"><img loading=\"lazy\" decoding=\"async\" class=\"alignnone wp-image-836\" src=\"http:\/\/blog.ube.fr\/limquet\/wp-content\/uploads\/sites\/113\/2021\/03\/Hsu_Chia-Yu_photograph.png\" alt=\"\" width=\"200\" height=\"241\" \/><\/a><\/td>\n<td style=\"width: 553px; border: 1px solid white;\"><span style=\"text-decoration: underline;\"><strong><span style=\"color: #0000ff;\">Chia-Yu Hsu<\/span><\/strong><\/span><\/p>\n<p><span style=\"text-decoration: underline;\">E-mail:<\/span> chia-yu.hsu@physik.tu-darmstadt.de<\/p>\n<p><span style=\"text-decoration: underline;\">Phone:<\/span> +49-6151-16-20745<\/p>\n<p><span style=\"text-decoration: underline;\">Institution:<\/span> Technical University of Darmstadt<\/p>\n<p><span style=\"text-decoration: underline;\">supervisor:<\/span> Thomas Halfmann, Thorsten Peters<\/td>\n<\/tr>\n<\/tbody>\n<\/table>\n<p>&nbsp;<\/p>\n","protected":false},"excerpt":{"rendered":"<p>Click on the pictures for details on the fellows&#8217; projects. Akshay Balgarkashi E-mail: akshay.balgarkashi@epfl.ch Phone: +41 (0)21 69 37324 Institution: Ecole Polytechnique F\u00e9d\u00e9rale de Lausanne supervisor: Anna Fontcuberta i Morral &nbsp; Xiao Yu E-mail: xiao.yu@u-bourgogne.fr Phone: +33 (0)3 80 39 60 37 Institution: Universit\u00e9 de Bourgogne Franche-Comt\u00e9 supervisor: G\u00e9rard Colas des Francs &nbsp; Mackrine Nahra&hellip;<\/p>\n<p class=\"more-link-p\"><a class=\"btn btn-primary\" href=\"https:\/\/blog.ube.fr\/limquet\/fellows\/\">Voir plus &rarr;<\/a><\/p>\n","protected":false},"author":373,"featured_media":0,"parent":0,"menu_order":0,"comment_status":"closed","ping_status":"closed","template":"","meta":{"footnotes":""},"class_list":["post-277","page","type-page","status-publish","hentry"],"_links":{"self":[{"href":"https:\/\/blog.ube.fr\/limquet\/wp-json\/wp\/v2\/pages\/277","targetHints":{"allow":["GET"]}}],"collection":[{"href":"https:\/\/blog.ube.fr\/limquet\/wp-json\/wp\/v2\/pages"}],"about":[{"href":"https:\/\/blog.ube.fr\/limquet\/wp-json\/wp\/v2\/types\/page"}],"author":[{"embeddable":true,"href":"https:\/\/blog.ube.fr\/limquet\/wp-json\/wp\/v2\/users\/373"}],"replies":[{"embeddable":true,"href":"https:\/\/blog.ube.fr\/limquet\/wp-json\/wp\/v2\/comments?post=277"}],"version-history":[{"count":78,"href":"https:\/\/blog.ube.fr\/limquet\/wp-json\/wp\/v2\/pages\/277\/revisions"}],"predecessor-version":[{"id":864,"href":"https:\/\/blog.ube.fr\/limquet\/wp-json\/wp\/v2\/pages\/277\/revisions\/864"}],"wp:attachment":[{"href":"https:\/\/blog.ube.fr\/limquet\/wp-json\/wp\/v2\/media?parent=277"}],"curies":[{"name":"wp","href":"https:\/\/api.w.org\/{rel}","templated":true}]}}