{"id":107,"date":"2018-05-30T10:59:40","date_gmt":"2018-05-30T08:59:40","guid":{"rendered":"http:\/\/blog.u-bourgogne.fr\/limquet\/?page_id=107"},"modified":"2021-03-31T10:59:40","modified_gmt":"2021-03-31T08:59:40","slug":"beneficiaries","status":"publish","type":"page","link":"https:\/\/blog.ube.fr\/limquet\/beneficiaries\/","title":{"rendered":"Beneficiaries"},"content":{"rendered":"<p>&nbsp;<\/p>\n<table style=\"width: 846px;\">\n<tbody>\n<tr>\n<td style=\"width: 258px; border: 1px solid white;\"><a href=\"http:\/\/icb.u-bourgogne.fr\/en\/\"><img loading=\"lazy\" decoding=\"async\" class=\"alignnone wp-image-217\" src=\"http:\/\/blog.ube.fr\/limquet\/wp-content\/uploads\/sites\/113\/2018\/05\/UBFC_UB-1-300x79.png\" alt=\"\" width=\"200\" height=\"53\" srcset=\"https:\/\/blog.ube.fr\/limquet\/wp-content\/uploads\/sites\/113\/2018\/05\/UBFC_UB-1-300x79.png 300w, https:\/\/blog.ube.fr\/limquet\/wp-content\/uploads\/sites\/113\/2018\/05\/UBFC_UB-1-768x203.png 768w, https:\/\/blog.ube.fr\/limquet\/wp-content\/uploads\/sites\/113\/2018\/05\/UBFC_UB-1-1024x271.png 1024w\" sizes=\"auto, (max-width: 200px) 100vw, 200px\" \/><\/a><\/td>\n<td style=\"width: 553px; border: 1px solid white;\"><strong><span style=\"color: #0000ff;\">Universit\u00e9 de Bourgogne<\/span><\/strong><br \/>\n<strong><span style=\"color: #0000ff;\"> Laboratoire Interdisciplinaire Carnot de Bourgogne<\/span><\/strong><\/p>\n<p><strong>St\u00e9phane Gu\u00e9rin (coodinator), G\u00e9rard Colas des Francs<\/strong><\/td>\n<\/tr>\n<\/tbody>\n<\/table>\n<table style=\"width: 846px;\">\n<tbody>\n<tr>\n<td style=\"width: 258px; border: 1px solid white;\">\u00a0<a href=\"http:\/\/www.femto-st.fr\/en\/\"><img loading=\"lazy\" decoding=\"async\" class=\"alignnone wp-image-215\" src=\"http:\/\/blog.ube.fr\/limquet\/wp-content\/uploads\/sites\/113\/2018\/05\/UBFC_UFC-300x87.png\" alt=\"\" width=\"200\" height=\"58\" srcset=\"https:\/\/blog.ube.fr\/limquet\/wp-content\/uploads\/sites\/113\/2018\/05\/UBFC_UFC-300x87.png 300w, https:\/\/blog.ube.fr\/limquet\/wp-content\/uploads\/sites\/113\/2018\/05\/UBFC_UFC-768x224.png 768w, https:\/\/blog.ube.fr\/limquet\/wp-content\/uploads\/sites\/113\/2018\/05\/UBFC_UFC-1024x298.png 1024w\" sizes=\"auto, (max-width: 200px) 100vw, 200px\" \/><\/a><\/td>\n<td style=\"width: 553px; border: 1px solid white;\"><strong><span style=\"color: #0000ff;\">Universit\u00e9 de Franche-Comt\u00e9<\/span><\/strong><br \/>\n<strong><span style=\"color: #0000ff;\"> FEMTO-ST<\/span><\/strong><\/p>\n<p><strong>Jean-Marc Merolla<\/strong><\/td>\n<\/tr>\n<\/tbody>\n<\/table>\n<table style=\"width: 846px;\">\n<tbody>\n<tr>\n<td style=\"width: 258px; border: 1px solid white;\"><a href=\"http:\/\/www.iap.tu-darmstadt.de\/nlq\/\"><img loading=\"lazy\" decoding=\"async\" class=\"alignnone wp-image-138\" src=\"http:\/\/blog.ube.fr\/limquet\/wp-content\/uploads\/sites\/113\/2018\/05\/TUD-300x125.png\" alt=\"\" width=\"200\" height=\"83\" srcset=\"https:\/\/blog.ube.fr\/limquet\/wp-content\/uploads\/sites\/113\/2018\/05\/TUD-300x125.png 300w, https:\/\/blog.ube.fr\/limquet\/wp-content\/uploads\/sites\/113\/2018\/05\/TUD.png 768w\" sizes=\"auto, (max-width: 200px) 100vw, 200px\" \/><\/a><\/td>\n<td style=\"width: 553px; border: 1px solid white;\"><strong><span style=\"color: #0000ff;\">Technische Universit\u00e4t Darmstadt<\/span><\/strong><br \/>\n<strong><span style=\"color: #0000ff;\"> Institut f\u00fcr Angewadte Physik<\/span><\/strong><\/p>\n<p><strong style=\"font-size: 16px;\">Thomas Halfmann, Thorsten Peters<\/strong><\/td>\n<\/tr>\n<\/tbody>\n<\/table>\n<table style=\"width: 846px;\">\n<tbody>\n<tr>\n<td style=\"width: 258px; border: 1px solid white;\"><a href=\"https:\/\/www2.physics.ox.ac.uk\/research\/the-atom-photon-connection\"><img loading=\"lazy\" decoding=\"async\" class=\"alignnone wp-image-145\" src=\"http:\/\/blog.ube.fr\/limquet\/wp-content\/uploads\/sites\/113\/2018\/05\/University_of_Oxford_logo-300x148.png\" alt=\"\" width=\"200\" height=\"99\" srcset=\"https:\/\/blog.ube.fr\/limquet\/wp-content\/uploads\/sites\/113\/2018\/05\/University_of_Oxford_logo-300x148.png 300w, https:\/\/blog.ube.fr\/limquet\/wp-content\/uploads\/sites\/113\/2018\/05\/University_of_Oxford_logo-768x380.png 768w, https:\/\/blog.ube.fr\/limquet\/wp-content\/uploads\/sites\/113\/2018\/05\/University_of_Oxford_logo.png 990w\" sizes=\"auto, (max-width: 200px) 100vw, 200px\" \/><\/a><\/td>\n<td style=\"width: 553px; border: 1px solid white;\"><strong><span style=\"color: #0000ff;\">University of Oxford<\/span><\/strong><br \/>\n<strong><span style=\"color: #0000ff;\"> Department of Atomic and Laser Physics<\/span><\/strong><\/p>\n<p><strong style=\"font-size: 16px;\">Axel Kuhn<\/strong><\/td>\n<\/tr>\n<\/tbody>\n<\/table>\n<table style=\"width: 846px;\">\n<tbody>\n<tr>\n<td style=\"width: 258px; border: 1px solid white;\"><a href=\"http:\/\/www.sussex.ac.uk\/profiles\/178720\"><img loading=\"lazy\" decoding=\"async\" class=\"alignnone wp-image-148\" src=\"http:\/\/blog.ube.fr\/limquet\/wp-content\/uploads\/sites\/113\/2018\/05\/univ_sussex_logo.png\" alt=\"\" width=\"200\" height=\"200\" srcset=\"https:\/\/blog.ube.fr\/limquet\/wp-content\/uploads\/sites\/113\/2018\/05\/univ_sussex_logo.png 225w, https:\/\/blog.ube.fr\/limquet\/wp-content\/uploads\/sites\/113\/2018\/05\/univ_sussex_logo-150x150.png 150w\" sizes=\"auto, (max-width: 200px) 100vw, 200px\" \/><\/a><\/td>\n<td style=\"width: 553px; border: 1px solid white;\"><strong><span style=\"color: #0000ff;\">University of Sussex<\/span><\/strong><br \/>\n<strong><span style=\"color: #0000ff;\"> Department of Physics and Astronomy<\/span><\/strong><\/p>\n<p><strong style=\"font-size: 16px;\">Matthias Keller<\/strong><\/td>\n<\/tr>\n<\/tbody>\n<\/table>\n<table style=\"width: 846px;\">\n<tbody>\n<tr>\n<td style=\"width: 258px; border: 1px solid white;\"><img loading=\"lazy\" decoding=\"async\" class=\"alignnone wp-image-152\" src=\"http:\/\/blog.ube.fr\/limquet\/wp-content\/uploads\/sites\/113\/2018\/05\/Sofia_U_Logo-246x300.png\" alt=\"\" width=\"200\" height=\"244\" srcset=\"https:\/\/blog.ube.fr\/limquet\/wp-content\/uploads\/sites\/113\/2018\/05\/Sofia_U_Logo-246x300.png 246w, https:\/\/blog.ube.fr\/limquet\/wp-content\/uploads\/sites\/113\/2018\/05\/Sofia_U_Logo.png 300w\" sizes=\"auto, (max-width: 200px) 100vw, 200px\" \/><\/td>\n<td style=\"width: 553px; border: 1px solid white;\"><strong><span style=\"color: #0000ff;\">Foundation for Theoretical and Computational Physics and Astrophysics<\/span><\/strong><br \/>\n<strong><span style=\"color: #0000ff;\"> Department of Physics <\/span><\/strong><\/p>\n<p><strong style=\"font-size: 16px;\">Nikolay Vitanov, Andon Rangelov<\/strong><\/td>\n<\/tr>\n<\/tbody>\n<\/table>\n<table style=\"width: 846px;\">\n<tbody>\n<tr>\n<td style=\"width: 258px; border: 1px solid white;\"><a href=\"http:\/\/lnio.utt.fr\/fr\/_plugins\/mypage\/mypage\/content\/couteau.html\"><img loading=\"lazy\" decoding=\"async\" class=\"alignnone wp-image-154\" src=\"http:\/\/blog.ube.fr\/limquet\/wp-content\/uploads\/sites\/113\/2018\/05\/UTT.png\" alt=\"\" width=\"200\" height=\"200\" srcset=\"https:\/\/blog.ube.fr\/limquet\/wp-content\/uploads\/sites\/113\/2018\/05\/UTT.png 220w, https:\/\/blog.ube.fr\/limquet\/wp-content\/uploads\/sites\/113\/2018\/05\/UTT-150x150.png 150w\" sizes=\"auto, (max-width: 200px) 100vw, 200px\" \/><\/a><\/td>\n<td style=\"width: 553px; border: 1px solid white;\"><strong><span style=\"color: #0000ff;\">Universit\u00e9 de Technologies de Troyes<\/span><\/strong><br \/>\n<strong><span style=\"color: #0000ff;\"> Laboratoire de Nanotechnologies et d&#8217;Instrumentation Optique <\/span><\/strong><\/p>\n<p><strong style=\"font-size: 16px;\">Christophe Couteau<\/strong><\/td>\n<\/tr>\n<\/tbody>\n<\/table>\n<table style=\"width: 846px;\">\n<tbody>\n<tr>\n<td style=\"width: 258px; border: 1px solid white;\"><a href=\"https:\/\/lmsc.epfl.ch\/\"><img loading=\"lazy\" decoding=\"async\" class=\"alignnone wp-image-156\" src=\"http:\/\/blog.ube.fr\/limquet\/wp-content\/uploads\/sites\/113\/2018\/05\/EPFL-Logo-RVB-96-300x154.jpg\" alt=\"\" width=\"200\" height=\"103\" srcset=\"https:\/\/blog.ube.fr\/limquet\/wp-content\/uploads\/sites\/113\/2018\/05\/EPFL-Logo-RVB-96-300x154.jpg 300w, https:\/\/blog.ube.fr\/limquet\/wp-content\/uploads\/sites\/113\/2018\/05\/EPFL-Logo-RVB-96-768x395.jpg 768w, https:\/\/blog.ube.fr\/limquet\/wp-content\/uploads\/sites\/113\/2018\/05\/EPFL-Logo-RVB-96.jpg 811w\" sizes=\"auto, (max-width: 200px) 100vw, 200px\" \/><\/a><\/td>\n<td style=\"width: 553px; border: 1px solid white;\"><strong><span style=\"color: #0000ff;\">Ecole Polytechnique F\u00e9d\u00e9rale de Lausanne<\/span><\/strong><br \/>\n<strong><strong><span style=\"color: #0000ff;\"> School of Engineering, Institute of Materials <\/span><\/strong><\/p>\n<p><strong style=\"font-size: 16px;\">Anna Fontcuberta i Morral<\/strong><\/td>\n<\/tr>\n<\/tbody>\n<\/table>\n<table style=\"width: 846px;\">\n<tbody>\n<tr>\n<td style=\"width: 258px; border: 1px solid white;\"><a href=\"http:\/\/www.qutools.com\/\"><img loading=\"lazy\" decoding=\"async\" class=\"alignnone wp-image-157\" src=\"http:\/\/blog.ube.fr\/limquet\/wp-content\/uploads\/sites\/113\/2018\/05\/13_13qutoolslogofinal-300x123.gif\" alt=\"\" width=\"200\" height=\"82\" \/><\/a><\/td>\n<td style=\"width: 553px; border: 1px solid white;\"><strong><span style=\"color: #0000ff;\">QuTools GmbH<\/span><\/strong><\/p>\n<p><strong style=\"font-size: 16px;\">Henning Weier<\/strong><\/td>\n<\/tr>\n<\/tbody>\n<\/table>\n<table style=\"width: 846px;\">\n<tbody>\n<tr>\n<td style=\"width: 258px; border: 1px solid white;\"><a href=\"http:\/\/www.qubig.com\/\"><img loading=\"lazy\" decoding=\"async\" class=\"alignnone wp-image-158\" src=\"http:\/\/blog.ube.fr\/limquet\/wp-content\/uploads\/sites\/113\/2018\/05\/Qubig_logo_270x84px.png\" alt=\"\" width=\"200\" height=\"62\" \/><\/a><\/td>\n<td style=\"width: 553px; border: 1px solid white;\"><strong><span style=\"color: #0000ff;\">QuBig GmbH<\/span><\/strong><\/p>\n<p><strong style=\"font-size: 16px;\">Enrico Vogt<\/strong><\/td>\n<\/tr>\n<\/tbody>\n<\/table>\n<table style=\"width: 846px;\">\n<tbody>\n<tr>\n<td style=\"width: 258px; border: 1px solid white;\"><a href=\"http:\/\/www.teemphotonics.com\/\"><img loading=\"lazy\" decoding=\"async\" class=\"alignnone wp-image-159\" src=\"http:\/\/blog.ube.fr\/limquet\/wp-content\/uploads\/sites\/113\/2018\/05\/Teem-photonics-300x290.jpg\" alt=\"\" width=\"200\" height=\"193\" srcset=\"https:\/\/blog.ube.fr\/limquet\/wp-content\/uploads\/sites\/113\/2018\/05\/Teem-photonics-300x290.jpg 300w, https:\/\/blog.ube.fr\/limquet\/wp-content\/uploads\/sites\/113\/2018\/05\/Teem-photonics.jpg 600w\" sizes=\"auto, (max-width: 200px) 100vw, 200px\" \/><\/a><\/td>\n<td style=\"width: 553px; border: 1px solid white;\"><strong><span style=\"color: #0000ff;\">Teem Photonics<\/span><\/strong><\/p>\n<p><strong style=\"font-size: 16px;\">C\u00e9cil Pham<br \/>\n<\/strong><\/td>\n<\/tr>\n<\/tbody>\n<\/table>\n","protected":false},"excerpt":{"rendered":"<p>&nbsp; Universit\u00e9 de Bourgogne Laboratoire Interdisciplinaire Carnot de Bourgogne St\u00e9phane Gu\u00e9rin (coodinator), G\u00e9rard Colas des Francs \u00a0 Universit\u00e9 de Franche-Comt\u00e9 FEMTO-ST Jean-Marc Merolla Technische Universit\u00e4t Darmstadt Institut f\u00fcr Angewadte Physik Thomas Halfmann, Thorsten Peters University of Oxford Department of Atomic and Laser Physics Axel Kuhn University of Sussex Department of Physics and Astronomy Matthias Keller&hellip;<\/p>\n<p class=\"more-link-p\"><a class=\"btn btn-primary\" href=\"https:\/\/blog.ube.fr\/limquet\/beneficiaries\/\">Voir plus &rarr;<\/a><\/p>\n","protected":false},"author":19,"featured_media":0,"parent":0,"menu_order":0,"comment_status":"closed","ping_status":"closed","template":"","meta":{"footnotes":""},"class_list":["post-107","page","type-page","status-publish","hentry"],"_links":{"self":[{"href":"https:\/\/blog.ube.fr\/limquet\/wp-json\/wp\/v2\/pages\/107","targetHints":{"allow":["GET"]}}],"collection":[{"href":"https:\/\/blog.ube.fr\/limquet\/wp-json\/wp\/v2\/pages"}],"about":[{"href":"https:\/\/blog.ube.fr\/limquet\/wp-json\/wp\/v2\/types\/page"}],"author":[{"embeddable":true,"href":"https:\/\/blog.ube.fr\/limquet\/wp-json\/wp\/v2\/users\/19"}],"replies":[{"embeddable":true,"href":"https:\/\/blog.ube.fr\/limquet\/wp-json\/wp\/v2\/comments?post=107"}],"version-history":[{"count":46,"href":"https:\/\/blog.ube.fr\/limquet\/wp-json\/wp\/v2\/pages\/107\/revisions"}],"predecessor-version":[{"id":878,"href":"https:\/\/blog.ube.fr\/limquet\/wp-json\/wp\/v2\/pages\/107\/revisions\/878"}],"wp:attachment":[{"href":"https:\/\/blog.ube.fr\/limquet\/wp-json\/wp\/v2\/media?parent=107"}],"curies":[{"name":"wp","href":"https:\/\/api.w.org\/{rel}","templated":true}]}}