{"id":74,"date":"2015-05-13T20:26:57","date_gmt":"2015-05-13T19:26:57","guid":{"rendered":"http:\/\/blog.u-bourgogne.fr\/licence-physique\/?page_id=74"},"modified":"2016-12-22T20:43:46","modified_gmt":"2016-12-22T19:43:46","slug":"accueil","status":"publish","type":"page","link":"https:\/\/blog.ube.fr\/licence-physique\/accueil\/","title":{"rendered":"Accueil"},"content":{"rendered":"<p>Bienvenue sur le site de la <strong>3<sup>i\u00e8me<\/sup> ann\u00e9e de la Licence de Physique<\/strong> de la Facult\u00e9 des Sciences et Techniques de l&#8217;Universit\u00e9 de Bourgogne.<\/p>\n<p>La licence de Physique poss\u00e8de deux parcours, l&#8217;un d\u00e9di\u00e9 essentiellement \u00e0 la <strong>physique fondamentale et ses applications<\/strong> (parcours <strong>P<\/strong>), l&#8217;autre combinant <strong>physique et chimie<\/strong> (parcours <strong>PC<\/strong>).<\/p>\n<p>&nbsp;<\/p>\n<p>&nbsp;<\/p>\n<p><strong>Qu&#8217;est ce que la Physique ?<\/strong> \u00a0(r\u00e9ponse apport\u00e9e \u00e0 la Soci\u00e9t\u00e9 Europ\u00e9enne de Physique).<\/p>\n<p><em>La Physique est la branche des sciences s&#8217;int\u00e9ressant \u00e0 la nature, \u00e0 la structure et aux propri\u00e9t\u00e9s de la mati\u00e8re, allant de l&#8217;infiniment petit comme les particules \u00e9l\u00e9mentaires \u00e0 l&#8217;infiniment grand comme la compr\u00e9hension de l&#8217;Univers. La Physique combine\u00a0les aspects exp\u00e9rimentaux et th\u00e9oriques et implique aussi bien la recherche fondamentale mue par la curiosit\u00e9 que la recherche appliqu\u00e9e li\u00e9e \u00e0 la technologie. La Physique apporte souvent les fondations d&#8217;autres disciplines scientifiques et joue un r\u00f4le central dans de nombreux et vari\u00e9s secteurs de l&#8217;industrie.<\/em><\/p>\n<p>&nbsp;<\/p>\n<p>&nbsp;<\/p>\n","protected":false},"excerpt":{"rendered":"<p>Bienvenue sur le site de la 3i\u00e8me ann\u00e9e de la Licence de Physique de la Facult\u00e9 des Sciences et Techniques de l&#8217;Universit\u00e9 de Bourgogne. La licence de Physique poss\u00e8de deux parcours, l&#8217;un d\u00e9di\u00e9 essentiellement \u00e0 la physique fondamentale et ses applications (parcours P), l&#8217;autre combinant physique et chimie (parcours PC). &nbsp; &nbsp; Qu&#8217;est ce que&hellip;<\/p>\n<p class=\"more-link-p\"><a class=\"btn btn-primary\" href=\"https:\/\/blog.ube.fr\/licence-physique\/accueil\/\">Voir plus &rarr;<\/a><\/p>\n","protected":false},"author":72,"featured_media":0,"parent":0,"menu_order":0,"comment_status":"closed","ping_status":"closed","template":"","meta":{"_exactmetrics_skip_tracking":false,"_exactmetrics_sitenote_active":false,"_exactmetrics_sitenote_note":"","_exactmetrics_sitenote_category":0,"footnotes":""},"class_list":["post-74","page","type-page","status-publish","hentry"],"_links":{"self":[{"href":"https:\/\/blog.ube.fr\/licence-physique\/wp-json\/wp\/v2\/pages\/74","targetHints":{"allow":["GET"]}}],"collection":[{"href":"https:\/\/blog.ube.fr\/licence-physique\/wp-json\/wp\/v2\/pages"}],"about":[{"href":"https:\/\/blog.ube.fr\/licence-physique\/wp-json\/wp\/v2\/types\/page"}],"author":[{"embeddable":true,"href":"https:\/\/blog.ube.fr\/licence-physique\/wp-json\/wp\/v2\/users\/72"}],"replies":[{"embeddable":true,"href":"https:\/\/blog.ube.fr\/licence-physique\/wp-json\/wp\/v2\/comments?post=74"}],"version-history":[{"count":3,"href":"https:\/\/blog.ube.fr\/licence-physique\/wp-json\/wp\/v2\/pages\/74\/revisions"}],"predecessor-version":[{"id":153,"href":"https:\/\/blog.ube.fr\/licence-physique\/wp-json\/wp\/v2\/pages\/74\/revisions\/153"}],"wp:attachment":[{"href":"https:\/\/blog.ube.fr\/licence-physique\/wp-json\/wp\/v2\/media?parent=74"}],"curies":[{"name":"wp","href":"https:\/\/api.w.org\/{rel}","templated":true}]}}