{"id":7,"date":"2015-04-14T07:28:18","date_gmt":"2015-04-14T06:28:18","guid":{"rendered":"http:\/\/blog.u-bourgogne.fr\/licence-physique\/?page_id=7"},"modified":"2025-10-27T09:42:04","modified_gmt":"2025-10-27T08:42:04","slug":"contact","status":"publish","type":"page","link":"https:\/\/blog.ube.fr\/licence-physique\/contact\/","title":{"rendered":"Inscription &#8211; Contact"},"content":{"rendered":"<h5>L&#8217;ensemble des enseignements sont donn\u00e9s au sein de la Facult\u00e9 Sciences et Techniques de l&#8217;Universit\u00e9 de Bourgogne situ\u00e9e 9 avenue Alain Savary sur le campus Montmuzard.<\/h5>\n<h5 style=\"text-align: center;\"><a href=\"https:\/\/sciences-techniques.ube.fr\/\">http:\/\/sciences-techniques.ube.fr<\/a><\/h5>\n<p>&nbsp;<\/p>\n<p><a href=\"http:\/\/blog.ube.fr\/licence-physique\/wp-content\/uploads\/sites\/26\/2015\/04\/Mirande_photo.jpg\"><img loading=\"lazy\" decoding=\"async\" class=\"aligncenter wp-image-76 size-full\" src=\"http:\/\/blog.ube.fr\/licence-physique\/wp-content\/uploads\/sites\/26\/2015\/04\/Mirande_photo.jpg\" alt=\"Facult\u00e9 des Sciences Mirande\" width=\"332\" height=\"220\" srcset=\"https:\/\/blog.ube.fr\/licence-physique\/wp-content\/uploads\/sites\/26\/2015\/04\/Mirande_photo.jpg 332w, https:\/\/blog.ube.fr\/licence-physique\/wp-content\/uploads\/sites\/26\/2015\/04\/Mirande_photo-300x199.jpg 300w\" sizes=\"auto, (max-width: 332px) 100vw, 332px\" \/><\/a><\/p>\n<p>&nbsp;<\/p>\n<p>&nbsp;<\/p>\n<p>&nbsp;<\/p>\n<h5>Pour toute information ou demande de renseignement sur la proc\u00e9dure d&#8217;inscription, vous pouvez contacter l&#8217;une des personnes suivantes. L&#8217;acc\u00e8s \u00e0 la troisi\u00e8me ann\u00e9e de la licence n&#8217;est pas r\u00e9serv\u00e9 uniquement aux \u00e9tudiants titulaires d&#8217;une Licence 2. Des admissions sont \u00e9galement possibles pour les \u00e9tudiants venant d&#8217;autres parcours (CPGE, DUT, etc &#8230;). Ainsi, sur la p\u00e9riode\u00a02010-2015, c&#8217;est en moyenne 40% des effectifs de notre formation qui est issu de parcours autre qu&#8217;une licence 2.<\/h5>\n<h5>En fonction de votre origine, les formalit\u00e9s d&#8217;inscription peuvent n\u00e9anmoins diff\u00e9rer. Nous vous aiguillerons rapidement vers la proc\u00e9dure la plus adapt\u00e9e.<\/h5>\n<p>&nbsp;<\/p>\n<p>&nbsp;<\/p>\n<h5><strong>Responsable\u00a0 du parcours Physique Fondamentale et Applications :<\/strong><\/h5>\n<h5 style=\"padding-left: 120px;\">Olivier MUSSET, <a href=\"mailto:olivier.musset@ube.fr\">olivier.musset@ube.fr<\/a>, 03.80.39.59.38<\/h5>\n<h5><strong>Responsable du parcours Physique\/Chimie :<\/strong><\/h5>\n<h5 style=\"padding-left: 90px;\"><em><strong>enseignement physique :<\/strong><\/em><\/h5>\n<h5 style=\"padding-left: 120px;\">Fr\u00e9d\u00e9ric CHAUSSARD, <a href=\"mailto:patrice.delarue@ube.fr\">patrice.delarue@ube.fr<\/a>, 03.80.39.59.48<\/h5>\n<h5 style=\"padding-left: 90px;\"><em><strong>enseignement chimie :<\/strong><\/em><\/h5>\n<h5 style=\"padding-left: 120px;\">Marcel BOUVET, <a href=\"mailto:marcel.bouvet.@ube.fr\">marcel.bouvet.@ube.fr<\/a>,\u00a0 \u00a003.80.39.60.86<\/h5>\n<h5><strong>Responsable de la mention Physique :<\/strong> Christophe FINOT, <a href=\"mailto:christophe.finot@ube.fr\">christophe.finot@ube.fr<\/a><\/h5>\n<h5><strong><br \/>\nSecr\u00e9tariat de la formation :\u00a0<\/strong>Marielle COUTAREL, <a href=\"mailto:depphy@u-bourgogne.fr\">depphy@u-bourgogne.fr<\/a>, 03.80.39.59.00<\/h5>\n<h5 style=\"padding-left: 120px;\">Facult\u00e9 des Sciences et Techniques<br \/>\n9 avenue Alain Savary<br \/>\nBP 47870<br \/>\n21 078 DIJON Cedex<\/h5>\n<p>&nbsp;<\/p>\n<h5><strong>Courriel commun \u00e0 toutes ces personnes : <\/strong><a href=\"mailto:administration.physique.licence3@u-bourgogne.fr\">administration.physique.licence3@u-bourgogne.fr<\/a>, 03.80.39.59.00<\/h5>\n<p>&nbsp;<\/p>\n<p>&nbsp;<\/p>\n<p>&nbsp;<\/p>\n","protected":false},"excerpt":{"rendered":"<p>L&#8217;ensemble des enseignements sont donn\u00e9s au sein de la Facult\u00e9 Sciences et Techniques de l&#8217;Universit\u00e9 de Bourgogne situ\u00e9e 9 avenue Alain Savary sur le campus Montmuzard. http:\/\/sciences-techniques.ube.fr &nbsp; &nbsp; &nbsp; &nbsp; Pour toute information ou demande de renseignement sur la proc\u00e9dure d&#8217;inscription, vous pouvez contacter l&#8217;une des personnes suivantes. L&#8217;acc\u00e8s \u00e0 la troisi\u00e8me ann\u00e9e de&hellip;<\/p>\n<p class=\"more-link-p\"><a class=\"btn btn-primary\" href=\"https:\/\/blog.ube.fr\/licence-physique\/contact\/\">Voir plus &rarr;<\/a><\/p>\n","protected":false},"author":72,"featured_media":0,"parent":0,"menu_order":0,"comment_status":"closed","ping_status":"open","template":"","meta":{"_exactmetrics_skip_tracking":false,"_exactmetrics_sitenote_active":false,"_exactmetrics_sitenote_note":"","_exactmetrics_sitenote_category":0,"footnotes":""},"class_list":["post-7","page","type-page","status-publish","hentry"],"_links":{"self":[{"href":"https:\/\/blog.ube.fr\/licence-physique\/wp-json\/wp\/v2\/pages\/7","targetHints":{"allow":["GET"]}}],"collection":[{"href":"https:\/\/blog.ube.fr\/licence-physique\/wp-json\/wp\/v2\/pages"}],"about":[{"href":"https:\/\/blog.ube.fr\/licence-physique\/wp-json\/wp\/v2\/types\/page"}],"author":[{"embeddable":true,"href":"https:\/\/blog.ube.fr\/licence-physique\/wp-json\/wp\/v2\/users\/72"}],"replies":[{"embeddable":true,"href":"https:\/\/blog.ube.fr\/licence-physique\/wp-json\/wp\/v2\/comments?post=7"}],"version-history":[{"count":16,"href":"https:\/\/blog.ube.fr\/licence-physique\/wp-json\/wp\/v2\/pages\/7\/revisions"}],"predecessor-version":[{"id":229,"href":"https:\/\/blog.ube.fr\/licence-physique\/wp-json\/wp\/v2\/pages\/7\/revisions\/229"}],"wp:attachment":[{"href":"https:\/\/blog.ube.fr\/licence-physique\/wp-json\/wp\/v2\/media?parent=7"}],"curies":[{"name":"wp","href":"https:\/\/api.w.org\/{rel}","templated":true}]}}