{"id":22,"date":"2015-04-27T15:36:04","date_gmt":"2015-04-27T14:36:04","guid":{"rendered":"http:\/\/blog.u-bourgogne.fr\/licence-physique\/?page_id=22"},"modified":"2025-10-27T10:14:05","modified_gmt":"2025-10-27T09:14:05","slug":"equipe-enseignante","status":"publish","type":"page","link":"https:\/\/blog.ube.fr\/licence-physique\/equipe-enseignante\/","title":{"rendered":"Equipe p\u00e9dagogique"},"content":{"rendered":"<p>Vous trouverez sur cette page les coordonn\u00e9es (mail et num\u00e9ro de bureau) des enseignants des deux parcours de licence 3 de Physique ainsi que les mati\u00e8res dans lesquelles ils interviennent et un lien sur leur activit\u00e9 de recherche.<\/p>\n<table class=\" aligncenter\" style=\"width: 75%; border-color: #ffffff;\">\n<tbody>\n<tr>\n<td style=\"width: 50%; border-color: #ffffff; text-align: center; background-color: #82c4c4;\"><em><strong>Enseignant du d\u00e9partement de Physique<\/strong><\/em><\/td>\n<td style=\"width: 50%; border-color: #ffffff; text-align: center; background-color: #f5e876;\"><em><strong>Enseignant du d\u00e9partement de Chimie<\/strong><\/em><\/td>\n<\/tr>\n<\/tbody>\n<\/table>\n<p>&nbsp;<\/p>\n<p>Ces enseignants de l&#8217;UFR Sciences et Techniques effectuent leurs recherches principalement au sein de deux laboratoires :<\/p>\n<table class=\" aligncenter\" style=\"width: 75%; border-color: #ffffff;\">\n<tbody>\n<tr>\n<td style=\"border-color: #ffffff; text-align: center;\"><em><strong><a href=\"https:\/\/icb.cnrs.fr\/\" target=\"_blank\" rel=\"noopener noreferrer\"><img loading=\"lazy\" decoding=\"async\" class=\"aligncenter wp-image-100\" src=\"http:\/\/blog.ube.fr\/licence-physique\/wp-content\/uploads\/sites\/26\/2015\/04\/ICB-300x120.jpg\" alt=\"ICB\" width=\"175\" height=\"70\" srcset=\"https:\/\/blog.ube.fr\/licence-physique\/wp-content\/uploads\/sites\/26\/2015\/04\/ICB-300x120.jpg 300w, https:\/\/blog.ube.fr\/licence-physique\/wp-content\/uploads\/sites\/26\/2015\/04\/ICB.jpg 500w\" sizes=\"auto, (max-width: 175px) 100vw, 175px\" \/><\/a><a href=\"http:\/\/icb.u-bourgogne.fr\/fr\/\" target=\"_blank\" rel=\"noopener noreferrer\">ICB<\/a><br \/>\nLaboratoire Interdisciplinaire CARNOT de Bourgogne<\/strong><\/em><\/td>\n<td style=\"border-color: #ffffff; text-align: center;\"><em><strong><a href=\"https:\/\/icmub.ube.fr\/\" target=\"_blank\" rel=\"noopener noreferrer\"><img loading=\"lazy\" decoding=\"async\" class=\"aligncenter wp-image-99\" src=\"http:\/\/blog.ube.fr\/licence-physique\/wp-content\/uploads\/sites\/26\/2015\/04\/ICMUB-300x172.jpg\" alt=\"ICMUB\" width=\"122\" height=\"70\" srcset=\"https:\/\/blog.ube.fr\/licence-physique\/wp-content\/uploads\/sites\/26\/2015\/04\/ICMUB-300x172.jpg 300w, https:\/\/blog.ube.fr\/licence-physique\/wp-content\/uploads\/sites\/26\/2015\/04\/ICMUB.jpg 480w\" sizes=\"auto, (max-width: 122px) 100vw, 122px\" \/><\/a><a href=\"http:\/\/www.icmub.fr\/\" target=\"_blank\" rel=\"noopener noreferrer\">ICMUB<\/a><br \/>\nInstitut de Chimie Mol\u00e9culaire de l&#8217;Universit\u00e9 de Bourgogne<\/strong><\/em><\/td>\n<\/tr>\n<\/tbody>\n<\/table>\n<p>&nbsp;<\/p>\n<p>&nbsp;<\/p>\n<table style=\"background-color: #cdcdcd;\" border=\"0\">\n<tbody>\n<tr>\n<td style=\"width: 35%;\">\n<h3><strong>Olivier MUSSET<\/strong><\/h3>\n<\/td>\n<td><strong>Responsable du parcours Physique Fondamentale et Applications<br \/>\n<\/strong>Chaine de mesures physiques<\/td>\n<td style=\"width: 25%; background-color: #82c4c4;\" rowspan=\"2\"><a href=\"https:\/\/blog.ube.fr\/licence-physique\/wp-content\/uploads\/sites\/26\/2025\/10\/203.png\"><img loading=\"lazy\" decoding=\"async\" class=\"wp-image-234 size-full aligncenter\" src=\"https:\/\/blog.ube.fr\/licence-physique\/wp-content\/uploads\/sites\/26\/2025\/10\/203.png\" alt=\"\" width=\"143\" height=\"150\" \/><\/a><\/td>\n<\/tr>\n<tr>\n<td>olivier.musset@ube.fr<br \/>\n<a href=\"https:\/\/icb.cnrs.fr\/equipe\/olivier-musset\/\" target=\"_blank\" rel=\"noopener noreferrer\">page recherche<\/a><\/td>\n<td>D2xx<\/td>\n<\/tr>\n<\/tbody>\n<\/table>\n<p>&nbsp;<\/p>\n<table border=\"0\">\n<tbody>\n<tr>\n<td style=\"width: 35%; background-color: #cdcdcd;\">\n<h3><strong>Marcel BOUVET<\/strong><\/h3>\n<\/td>\n<td style=\"background-color: #cdcdcd;\"><strong>Co-responsable du parcours de Physique\/Chimie<br \/>\n<\/strong>\u00c9lectrochimie<br \/>\nCin\u00e9tique chimique<\/td>\n<td style=\"width: 25%; background-color: #f5e876;\" rowspan=\"2\"><a href=\"http:\/\/blog.ube.fr\/licence-physique\/wp-content\/uploads\/sites\/26\/2015\/04\/BOUVET_Marcel.jpg\"><img loading=\"lazy\" decoding=\"async\" class=\"aligncenter wp-image-88\" src=\"http:\/\/blog.ube.fr\/licence-physique\/wp-content\/uploads\/sites\/26\/2015\/04\/BOUVET_Marcel.jpg\" alt=\"BOUVET_Marcel\" width=\"129\" height=\"150\" \/><\/a><\/td>\n<\/tr>\n<tr>\n<td style=\"background-color: #cdcdcd;\">marcel.bouvet@ube.fr<br \/>\n<a href=\"http:\/\/icmub.fr\/185-personnel?r=185&amp;action=view&amp;id=198\" target=\"_blank\" rel=\"noopener noreferrer\">page recherche<\/a><\/td>\n<td style=\"background-color: #cdcdcd;\">B411<\/td>\n<\/tr>\n<\/tbody>\n<\/table>\n<p>&nbsp;<\/p>\n<table style=\"background-color: #cdcdcd; width: 100%; height: 149px;\" border=\"0\">\n<tbody>\n<tr style=\"height: 99px;\">\n<td style=\"width: 35%; height: 99px;\">\n<h3><strong>Patrice DELARUE<\/strong><\/h3>\n<\/td>\n<td style=\"height: 99px;\"><strong>Co-responsable du parcours de Physique\/Chimie<\/strong><br \/>\nMath\u00e9matiques et outils num\u00e9riques<\/td>\n<td style=\"width: 25%; background-color: #82c4c4; height: 149px;\" rowspan=\"2\"><\/td>\n<\/tr>\n<tr style=\"height: 50px;\">\n<td style=\"height: 50px;\">patrice.delarue@ube.fr<br \/>\n<a href=\"https:\/\/icb.cnrs.fr\/equipe\/patrice-delarue\/\" target=\"_blank\" rel=\"noopener noreferrer\">page recherche<\/a><\/td>\n<td style=\"height: 50px;\">D3xx<\/td>\n<\/tr>\n<\/tbody>\n<\/table>\n<p>&nbsp;<\/p>\n<table style=\"border-color: #ffffff; background-color: #dcdcdc;\" border=\"0\">\n<tbody>\n<tr>\n<td style=\"width: 35%;\">\n<h3><strong>Christophe FINOT<\/strong><\/h3>\n<\/td>\n<td><strong>Responsable de la mention L3 Physique<\/strong><br \/>\nPhysique Photonique et Nanotechnologies<br \/>\nOptique ondulatoire<\/td>\n<td style=\"width: 25%; background-color: #82c4c4;\" rowspan=\"2\"><a href=\"https:\/\/blog.ube.fr\/licence-physique\/wp-content\/uploads\/sites\/26\/2025\/10\/a904f5c4-be5e-4736-8ab6-de73c8119dd1-Copie.jpg\"><img loading=\"lazy\" decoding=\"async\" class=\"aligncenter wp-image-236 size-full\" src=\"https:\/\/blog.ube.fr\/licence-physique\/wp-content\/uploads\/sites\/26\/2025\/10\/a904f5c4-be5e-4736-8ab6-de73c8119dd1-Copie.jpg\" alt=\"FINOT Christophe\" width=\"150\" height=\"150\" \/><\/a><\/td>\n<\/tr>\n<tr>\n<td>christophe.finot@ube.fr<br \/>\n<a href=\"https:\/\/sites.google.com\/site\/christophefinot\/home\" target=\"_blank\" rel=\"noopener noreferrer\">page recherche<\/a><\/td>\n<td>D213<\/td>\n<\/tr>\n<\/tbody>\n<\/table>\n<p>&nbsp;<\/p>\n<p>&nbsp;<\/p>\n<table border=\"0\">\n<tbody>\n<tr>\n<td style=\"width: 35%;\">\n<h3><strong>David BAO<\/strong><\/h3>\n<\/td>\n<td>Anglais<\/td>\n<td style=\"width: 25%; background-color: #ffffff;\" rowspan=\"2\"><\/td>\n<\/tr>\n<tr>\n<td>david.bao@u-bourgogne.fr<\/td>\n<td>LAST<\/td>\n<\/tr>\n<\/tbody>\n<\/table>\n<p>&nbsp;<\/p>\n<table border=\"0\">\n<tbody>\n<tr>\n<td style=\"width: 35%;\">\n<h3><strong>H\u00e9l\u00e8ne CATTEY<\/strong><\/h3>\n<\/td>\n<td>\u00a0Electrochimie<\/td>\n<td style=\"width: 25%; background-color: #f5e876;\" rowspan=\"2\"><\/td>\n<\/tr>\n<tr>\n<td>helene.cattey@u-bourgogne.fr<br \/>\n<a href=\"http:\/\/www.icmub.fr\/index.php?r=185&amp;action=view&amp;id=9\" target=\"_blank\" rel=\"noopener noreferrer\">page recherche<\/a><\/td>\n<td>B105<\/td>\n<\/tr>\n<\/tbody>\n<\/table>\n<p>&nbsp;<\/p>\n<table style=\"background-color: #cdcdcd; width: 100%; height: 148px;\" border=\"0\">\n<tbody>\n<tr style=\"height: 88px;\">\n<td style=\"width: 35%; height: 88px; background-color: #ffffff;\">\n<h3><strong>Fr\u00e9d\u00e9ric CHAUSSARD<\/strong><\/h3>\n<\/td>\n<td style=\"height: 88px; background-color: #ffffff;\">Travaux pratiques de Physique 2<br \/>\nOptique moderne<\/td>\n<td style=\"width: 25%; background-color: #82c4c4; height: 148px;\" rowspan=\"2\"><a href=\"http:\/\/blog.ube.fr\/licence-physique\/wp-content\/uploads\/sites\/26\/2015\/04\/frederique-chaussard.gif\"><img loading=\"lazy\" decoding=\"async\" class=\" wp-image-63 aligncenter\" src=\"http:\/\/blog.ube.fr\/licence-physique\/wp-content\/uploads\/sites\/26\/2015\/04\/frederique-chaussard.gif\" alt=\"CHAUSSARD_F\" width=\"143\" height=\"150\" \/><\/a><\/td>\n<\/tr>\n<tr style=\"height: 60px;\">\n<td style=\"height: 60px; background-color: #ffffff;\">frederic.chaussard@ube.fr<br \/>\n<a href=\"http:\/\/icb.u-bourgogne.fr\/fr\/membres\/permanents\/132-enseignants-chercheurs\/323-frederic-chaussard.html\" target=\"_blank\" rel=\"noopener noreferrer\">page recherche<\/a><\/td>\n<td style=\"height: 60px; background-color: #ffffff;\">D211<\/td>\n<\/tr>\n<\/tbody>\n<\/table>\n<p>&nbsp;<\/p>\n<table border=\"0\">\n<tbody>\n<tr>\n<td style=\"width: 35%;\">\n<h3><strong>Benoit CLUZEL<\/strong><\/h3>\n<\/td>\n<td>Travaux pratiques de Physique 1<\/td>\n<td style=\"width: 25%; background-color: #82c4c4;\" rowspan=\"2\"><a href=\"https:\/\/blog.ube.fr\/licence-physique\/wp-content\/uploads\/sites\/26\/2025\/10\/1696939712720.jpeg\"><img loading=\"lazy\" decoding=\"async\" class=\"aligncenter wp-image-235 size-full\" src=\"https:\/\/blog.ube.fr\/licence-physique\/wp-content\/uploads\/sites\/26\/2025\/10\/1696939712720.jpeg\" alt=\"\" width=\"143\" height=\"150\" \/><\/a><\/td>\n<\/tr>\n<tr>\n<td>benoit.cluzel@u-bourgogne.fr<br \/>\n<a href=\"https:\/\/icb.u-bourgogne.fr\/fr\/membres\/132-permanents\/enseignants-chercheurs\/313-benoit-cluzel.html\" target=\"_blank\" rel=\"noopener noreferrer\">page recherche<\/a><\/td>\n<td>D303<\/td>\n<\/tr>\n<\/tbody>\n<\/table>\n<p>&nbsp;<\/p>\n<table border=\"0\">\n<tbody>\n<tr>\n<td style=\"width: 35%;\">\n<h3><strong>G\u00e9rard<br \/>\nCOLAS DES FRANCS<\/strong><\/h3>\n<\/td>\n<td>Math\u00e9matiques et outils num\u00e9riques<\/td>\n<td style=\"width: 25%; background-color: #82c4c4;\" rowspan=\"2\"><\/td>\n<\/tr>\n<tr>\n<td>gerard.colas-des-francs@u-bourgogne.fr<br \/>\n<a href=\"http:\/\/icb.u-bourgogne.fr\/fr\/membres\/130-permanents\/381-gerard-colas-des-francs.html\" target=\"_blank\" rel=\"noopener noreferrer\">page recherche<\/a><\/td>\n<td>DR04B<\/td>\n<\/tr>\n<\/tbody>\n<\/table>\n<p>&nbsp;<\/p>\n<table border=\"0\">\n<tbody>\n<tr>\n<td style=\"width: 35%;\">\n<h3><strong>Virginie COMTE<\/strong><\/h3>\n<\/td>\n<td>Chimie syst\u00e9matique organique<\/td>\n<td style=\"width: 25%; background-color: #f5e876;\" rowspan=\"2\"><a href=\"http:\/\/blog.ube.fr\/licence-physique\/wp-content\/uploads\/sites\/26\/2015\/04\/COMTE_Virginie.jpg\"><img loading=\"lazy\" decoding=\"async\" class=\" wp-image-91 aligncenter\" src=\"http:\/\/blog.ube.fr\/licence-physique\/wp-content\/uploads\/sites\/26\/2015\/04\/COMTE_Virginie.jpg\" alt=\"COMTE_Virginie\" width=\"144\" height=\"150\" \/><\/a><\/td>\n<\/tr>\n<tr>\n<td>virgine.comte@u-bourgogne.fr<br \/>\n<a href=\"http:\/\/www.icmub.fr\/185-personnel?r=185&amp;action=view&amp;id=68\" target=\"_blank\" rel=\"noopener noreferrer\">page recherche<\/a><\/td>\n<td>217<\/td>\n<\/tr>\n<\/tbody>\n<\/table>\n<p>&nbsp;<\/p>\n<table border=\"0\">\n<tbody>\n<tr>\n<td style=\"width: 35%;\">\n<h3><strong>Alain DEREUX<\/strong><\/h3>\n<\/td>\n<td>Physique Quantique du Solide<\/td>\n<td style=\"width: 25%; background-color: #82c4c4;\" rowspan=\"2\"><a href=\"http:\/\/blog.ube.fr\/licence-physique\/wp-content\/uploads\/sites\/26\/2015\/04\/DEREUX_A.gif\"><img loading=\"lazy\" decoding=\"async\" class=\" wp-image-81 aligncenter\" src=\"http:\/\/blog.ube.fr\/licence-physique\/wp-content\/uploads\/sites\/26\/2015\/04\/DEREUX_A.gif\" alt=\"DEREUX_A\" width=\"143\" height=\"150\" \/><\/a><\/td>\n<\/tr>\n<tr>\n<td>alain.dereux@u-bourgogne.fr<br \/>\n<a href=\"http:\/\/icb.u-bourgogne.fr\/fr\/membres\/permanents\/132-enseignants-chercheurs\/390-alain-dereux.html\" target=\"_blank\" rel=\"noopener noreferrer\">page recherche<\/a><\/td>\n<td>C224<\/td>\n<\/tr>\n<\/tbody>\n<\/table>\n<p>&nbsp;<\/p>\n<table border=\"0\">\n<tbody>\n<tr>\n<td style=\"width: 35%;\">\n<h3><strong>Bruno DOMENICHINI<\/strong><\/h3>\n<\/td>\n<td>Thermodynamique physique<\/td>\n<td style=\"width: 25%; background-color: #f5e876;\" rowspan=\"2\"><a href=\"http:\/\/blog.ube.fr\/licence-physique\/wp-content\/uploads\/sites\/26\/2015\/04\/DOMENICHINI.gif\"><img loading=\"lazy\" decoding=\"async\" class=\" wp-image-94 aligncenter\" src=\"http:\/\/blog.ube.fr\/licence-physique\/wp-content\/uploads\/sites\/26\/2015\/04\/DOMENICHINI.gif\" alt=\"DOMENICHINI\" width=\"143\" height=\"150\" \/><\/a><\/td>\n<\/tr>\n<tr>\n<td>bruno.domenichini@u-bourgogne.fr<br \/>\n<a href=\"http:\/\/icb.u-bourgogne.fr\/fr\/membres\/132-permanents\/enseignants-chercheurs\/522-bruno-domenichini.html\" target=\"_blank\" rel=\"noopener noreferrer\">page recherche<\/a><\/td>\n<td>CR15A<\/td>\n<\/tr>\n<\/tbody>\n<\/table>\n<p>&nbsp;<\/p>\n<table border=\"0\">\n<tbody>\n<tr>\n<td style=\"width: 35%;\">\n<h3><strong>St\u00e9phane GUERIN<\/strong><\/h3>\n<\/td>\n<td>Math\u00e9matiques et outils num\u00e9riques<br \/>\nCompl\u00e9ments math\u00e9matiques<\/td>\n<td style=\"width: 25%; background-color: #82c4c4;\" rowspan=\"2\"><\/td>\n<\/tr>\n<tr>\n<td>sguerin@u-bourgogne.fr<br \/>\n<a href=\"http:\/\/icb.u-bourgogne.fr\/fr\/membres\/permanents\/132-enseignants-chercheurs\/412-stephane-guerin.html\" target=\"_blank\" rel=\"noopener noreferrer\">page recherche<\/a><\/td>\n<td>D104A<\/td>\n<\/tr>\n<\/tbody>\n<\/table>\n<p>&nbsp;<\/p>\n<table style=\"border-color: #ffffff; background-color: #cdcdcd; width: 100%; height: 149px;\" border=\"0\">\n<tbody>\n<tr style=\"height: 88px;\">\n<td style=\"width: 35%; height: 88px; background-color: #ffffff;\">\n<h3><strong>Edouard HERTZ<\/strong><\/h3>\n<\/td>\n<td style=\"height: 88px; background-color: #ffffff;\">Travaux pratiques de Physique 2<br \/>\nPhysique appliqu\u00e9e<\/td>\n<td style=\"width: 25%; background-color: #82c4c4; height: 149px;\" rowspan=\"2\"><a href=\"http:\/\/blog.ube.fr\/licence-physique\/wp-content\/uploads\/sites\/26\/2015\/04\/edouard-hertz.gif\"><img loading=\"lazy\" decoding=\"async\" class=\"wp-image-57 aligncenter\" src=\"http:\/\/blog.ube.fr\/licence-physique\/wp-content\/uploads\/sites\/26\/2015\/04\/edouard-hertz.gif\" alt=\"HERTZ_E\" width=\"143\" height=\"150\" \/><\/a><\/td>\n<\/tr>\n<tr style=\"height: 61px;\">\n<td style=\"height: 61px; background-color: #ffffff;\">edouard.hertz@ube.fr<br \/>\n<a href=\"http:\/\/icb.u-bourgogne.fr\/fr\/membres\/permanents\/132-enseignants-chercheurs\/380-edouard-hertz.html\" target=\"_blank\" rel=\"noopener noreferrer\">page recherche<\/a><\/td>\n<td style=\"height: 61px; background-color: #ffffff;\">D214<\/td>\n<\/tr>\n<\/tbody>\n<\/table>\n<p>&nbsp;<\/p>\n<table border=\"0\">\n<tbody>\n<tr>\n<td style=\"width: 35%;\">\n<h3><strong>Claude LEROY<\/strong><\/h3>\n<\/td>\n<td>Physique quantique<\/td>\n<td style=\"width: 25%; background-color: #82c4c4;\" rowspan=\"2\"><a href=\"http:\/\/blog.ube.fr\/licence-physique\/wp-content\/uploads\/sites\/26\/2015\/04\/LEROY_Claude.gif\"><img loading=\"lazy\" decoding=\"async\" class=\" wp-image-103 aligncenter\" src=\"http:\/\/blog.ube.fr\/licence-physique\/wp-content\/uploads\/sites\/26\/2015\/04\/LEROY_Claude.gif\" alt=\"\" width=\"143\" height=\"150\" \/><\/a><\/td>\n<\/tr>\n<tr>\n<td>claude.leroy@u-bourgogne.fr<br \/>\n<a href=\"http:\/\/icb.u-bourgogne.fr\/fr\/membres\/permanents\/132-enseignants-chercheurs\/474-hans-jauslin.html\" target=\"_blank\" rel=\"noopener noreferrer\">page recherche<\/a><\/td>\n<td>D111<\/td>\n<\/tr>\n<\/tbody>\n<\/table>\n<p>&nbsp;<\/p>\n<table border=\"0\">\n<tbody>\n<tr>\n<td style=\"width: 35%;\">\n<h3><strong>Pierre MATHEY<\/strong><\/h3>\n<\/td>\n<td>Travaux Pratiques de Physique 1<\/td>\n<td style=\"width: 25%; background-color: #82c4c4;\" rowspan=\"2\"><\/td>\n<\/tr>\n<tr>\n<td>pierre.mathey@u-bourgogne.fr<br \/>\n<a href=\"http:\/\/icb.u-bourgogne.fr\/fr\/membres\/permanents\/132-enseignants-chercheurs\/581-pierre-mathey.html\" target=\"_blank\" rel=\"noopener noreferrer\">page recherche<\/a><\/td>\n<td>D318<\/td>\n<\/tr>\n<\/tbody>\n<\/table>\n<p>&nbsp;<\/p>\n<table border=\"0\">\n<tbody>\n<tr>\n<td style=\"width: 35%;\">\n<h3><strong>Guy MILLOT<\/strong><\/h3>\n<\/td>\n<td>Ondes et\u00a0vibrations<\/td>\n<td style=\"width: 25%; background-color: #82c4c4;\" rowspan=\"2\"><a href=\"http:\/\/blog.ube.fr\/licence-physique\/wp-content\/uploads\/sites\/26\/2015\/04\/Millot.png\"><img loading=\"lazy\" decoding=\"async\" class=\" wp-image-64 aligncenter\" src=\"http:\/\/blog.ube.fr\/licence-physique\/wp-content\/uploads\/sites\/26\/2015\/04\/Millot.png\" alt=\"MILLOT_G\" width=\"115\" height=\"150\" \/><\/a><\/td>\n<\/tr>\n<tr>\n<td>guy.millot@u-bourgogne.fr<br \/>\n<a href=\"http:\/\/icb.u-bourgogne.fr\/fr\/membres\/permanents\/132-enseignants-chercheurs\/389-guy-millot.html\" target=\"_blank\" rel=\"noopener noreferrer\">page recherche<\/a><\/td>\n<td>D207<\/td>\n<\/tr>\n<\/tbody>\n<\/table>\n<p>&nbsp;<\/p>\n<table border=\"0\">\n<tbody>\n<tr>\n<td style=\"width: 35%;\">\n<h3><strong>Patrick SENET<\/strong><\/h3>\n<\/td>\n<td>Introduction \u00e0 la physique statistique<br \/>\nPhysique de la Mati\u00e8re Condens\u00e9e<\/td>\n<td style=\"width: 25%; background-color: #82c4c4;\" rowspan=\"2\"><\/td>\n<\/tr>\n<tr>\n<td>patrick.senet@u-bourgogne.fr<br \/>\n<a href=\"http:\/\/icb.u-bourgogne.fr\/fr\/membres\/132-permanents\/enseignants-chercheurs\/585-patrick-senet.html\" target=\"_blank\" rel=\"noopener noreferrer\">page recherche<\/a><\/td>\n<td>D309<\/td>\n<\/tr>\n<\/tbody>\n<\/table>\n<p>&nbsp;<\/p>\n<table border=\"0\">\n<tbody>\n<tr>\n<td style=\"width: 35%;\">\n<h3><strong>Jean-Marc SIMON<\/strong><\/h3>\n<\/td>\n<td>Thermodynamique chimique<\/td>\n<td style=\"width: 25%; background-color: #f5e876;\" rowspan=\"2\"><a href=\"http:\/\/blog.ube.fr\/licence-physique\/wp-content\/uploads\/sites\/26\/2015\/04\/jean-marc-simon.gif\"><img loading=\"lazy\" decoding=\"async\" class=\" wp-image-106 aligncenter\" src=\"http:\/\/blog.ube.fr\/licence-physique\/wp-content\/uploads\/sites\/26\/2015\/04\/jean-marc-simon.gif\" alt=\"jean-marc-simon\" width=\"143\" height=\"150\" \/><\/a><\/td>\n<\/tr>\n<tr>\n<td>jean-marc.simon@u-bourgogne.fr<br \/>\n<a href=\"http:\/\/icb.u-bourgogne.fr\/fr\/membres\/permanents\/132-enseignants-chercheurs\/486-jean-marc-simon.html\" target=\"_blank\" rel=\"noopener noreferrer\">page recherche<\/a><\/td>\n<td>C311<\/td>\n<\/tr>\n<\/tbody>\n<\/table>\n<p>&nbsp;<\/p>\n<table border=\"0\">\n<tbody>\n<tr>\n<td style=\"width: 35%;\">\n<h3><strong>Dominique SUGNY<\/strong><\/h3>\n<\/td>\n<td>M\u00e9canique Quantique<\/td>\n<td style=\"width: 25%; background-color: #82c4c4;\" rowspan=\"2\"><a href=\"http:\/\/blog.ube.fr\/licence-physique\/wp-content\/uploads\/sites\/26\/2015\/04\/Sugny.gif\"><img loading=\"lazy\" decoding=\"async\" class=\"aligncenter wp-image-127\" src=\"http:\/\/blog.ube.fr\/licence-physique\/wp-content\/uploads\/sites\/26\/2015\/04\/Sugny.gif\" alt=\"Sugny\" width=\"112\" height=\"150\" \/><\/a><\/td>\n<\/tr>\n<tr>\n<td>dominique.sugny@u-bourgogne.fr<br \/>\n<a href=\"http:\/\/icb.u-bourgogne.fr\/fr\/membres\/permanents\/132-enseignants-chercheurs\/329-dominique-sugny.html\" target=\"_blank\" rel=\"noopener noreferrer\">page recherche<\/a><\/td>\n<td>D109<\/td>\n<\/tr>\n<\/tbody>\n<\/table>\n<p>&nbsp;<\/p>\n<table style=\"border-color: #ffffff; background-color: #ffffff;\" border=\"0\">\n<tbody>\n<tr>\n<td style=\"width: 35%;\">\n<h3><strong>Didier STUERGA<\/strong><\/h3>\n<\/td>\n<td><strong>Co-responsable Parcours\u00a0de Physique\/Chimie<\/strong><br \/>\nChimie quantique<br \/>\nChimie syst\u00e9matique inorganique<\/td>\n<td style=\"width: 25%; background-color: #f5e876;\" rowspan=\"2\"><a href=\"http:\/\/blog.ube.fr\/licence-physique\/wp-content\/uploads\/sites\/26\/2015\/04\/didier-stuerga.gif\"><img loading=\"lazy\" decoding=\"async\" class=\" wp-image-58 aligncenter\" src=\"http:\/\/blog.ube.fr\/licence-physique\/wp-content\/uploads\/sites\/26\/2015\/04\/didier-stuerga.gif\" alt=\"STUERGA_D\" width=\"143\" height=\"150\" \/><\/a><\/td>\n<\/tr>\n<tr>\n<td>didier.stuerga@u-bourgogne.fr<br \/>\n<a href=\"http:\/\/icb.u-bourgogne.fr\/fr\/membres\/permanents\/132-enseignants-chercheurs\/416-didier-stuerga.html\" target=\"_blank\" rel=\"noopener noreferrer\">page recherche<\/a><\/td>\n<td>C211<\/td>\n<\/tr>\n<\/tbody>\n<\/table>\n<p>&nbsp;<\/p>\n<p>&nbsp;<\/p>\n","protected":false},"excerpt":{"rendered":"<p>Vous trouverez sur cette page les coordonn\u00e9es (mail et num\u00e9ro de bureau) des enseignants des deux parcours de licence 3 de Physique ainsi que les mati\u00e8res dans lesquelles ils interviennent et un lien sur leur activit\u00e9 de recherche. Enseignant du d\u00e9partement de Physique Enseignant du d\u00e9partement de Chimie &nbsp; Ces enseignants de l&#8217;UFR Sciences et&hellip;<\/p>\n<p class=\"more-link-p\"><a class=\"btn btn-primary\" href=\"https:\/\/blog.ube.fr\/licence-physique\/equipe-enseignante\/\">Voir plus &rarr;<\/a><\/p>\n","protected":false},"author":72,"featured_media":0,"parent":0,"menu_order":0,"comment_status":"closed","ping_status":"open","template":"","meta":{"_exactmetrics_skip_tracking":false,"_exactmetrics_sitenote_active":false,"_exactmetrics_sitenote_note":"","_exactmetrics_sitenote_category":0,"footnotes":""},"class_list":["post-22","page","type-page","status-publish","hentry"],"_links":{"self":[{"href":"https:\/\/blog.ube.fr\/licence-physique\/wp-json\/wp\/v2\/pages\/22","targetHints":{"allow":["GET"]}}],"collection":[{"href":"https:\/\/blog.ube.fr\/licence-physique\/wp-json\/wp\/v2\/pages"}],"about":[{"href":"https:\/\/blog.ube.fr\/licence-physique\/wp-json\/wp\/v2\/types\/page"}],"author":[{"embeddable":true,"href":"https:\/\/blog.ube.fr\/licence-physique\/wp-json\/wp\/v2\/users\/72"}],"replies":[{"embeddable":true,"href":"https:\/\/blog.ube.fr\/licence-physique\/wp-json\/wp\/v2\/comments?post=22"}],"version-history":[{"count":46,"href":"https:\/\/blog.ube.fr\/licence-physique\/wp-json\/wp\/v2\/pages\/22\/revisions"}],"predecessor-version":[{"id":237,"href":"https:\/\/blog.ube.fr\/licence-physique\/wp-json\/wp\/v2\/pages\/22\/revisions\/237"}],"wp:attachment":[{"href":"https:\/\/blog.ube.fr\/licence-physique\/wp-json\/wp\/v2\/media?parent=22"}],"curies":[{"name":"wp","href":"https:\/\/api.w.org\/{rel}","templated":true}]}}