{"id":18,"date":"2015-04-27T15:36:50","date_gmt":"2015-04-27T14:36:50","guid":{"rendered":"http:\/\/blog.u-bourgogne.fr\/licence-physique\/?page_id=18"},"modified":"2025-10-27T09:42:39","modified_gmt":"2025-10-27T08:42:39","slug":"organisation","status":"publish","type":"page","link":"https:\/\/blog.ube.fr\/licence-physique\/organisation\/","title":{"rendered":"Organisation de l&#8217;ann\u00e9e de Licence 3"},"content":{"rendered":"<p>La troisi\u00e8me ann\u00e9e de licence se d\u00e9compose en deux semestres. L&#8217;ann\u00e9e compte 500h d&#8217;enseignements r\u00e9parties entre cours magistraux (40%), travaux dirig\u00e9s (35%) et travaux pratiques (25%). L&#8217;ensemble des enseignements se d\u00e9roule au sein de l<a href=\"http:\/\/sciences-techniques.u-bourgogne.fr\/\" target=\"_blank\" rel=\"noopener noreferrer\">&#8216;UFR Sciences et Techniques de l&#8217;Universit\u00e9 de Bourgogne<\/a>, sur le campus Montmuzard de Dijon.<\/p>\n<p>La rentr\u00e9e se d\u00e9roule d\u00e9but septembre et la session d&#8217;examen cl\u00f4turant le semestre 5 se d\u00e9roule traditionnellement \u00e0 la rentr\u00e9e de Janvier. Les examens du semestre 6 ont lieu en mai. Une session de rattrapage est programm\u00e9e en juin. Sur la p\u00e9riode 2010-2015, le taux de r\u00e9ussite moyen du dipl\u00f4me de L3 est de 75%.<\/p>\n<p>Des visites de laboratoire, des cours\/conf\u00e9rence sont organis\u00e9es au cours de\u00a0l&#8217;ann\u00e9e.<\/p>\n<p>&nbsp;<\/p>\n<p>&nbsp;<\/p>\n<h5 style=\"text-align: center;\"><em><strong>La rentr\u00e9e 2021 de la Licence 3 (parcours Physique et Physique-Chimie) se fera le mercredi 1 Septembre \u00e0 10h en salle C101\u00a0 du b\u00e2timent Mirande (UFR Sciences et Techniques).<\/strong><\/em><\/h5>\n<h5 style=\"text-align: center;\"><em><strong>Le calendrier 2021 -2022 est accessible via l&#8217;Environnement Num\u00e9rique de Travail de l&#8217;Universit\u00e9 de Bourgogne.<\/strong><\/em><\/h5>\n<p style=\"text-align: center;\"><a href=\"http:\/\/ent.u-bourgogne.fr\">http:\/\/ent.u-bourgogne.fr<\/a><\/p>\n","protected":false},"excerpt":{"rendered":"<p>La troisi\u00e8me ann\u00e9e de licence se d\u00e9compose en deux semestres. L&#8217;ann\u00e9e compte 500h d&#8217;enseignements r\u00e9parties entre cours magistraux (40%), travaux dirig\u00e9s (35%) et travaux pratiques (25%). L&#8217;ensemble des enseignements se d\u00e9roule au sein de l&#8216;UFR Sciences et Techniques de l&#8217;Universit\u00e9 de Bourgogne, sur le campus Montmuzard de Dijon. La rentr\u00e9e se d\u00e9roule d\u00e9but septembre et&hellip;<\/p>\n<p class=\"more-link-p\"><a class=\"btn btn-primary\" href=\"https:\/\/blog.ube.fr\/licence-physique\/organisation\/\">Voir plus &rarr;<\/a><\/p>\n","protected":false},"author":72,"featured_media":0,"parent":0,"menu_order":0,"comment_status":"closed","ping_status":"open","template":"","meta":{"_exactmetrics_skip_tracking":false,"_exactmetrics_sitenote_active":false,"_exactmetrics_sitenote_note":"","_exactmetrics_sitenote_category":0,"footnotes":""},"class_list":["post-18","page","type-page","status-publish","hentry"],"_links":{"self":[{"href":"https:\/\/blog.ube.fr\/licence-physique\/wp-json\/wp\/v2\/pages\/18","targetHints":{"allow":["GET"]}}],"collection":[{"href":"https:\/\/blog.ube.fr\/licence-physique\/wp-json\/wp\/v2\/pages"}],"about":[{"href":"https:\/\/blog.ube.fr\/licence-physique\/wp-json\/wp\/v2\/types\/page"}],"author":[{"embeddable":true,"href":"https:\/\/blog.ube.fr\/licence-physique\/wp-json\/wp\/v2\/users\/72"}],"replies":[{"embeddable":true,"href":"https:\/\/blog.ube.fr\/licence-physique\/wp-json\/wp\/v2\/comments?post=18"}],"version-history":[{"count":18,"href":"https:\/\/blog.ube.fr\/licence-physique\/wp-json\/wp\/v2\/pages\/18\/revisions"}],"predecessor-version":[{"id":230,"href":"https:\/\/blog.ube.fr\/licence-physique\/wp-json\/wp\/v2\/pages\/18\/revisions\/230"}],"wp:attachment":[{"href":"https:\/\/blog.ube.fr\/licence-physique\/wp-json\/wp\/v2\/media?parent=18"}],"curies":[{"name":"wp","href":"https:\/\/api.w.org\/{rel}","templated":true}]}}