{"id":79,"date":"2015-04-01T10:31:02","date_gmt":"2015-04-01T09:31:02","guid":{"rendered":"http:\/\/blog.u-bourgogne.fr\/licence-geographie\/?page_id=79"},"modified":"2025-01-18T12:22:54","modified_gmt":"2025-01-18T11:22:54","slug":"contacts","status":"publish","type":"page","link":"https:\/\/blog.ube.fr\/licence-geographie\/contacts\/","title":{"rendered":"Contacts"},"content":{"rendered":"<p>Secr\u00e9tariat p\u00e9dagogique et scolarit\u00e9 : <a href=\"secretariat.geographie@u-bourgogne.fr\">Sephora LUNION<\/a> &#8211; 03.80.39.57.30<\/p>\n<p>Directeur des \u00e9tudes de Licence et responsable L1 : <span id=\"cloak81237\"><a href=\"mailto:julie.fen-chong@u-bourgogne.fr\" target=\"_blank\" rel=\"noopener\">Julie FEN-CHONG<\/a><\/span><br \/>\nResponsable L2 : <span id=\"cloak51616\"><a href=\"mailto:albin.ullmann@u-bourgogne.fr\" target=\"_blank\" rel=\"noopener\">Albin ULLMANN<\/a><\/span><br \/>\nResponsable L3 : <span id=\"cloak31357\"><a href=\"mailto:nadege.martiny@u-bourgogne.fr\" target=\"_blank\" rel=\"noopener\">Nad\u00e8ge MARTINY<\/a><\/span><\/p>\n<p>Directeur du d\u00e9partement de G\u00e9ographie : <span id=\"cloak81237\"><a href=\"mailto:julie.fen-chong@u-bourgogne.fr\" target=\"_blank\" rel=\"noopener\">Julie FEN-CHONG<\/a><\/span><\/p>\n","protected":false},"excerpt":{"rendered":"<p>Secr\u00e9tariat p\u00e9dagogique et scolarit\u00e9 : Sephora LUNION &#8211; 03.80.39.57.30 Directeur des \u00e9tudes de Licence et responsable L1 : Julie FEN-CHONG Responsable L2 : Albin ULLMANN Responsable L3 : Nad\u00e8ge MARTINY Directeur du d\u00e9partement de G\u00e9ographie : Julie FEN-CHONG<\/p>\n<p class=\"more-link-p\"><a class=\"btn btn-primary\" href=\"https:\/\/blog.ube.fr\/licence-geographie\/contacts\/\">Voir plus &rarr;<\/a><\/p>\n","protected":false},"author":66,"featured_media":0,"parent":0,"menu_order":0,"comment_status":"closed","ping_status":"open","template":"","meta":{"_exactmetrics_skip_tracking":false,"_exactmetrics_sitenote_active":false,"_exactmetrics_sitenote_note":"","_exactmetrics_sitenote_category":0,"footnotes":""},"class_list":["post-79","page","type-page","status-publish","hentry"],"_links":{"self":[{"href":"https:\/\/blog.ube.fr\/licence-geographie\/wp-json\/wp\/v2\/pages\/79","targetHints":{"allow":["GET"]}}],"collection":[{"href":"https:\/\/blog.ube.fr\/licence-geographie\/wp-json\/wp\/v2\/pages"}],"about":[{"href":"https:\/\/blog.ube.fr\/licence-geographie\/wp-json\/wp\/v2\/types\/page"}],"author":[{"embeddable":true,"href":"https:\/\/blog.ube.fr\/licence-geographie\/wp-json\/wp\/v2\/users\/66"}],"replies":[{"embeddable":true,"href":"https:\/\/blog.ube.fr\/licence-geographie\/wp-json\/wp\/v2\/comments?post=79"}],"version-history":[{"count":8,"href":"https:\/\/blog.ube.fr\/licence-geographie\/wp-json\/wp\/v2\/pages\/79\/revisions"}],"predecessor-version":[{"id":1367,"href":"https:\/\/blog.ube.fr\/licence-geographie\/wp-json\/wp\/v2\/pages\/79\/revisions\/1367"}],"wp:attachment":[{"href":"https:\/\/blog.ube.fr\/licence-geographie\/wp-json\/wp\/v2\/media?parent=79"}],"curies":[{"name":"wp","href":"https:\/\/api.w.org\/{rel}","templated":true}]}}