{"id":75,"date":"2015-04-07T16:55:11","date_gmt":"2015-04-07T15:55:11","guid":{"rendered":"http:\/\/blog.u-bourgogne.fr\/licence-geographie\/?page_id=75"},"modified":"2016-06-21T16:11:22","modified_gmt":"2016-06-21T15:11:22","slug":"metiers-vises","status":"publish","type":"page","link":"https:\/\/blog.ube.fr\/licence-geographie\/debouches\/metiers-vises\/","title":{"rendered":"M\u00e9tiers vis\u00e9s"},"content":{"rendered":"<h3>Des \u00e9tudes de G\u00e9ographie-Am\u00e9nagement, pourquoi ?<\/h3>\n<p><span style=\"text-decoration: underline\"><i>La g\u00e9ographie permet de mieux comprendre et penser le monde dans lequel nous vivons.<\/i><\/span><\/p>\n<p>A l\u2019universit\u00e9, la g\u00e9ographie privil\u00e9gie l\u2019\u00e9tude des changements globaux, des grands enjeux environnementaux, de la mondialisation, des villes de demain et des soci\u00e9t\u00e9s en r\u00e9seaux.<\/p>\n<p><span style=\"text-decoration: underline\"><i>La g\u00e9ographie s\u2019appuie sur des comp\u00e9tences techniques tr\u00e8s demand\u00e9es sur le march\u00e9 du travail.<\/i><\/span><\/p>\n<p>Les \u00e9tudes de g\u00e9ographie-am\u00e9nagement permettent d\u2019acqu\u00e9rir des techniques multiples, allant de la cartographie assist\u00e9e par ordinateur \u00e0 la mod\u00e9lisation num\u00e9rique ou graphique, en passant par la s\u00e9miologie graphique, les syst\u00e8mes d\u2019informations g\u00e9ographiques ou la t\u00e9l\u00e9d\u00e9tection. L\u2019ensemble forme la g\u00e9omatique, contraction de g\u00e9ographie et d\u2019informatique. Les \u00e9tudiants de licence b\u00e9n\u00e9ficient d\u2019une formation solide en g\u00e9omatique. C\u2019est incontestablement un plus en termes d\u2019insertion professionnelle.<\/p>\n<h3>Les + de la g\u00e9ographie \u00e0 Dijon<\/h3>\n<p>L\u2019\u00e9quipe p\u00e9dagogique du d\u00e9partement de g\u00e9ographie de Dijon est <strong>une \u00e9quipe resserr\u00e9e, jeune et dynamique<\/strong>. Chacun des enseignants participe \u00e0 l\u2019accompagnement des \u00e9tudiants tout au long de leur licence (avec des dispositifs de soutien aux \u00e9tudiants en difficult\u00e9, de tutorat, de rencontres avec des professionnels&#8230;), ainsi que dans leur recherche de stages et d\u2019emplois.<\/p>\n<p>Cette \u00e9quipe a mis en place <strong>une offre diversifi\u00e9e de formations, pr\u00e9parant aux <a href=\"http:\/\/sciences-humaines.u-bourgogne.fr\/les-departements-de-lufr\/geographie\/108-encarts\/encarts-g-departement-geographie\/321-les-metiers-de-la-geographie.html\">m\u00e9tiers d\u2019aujourd\u2019hui et de demain<\/a><\/strong>. Ceci a \u00e9t\u00e9 rendu possible avec l\u2019appui des deux laboratoires de recherches labellis\u00e9s CNRS, le Centre de Recherches de Climatologie (<a href=\"http:\/\/climatologie.u-bourgogne.fr\/\">CRC<\/a>) et Th\u00e9oriser et Mod\u00e9liser pour Am\u00e9nager (<a class=\"spip_out\" href=\"http:\/\/thema.univ-fcomte.fr\/\" rel=\"external\">THEMA<\/a>), auxquels sont associ\u00e9s les enseignants du d\u00e9partement de g\u00e9ographie.<\/p>\n<p>La Licence de G\u00e9ographie-Am\u00e9nagement permet d&#8217;acqu\u00e9rir une solide formation aux <strong>questions environnementales,<\/strong> qui int\u00e8gre la connaissance du fonctionnement des syst\u00e8mes naturels (climat, eaux, v\u00e9g\u00e9tation, volcanisme&#8230;) et leurs interactions multiples avec les soci\u00e9t\u00e9s (risques naturels, changement climatique, production d&#8217;\u00e9nergie&#8230;).<\/p>\n<p>Cette offre de formations est aussi le fruit de <strong>collaborations avec de nombreux partenaires<\/strong>. Ainsi, notre licence permet-elle d\u2019acqu\u00e9rir, tout au long des 6 semestres, des comp\u00e9tences compl\u00e9tant les savoirs et savoir-faire du g\u00e9ographe, et notamment : droit territorial, \u00e9conomie spatiale, \u00e9cologie, p\u00e9dologie, d\u00e9mographie et histoire.<\/p>\n","protected":false},"excerpt":{"rendered":"<p>Des \u00e9tudes de G\u00e9ographie-Am\u00e9nagement, pourquoi ? La g\u00e9ographie permet de mieux comprendre et penser le monde dans lequel nous vivons. A l\u2019universit\u00e9, la g\u00e9ographie privil\u00e9gie l\u2019\u00e9tude des changements globaux, des grands enjeux environnementaux, de la mondialisation, des villes de demain et des soci\u00e9t\u00e9s en r\u00e9seaux. La g\u00e9ographie s\u2019appuie sur des comp\u00e9tences techniques tr\u00e8s demand\u00e9es sur&hellip;<\/p>\n<p class=\"more-link-p\"><a class=\"btn btn-primary\" href=\"https:\/\/blog.ube.fr\/licence-geographie\/debouches\/metiers-vises\/\">Voir plus &rarr;<\/a><\/p>\n","protected":false},"author":66,"featured_media":0,"parent":67,"menu_order":0,"comment_status":"closed","ping_status":"open","template":"","meta":{"_exactmetrics_skip_tracking":false,"_exactmetrics_sitenote_active":false,"_exactmetrics_sitenote_note":"","_exactmetrics_sitenote_category":0,"footnotes":""},"class_list":["post-75","page","type-page","status-publish","hentry"],"_links":{"self":[{"href":"https:\/\/blog.ube.fr\/licence-geographie\/wp-json\/wp\/v2\/pages\/75","targetHints":{"allow":["GET"]}}],"collection":[{"href":"https:\/\/blog.ube.fr\/licence-geographie\/wp-json\/wp\/v2\/pages"}],"about":[{"href":"https:\/\/blog.ube.fr\/licence-geographie\/wp-json\/wp\/v2\/types\/page"}],"author":[{"embeddable":true,"href":"https:\/\/blog.ube.fr\/licence-geographie\/wp-json\/wp\/v2\/users\/66"}],"replies":[{"embeddable":true,"href":"https:\/\/blog.ube.fr\/licence-geographie\/wp-json\/wp\/v2\/comments?post=75"}],"version-history":[{"count":4,"href":"https:\/\/blog.ube.fr\/licence-geographie\/wp-json\/wp\/v2\/pages\/75\/revisions"}],"predecessor-version":[{"id":804,"href":"https:\/\/blog.ube.fr\/licence-geographie\/wp-json\/wp\/v2\/pages\/75\/revisions\/804"}],"up":[{"embeddable":true,"href":"https:\/\/blog.ube.fr\/licence-geographie\/wp-json\/wp\/v2\/pages\/67"}],"wp:attachment":[{"href":"https:\/\/blog.ube.fr\/licence-geographie\/wp-json\/wp\/v2\/media?parent=75"}],"curies":[{"name":"wp","href":"https:\/\/api.w.org\/{rel}","templated":true}]}}