{"id":67,"date":"2015-04-07T16:35:14","date_gmt":"2015-04-07T15:35:14","guid":{"rendered":"http:\/\/blog.u-bourgogne.fr\/licence-geographie\/?page_id=67"},"modified":"2017-12-06T15:24:20","modified_gmt":"2017-12-06T14:24:20","slug":"debouches","status":"publish","type":"page","link":"https:\/\/blog.ube.fr\/licence-geographie\/debouches\/","title":{"rendered":"D\u00e9bouch\u00e9s"},"content":{"rendered":"<p><a title=\"M\u00e9tiers vis\u00e9s\" href=\"http:\/\/blog.ube.fr\/licence-geographie\/debouches\/metiers-vises\/\">Les m\u00e9tiers vis\u00e9s<\/a><\/p>\n<p><a title=\"Masters\" href=\"http:\/\/blog.ube.fr\/licence-geographie\/debouches\/masters\/\">Masters<\/a><\/p>\n<p><a href=\"http:\/\/blog.ube.fr\/lpro-gevu\/\">Licence professionnelle<\/a><\/p>\n<p>Paroles de dipl\u00f4m\u00e9s<\/p>\n<p><a href=\"http:\/\/blog.ube.fr\/licence-geographie\/?p=51\">Forum des m\u00e9tiers<\/a><\/p>\n","protected":false},"excerpt":{"rendered":"<p>Les m\u00e9tiers vis\u00e9s Masters Licence professionnelle Paroles de dipl\u00f4m\u00e9s Forum des m\u00e9tiers<\/p>\n<p class=\"more-link-p\"><a class=\"btn btn-primary\" href=\"https:\/\/blog.ube.fr\/licence-geographie\/debouches\/\">Voir plus &rarr;<\/a><\/p>\n","protected":false},"author":66,"featured_media":0,"parent":0,"menu_order":0,"comment_status":"closed","ping_status":"open","template":"","meta":{"_exactmetrics_skip_tracking":false,"_exactmetrics_sitenote_active":false,"_exactmetrics_sitenote_note":"","_exactmetrics_sitenote_category":0,"footnotes":""},"class_list":["post-67","page","type-page","status-publish","hentry"],"_links":{"self":[{"href":"https:\/\/blog.ube.fr\/licence-geographie\/wp-json\/wp\/v2\/pages\/67","targetHints":{"allow":["GET"]}}],"collection":[{"href":"https:\/\/blog.ube.fr\/licence-geographie\/wp-json\/wp\/v2\/pages"}],"about":[{"href":"https:\/\/blog.ube.fr\/licence-geographie\/wp-json\/wp\/v2\/types\/page"}],"author":[{"embeddable":true,"href":"https:\/\/blog.ube.fr\/licence-geographie\/wp-json\/wp\/v2\/users\/66"}],"replies":[{"embeddable":true,"href":"https:\/\/blog.ube.fr\/licence-geographie\/wp-json\/wp\/v2\/comments?post=67"}],"version-history":[{"count":6,"href":"https:\/\/blog.ube.fr\/licence-geographie\/wp-json\/wp\/v2\/pages\/67\/revisions"}],"predecessor-version":[{"id":1090,"href":"https:\/\/blog.ube.fr\/licence-geographie\/wp-json\/wp\/v2\/pages\/67\/revisions\/1090"}],"wp:attachment":[{"href":"https:\/\/blog.ube.fr\/licence-geographie\/wp-json\/wp\/v2\/media?parent=67"}],"curies":[{"name":"wp","href":"https:\/\/api.w.org\/{rel}","templated":true}]}}