{"id":293,"date":"2015-09-04T14:22:48","date_gmt":"2015-09-04T13:22:48","guid":{"rendered":"http:\/\/blog.u-bourgogne.fr\/licence-geographie\/?page_id=293"},"modified":"2025-02-05T09:52:06","modified_gmt":"2025-02-05T08:52:06","slug":"representants-etudiants-du-departement-de-geographie","status":"publish","type":"page","link":"https:\/\/blog.ube.fr\/licence-geographie\/vie-etudiante\/representants-etudiants-du-departement-de-geographie\/","title":{"rendered":"Repr\u00e9sentants \u00e9tudiants du d\u00e9partement de G\u00e9ographie"},"content":{"rendered":"<p><strong>Repr\u00e9sentants \u00e9tudiants \u00e0 l&#8217;Assembl\u00e9e de D\u00e9partement<\/strong><\/p>\n<p>2024-25<\/p>\n<p>L1 : Lucas Coehlo &#8211; R\u00e9my Li\u00e8vre<\/p>\n<p>L2 : Lucile Chupin &#8211; R\u00e9my Mazoyer<\/p>\n<p>L3 :<\/p>\n<p>M1 TMEC : Margot Lamaud<br \/>\nM1 CClimAT : Ga\u00eblle Dagorn<\/p>\n<p>M2 TMEC : Tyche Lequin<br \/>\nM2 CClimAT : Arthur Conchon Barenton<\/p>\n<p>&nbsp;<\/p>\n<p>&nbsp;<\/p>\n<p>&nbsp;<\/p>\n","protected":false},"excerpt":{"rendered":"<p>Repr\u00e9sentants \u00e9tudiants \u00e0 l&#8217;Assembl\u00e9e de D\u00e9partement 2024-25 L1 : Lucas Coehlo &#8211; R\u00e9my Li\u00e8vre L2 : Lucile Chupin &#8211; R\u00e9my Mazoyer L3 : M1 TMEC : Margot Lamaud M1 CClimAT : Ga\u00eblle Dagorn M2 TMEC : Tyche Lequin M2 CClimAT : Arthur Conchon Barenton &nbsp; &nbsp; &nbsp;<\/p>\n<p class=\"more-link-p\"><a class=\"btn btn-primary\" href=\"https:\/\/blog.ube.fr\/licence-geographie\/vie-etudiante\/representants-etudiants-du-departement-de-geographie\/\">Voir plus &rarr;<\/a><\/p>\n","protected":false},"author":66,"featured_media":0,"parent":135,"menu_order":0,"comment_status":"open","ping_status":"open","template":"","meta":{"_exactmetrics_skip_tracking":false,"_exactmetrics_sitenote_active":false,"_exactmetrics_sitenote_note":"","_exactmetrics_sitenote_category":0,"footnotes":""},"class_list":["post-293","page","type-page","status-publish","hentry"],"_links":{"self":[{"href":"https:\/\/blog.ube.fr\/licence-geographie\/wp-json\/wp\/v2\/pages\/293","targetHints":{"allow":["GET"]}}],"collection":[{"href":"https:\/\/blog.ube.fr\/licence-geographie\/wp-json\/wp\/v2\/pages"}],"about":[{"href":"https:\/\/blog.ube.fr\/licence-geographie\/wp-json\/wp\/v2\/types\/page"}],"author":[{"embeddable":true,"href":"https:\/\/blog.ube.fr\/licence-geographie\/wp-json\/wp\/v2\/users\/66"}],"replies":[{"embeddable":true,"href":"https:\/\/blog.ube.fr\/licence-geographie\/wp-json\/wp\/v2\/comments?post=293"}],"version-history":[{"count":9,"href":"https:\/\/blog.ube.fr\/licence-geographie\/wp-json\/wp\/v2\/pages\/293\/revisions"}],"predecessor-version":[{"id":1386,"href":"https:\/\/blog.ube.fr\/licence-geographie\/wp-json\/wp\/v2\/pages\/293\/revisions\/1386"}],"up":[{"embeddable":true,"href":"https:\/\/blog.ube.fr\/licence-geographie\/wp-json\/wp\/v2\/pages\/135"}],"wp:attachment":[{"href":"https:\/\/blog.ube.fr\/licence-geographie\/wp-json\/wp\/v2\/media?parent=293"}],"curies":[{"name":"wp","href":"https:\/\/api.w.org\/{rel}","templated":true}]}}