{"id":23,"date":"2015-04-04T08:16:20","date_gmt":"2015-04-04T07:16:20","guid":{"rendered":"http:\/\/blog.u-bourgogne.fr\/licence-geographie\/?page_id=23"},"modified":"2025-02-05T09:47:34","modified_gmt":"2025-02-05T08:47:34","slug":"descriptif-des-cours","status":"publish","type":"page","link":"https:\/\/blog.ube.fr\/licence-geographie\/formation\/descriptif-des-cours\/","title":{"rendered":"Descriptif des cours"},"content":{"rendered":"<h3><span style=\"text-decoration: underline;\"><strong>Fiches enseignements<br \/>\n<\/strong><\/span><\/h3>\n<table style=\"height: 729px; background-color: #c9ecf0; border-color: #041880;\" width=\"716\">\n<tbody>\n<tr>\n<td><span style=\"color: #008080;\"><strong>L1-S1<\/strong><\/span><\/p>\n<ul>\n<li><a href=\"http:\/\/blog.ube.fr\/licence-geographie\/2015\/07\/02\/l1ue1_jfc\/\">Les Hommes sur la Terre<\/a><\/li>\n<li><a href=\"http:\/\/blog.ube.fr\/licence-geographie\/?p=511\">Syst\u00e8me monde<\/a><\/li>\n<li><a href=\"http:\/\/blog.ube.fr\/licence-geographie\/wp-content\/uploads\/sites\/23\/2015\/04\/fiche_histoire-de-la-Terre.pdf\">Histoire de la Terre<\/a><\/li>\n<li><a href=\"http:\/\/blog.ube.fr\/licence-geographie\/wp-content\/uploads\/sites\/23\/2015\/04\/fiche_ressourcesenvi.pdf\">Ressources environnementales<\/a><\/li>\n<li><a href=\"http:\/\/blog.ube.fr\/licence-geographie\/wp-content\/uploads\/sites\/23\/2015\/04\/fiche_c2i_informatique.pdf\">CUNA \/ CUNB (C2I)<\/a><\/li>\n<li>Anglais<\/li>\n<li>Des cartes : discours et m\u00e9thode<\/li>\n<li>UE Transdisciplinaire<\/li>\n<\/ul>\n<\/td>\n<td><span style=\"color: #008080;\"><strong>L1-S2<\/strong><\/span><\/p>\n<ul>\n<li><a href=\"http:\/\/blog.ube.fr\/licence-geographie\/2015\/11\/26\/l1-geographie-de-la-france\/\">G\u00e9ographie de la France<\/a><\/li>\n<li>G\u00e9ographie des espaces productifs<\/li>\n<li><a href=\"http:\/\/blog.ube.fr\/licence-geographie\/wp-content\/uploads\/sites\/23\/2015\/04\/fiche_biogeographie1.pdf\">Biog\u00e9ographie<\/a><\/li>\n<li><a href=\"http:\/\/blog.ube.fr\/licence-geographie\/?p=576&amp;preview=true\">Climatologie<\/a><\/li>\n<li>Statistique univari\u00e9e<\/li>\n<li><a href=\"http:\/\/blog.ube.fr\/licence-geographie\/?p=580&amp;preview=true\">Cartographie<\/a><\/li>\n<li>Anglais<\/li>\n<li><a href=\"http:\/\/blog.ube.fr\/licence-geographie\/wp-content\/uploads\/sites\/23\/2015\/10\/fiche_paysages.pdf\">Projet 1 : paysages<\/a><\/li>\n<li>Histoire des transitions \u00e9nerg\u00e9tiques (option AE)<\/li>\n<li>Droit administratif (option AE)<\/li>\n<\/ul>\n<\/td>\n<\/tr>\n<tr>\n<td><span style=\"color: #008080;\"><strong>L2-S1<\/strong><\/span><\/p>\n<ul>\n<li><a href=\"http:\/\/blog.ube.fr\/licence-geographie\/?p=510\">R\u00e9gions du monde<\/a><\/li>\n<li><a href=\"http:\/\/blog.ube.fr\/licence-geographie\/2016\/09\/07\/l2-geographie-urbaine\/\">G\u00e9ographie urbaine<\/a><\/li>\n<li><a href=\"http:\/\/blog.ube.fr\/licence-geographie\/wp-content\/uploads\/sites\/23\/2015\/04\/L2-G\u00e9ographie_geomorphologie_Ullmann.pdf\">G\u00e9omorphologie<\/a><\/li>\n<li><a href=\"http:\/\/blog.ube.fr\/licence-geographie\/2015\/12\/01\/l2-hydrologie\/\">Hydrologie<\/a><\/li>\n<li>Outils num\u00e9riques en environnement physique<\/li>\n<li><a href=\"http:\/\/blog.ube.fr\/licence-geographie\/wp-content\/uploads\/sites\/23\/2015\/04\/L2-G\u00e9ographie_statistique_Ullmann.pdf\">Statistique bivari\u00e9e<\/a><\/li>\n<li><a href=\"http:\/\/blog.ube.fr\/licence-geographie\/2015\/09\/16\/sig1\/\">Syst\u00e8mes d&#8217;Information G\u00e9ographique 1<\/a><\/li>\n<li>Anglais<\/li>\n<li>Projet 2 : cartographie urbaine<\/li>\n<li>Ecologie (option AE)<\/li>\n<li><a href=\"http:\/\/blog.ube.fr\/licence-geographie\/2017\/09\/22\/l2-urbanisme\/\">Urbanisme (option AE)<\/a><\/li>\n<\/ul>\n<\/td>\n<td>\u00a0<span style=\"color: #008080;\"><strong>L2-S2<\/strong><\/span><\/p>\n<ul>\n<li><a href=\"http:\/\/blog.ube.fr\/licence-geographie\/wp-content\/uploads\/sites\/23\/2015\/04\/L2-P\u00e9riurbain-descriptif.pdf\">Territoires p\u00e9riurbains<\/a><\/li>\n<li><a href=\"http:\/\/blog.ube.fr\/licence-geographie\/?p=918&amp;preview=true\">G\u00e9opolitique<\/a><\/li>\n<li><a href=\"http:\/\/blog.ube.fr\/licence-geographie\/wp-content\/uploads\/sites\/23\/2015\/04\/fiche_m\u00e9t\u00e9o.pdf\">M\u00e9t\u00e9orologie<\/a><\/li>\n<li><a href=\"http:\/\/blog.ube.fr\/licence-geographie\/wp-content\/uploads\/sites\/23\/2015\/04\/L2-G\u00e9ographie_Envi_phys_Ullmann.pdf\">Risques et enjeux des milieux physiques<\/a><\/li>\n<li>T\u00e9l\u00e9d\u00e9tection 1<\/li>\n<li>SIG 2<\/li>\n<li>Anglais<\/li>\n<li><a href=\"http:\/\/blog.ube.fr\/licence-geographie\/2015\/11\/23\/l2-geographie-amenagement-camp-terrain\/\">Projet 3 : \u00e9cotourisme<\/a><\/li>\n<li><a href=\"http:\/\/blog.ube.fr\/licence-geographie\/wp-content\/uploads\/sites\/23\/2015\/04\/fiche_d\u00e9mographie.pdf\">D\u00e9mographie (option AE)<\/a><\/li>\n<li>Droit de l\u2019am\u00e9nagement (option AE)<\/li>\n<\/ul>\n<\/td>\n<\/tr>\n<tr>\n<td><span style=\"color: #008080;\"><strong>L3-S1<\/strong><\/span><\/p>\n<ul>\n<li style=\"list-style-type: none;\">\n<ul>\n<li><a href=\"http:\/\/blog.ube.fr\/licence-geographie\/?p=512\">G\u00e9ographie : science en mouvement<\/a><\/li>\n<\/ul>\n<\/li>\n<\/ul>\n<ul>\n<li><a href=\"http:\/\/blog.ube.fr\/licence-geographie\/wp-content\/uploads\/sites\/23\/2015\/04\/fiche_ddsud.pdf\">D\u00e9veloppement durable : pays du Sud<\/a><\/li>\n<li><a href=\"http:\/\/blog.ube.fr\/licence-geographie\/2015\/12\/01\/l3-changement-climatique\/\">Changement climatique<\/a><\/li>\n<li><a href=\"http:\/\/blog.ube.fr\/licence-geographie\/wp-content\/uploads\/sites\/23\/2016\/02\/L3GEO_Statistiques_Multivari\u00e9es.pdf\">Statistique multivari\u00e9e<\/a><\/li>\n<li>SIG 3<\/li>\n<li>Anglais<\/li>\n<li>Pr\u00e9-professionalisation : retour d&#8217;exp\u00e9rience<\/li>\n<li><a href=\"http:\/\/blog.ube.fr\/licence-geographie\/?p=1006\">Gestion de la biodiversit\u00e9 (option AE)<\/a><\/li>\n<li>Am\u00e9nagement du territoire (option AE)<\/li>\n<\/ul>\n<\/td>\n<td>\u00a0<span style=\"color: #008080;\"><strong>L3-S2<\/strong><\/span><\/p>\n<ul>\n<li>G\u00e9o. des transports<\/li>\n<li>Gouvernance territoriale<\/li>\n<li><a href=\"http:\/\/blog.ube.fr\/licence-geographie\/wp-content\/uploads\/sites\/23\/2015\/04\/L3-G\u00e9ographie_DDpaysdunord_Ullmann.pdf\">D\u00e9veloppement durable : pays du Nord<\/a><\/li>\n<li>Energie et environnement<\/li>\n<li>T\u00e9l\u00e9d\u00e9tection 2<\/li>\n<li>Analyse spatiale<\/li>\n<li>Anglais<\/li>\n<li>Projet 5 : poster SIG<\/li>\n<li>Pr\u00e9-professionalisation : e-portfolio<\/li>\n<li>Variabilit\u00e9 climatique (option AE)<\/li>\n<li>Am\u00e9nagement urbain (option AE)<\/li>\n<\/ul>\n<\/td>\n<\/tr>\n<\/tbody>\n<\/table>\n<p>&nbsp;<\/p>\n<p>&nbsp;<\/p>\n","protected":false},"excerpt":{"rendered":"<p>Fiches enseignements L1-S1 Les Hommes sur la Terre Syst\u00e8me monde Histoire de la Terre Ressources environnementales CUNA \/ CUNB (C2I) Anglais Des cartes : discours et m\u00e9thode UE Transdisciplinaire L1-S2 G\u00e9ographie de la France G\u00e9ographie des espaces productifs Biog\u00e9ographie Climatologie Statistique univari\u00e9e Cartographie Anglais Projet 1 : paysages Histoire des transitions \u00e9nerg\u00e9tiques (option AE) Droit&hellip;<\/p>\n<p class=\"more-link-p\"><a class=\"btn btn-primary\" href=\"https:\/\/blog.ube.fr\/licence-geographie\/formation\/descriptif-des-cours\/\">Voir plus &rarr;<\/a><\/p>\n","protected":false},"author":66,"featured_media":0,"parent":16,"menu_order":3,"comment_status":"closed","ping_status":"open","template":"","meta":{"_exactmetrics_skip_tracking":false,"_exactmetrics_sitenote_active":false,"_exactmetrics_sitenote_note":"","_exactmetrics_sitenote_category":0,"footnotes":""},"class_list":["post-23","page","type-page","status-publish","hentry"],"_links":{"self":[{"href":"https:\/\/blog.ube.fr\/licence-geographie\/wp-json\/wp\/v2\/pages\/23","targetHints":{"allow":["GET"]}}],"collection":[{"href":"https:\/\/blog.ube.fr\/licence-geographie\/wp-json\/wp\/v2\/pages"}],"about":[{"href":"https:\/\/blog.ube.fr\/licence-geographie\/wp-json\/wp\/v2\/types\/page"}],"author":[{"embeddable":true,"href":"https:\/\/blog.ube.fr\/licence-geographie\/wp-json\/wp\/v2\/users\/66"}],"replies":[{"embeddable":true,"href":"https:\/\/blog.ube.fr\/licence-geographie\/wp-json\/wp\/v2\/comments?post=23"}],"version-history":[{"count":55,"href":"https:\/\/blog.ube.fr\/licence-geographie\/wp-json\/wp\/v2\/pages\/23\/revisions"}],"predecessor-version":[{"id":1397,"href":"https:\/\/blog.ube.fr\/licence-geographie\/wp-json\/wp\/v2\/pages\/23\/revisions\/1397"}],"up":[{"embeddable":true,"href":"https:\/\/blog.ube.fr\/licence-geographie\/wp-json\/wp\/v2\/pages\/16"}],"wp:attachment":[{"href":"https:\/\/blog.ube.fr\/licence-geographie\/wp-json\/wp\/v2\/media?parent=23"}],"curies":[{"name":"wp","href":"https:\/\/api.w.org\/{rel}","templated":true}]}}