{"id":135,"date":"2015-04-21T09:34:35","date_gmt":"2015-04-21T08:34:35","guid":{"rendered":"http:\/\/blog.u-bourgogne.fr\/licence-geographie\/?page_id=135"},"modified":"2017-12-06T15:53:11","modified_gmt":"2017-12-06T14:53:11","slug":"vie-etudiante","status":"publish","type":"page","link":"https:\/\/blog.ube.fr\/licence-geographie\/vie-etudiante\/","title":{"rendered":"Vie \u00e9tudiante"},"content":{"rendered":"<hr \/>\n<ul style=\"list-style-type: square\">\n<li><a href=\"https:\/\/www.facebook.com\/AEGDijon\/\"><strong>Association Etudiante des G\u00e9ographes Dijonnais (AEGD)<br \/>\n<\/strong><\/a><\/li>\n<\/ul>\n<ul style=\"list-style-type: square\">\n<li><strong><a href=\"http:\/\/blog.ube.fr\/licence-geographie\/vie-etudiante\/representants-etudiants-du-departement-de-geographie\/\">Repr\u00e9sentants \u00e9tudiants \u00e0 l&#8217;Assembl\u00e9e de D\u00e9partement<br \/>\n<\/a><\/strong><\/li>\n<li><strong><a href=\"http:\/\/blog.ube.fr\/licence-geographie\/2015\/09\/17\/tutorat-en-l1\/\">Tutorat<br \/>\n<\/a><\/strong><\/li>\n<li><strong>Cartoth\u00e8que<\/strong><\/li>\n<\/ul>\n<p style=\"padding-left: 30px\"><em><strong><a href=\"http:\/\/blog.ube.fr\/licence-geographie\/2015\/10\/12\/moniteurs-de-la-cartotheque\/\">&#8211; Horaires d&#8217;ouverture et moniteurs de la cartoth\u00e8que<br \/>\n&#8211; <\/a><\/strong><\/em><em><strong><a href=\"http:\/\/blog.ube.fr\/licence-geographie\/?p=684\">Inventaire des cartes disponibles<\/a><\/strong><\/em><\/p>\n<ul style=\"list-style-type: square\">\n<li><strong><a href=\"http:\/\/blog.ube.fr\/licence-geographie\/2016\/03\/23\/inventaire-cartotheque-2\/\">R\u00e9seau social de l&#8217;uB\u00a0 <img loading=\"lazy\" decoding=\"async\" class=\"\" title=\"\" src=\"http:\/\/blog.ube.fr\/licence-geographie\/wp-content\/uploads\/sites\/23\/2015\/10\/logoUBLINK.png\" alt=\"\" width=\"117\" height=\"73\" \/><br \/>\n<\/a><\/strong><\/li>\n<li><strong><a href=\"http:\/\/sciences-humaines.u-bourgogne.fr\/scolarite\/annales.html\">Annales des sujets d&#8217;examen<br \/>\n<\/a><\/strong><\/li>\n<\/ul>\n<p>&nbsp;<\/p>\n","protected":false},"excerpt":{"rendered":"<p>Association Etudiante des G\u00e9ographes Dijonnais (AEGD) Repr\u00e9sentants \u00e9tudiants \u00e0 l&#8217;Assembl\u00e9e de D\u00e9partement Tutorat Cartoth\u00e8que &#8211; Horaires d&#8217;ouverture et moniteurs de la cartoth\u00e8que &#8211; Inventaire des cartes disponibles R\u00e9seau social de l&#8217;uB\u00a0 Annales des sujets d&#8217;examen &nbsp;<\/p>\n<p class=\"more-link-p\"><a class=\"btn btn-primary\" href=\"https:\/\/blog.ube.fr\/licence-geographie\/vie-etudiante\/\">Voir plus &rarr;<\/a><\/p>\n","protected":false},"author":66,"featured_media":0,"parent":0,"menu_order":0,"comment_status":"closed","ping_status":"open","template":"","meta":{"_exactmetrics_skip_tracking":false,"_exactmetrics_sitenote_active":false,"_exactmetrics_sitenote_note":"","_exactmetrics_sitenote_category":0,"footnotes":""},"class_list":["post-135","page","type-page","status-publish","hentry"],"_links":{"self":[{"href":"https:\/\/blog.ube.fr\/licence-geographie\/wp-json\/wp\/v2\/pages\/135","targetHints":{"allow":["GET"]}}],"collection":[{"href":"https:\/\/blog.ube.fr\/licence-geographie\/wp-json\/wp\/v2\/pages"}],"about":[{"href":"https:\/\/blog.ube.fr\/licence-geographie\/wp-json\/wp\/v2\/types\/page"}],"author":[{"embeddable":true,"href":"https:\/\/blog.ube.fr\/licence-geographie\/wp-json\/wp\/v2\/users\/66"}],"replies":[{"embeddable":true,"href":"https:\/\/blog.ube.fr\/licence-geographie\/wp-json\/wp\/v2\/comments?post=135"}],"version-history":[{"count":34,"href":"https:\/\/blog.ube.fr\/licence-geographie\/wp-json\/wp\/v2\/pages\/135\/revisions"}],"predecessor-version":[{"id":1101,"href":"https:\/\/blog.ube.fr\/licence-geographie\/wp-json\/wp\/v2\/pages\/135\/revisions\/1101"}],"wp:attachment":[{"href":"https:\/\/blog.ube.fr\/licence-geographie\/wp-json\/wp\/v2\/media?parent=135"}],"curies":[{"name":"wp","href":"https:\/\/api.w.org\/{rel}","templated":true}]}}