{"id":113,"date":"2015-04-16T17:10:09","date_gmt":"2015-04-16T16:10:09","guid":{"rendered":"http:\/\/blog.u-bourgogne.fr\/licence-geographie\/?page_id=113"},"modified":"2022-03-01T08:48:18","modified_gmt":"2022-03-01T07:48:18","slug":"forum-des-metiers","status":"publish","type":"page","link":"https:\/\/blog.ube.fr\/licence-geographie\/debouches\/forum-des-metiers\/","title":{"rendered":"Forum des m\u00e9tiers"},"content":{"rendered":"<p>G\u00e9oforum 2022<\/p>\n<ul style=\"list-style-type: circle;\">\n<li><a href=\"https:\/\/blog.ube.fr\/licence-geographie\/?p=1329\">Programme<\/a><\/li>\n<li><a href=\"https:\/\/blog.ube.fr\/licence-geographie\/?p=1340\">Election du meilleur poster scientifique<\/a><\/li>\n<\/ul>\n<p>G\u00e9oforum 2021<\/p>\n<ul>\n<li><a href=\"https:\/\/blog.ube.fr\/licence-geographie\/?p=1299\">Programme<\/a><\/li>\n<\/ul>\n<p>G\u00e9oforum 2017<\/p>\n<ul>\n<li><a href=\"http:\/\/blog.ube.fr\/licence-geographie\/?p=898\">Programme<\/a><\/li>\n<\/ul>\n<p><a href=\"http:\/\/blog.ube.fr\/licence-geographie\/2016\/03\/30\/forum-metiers-edition-2016\/\">G\u00e9oforum 2016<\/a><\/p>\n<ul>\n<li><a href=\"http:\/\/blog.ube.fr\/licence-geographie\/2016\/03\/30\/forum-metiers-edition-2016\/\">Annonce du forum<\/a><\/li>\n<li><a href=\"http:\/\/blog.ube.fr\/licence-geographie\/?p=742&amp;preview=true\">Bilan et photos<\/a><\/li>\n<\/ul>\n<p><a href=\"http:\/\/blog.ube.fr\/licence-geographie\/?p=51\">G\u00e9oforum 2015<\/a><\/p>\n","protected":false},"excerpt":{"rendered":"<p>G\u00e9oforum 2022 Programme Election du meilleur poster scientifique G\u00e9oforum 2021 Programme G\u00e9oforum 2017 Programme G\u00e9oforum 2016 Annonce du forum Bilan et photos G\u00e9oforum 2015<\/p>\n<p class=\"more-link-p\"><a class=\"btn btn-primary\" href=\"https:\/\/blog.ube.fr\/licence-geographie\/debouches\/forum-des-metiers\/\">Voir plus &rarr;<\/a><\/p>\n","protected":false},"author":66,"featured_media":0,"parent":67,"menu_order":0,"comment_status":"closed","ping_status":"open","template":"","meta":{"_exactmetrics_skip_tracking":false,"_exactmetrics_sitenote_active":false,"_exactmetrics_sitenote_note":"","_exactmetrics_sitenote_category":0,"footnotes":""},"class_list":["post-113","page","type-page","status-publish","hentry"],"_links":{"self":[{"href":"https:\/\/blog.ube.fr\/licence-geographie\/wp-json\/wp\/v2\/pages\/113","targetHints":{"allow":["GET"]}}],"collection":[{"href":"https:\/\/blog.ube.fr\/licence-geographie\/wp-json\/wp\/v2\/pages"}],"about":[{"href":"https:\/\/blog.ube.fr\/licence-geographie\/wp-json\/wp\/v2\/types\/page"}],"author":[{"embeddable":true,"href":"https:\/\/blog.ube.fr\/licence-geographie\/wp-json\/wp\/v2\/users\/66"}],"replies":[{"embeddable":true,"href":"https:\/\/blog.ube.fr\/licence-geographie\/wp-json\/wp\/v2\/comments?post=113"}],"version-history":[{"count":10,"href":"https:\/\/blog.ube.fr\/licence-geographie\/wp-json\/wp\/v2\/pages\/113\/revisions"}],"predecessor-version":[{"id":1341,"href":"https:\/\/blog.ube.fr\/licence-geographie\/wp-json\/wp\/v2\/pages\/113\/revisions\/1341"}],"up":[{"embeddable":true,"href":"https:\/\/blog.ube.fr\/licence-geographie\/wp-json\/wp\/v2\/pages\/67"}],"wp:attachment":[{"href":"https:\/\/blog.ube.fr\/licence-geographie\/wp-json\/wp\/v2\/media?parent=113"}],"curies":[{"name":"wp","href":"https:\/\/api.w.org\/{rel}","templated":true}]}}