{"id":10,"date":"2015-04-04T07:28:33","date_gmt":"2015-04-04T06:28:33","guid":{"rendered":"http:\/\/blog.u-bourgogne.fr\/licence-geographie\/?page_id=10"},"modified":"2025-01-18T13:03:03","modified_gmt":"2025-01-18T12:03:03","slug":"enseignants","status":"publish","type":"page","link":"https:\/\/blog.ube.fr\/licence-geographie\/enseignants\/","title":{"rendered":"Enseignants"},"content":{"rendered":"<p><strong>Professeurs et Ma\u00eetres de conf\u00e9rences<\/strong><\/p>\n<hr \/>\n<p>&nbsp;<\/p>\n<p><a href=\"http:\/\/blog.ube.fr\/licence-geographie\/2015\/09\/25\/jean-philippe-antoni-enseignements\/\">Jean-Philippe ANTONI<\/a><\/p>\n<p><a href=\"http:\/\/blog.ube.fr\/licence-geographie\/?p=147\">Yves BOQUET<\/a><\/p>\n<p><a href=\"http:\/\/blog.ube.fr\/licence-geographie\/2015\/04\/04\/cours\/\">Pierre CAMBERLIN<\/a><\/p>\n<p>Val\u00e9rie FACCHINETTI-MANNONE<\/p>\n<p><a href=\"http:\/\/blog.ube.fr\/licence-geographie\/2015\/07\/02\/julie-fen-chong-enseignements\/\">Julie FEN-CHONG<\/a><\/p>\n<p><a href=\"http:\/\/blog.ube.fr\/licence-geographie\/2015\/11\/09\/anne-jegou\/\">Anne JEGOU<\/a><\/p>\n<p>Nad\u00e8ge MARTINY<\/p>\n<p>M\u00e9lissa POUPELIN<\/p>\n<p><a href=\"http:\/\/blog.ube.fr\/licence-geographie\/2015\/06\/12\/yves-richard-enseignements\/\">Yves RICHARD<\/a><\/p>\n<p>Pascal ROUCOU<\/p>\n<p>Thomas THEVENIN<\/p>\n<p><a href=\"http:\/\/blog.ube.fr\/licence-geographie\/2015\/06\/08\/enseignements-2\/\">Albin ULLMANN<\/a><\/p>\n<p>&nbsp;<\/p>\n<p>&nbsp;<\/p>\n","protected":false},"excerpt":{"rendered":"<p>Professeurs et Ma\u00eetres de conf\u00e9rences &nbsp; Jean-Philippe ANTONI Yves BOQUET Pierre CAMBERLIN Val\u00e9rie FACCHINETTI-MANNONE Julie FEN-CHONG Anne JEGOU Nad\u00e8ge MARTINY M\u00e9lissa POUPELIN Yves RICHARD Pascal ROUCOU Thomas THEVENIN Albin ULLMANN &nbsp; &nbsp;<\/p>\n<p class=\"more-link-p\"><a class=\"btn btn-primary\" href=\"https:\/\/blog.ube.fr\/licence-geographie\/enseignants\/\">Voir plus &rarr;<\/a><\/p>\n","protected":false},"author":66,"featured_media":0,"parent":0,"menu_order":0,"comment_status":"closed","ping_status":"open","template":"","meta":{"_exactmetrics_skip_tracking":false,"_exactmetrics_sitenote_active":false,"_exactmetrics_sitenote_note":"","_exactmetrics_sitenote_category":0,"footnotes":""},"class_list":["post-10","page","type-page","status-publish","hentry"],"_links":{"self":[{"href":"https:\/\/blog.ube.fr\/licence-geographie\/wp-json\/wp\/v2\/pages\/10","targetHints":{"allow":["GET"]}}],"collection":[{"href":"https:\/\/blog.ube.fr\/licence-geographie\/wp-json\/wp\/v2\/pages"}],"about":[{"href":"https:\/\/blog.ube.fr\/licence-geographie\/wp-json\/wp\/v2\/types\/page"}],"author":[{"embeddable":true,"href":"https:\/\/blog.ube.fr\/licence-geographie\/wp-json\/wp\/v2\/users\/66"}],"replies":[{"embeddable":true,"href":"https:\/\/blog.ube.fr\/licence-geographie\/wp-json\/wp\/v2\/comments?post=10"}],"version-history":[{"count":22,"href":"https:\/\/blog.ube.fr\/licence-geographie\/wp-json\/wp\/v2\/pages\/10\/revisions"}],"predecessor-version":[{"id":1368,"href":"https:\/\/blog.ube.fr\/licence-geographie\/wp-json\/wp\/v2\/pages\/10\/revisions\/1368"}],"wp:attachment":[{"href":"https:\/\/blog.ube.fr\/licence-geographie\/wp-json\/wp\/v2\/media?parent=10"}],"curies":[{"name":"wp","href":"https:\/\/api.w.org\/{rel}","templated":true}]}}