{"id":6,"date":"2024-12-09T10:05:17","date_gmt":"2024-12-09T09:05:17","guid":{"rendered":"https:\/\/blog.u-bourgogne.fr\/lasemaineverslemploi-ube\/?page_id=6"},"modified":"2026-03-09T12:08:32","modified_gmt":"2026-03-09T11:08:32","slug":"programme-et-inscriptions-pour-les-etudiants","status":"publish","type":"page","link":"https:\/\/blog.ube.fr\/lasemaineverslemploi-ube\/programme-et-inscriptions-pour-les-etudiants\/","title":{"rendered":"Programme et inscriptions pour les \u00e9tudiants"},"content":{"rendered":"<section class=\"kc-elm kc-css-751385 kc_row\"><div class=\"kc-row-container  kc-container\"><div class=\"kc-wrap-columns\"><div class=\"kc-elm kc-css-83251 kc_col-sm-12 kc_column kc_col-sm-12\"><div class=\"kc-col-container\"><div class=\"kc-elm kc-css-512813 kc_text_block\"><\/p>\n<p>\nEn fonction de tes objectifs, trouve l&#039;activit\u00e9 qui te convient et inscris-toi pour participer.<\/p>\n<p>\n<\/div><div class=\"kc-elm kc-css-695836\" style=\"height: 20px; clear: both; width:100%;\"><\/div><div class=\"kc-elm kc-css-431183 kc_row kc_row_inner\"><div class=\"kc-elm kc-css-13986 kc_col-sm-4 kc_column_inner kc_col-sm-4\"><div class=\"kc_wrapper kc-col-inner-container\">\n<div class=\"kc-elm kc-css-29360\">\n\t<a class=\"kc_button\" href=\"https:\/\/sondages.ube.fr\/index.php\/648727?lang=fr\" target=\"_self\" title=\"\" onclick=\"\">\n\t\tInscris-toi aux Jobs Datings\t<\/a>\n<\/div>\n<\/div><\/div><div class=\"kc-elm kc-css-694894 kc_col-sm-4 kc_column_inner kc_col-sm-4\"><div class=\"kc_wrapper kc-col-inner-container\">\n<div class=\"kc-elm kc-css-992608\">\n\t<a class=\"kc_button\" href=\"https:\/\/sondages.ube.fr\/index.php\/412543?lang=fr\" target=\"_self\" title=\"\" onclick=\"\">\n\t\tInscris-toi au Forum\t<\/a>\n<\/div>\n<\/div><\/div><div class=\"kc-elm kc-css-213590 kc_col-sm-4 kc_column_inner kc_col-sm-4\"><div class=\"kc_wrapper kc-col-inner-container\">\n<div class=\"kc-elm kc-css-688751\">\n\t<a class=\"kc_button\" href=\"https:\/\/sondages.ube.fr\/index.php\/179991?lang=fr\" target=\"_self\" title=\"\" onclick=\"\">\n\t\tInscris-toi aux autres activit\u00e9s\t<\/a>\n<\/div>\n<\/div><\/div><\/div><div class=\"kc-elm kc-css-168463\" style=\"height: 48px; clear: both; width:100%;\"><\/div><div class=\"kc-elm kc-css-738864 kc_row kc_row_inner\"><div class=\"kc-elm kc-css-183051 kc_col-sm-4 kc_column_inner kc_col-sm-4\"><div class=\"kc_wrapper kc-col-inner-container\">\n<div class=\"kc-elm kc-css-390068 kc-title-wrap \">\n\n\t<h3 class=\"kc_title\">Lundi 09 mars<\/h3>\n<\/div>\n<\/div><\/div><div class=\"kc-elm kc-css-541205 kc_col-sm-8 kc_column_inner kc_col-sm-8\"><div class=\"kc_wrapper kc-col-inner-container\"><div data-closeall=\"true\" class=\"kc-elm kc-css-106161 kc_accordion_wrapper\">\n<div class=\"kc-elm kc-css-18418 kc_accordion_section group \"><h3 class=\"kc_accordion_header ui-accordion-header\"><span class=\"ui-accordion-header-icon ui-icon\"><\/span><a href=\"#prepare-toi-au-jobs-dating-et-fais-la-difference\" data-prevent=\"scroll\"><i class=\"\"><\/i> Pr\u00e9pare-toi au jobs dating et fais la diff\u00e9rence !<\/a><\/h3><div class=\"kc_accordion_content ui-accordion-content kc_clearfix\"><div class=\"kc-panel-body\"><div class=\"kc-elm kc-css-777649 kc_text_block\"><\/p>\n<div>\n<table style=\"border-collapse: collapse; width: 88.6182%;\" width=\"391\">\n<tbody>\n<tr style=\"height: 86.25pt;\">\n<td class=\"xl17\" style=\"width: 100%; height: 86.25pt;\" width=\"391\" height=\"115\">\n<h3><strong>Pr\u00e9pare-toi aux jobs dating\u00a0et fais la diff\u00e9rence\u00a0! <\/strong><\/h3>\n<h3><span style=\"font-family: arial, helvetica, sans-serif; font-size: 10pt;\">\ud83d\udd52 Lundi apr\u00e8s-midi &#8211; De 14h \u00e0 17h &#8211; \ud83d\udccdGrande salle Multiplex<br \/><\/span><\/h3>\n<p><strong>Pour les \u00e9tudiants inscrits aux jobs dating<\/strong> <em>(inscription obligatoire)<\/em><\/p>\n<p>Tu as rep\u00e9r\u00e9 un <strong>job dating<\/strong> pendant la Semaine de l\u2019Emploi et de l\u2019Apprentissage mais tu ne sais pas comment t\u2019y pr\u00e9parer ? Bonne nouvelle : nous mettons en place des <strong>stands de pr\u00e9paration<\/strong> pour t\u2019aider \u00e0 maximiser tes chances.<\/p>\n<p>\ud83d\udd52 Pourquoi participer ?<\/p>\n<ul>\n<li>Valoriser ton CV et ton parcours aupr\u00e8s des entreprises pr\u00e9sentes<\/li>\n<li>Pr\u00e9parer ton pitch et gagner en aisance \u00e0 l\u2019oral<\/li>\n<li>Comprendre les attentes des recruteurs selon les secteurs<\/li>\n<li>Arriver le jour J plus confiant et plus convaincant<\/li>\n<\/ul>\n<\/td>\n<\/tr>\n<\/tbody>\n<\/table>\n<\/div>\n<p>\n<\/div><\/div><\/div><\/div><div class=\"kc-elm kc-css-799765 kc_accordion_section group \"><h3 class=\"kc_accordion_header ui-accordion-header\"><span class=\"ui-accordion-header-icon ui-icon\"><\/span><a href=\"#metiers-de-demain-explore-comprends-anticipe\" data-prevent=\"scroll\"><i class=\"\"><\/i> M\u00e9tiers de demain : explore, comprends, anticipe ! <\/a><\/h3><div class=\"kc_accordion_content ui-accordion-content kc_clearfix\"><div class=\"kc-panel-body\"><div class=\"kc-elm kc-css-559762 kc_text_block\"><\/p>\n<div>\n<table style=\"border-collapse: collapse; width: 88.6182%;\" width=\"391\">\n<tbody>\n<tr style=\"height: 84.75pt;\">\n<td class=\"xl17\" style=\"height: 84.75pt; width: 100%;\" height=\"113\">\n<h3><strong>M\u00e9tiers de demain : explore, comprends, anticipe ! <\/strong><\/h3>\n<p><span style=\"font-family: arial, helvetica, sans-serif; font-size: 10pt;\">\ud83d\udd52 Lundi apr\u00e8s-midi &#8211; De 14h \u00e0 17h &#8211; \ud83d\udccdSalle Multiple<br \/><\/span><\/p>\n<p><strong>Pour tous les \u00e9tudiants<\/strong> <em>(inscription obligatoire)<\/em><\/p>\n<p>Et si tu d\u00e9couvrais les m\u00e9tiers de demain autrement ?<\/p>\n<p>\u00c0 travers des jeux, des \u00e9changes et des mises en situation, cette animation te permet de comprendre les \u00e9volutions du monde professionnel et d\u2019identifier les comp\u00e9tences-cl\u00e9s pour r\u00e9ussir demain.<br \/>Une approche dynamique pour <strong>anticiper, s\u2019informer et se pr\u00e9parer<\/strong> aux m\u00e9tiers de demain.<\/p>\n<p>\ud83d\udca1 <strong>Pourquoi participer ?<\/strong><\/p>\n<ul>\n<li>Mieux comprendre les \u00e9volutions du monde professionnel et les enjeux de demain<\/li>\n<li>D\u00e9couvrir des m\u00e9tiers \u00e9mergents auxquels tu n\u2019aurais pas forc\u00e9ment pens\u00e9<\/li>\n<li>Identifier les comp\u00e9tences cl\u00e9s \u00e0 d\u00e9velopper d\u00e8s aujourd\u2019hui<\/li>\n<li>Apprendre de fa\u00e7on ludique et interactive, loin des formats classiques<\/li>\n<\/ul>\n<\/td>\n<\/tr>\n<\/tbody>\n<\/table>\n<\/div>\n<p>\n<\/div><\/div><\/div><\/div><\/div>\n<div class=\"kc-elm kc-css-887968\" style=\"height: 20px; clear: both; width:100%;\"><\/div><\/div><\/div><\/div><div class=\"kc-elm kc-css-683593 kc_row kc_row_inner\"><div class=\"kc-elm kc-css-140607 kc_col-sm-4 kc_column_inner kc_col-sm-4\"><div class=\"kc_wrapper kc-col-inner-container\">\n<div class=\"kc-elm kc-css-893963 kc-title-wrap \">\n\n\t<h3 class=\"kc_title\">Mardi 10 mars<\/h3>\n<\/div>\n<\/div><\/div><div class=\"kc-elm kc-css-861778 kc_col-sm-8 kc_column_inner kc_col-sm-8\"><div class=\"kc_wrapper kc-col-inner-container\"><div data-closeall=\"true\" class=\"kc-elm kc-css-592482 kc_accordion_wrapper\">\n<div class=\"kc-elm kc-css-689170 kc_accordion_section group \"><h3 class=\"kc_accordion_header ui-accordion-header\"><span class=\"ui-accordion-header-icon ui-icon\"><\/span><a href=\"#job-dating-alternance-rencontre-des-recruteurs\" data-prevent=\"scroll\"><i class=\"\"><\/i> Job dating alternance : rencontre des recruteurs<\/a><\/h3><div class=\"kc_accordion_content ui-accordion-content kc_clearfix\"><div class=\"kc-panel-body\"><div class=\"kc-elm kc-css-245416 kc_text_block\"><\/p>\n<p><span style=\"font-family: arial, helvetica, sans-serif; font-size: 10pt;\">\ud83d\udd52 Mardi matin &#8211; De 9h \u00e0 12h &#8211; \ud83d\udccdGrande salle Multiplex\u00a0\u00a0<\/span><\/p>\n<div>\n<table style=\"border-collapse: collapse; width: 357pt;\">\n<tbody>\n<tr style=\"height: 78.0pt;\">\n<td class=\"xl36\" style=\"width: 357pt; height: 78.0pt;\" width=\"476\" height=\"104\">ANNUL\u00c9<\/td>\n<\/tr>\n<\/tbody>\n<\/table>\n<\/div>\n<div>\u00a0<\/div>\n<div>\u00a0<\/div>\n<p>\n<\/div><\/div><\/div><\/div><div class=\"kc-elm kc-css-11184 kc_accordion_section group \"><h3 class=\"kc_accordion_header ui-accordion-header\"><span class=\"ui-accordion-header-icon ui-icon\"><\/span><a href=\"#booste-tes-candidatures-conseils-pratiques-et-atelier-photo-pour-ton-cv\" data-prevent=\"scroll\"><i class=\"\"><\/i> Booste tes candidatures : conseils pratiques et atelier photo pour ton CV<\/a><\/h3><div class=\"kc_accordion_content ui-accordion-content kc_clearfix\"><div class=\"kc-panel-body\"><div class=\"kc-elm kc-css-720702 kc_text_block\"><\/p>\n<div>\n<table style=\"border-collapse: collapse; width: 97.3733%;\" width=\"476\">\n<tbody>\n<tr style=\"height: 78.0pt;\">\n<td class=\"xl36\" style=\"width: 100%; height: 78pt;\" width=\"476\" height=\"104\">\n<h3><strong>Permanence Candidature<br \/><\/strong><span style=\"font-family: arial, helvetica, sans-serif; font-size: 10pt;\">\ud83d\udd52 Mardi apr\u00e8s-midi &#8211; De 14h \u00e0 17h &#8211; \ud83d\udccdSalle Multiplex<br \/><strong>Pour tous les \u00e9tudiants<\/strong><em> (inscription obligatoire)<\/em><br \/><\/span><\/h3>\n<p>Booste ton insertion professionnelle avec des conseils pratiques pour am\u00e9liorer tes documents de candidature et ton pitch de pr\u00e9sentation, afin de maximiser tes chances sur le march\u00e9 du travail !<\/p>\n<p>\ud83d\udca1 Pourquoi participer ?<\/p>\n<p>\u25cf Fais relire ton CV, ta LM par des professionnels de l\u2019accompagnement \u00e0 la recherche d\u2019emploi !<br \/>\u25cf Apprends \u00e0 pr\u00e9senter ton parcours en 2 minutes de mani\u00e8re convaincante<br \/>\u25cf D\u00e9couvre l\u2019int\u00e9r\u00eat de LinkedIn et apprends \u00e0 optimiser ton profil<\/p>\n<\/td>\n<\/tr>\n<tr style=\"height: 86.25pt;\">\n<td class=\"xl17\" style=\"height: 86.25pt; width: 100%;\" height=\"115\">\n<h3><strong>1 Photo pro pour ton CV<br \/><\/strong><span style=\"font-family: arial, helvetica, sans-serif; font-size: 10pt;\">\ud83d\udd52 Mardi apr\u00e8s-midi &#8211; De 14h \u00e0 17h &#8211; \ud83d\udccdSalle Multiplex\u00a0\u00a0<\/span><\/h3>\n<p><strong><span style=\"font-family: arial, helvetica, sans-serif; font-size: 10pt;\">Pour tous les \u00e9tudiants &#8211; <\/span><\/strong><span style=\"font-family: arial, helvetica, sans-serif; font-size: 10pt;\">Places limit\u00e9es ! <em>(inscription obligatoire)<\/em><\/span><\/p>\n<p>Fini les selfies sur ton CV\u00a0! Viens te faire tirer le portrait par un photographe et repars avec une photo professionnelle, num\u00e9rique, que tu pourras mettre sur ton CV ou tes r\u00e9seaux sociaux professionnels.<\/p>\n<p>\ud83d\udca1<strong> Pourquoi participer ?<\/strong><\/p>\n<ul>\n<li>Renforcer l\u2019impact de tes outils de candidature<\/li>\n<li>Soigner ta premi\u00e8re impression aupr\u00e8s des recruteurs<\/li>\n<li>Gagner du temps avec une photo pr\u00eate \u00e0 l\u2019emploi, utilisable imm\u00e9diatement<\/li>\n<li>\u00catre accompagn\u00e9 pour une photo naturelle et adapt\u00e9e au monde pro<\/li>\n<\/ul>\n<hr>\n<h3><strong>Conseil en image : fais bonne impression au premier regard<br \/><\/strong><span style=\"font-family: arial, helvetica, sans-serif; font-size: 10pt;\">\ud83d\udd52 Mardi apr\u00e8s-midi &#8211; De 14h \u00e0 17h &#8211; \ud83d\udccdSalle Multiplex\u00a0\u00a0<\/span><\/h3>\n<p><strong><span style=\"font-family: arial, helvetica, sans-serif; font-size: 10pt;\">Pour tous les \u00e9tudiants &#8211; <\/span><\/strong><span style=\"font-family: arial, helvetica, sans-serif; font-size: 10pt;\">Places limit\u00e9es ! <em>(inscription obligatoire)<\/em><\/span><\/p>\n<p>Choisir une tenue professionnelle, les bonnes couleurs et accessoires pour un entretien ou une rencontre professionnelle peut parfois \u00eatre un vrai casse-t\u00eate\u00a0! \u00c0 travers des conseils personnalis\u00e9s et accessibles, une professionnelle du conseil en image t\u2019accompagne pour t\u2019aider \u00e0 adapter ton image aux codes en vigueur selon ton projet professionnel.<\/p>\n<p>\ud83d\udca1<strong> Pourquoi participer ?<\/strong><\/p>\n<ul>\n<li>Apprendre \u00e0 choisir la tenue adapt\u00e9e selon les occasions professionnelles<\/li>\n<li>Renforcer l\u2019impact de ta premi\u00e8re impression aupr\u00e8s des recruteurs<\/li>\n<li>Aligner ton image vestimentaire avec ton projet professionnel<\/li>\n<li>Gagner en confiance en toi<\/li>\n<\/ul>\n<\/td>\n<\/tr>\n<\/tbody>\n<\/table>\n<\/div>\n<p>\n<\/div><\/div><\/div><\/div><div class=\"kc-elm kc-css-376575 kc_accordion_section group \"><h3 class=\"kc_accordion_header ui-accordion-header\"><span class=\"ui-accordion-header-icon ui-icon\"><\/span><a href=\"#lemploi-mis-en-scene-a-toi-de-jouer\" data-prevent=\"scroll\"><i class=\"\"><\/i> L\u2019emploi mis en sc\u00e8ne : \u00e0 toi de jouer ! <\/a><\/h3><div class=\"kc_accordion_content ui-accordion-content kc_clearfix\"><div class=\"kc-panel-body\"><div class=\"kc-elm kc-css-140154 kc_text_block\"><\/p>\n<table style=\"border-collapse: collapse; width: 97.3733%;\" width=\"476\">\n<tbody>\n<tr style=\"height: 78.0pt;\">\n<td class=\"xl36\" style=\"width: 100%; height: 78pt;\" width=\"476\" height=\"104\">\n<h3><strong>L\u2019emploi mis en sc\u00e8ne\u00a0: \u00e0 toi de jouer\u00a0! <\/strong><\/h3>\n<h3><span style=\"font-family: arial, helvetica, sans-serif; font-size: 10pt;\">\ud83d\udd52 Mardi apr\u00e8s-midi &#8211; De 17h \u00e0 18h30 &#8211; \ud83d\udccdSalle Multiplex<br \/><strong>Pour tous les \u00e9tudiants<\/strong><em> (inscription obligatoire)<\/em><br \/><\/span><\/h3>\n<p>Plonge dans trois sc\u00e8nes inspirantes o\u00f9 tu observes un \u00e9tudiant : <strong>prendre ses propres d\u00e9cisions<\/strong><strong>, <\/strong><strong>s\u2019int\u00e9grer dans une nouvelle \u00e9quipe<\/strong> et <strong>collaborer avec des coll\u00e8gues de g\u00e9n\u00e9rations diff\u00e9rentes<\/strong><strong>.<\/strong><br \/>Ces sayn\u00e8tes te montrent concr\u00e8tement comment <strong>faire tes choix, d\u00e9velopper tes soft skills et valoriser la compl\u00e9mentarit\u00e9 dans le travail<\/strong><strong>.<br \/><\/strong>Accompagn\u00e9 par une troupe de com\u00e9diens, explore une fa\u00e7on ludique et immersive de <strong>pr\u00e9parer ton entr\u00e9e dans le monde professionnel et tes futures interactions au travail<\/strong><strong>.<\/strong><\/p>\n<p>Sayn\u00e8te 1 : Choisir, ce n\u2019est pas renoncer.<\/p>\n<p>Sayn\u00e8te 2 : Premier jour dans une nouvelle entreprise<\/p>\n<p>Sayn\u00e8te 3 : Diff\u00e9rences interg\u00e9n\u00e9rationnelles dans le monde du travail<\/p>\n<p>\ud83d\udca1 Pourquoi participer ?<\/p>\n<ul>\n<li>Vis une exp\u00e9rience ludique et immersive<\/li>\n<li>Comprends les points de vue des employeurs<\/li>\n<li>Repars avec des conseils concrets pour te d\u00e9marquer<\/li>\n<\/ul>\n<\/td>\n<\/tr>\n<\/tbody>\n<\/table>\n<p>\n<\/div><\/div><\/div><\/div><\/div>\n<div class=\"kc-elm kc-css-190103\" style=\"height: 20px; clear: both; width:100%;\"><\/div><\/div><\/div><\/div><div class=\"kc-elm kc-css-972540 kc_row kc_row_inner\"><div class=\"kc-elm kc-css-136870 kc_col-sm-4 kc_column_inner kc_col-sm-4\"><div class=\"kc_wrapper kc-col-inner-container\">\n<div class=\"kc-elm kc-css-34530 kc-title-wrap \">\n\n\t<h3 class=\"kc_title\">Mercredi 11 mars<\/h3>\n<\/div>\n<\/div><\/div><div class=\"kc-elm kc-css-425967 kc_col-sm-8 kc_column_inner kc_col-sm-8\"><div class=\"kc_wrapper kc-col-inner-container\"><div data-closeall=\"true\" class=\"kc-elm kc-css-683901 kc_accordion_wrapper\">\n<div class=\"kc-elm kc-css-696392 kc_accordion_section group \"><h3 class=\"kc_accordion_header ui-accordion-header\"><span class=\"ui-accordion-header-icon ui-icon\"><\/span><a href=\"#job-dating-alternance-rencontre-des-recruteurs\" data-prevent=\"scroll\"><i class=\"\"><\/i> Job dating alternance : rencontre des recruteurs<\/a><\/h3><div class=\"kc_accordion_content ui-accordion-content kc_clearfix\"><div class=\"kc-panel-body\"><div class=\"kc-elm kc-css-834086 kc_text_block\"><\/p>\n<div>\n<div>\n<table width=\"415\">\n<tbody>\n<tr>\n<td width=\"415\">\n<p><strong>BUT Information-communication<\/strong><\/p>\n<ul>\n<li>\n<ul>\n<li>Parcours Communication des Organisations (COMOR)<\/li>\n<li>Parcours M\u00e9tiers du Livre et du Patrimoine (MLP)<\/li>\n<\/ul>\n<\/li>\n<\/ul>\n<p><strong>BUT M\u00e9tiers du Multim\u00e9dia et de l\u2019Internet (MMI)<\/strong><\/p>\n<ul>\n<li>\n<ul>\n<li>Parcours Cr\u00e9ation Num\u00e9rique<\/li>\n<li>Parcours D\u00e9veloppement web et Dispositifs Interactifs (DWDI)<\/li>\n<li>Parcours Strat\u00e9gie de Communication Num\u00e9rique et Design d\u2019exp\u00e9rience (SCN2D)<\/li>\n<\/ul>\n<\/li>\n<\/ul>\n<p><strong>BUT Informatique<\/strong><\/p>\n<p><strong>BUT R\u00e9seaux &#038; t\u00e9l\u00e9communication<\/strong><\/p>\n<ul>\n<li>\n<ul>\n<li>Parcours Cybers\u00e9curit\u00e9<\/li>\n<li>Parcours Internet des Objets et Mobilit\u00e9<\/li>\n<\/ul>\n<\/li>\n<\/ul>\n<ul>\n<li><strong>BUT Gestion des Entreprises et des Administrations<\/strong><\/li>\n<\/ul>\n<ul>\n<li>Parcours Gestion Comptable Fiscale et Financi\u00e8re<\/li>\n<li>Parcours Gestion, Entreprenariat et Management d&#039;Activit\u00e9s<\/li>\n<li>Parcours Gestions et Pilotage des Ressources Humaines<\/li>\n<\/ul>\n<p><strong>BUT Gestion Administrative et Commerciale des Organisations<\/strong><\/p>\n<ul>\n<li>Parcours Management Commercial et Marketing Omnicanal<\/li>\n<li>Management Responsable de Projets et Entreprenariat<\/li>\n<li>Dipl\u00f4me Universitaire de Comptabilit\u00e9-Gestion<\/li>\n<li>Dipl\u00f4me Universitaire Sup\u00e9rieur de Comptabilit\u00e9-Gestion<\/li>\n<\/ul>\n<div>\u00a0<\/div>\n<div>\u00a0<\/div>\n<div>\u00a0<\/div>\n<p><strong>Licence Professionnelle Am\u00e9nagement Paysager<\/strong><\/p>\n<p><strong>Licence Professionnelle Infographie Paysag\u00e8re<\/strong><\/p>\n<p><strong>Licence Archives et Patrimoines Industriels, Culturels et Administratifs (APICA)<\/strong><\/p>\n<p><strong>Licence Professionnelle Gestion de la Paie<\/strong><\/p>\n<p><strong>Licence Professionnelle Gestion des Ressources Humaines \u00e0 Auxerre<\/strong><\/p>\n<\/p>\n<p aria-level=\"2\">\ud83d\udd52 Mercredi 11 mars\u00a0 &#8211; De 9h \u00e0 12h et de 14h \u00e0 17h \ud83d\udccdGrande salle Multiplex<\/p>\n<\/td>\n<\/tr>\n<\/tbody>\n<\/table>\n<\/div>\n<\/div>\n<p>\n<\/div><\/div><\/div><\/div><\/div>\n<div class=\"kc-elm kc-css-783796\" style=\"height: 20px; clear: both; width:100%;\"><\/div><\/div><\/div><\/div><div class=\"kc-elm kc-css-825418 kc_row kc_row_inner\"><div class=\"kc-elm kc-css-847509 kc_col-sm-4 kc_column_inner kc_col-sm-4\"><div class=\"kc_wrapper kc-col-inner-container\">\n<div class=\"kc-elm kc-css-749679 kc-title-wrap \">\n\n\t<h3 class=\"kc_title\">Jeudi 12 mars<\/h3>\n<\/div>\n<\/div><\/div><div class=\"kc-elm kc-css-958597 kc_col-sm-8 kc_column_inner kc_col-sm-8\"><div class=\"kc_wrapper kc-col-inner-container\"><div data-closeall=\"true\" class=\"kc-elm kc-css-116912 kc_accordion_wrapper\">\n<div class=\"kc-elm kc-css-916838 kc_accordion_section group \"><h3 class=\"kc_accordion_header ui-accordion-header\"><span class=\"ui-accordion-header-icon ui-icon\"><\/span><a href=\"#forum-des-metiers-autour-de-la-gastronomie-et-de-laposalimentation\" data-prevent=\"scroll\"><i class=\"\"><\/i> Forum des M\u00e9tiers AUTOUR de la Gastronomie et de l:apos:Alimentation<\/a><\/h3><div class=\"kc_accordion_content ui-accordion-content kc_clearfix\"><div class=\"kc-panel-body\"><div class=\"kc-elm kc-css-740378 kc_text_block\"><\/p>\n<h2><strong>Forum des M\u00e9tiers AUTOUR de la Gastronomie et de l&#039;Alimentation<br \/><span style=\"font-family: arial, helvetica, sans-serif; font-size: 10pt;\">\ud83d\udd52 <\/span><\/strong><span style=\"font-family: arial, helvetica, sans-serif; font-size: 10pt;\">Jeudi apr\u00e8s-midi &#8211; De 13h30 \u00e0 17h\u00a0 &#8211; \ud83d\udccdGrande salle Multiplex<\/span><\/h2>\n<p><strong>Pour tous les \u00e9tudiants <\/strong><em>(inscription obligatoire &#8211; tu peux participer \u00e0 une partie de l&#039;apr\u00e8s-midi seulement ; attestation de pr\u00e9sence \u00e0 la demande)<\/em><\/p>\n<p>Viens d\u00e9couvrir des possibilit\u00e9s de jobs d&#039;\u00e9t\u00e9, de jobs \u00e9tudiants, de stage, d&#039;emploi, d&#039;alternance sans les domaines viticoles, les industries agroalimentaires, les commerces, la distribution, le packaging, \u00e0 la Cit\u00e9 de la Gastronomie, dans le Tourisme et l&#039;\u00c9v\u00e9nementiel, dans les m\u00e9tiers supports (administration, RH, communication, marketing), etc.<\/p>\n<p>Avec les professionnels, d\u00e9couvre une diversit\u00e9 de m\u00e9tiers possibles pour toi quelle que soit ta formation !<\/p>\n<p>Avec HopHopFood, d\u00e9couvre comment b\u00e9n\u00e9ficier d&#039;aide alimentaire.<\/p>\n<p style=\"text-align: center;\">Un apr\u00e8s-midi avec des professionnels pour pr\u00e9parer son avenir !<\/p>\n<h5 style=\"text-align: center;\">Programme d\u00e9taill\u00e9 dans la page d\u00e9di\u00e9e au <u><a href=\"https:\/\/blog.ube.fr\/lasemaineverslemploi-ube\/le-forum\/\">Forum<\/a><\/u><\/h5>\n<p><img decoding=\"async\" class=\"emoji\" role=\"img\" draggable=\"false\" src=\"https:\/\/s.w.org\/images\/core\/emoji\/17.0.2\/svg\/1f4a1.svg\" alt=\"\ud83d\udca1\" \/>\u00a0<strong>Pourquoi participer ?<\/strong><\/p>\n<ul>\n<li>D\u00e9couvre qui recrute aujourd&#039;hui, m\u00eame pour cet \u00e9t\u00e9<\/li>\n<li>Candidate \u00e0 des offres<\/li>\n<li>D\u00e9couvre des produits et des activit\u00e9s professionnelles que tu ne connais pas forc\u00e9ment<\/li>\n<li>Pr\u00e9cise ton projet professionnel en dialoguant avec des professionnels<\/li>\n<\/ul>\n<p>\n<\/div><\/div><\/div><\/div><\/div>\n<div class=\"kc-elm kc-css-440805\" style=\"height: 20px; clear: both; width:100%;\"><\/div><\/div><\/div><\/div><\/div><\/div><\/div><\/div><\/section>\n","protected":false},"excerpt":{"rendered":"<p class=\"more-link-p\"><a class=\"btn btn-primary\" href=\"https:\/\/blog.ube.fr\/lasemaineverslemploi-ube\/programme-et-inscriptions-pour-les-etudiants\/\">Voir plus &rarr;<\/a><\/p>\n","protected":false},"author":5570,"featured_media":0,"parent":0,"menu_order":0,"comment_status":"closed","ping_status":"closed","template":"","meta":{"_exactmetrics_skip_tracking":false,"_exactmetrics_sitenote_active":false,"_exactmetrics_sitenote_note":"","_exactmetrics_sitenote_category":0,"footnotes":""},"class_list":["post-6","page","type-page","status-publish","hentry"],"_links":{"self":[{"href":"https:\/\/blog.ube.fr\/lasemaineverslemploi-ube\/wp-json\/wp\/v2\/pages\/6","targetHints":{"allow":["GET"]}}],"collection":[{"href":"https:\/\/blog.ube.fr\/lasemaineverslemploi-ube\/wp-json\/wp\/v2\/pages"}],"about":[{"href":"https:\/\/blog.ube.fr\/lasemaineverslemploi-ube\/wp-json\/wp\/v2\/types\/page"}],"author":[{"embeddable":true,"href":"https:\/\/blog.ube.fr\/lasemaineverslemploi-ube\/wp-json\/wp\/v2\/users\/5570"}],"replies":[{"embeddable":true,"href":"https:\/\/blog.ube.fr\/lasemaineverslemploi-ube\/wp-json\/wp\/v2\/comments?post=6"}],"version-history":[{"count":136,"href":"https:\/\/blog.ube.fr\/lasemaineverslemploi-ube\/wp-json\/wp\/v2\/pages\/6\/revisions"}],"predecessor-version":[{"id":1105,"href":"https:\/\/blog.ube.fr\/lasemaineverslemploi-ube\/wp-json\/wp\/v2\/pages\/6\/revisions\/1105"}],"wp:attachment":[{"href":"https:\/\/blog.ube.fr\/lasemaineverslemploi-ube\/wp-json\/wp\/v2\/media?parent=6"}],"curies":[{"name":"wp","href":"https:\/\/api.w.org\/{rel}","templated":true}]}}