{"id":473,"date":"2025-01-22T10:53:53","date_gmt":"2025-01-22T09:53:53","guid":{"rendered":"https:\/\/blog.u-bourgogne.fr\/lasemaineverslemploi-ube\/?page_id=473"},"modified":"2026-03-09T12:07:30","modified_gmt":"2026-03-09T11:07:30","slug":"jobs-dating-alternance","status":"publish","type":"page","link":"https:\/\/blog.ube.fr\/lasemaineverslemploi-ube\/jobs-dating-alternance\/","title":{"rendered":"Jobs dating Alternance"},"content":{"rendered":"<p><section class=\"kc-elm kc-css-546671 kc_row\"><div class=\"kc-row-container  kc-container\"><div class=\"kc-wrap-columns\"><div class=\"kc-elm kc-css-977193 kc_col-sm-12 kc_column kc_col-sm-12\"><div class=\"kc-col-container\"><div class=\"kc-elm kc-css-909817\" style=\"height: 20px; clear: both; width:100%;\"><\/div><div class=\"kc-elm kc-css-213124 kc_text_block\"><\/p>\n<p style=\"text-align: left;\">Vous souhaitez recruter des apprentis au sein de l\u2019Universit\u00e9 Bourgogne Europe\u202f?<\/p>\n<p style=\"text-align: left;\">Venez participer \u00e0 nos jobs dating alternance !<\/p>\n<p style=\"text-align: left;\">Si vous ne parvenez pas \u00e0 vous inscrire via le formulaire : inscriptions \u00e0 jobdating-alternance@ube.fr<\/p>\n<p>\n<\/div><div class=\"kc-elm kc-css-926184\" style=\"height: 20px; clear: both; width:100%;\"><\/div>\n<div class=\"kc-elm kc-css-226835\">\n\t<a class=\"kc_button\" href=\"https:\/\/s2.sphinxonline.net\/SurveyServer\/s\/sefca_support\/Formulaireinscriptionjobdating\/questionnaire.htm\" target=\"_blank\" title=\"\" onclick=\"\">\n\t\tJe m:apos:inscris\t<\/a>\n<\/div>\n<div class=\"kc-elm kc-css-165865\" style=\"height: 20px; clear: both; width:100%;\"><\/div><\/div><\/div><\/div><\/div><\/section><section class=\"kc-elm kc-css-240426 kc_row\"><div class=\"kc-row-container  kc-container\"><div class=\"kc-wrap-columns\"><div class=\"kc-elm kc-css-297217 kc_col-sm-12 kc_column kc_col-sm-12\"><div class=\"kc-col-container\"><div class=\"kc-elm kc-css-269223 kc_row kc_row_inner\"><div class=\"kc-elm kc-css-956210 kc_col-sm-12 kc_column_inner kc_col-sm-12\"><div class=\"kc_wrapper kc-col-inner-container\"><div class=\"kc-elm kc-css-379864\" style=\"height: 24px; clear: both; width:100%;\"><\/div>\n<div class=\"kc-elm kc-css-665530 kc-title-wrap \">\n\n\t<h2 class=\"kc_title\">Mardi 10 mars 2026 de 9h \u00e0 12h<\/h2>\n<\/div>\n\n<div class=\"kc-elm kc-css-422228 kc-title-wrap \">\n\n\t<h3 class=\"kc_title\">Domaine - juridique et notariaux<\/h3>\n<\/div>\n<div class=\"kc-elm kc-css-553540 kc_text_block\"><\/p>\n<p><strong>ANNUL\u00c9<\/strong><\/p>\n<p>\n<\/div><\/div><\/div><\/div><div class=\"kc-elm kc-css-651441 kc_row kc_row_inner\"><div class=\"kc-elm kc-css-319899 kc_col-sm-12 kc_column_inner kc_col-sm-12\"><div class=\"kc_wrapper kc-col-inner-container\"><div class=\"kc-elm kc-css-193208\" style=\"height: 24px; clear: both; width:100%;\"><\/div>\n<div class=\"kc-elm kc-css-977267 kc-title-wrap \">\n\n\t<h2 class=\"kc_title\">Mercredi 11 mars de 9h \u00e0 12h et de 14h \u00e0 17h<\/h2>\n<\/div>\n\n<div class=\"kc-elm kc-css-207140 kc-title-wrap \">\n\n\t<h3 class=\"kc_title\">Job dating alternance domaines suivants : informations-communication, informatique, m\u00e9tiers du multim\u00e9dias, comptabilit\u00e9-gestion, m\u00e9tiers de la GRH, r\u00e9seaux & t\u00e9l\u00e9communications<\/h3>\n<\/div>\n<div class=\"kc-elm kc-css-163845 kc_text_block\"><\/p>\n<p><strong>BUT Information-communication<\/strong><\/p>\n<ul>\n<li style=\"list-style-type: none;\">\n<ul>\n<li>Parcours Communication des Organisations (COMOR)<\/li>\n<li>Parcours M\u00e9tiers du Livre et du Patrimoine (MLP)<\/li>\n<\/ul>\n<\/li>\n<\/ul>\n<p><strong>BUT M\u00e9tiers du Multim\u00e9dia et de l\u2019Internet (MMI)<\/strong><\/p>\n<ul>\n<li style=\"list-style-type: none;\">\n<ul>\n<li>Parcours Cr\u00e9ation Num\u00e9rique<\/li>\n<li>Parcours D\u00e9veloppement web et Dispositifs Interactifs (DWDI)<\/li>\n<li>Parcours Strat\u00e9gie de Communication Num\u00e9rique et Design d\u2019exp\u00e9rience (SCN2D)<\/li>\n<\/ul>\n<\/li>\n<\/ul>\n<p><strong>BUT Informatique<\/strong><\/p>\n<p><strong>BUT R\u00e9seaux &#038; t\u00e9l\u00e9communication<\/strong><\/p>\n<ul>\n<li style=\"list-style-type: none;\">\n<ul>\n<li>Parcours Cybers\u00e9curit\u00e9<\/li>\n<li>Parcours Internet des Objets et Mobilit\u00e9<\/li>\n<\/ul>\n<\/li>\n<\/ul>\n<ul>\n<li style=\"list-style-type: none;\"><strong>BUT Gestion des Entreprises et des Administrations<\/strong><\/li>\n<\/ul>\n<ul>\n<li>Parcours Gestion Comptable Fiscale et Financi\u00e8re<\/li>\n<li>Parcours Gestion, Entreprenariat et Management d&#039;Activit\u00e9s<\/li>\n<li>Parcours Gestions et Pilotage des Ressources Humaines<\/li>\n<\/ul>\n<p><strong>BUT Gestion Administrative et Commerciale des Organisations<\/strong><\/p>\n<ul>\n<li>Parcours Management Commercial et Marketing Omnicanal<\/li>\n<li>Management Responsable de Projets et Entreprenariat<\/li>\n<li>Dipl\u00f4me Universitaire de Comptabilit\u00e9-Gestion<\/li>\n<li>Dipl\u00f4me Universitaire Sup\u00e9rieur de Comptabilit\u00e9-Gestion<\/li>\n<\/ul>\n<div>\u00a0<\/div>\n<div>\u00a0<\/div>\n<div>\u00a0<\/div>\n<p><strong>Licence Professionnelle Am\u00e9nagement Paysager<\/strong><\/p>\n<p><strong>Licence Professionnelle Infographie Paysag\u00e8re<\/strong><\/p>\n<p><strong>Licence Archives et Patrimoines Industriels, Culturels et Administratifs (APICA)<\/strong><\/p>\n<p><strong>Licence Professionnelle Gestion de la Paie<\/strong><\/p>\n<p><strong>Licence Professionnelle Gestion des Ressources Humaines \u00e0 Auxerre<\/strong><\/p>\n<p>\n<\/div><\/div><\/div><\/div><div class=\"kc-elm kc-css-26441 kc_row kc_row_inner\"><div class=\"kc-elm kc-css-747157 kc_col-sm-12 kc_column_inner kc_col-sm-12\"><div class=\"kc_wrapper kc-col-inner-container\"><div class=\"kc-elm kc-css-100003\" style=\"height: 24px; clear: both; width:100%;\"><\/div>\n<div class=\"kc-elm kc-css-835696 kc-title-wrap \">\n\n\t<h2 class=\"kc_title\">Jeudi 12 mars de 9h \u00e0 12h<\/h2>\n<\/div>\n\n<div class=\"kc-elm kc-css-611499 kc-title-wrap \">\n\n\t<h3 class=\"kc_title\">Jobs dating : domaines suivants : informatique, physique-chimie, traitement des donn\u00e9es, math\u00e9matiques<\/h3>\n<\/div>\n<div class=\"kc-elm kc-css-581668 kc_text_block\"><\/p>\n<ul>\n<li><strong>Master Informatique Parcours Base de donn\u00e9es et Intelligence Artificielle (BDIA)<\/strong><\/li>\n<li><strong>Master Chimie parcours Contr\u00f4les et Analyses Chimiques (CAC)<\/strong><\/li>\n<li><strong>Master Physiques Fondamentale et application<\/strong>\n<ul>\n<li>Parcours Quantum Technologies et engineering erasmus mudus master (PPN)<\/li>\n<\/ul>\n<\/li>\n<li><strong>Master Electronique, \u00e9nergie \u00e9lectrique, automatique (EEA)<\/strong><\/li>\n<\/ul>\n<p>\n<\/div><\/div><\/div><\/div><div class=\"kc-elm kc-css-690737 kc_row kc_row_inner\"><div class=\"kc-elm kc-css-132751 kc_col-sm-12 kc_column_inner kc_col-sm-12\"><div class=\"kc_wrapper kc-col-inner-container\"><div class=\"kc-elm kc-css-641904\" style=\"height: 24px; clear: both; width:100%;\"><\/div>\n<div class=\"kc-elm kc-css-943725 kc-title-wrap \">\n\n\t<h2 class=\"kc_title\">Vendredi 13 mars de 9h \u00e0 12h\r\n<\/h2>\n<\/div>\n\n<div class=\"kc-elm kc-css-884658 kc-title-wrap \">\n\n\t<h3 class=\"kc_title\">Th\u00e9matique : biologie, environnement, nutrition, sant\u00e9<\/h3>\n<\/div>\n<div class=\"kc-elm kc-css-447018 kc_text_block\"><\/p>\n<ul>\n<li><strong>Master Sol, Eau, Milieux, Environnement<\/strong><\/li>\n<li><strong>Master Biodiversit\u00e9, Ecologie et \u00e9volution<\/strong><\/li>\n<li><strong>Master Nutrition Sant\u00e9<\/strong><\/li>\n<li><strong>Master Microbiologie et Biotechnologie<\/strong><\/li>\n<li><strong>Master Biotechnologie, biologie des interactions plantes-microorganismes et agro-environnement)<\/strong><\/li>\n<\/ul>\n<p>\n<\/div><\/div><\/div><\/div><\/div><\/div><\/div><\/div><\/section><section class=\"kc-elm kc-css-504707 kc_row\"><div class=\"kc-row-container  kc-container\"><div class=\"kc-wrap-columns\"><div class=\"kc-elm kc-css-681655 kc_col-sm-12 kc_column kc_col-sm-12\"><div class=\"kc-col-container\"><div class=\"kc-elm kc-css-768215\" style=\"height: 20px; clear: both; width:100%;\"><\/div><\/div><\/div><\/div><\/div><\/section><section class=\"kc-elm kc-css-182126 kc_row\"><div class=\"kc-row-container  kc-container\"><div class=\"kc-wrap-columns\"><div class=\"kc-elm kc-css-539360 kc_col-sm-12 kc_column kc_col-sm-12\"><div class=\"kc-col-container\">\n<div class=\"kc-elm kc-css-985639\">\n\t<a class=\"kc_button\" href=\"https:\/\/s2.sphinxonline.net\/SurveyServer\/s\/sefca_support\/Formulaireinscriptionjobdating\/questionnaire.htm\" target=\"_blank\" title=\"\" onclick=\"\">\n\t\tJe m:apos:inscris\t<\/a>\n<\/div>\n<\/div><\/div><\/div><\/div><\/section><section class=\"kc-elm kc-css-69668 kc_row\"><div class=\"kc-row-container  kc-container\"><div class=\"kc-wrap-columns\"><div class=\"kc-elm kc-css-73910 kc_col-sm-12 kc_column kc_col-sm-12\"><div class=\"kc-col-container\"><div class=\"kc-elm kc-css-671761\" style=\"height: 20px; clear: both; width:100%;\"><\/div><\/div><\/div><\/div><\/div><\/section><\/p>\n","protected":false},"excerpt":{"rendered":"<p class=\"more-link-p\"><a class=\"btn btn-primary\" href=\"https:\/\/blog.ube.fr\/lasemaineverslemploi-ube\/jobs-dating-alternance\/\">Voir plus &rarr;<\/a><\/p>\n","protected":false},"author":7661,"featured_media":0,"parent":0,"menu_order":0,"comment_status":"closed","ping_status":"closed","template":"","meta":{"_exactmetrics_skip_tracking":false,"_exactmetrics_sitenote_active":false,"_exactmetrics_sitenote_note":"","_exactmetrics_sitenote_category":0,"footnotes":""},"class_list":["post-473","page","type-page","status-publish","hentry"],"_links":{"self":[{"href":"https:\/\/blog.ube.fr\/lasemaineverslemploi-ube\/wp-json\/wp\/v2\/pages\/473","targetHints":{"allow":["GET"]}}],"collection":[{"href":"https:\/\/blog.ube.fr\/lasemaineverslemploi-ube\/wp-json\/wp\/v2\/pages"}],"about":[{"href":"https:\/\/blog.ube.fr\/lasemaineverslemploi-ube\/wp-json\/wp\/v2\/types\/page"}],"author":[{"embeddable":true,"href":"https:\/\/blog.ube.fr\/lasemaineverslemploi-ube\/wp-json\/wp\/v2\/users\/7661"}],"replies":[{"embeddable":true,"href":"https:\/\/blog.ube.fr\/lasemaineverslemploi-ube\/wp-json\/wp\/v2\/comments?post=473"}],"version-history":[{"count":41,"href":"https:\/\/blog.ube.fr\/lasemaineverslemploi-ube\/wp-json\/wp\/v2\/pages\/473\/revisions"}],"predecessor-version":[{"id":1104,"href":"https:\/\/blog.ube.fr\/lasemaineverslemploi-ube\/wp-json\/wp\/v2\/pages\/473\/revisions\/1104"}],"wp:attachment":[{"href":"https:\/\/blog.ube.fr\/lasemaineverslemploi-ube\/wp-json\/wp\/v2\/media?parent=473"}],"curies":[{"name":"wp","href":"https:\/\/api.w.org\/{rel}","templated":true}]}}