{"id":471,"date":"2025-01-22T10:53:20","date_gmt":"2025-01-22T09:53:20","guid":{"rendered":"https:\/\/blog.u-bourgogne.fr\/lasemaineverslemploi-ube\/?page_id=471"},"modified":"2026-02-09T15:55:53","modified_gmt":"2026-02-09T14:55:53","slug":"jobs-dating-rencontres-de-lalternance-polytech","status":"publish","type":"page","link":"https:\/\/blog.ube.fr\/lasemaineverslemploi-ube\/jobs-dating-rencontres-de-lalternance-polytech\/","title":{"rendered":"Rencontres de l&#8217;Alternance &#8211; Polytech"},"content":{"rendered":"<p><section class=\"kc-elm kc-css-992836 kc_row\"><div class=\"kc-row-container  kc-container\"><div class=\"kc-wrap-columns\"><div class=\"kc-elm kc-css-535922 kc_col-sm-12 kc_column kc_col-sm-12\"><div class=\"kc-col-container\"><div class=\"kc-elm kc-css-181016\" style=\"height: 20px; clear: both; width:100%;\"><\/div>\n<div class=\"kc-elm kc-css-934926 kc-title-wrap \">\n\n\t<h1 class=\"kc_title\">\ud83d\udea8 Recrutez vos futurs talents \u00e0 Polytech Dijon<\/h1>\n<\/div>\n<div class=\"kc-elm kc-css-364348 kc_row kc_row_inner\"><div class=\"kc-elm kc-css-985313 kc_col-sm-12 kc_column_inner kc_col-sm-12\"><div class=\"kc_wrapper kc-col-inner-container\"><div class=\"kc-elm kc-css-94781 kc_shortcode kc_single_image\">\n\n        <img decoding=\"async\" src=\"https:\/\/blog.ube.fr\/lasemaineverslemploi-ube\/wp-content\/uploads\/sites\/208\/2025\/02\/Logo_bordeau.png\" class=\"\" alt=\"\" \/>    <\/div>\n<\/div><\/div><\/div><div class=\"kc-elm kc-css-173812 kc_text_block\"><\/p>\n<div>\n<p style=\"text-align: left;\">Vous \u00eates \u00e0 la recherche de jeunes talents dans les domaines de l&#8217;<strong>Informatique &amp; R\u00e9seaux<\/strong>, de l&#8217;<strong>\u00c9lectronique &amp; Syst\u00e8mes Num\u00e9riques<\/strong>, des\u00a0<strong>Mat\u00e9riaux<\/strong>\u00a0et\u00a0<strong>Robotique<\/strong>, ainsi que de la\u00a0<strong>Cybers\u00e9curit\u00e9<\/strong>, de l&#8217;<strong>IoT<\/strong>, du\u00a0<strong>Contr\u00f4le Non Destructif<\/strong>\u00a0et de la<strong>\u00a0Cobotique<\/strong>\u00a0?<\/p>\n<p style=\"text-align: left;\">Polytech Dijon vous invite \u00e0 participer aux\u00a0<strong>Rencontres de l\u2019Alternance<\/strong>\u00a0et \u00e0 rencontrer nos \u00e9tudiants passionn\u00e9s et motiv\u00e9s pour \u00e9changer sur vos opportunit\u00e9s de\u00a0<strong>contrats de professionnalisation (1 an)<\/strong>\u00a0et\u00a0de\u00a0<strong>contrats d\u2019apprentissage (3 ans)<\/strong>.\u00a0<\/p>\n<p style=\"text-align: left;\"><strong>\ud83d\uddd3\ufe0f Date :<\/strong>\u00a0 Le Jeudi 12 Mars \u00e0 partir de 13H30<br \/><strong>\ud83d\udccd Lieu :<\/strong>\u00a0Polytech Dijon, 9 avenue Alain Savary, 21000 Dijon<\/p>\n<p style=\"text-align: left;\">C&#8217;est l&#8217;occasion id\u00e9ale de trouver vos futurs collaborateurs.\u00a0<\/p>\n<p style=\"text-align: left;\">Ne manquez pas cet \u00e9v\u00e9nement<\/p>\n<\/div>\n<h2>Les entreprises pr\u00e9sentes :\u00a0<\/h2>\n<p class=\"isSelectedEnd\"><a href=\"https:\/\/www.mdresistor.com\/\"><strong>Metal Deploye Resistor<\/strong><\/a><\/p>\n<p class=\"isSelectedEnd\"><a href=\"https:\/\/www.atolcd.com\/\"><strong>Atol Conseils &amp; D\u00e9veloppements<\/strong><\/a><\/p>\n<p class=\"isSelectedEnd\"><a href=\"https:\/\/www.framatome.com\/fr\/\"><strong>FRAMATOME<\/strong><\/a><\/p>\n<p class=\"isSelectedEnd\"><a href=\"https:\/\/alphatest.fr\/\"><strong>Alphatest<\/strong><\/a><\/p>\n<p class=\"isSelectedEnd\"><a href=\"https:\/\/www.alteca.fr\/\"><strong>ALTECA<\/strong><\/a><\/p>\n<p class=\"isSelectedEnd\"><a href=\"https:\/\/www.fr.sogeti.com\/\"><strong>Sogeti<\/strong><\/a><\/p>\n<p>\n<\/div>\n<div class=\"kc-elm kc-css-726146\">\n\t<a class=\"kc_button\" href=\"https:\/\/docs.google.com\/forms\/d\/e\/1FAIpQLSfVyH--eS0JnFvBNJgAlZ_bzglApISPfgxnxikbtYTqc5vUrg\/viewform\" target=\"_blank\" title=\"\" onclick=\"\">\n\t\tJe m:apos:inscris\t<\/a>\n<\/div>\n<div class=\"kc-elm kc-css-428536\" style=\"height: 20px; clear: both; width:100%;\"><\/div><\/div><\/div><\/div><\/div><\/section><section class=\"kc-elm kc-css-609948 kc_row\"><div class=\"kc-row-container  kc-container\"><div class=\"kc-wrap-columns\"><div class=\"kc-elm kc-css-668096 kc_col-sm-12 kc_column kc_col-sm-12\"><div class=\"kc-col-container\"><div class=\"kc-elm kc-css-303979\" style=\"height: 20px; clear: both; width:100%;\"><\/div><\/div><\/div><\/div><\/div><\/section><\/p>\n","protected":false},"excerpt":{"rendered":"<p class=\"more-link-p\"><a class=\"btn btn-primary\" href=\"https:\/\/blog.ube.fr\/lasemaineverslemploi-ube\/jobs-dating-rencontres-de-lalternance-polytech\/\">Voir plus &rarr;<\/a><\/p>\n","protected":false},"author":7661,"featured_media":0,"parent":0,"menu_order":0,"comment_status":"closed","ping_status":"closed","template":"","meta":{"_exactmetrics_skip_tracking":false,"_exactmetrics_sitenote_active":false,"_exactmetrics_sitenote_note":"","_exactmetrics_sitenote_category":0,"footnotes":""},"class_list":["post-471","page","type-page","status-publish","hentry"],"_links":{"self":[{"href":"https:\/\/blog.ube.fr\/lasemaineverslemploi-ube\/wp-json\/wp\/v2\/pages\/471","targetHints":{"allow":["GET"]}}],"collection":[{"href":"https:\/\/blog.ube.fr\/lasemaineverslemploi-ube\/wp-json\/wp\/v2\/pages"}],"about":[{"href":"https:\/\/blog.ube.fr\/lasemaineverslemploi-ube\/wp-json\/wp\/v2\/types\/page"}],"author":[{"embeddable":true,"href":"https:\/\/blog.ube.fr\/lasemaineverslemploi-ube\/wp-json\/wp\/v2\/users\/7661"}],"replies":[{"embeddable":true,"href":"https:\/\/blog.ube.fr\/lasemaineverslemploi-ube\/wp-json\/wp\/v2\/comments?post=471"}],"version-history":[{"count":20,"href":"https:\/\/blog.ube.fr\/lasemaineverslemploi-ube\/wp-json\/wp\/v2\/pages\/471\/revisions"}],"predecessor-version":[{"id":968,"href":"https:\/\/blog.ube.fr\/lasemaineverslemploi-ube\/wp-json\/wp\/v2\/pages\/471\/revisions\/968"}],"wp:attachment":[{"href":"https:\/\/blog.ube.fr\/lasemaineverslemploi-ube\/wp-json\/wp\/v2\/media?parent=471"}],"curies":[{"name":"wp","href":"https:\/\/api.w.org\/{rel}","templated":true}]}}