{"id":19,"date":"2024-12-09T10:08:03","date_gmt":"2024-12-09T09:08:03","guid":{"rendered":"https:\/\/blog.u-bourgogne.fr\/lasemaineverslemploi-ube\/?page_id=19"},"modified":"2026-02-11T14:48:15","modified_gmt":"2026-02-11T13:48:15","slug":"accueil","status":"publish","type":"page","link":"https:\/\/blog.ube.fr\/lasemaineverslemploi-ube\/","title":{"rendered":"Participez \u00e0 la semaine de l\u2019emploi et de l\u2019apprentissage du 9 au 13 mars 2026"},"content":{"rendered":"<p><section class=\"kc-elm kc-css-97684 kc_row\"><div class=\"kc-row-container  kc-container\"><div class=\"kc-wrap-columns\"><div class=\"kc-elm kc-css-317441 kc_col-sm-12 kc_column kc_col-sm-12\"><div class=\"kc-col-container\"><div class=\"kc-elm kc-css-641438\" style=\"height: 24px; clear: both; width:100%;\"><\/div><div class=\"kc-elm kc-css-483483 kc_shortcode kc_single_image\">\n\n        <img decoding=\"async\" src=\"https:\/\/blog.ube.fr\/lasemaineverslemploi-ube\/wp-content\/uploads\/sites\/208\/2026\/02\/SEMAINE_EMPLOI_2026_Titre01.png\" class=\"\" alt=\"\" \/>    <\/div>\n<div class=\"kc-elm kc-css-47169 kc_text_block\"><\/p>\n<div style=\"box-sizing: border-box; overflow-wrap: break-word; outline-style: none; outline-width: initial; margin: 0px; padding: 0px; border: 0px; font-variant-numeric: inherit; font-variant-east-asian: inherit; font-variant-alternates: inherit; font-variant-position: inherit; font-variant-emoji: inherit; font-stretch: inherit; line-height: inherit; font-family: Roboto, sans-serif; font-optical-sizing: inherit; font-size-adjust: inherit; font-kerning: inherit; font-feature-settings: inherit; font-variation-settings: inherit; font-size: 16px; vertical-align: baseline; color: rgb(97, 97, 97);\">\n<p style=\"box-sizing: border-box; overflow-wrap: break-word; outline: none; padding: 0px; border: 0px; font-style: inherit; font-variant: inherit; font-stretch: inherit; line-height: inherit; font-optical-sizing: inherit; font-size-adjust: inherit; font-kerning: inherit; font-feature-settings: inherit; font-variation-settings: inherit; font-size: 16px; vertical-align: baseline;\">Un \u00e9v\u00e9nement unique organis\u00e9 par l\u2019UBE qui r\u00e9unit \u00e9tudiants, jeunes dipl\u00f4m\u00e9s, candidats \u00e0 l&#039;alternance, recruteurs et professionnels se rassemblant autour d\u2019un objectif commun :\u00a0<strong style=\"box-sizing: border-box; overflow-wrap: break-word; outline: none; margin: 0px; padding: 0px; border: 0px; font-style: inherit; font-variant: inherit; font-stretch: inherit; line-height: inherit; font-family: inherit; font-optical-sizing: inherit; font-size-adjust: inherit; font-kerning: inherit; font-feature-settings: inherit; font-variation-settings: inherit; vertical-align: baseline;\">connecter les talents de demain aux opportunit\u00e9s professionnelles d\u2019aujourd\u2019hui.<\/strong><\/p>\n<p style=\"box-sizing: border-box; overflow-wrap: break-word; outline: none; padding: 0px; border: 0px; font-style: inherit; font-variant: inherit; font-stretch: inherit; line-height: inherit; font-optical-sizing: inherit; font-size-adjust: inherit; font-kerning: inherit; font-feature-settings: inherit; font-variation-settings: inherit; font-size: 16px; vertical-align: baseline;\">Vous \u00eates \u00e0 la recherche d\u2019un\u00a0<strong style=\"box-sizing: border-box; overflow-wrap: break-word; outline: none; margin: 0px; padding: 0px; border: 0px; font-style: inherit; font-variant: inherit; font-stretch: inherit; line-height: inherit; font-family: inherit; font-optical-sizing: inherit; font-size-adjust: inherit; font-kerning: inherit; font-feature-settings: inherit; font-variation-settings: inherit; vertical-align: baseline;\">stage, d&#039;un job d&#039;\u00e9t\u00e9 ou d&#039;\u00e9tudiant, d\u2019une alternance ou d\u2019un projet professionnel<\/strong>\u00a0? Venez rencontrer des sp\u00e9cialistes et recruteurs qui partageront leurs exp\u00e9riences, vous feront d\u00e9couvrir de nouvelles perspectives et vous aideront \u00e0\u00a0<strong style=\"box-sizing: border-box; overflow-wrap: break-word; outline: none; margin: 0px; padding: 0px; border: 0px; font-style: inherit; font-variant: inherit; font-stretch: inherit; line-height: inherit; font-family: inherit; font-optical-sizing: inherit; font-size-adjust: inherit; font-kerning: inherit; font-feature-settings: inherit; font-variation-settings: inherit; vertical-align: baseline;\">pr\u00e9parer votre avenir.<\/strong><\/p>\n<p style=\"box-sizing: border-box; overflow-wrap: break-word; outline: none; padding: 0px; border: 0px; font-style: inherit; font-variant: inherit; font-stretch: inherit; line-height: inherit; font-optical-sizing: inherit; font-size-adjust: inherit; font-kerning: inherit; font-feature-settings: inherit; font-variation-settings: inherit; font-size: 16px; vertical-align: baseline;\">Vous \u00eates une entreprise, une organisation ou un recruteur, et\u00a0<strong style=\"box-sizing: border-box; overflow-wrap: break-word; outline: none; margin: 0px; padding: 0px; border: 0px; font-style: inherit; font-variant: inherit; font-stretch: inherit; line-height: inherit; font-family: inherit; font-optical-sizing: inherit; font-size-adjust: inherit; font-kerning: inherit; font-feature-settings: inherit; font-variation-settings: inherit; vertical-align: baseline;\">souhaitez identifier vos futurs talents<\/strong>\u00a0? Profitez de cette semaine pour \u00e9changer avec des candidats motiv\u00e9s, pr\u00e9senter vos offres et participer \u00e0 des moments privil\u00e9gi\u00e9s de\u00a0<strong style=\"box-sizing: border-box; overflow-wrap: break-word; outline: none; margin: 0px; padding: 0px; border: 0px; font-style: inherit; font-variant: inherit; font-stretch: inherit; line-height: inherit; font-family: inherit; font-optical-sizing: inherit; font-size-adjust: inherit; font-kerning: inherit; font-feature-settings: inherit; font-variation-settings: inherit; vertical-align: baseline;\">mise en relation avec des profils qualifi\u00e9s.<\/strong><\/p>\n<p style=\"box-sizing: border-box; overflow-wrap: break-word; outline: none; padding: 0px; border: 0px; font-style: inherit; font-variant: inherit; font-stretch: inherit; line-height: inherit; font-optical-sizing: inherit; font-size-adjust: inherit; font-kerning: inherit; font-feature-settings: inherit; font-variation-settings: inherit; font-size: 16px; vertical-align: baseline;\">\n<\/div>\n<p>\n<\/div><div class=\"kc-elm kc-css-901318\" style=\"height: 48px; clear: both; width:100%;\"><\/div><\/div><\/div><\/div><\/div><\/section><section data-kc-fullwidth=\"row\" class=\"kc-elm kc-css-711772 kc_row\"><div class=\"kc-row-container  kc-container\"><div class=\"kc-wrap-columns\"><div class=\"kc-elm kc-css-891544 kc_col-sm-12 kc_column kc_col-sm-12\"><div class=\"kc-col-container\"><div class=\"kc-elm kc-css-253146 kc_shortcode kc_single_image\">\n\n        <img decoding=\"async\" src=\"https:\/\/blog.ube.fr\/lasemaineverslemploi-ube\/wp-content\/uploads\/sites\/208\/2026\/02\/SEMAINE_EMPLOI_2026_Activites-et-temps-forts.png\" class=\"\" alt=\"\" \/>    <\/div>\n<div class=\"kc-elm kc-css-156331 kc_row kc_row_inner\"><div class=\"kc-elm kc-css-612286 kc_col-sm-4 kc_column_inner kc_col-sm-4\"><div class=\"kc_wrapper kc-col-inner-container\"><div class=\"kc-elm kc-css-301378\" style=\"height: 20px; clear: both; width:100%;\"><\/div>\n<div class=\"kc-elm kc-css-13909\">\n\t<a class=\"kc_button\" href=\"https:\/\/sondages.ube.fr\/index.php\/648727?lang=fr\" target=\"_blank\" title=\"\" onclick=\"\">\n\t\tInscris-toi aux Jobs Datings\t<\/a>\n<\/div>\n<\/div><\/div><div class=\"kc-elm kc-css-542637 kc_col-sm-4 kc_column_inner kc_col-sm-4\"><div class=\"kc_wrapper kc-col-inner-container\"><div class=\"kc-elm kc-css-450805\" style=\"height: 20px; clear: both; width:100%;\"><\/div>\n<div class=\"kc-elm kc-css-630088\">\n\t<a class=\"kc_button\" href=\"https:\/\/sondages.ube.fr\/index.php\/179991?lang=fr\" target=\"_blank\" title=\"\" onclick=\"\">\n\t\tInscris-toi aux activit\u00e9s\t<\/a>\n<\/div>\n<\/div><\/div><div class=\"kc-elm kc-css-129586 kc_col-sm-4 kc_column_inner kc_col-sm-4\"><div class=\"kc_wrapper kc-col-inner-container\"><div class=\"kc-elm kc-css-616712\" style=\"height: 20px; clear: both; width:100%;\"><\/div>\n<div class=\"kc-elm kc-css-374385\">\n\t<a class=\"kc_button\" href=\"https:\/\/sondages.ube.fr\/index.php\/412543?lang=fr\" target=\"_blank\" title=\"\" onclick=\"\">\n\t\tInscris-toi au Forum\t<\/a>\n<\/div>\n<\/div><\/div><\/div><div class=\"kc-elm kc-css-625003\" style=\"height: 50px; clear: both; width:100%;\"><\/div><\/div><\/div><\/div><\/div><\/section><section id=\"presentation\" data-kc-fullwidth=\"row\" class=\"kc-elm kc-css-369065 kc_row\"><div class=\"kc-row-container  kc-container\"><div class=\"kc-wrap-columns\"><div class=\"kc-elm kc-css-790178 kc_col-sm-12 kc_column kc_col-sm-12\"><div class=\"kc-col-container\"><div class=\"kc-elm kc-css-459813\" style=\"height: 24px; clear: both; width:100%;\"><\/div>\n<div class=\"kc-elm kc-css-316285 kc-title-wrap \">\n\n\t<h2 class=\"kc_title\">Pour qui et pourquoi participer ?\r\n<\/h2>\n<\/div>\n<div class=\"kc-elm kc-css-854617 kc_row kc_row_inner\"><div class=\"kc-elm kc-css-682198 kc_col-sm-6 kc_column_inner kc_col-sm-6\"><div class=\"kc_wrapper kc-col-inner-container\"><div class=\"kc-elm kc-css-938867 kc_shortcode kc_single_image\">\n\n        <img decoding=\"async\" src=\"https:\/\/blog.ube.fr\/lasemaineverslemploi-ube\/wp-content\/uploads\/sites\/208\/2025\/12\/Rond-etudiant-300x300.png\" class=\"\" alt=\"\" \/>    <\/div>\n<div class=\"kc-elm kc-css-857114 kc_text_block\"><\/p>\n<ul>\n<li style=\"list-style-type: none;\">\n<ul>\n<li><strong>Trouver un emploi, un job, un stage ou une alternance <\/strong>: participez aux jobs dating et au Forum d\u00e9couvertes de m\u00e9tiers, et rencontrez des recruteurs pr\u00eats \u00e0 investir dans de nouveaux talents.<\/li>\n<\/ul>\n<\/li>\n<\/ul>\n<ul>\n<li style=\"list-style-type: none;\">\n<ul>\n<li><strong style=\"font-size: 16px;\">Se pr\u00e9parer efficacement<\/strong><span style=\"font-size: 16px;\"> : b\u00e9n\u00e9ficiez d\u2019ateliers pratiques pour optimiser vos candidatures.<\/span><\/li>\n<\/ul>\n<\/li>\n<\/ul>\n<ul>\n<li style=\"list-style-type: none;\">\n<ul>\n<li><strong>D\u00e9finir et affiner son projet professionnel :<\/strong> explorez des secteurs d\u2019avenir et profitez de conseils d\u2019experts pour d\u00e9finir vos ambitions.<\/li>\n<\/ul>\n<\/li>\n<\/ul>\n<p>\n<\/div><div class=\"kc-elm kc-css-223056\" style=\"height: 20px; clear: both; width:100%;\"><\/div>\n<div class=\"kc-elm kc-css-824318\">\n\t<a class=\"kc_button\" href=\"https:\/\/blog.ube.fr\/lasemaineverslemploi-ube\/programme\/\" target=\"_self\" title=\"\" onclick=\"\">\n\t\t:gt::gt: Je participe\t<\/a>\n<\/div>\n<\/div><\/div><div class=\"kc-elm kc-css-928418 kc_col-sm-6 kc_column_inner kc_col-sm-6\"><div class=\"kc_wrapper kc-col-inner-container\"><div class=\"kc-elm kc-css-556328 kc_shortcode kc_single_image\">\n\n        <img decoding=\"async\" src=\"https:\/\/blog.ube.fr\/lasemaineverslemploi-ube\/wp-content\/uploads\/sites\/208\/2025\/12\/Rond-Ent-Org-300x300.png\" class=\"\" alt=\"\" \/>    <\/div>\n<div class=\"kc-elm kc-css-179362 kc_text_block\"><\/p>\n<ul>\n<li><strong>Identifier <\/strong><strong>et recruter <\/strong><strong>les talents de demain<\/strong>\u00a0: acc\u00e9dez \u00e0 un vivier de jeunes<span style=\"text-decoration: line-through;\">,<\/span> motiv\u00e9s et en phase avec vos besoins\u00a0; d\u00e9couvrez la diversit\u00e9 de nos profils \u00e9tudiants\u00a0lors des jobs dating et du Forum M\u00e9tiers !<\/li>\n<\/ul>\n<ul>\n<li><strong>Partager <\/strong><strong>votre exp\u00e9rience et votre expertise<\/strong>\u00a0: participez au Forum des M\u00e9tiers pour transmettre vos attentes, notamment en termes de comp\u00e9tences et savoir-\u00eatre, vos conseils.<\/li>\n<\/ul>\n<ul>\n<li><strong>Promouvoir votre entreprise, organisation<\/strong> : faites conna\u00eetre vos activit\u00e9s, vos m\u00e9tiers et vos opportunit\u00e9s avec nos activit\u00e9s.<\/li>\n<\/ul>\n<p>\n<\/div><div class=\"kc-elm kc-css-861903\" style=\"height: 20px; clear: both; width:100%;\"><\/div>\n<div class=\"kc-elm kc-css-582244\">\n\t<a class=\"kc_button\" href=\"https:\/\/blog.ube.fr\/lasemaineverslemploi-ube\/inscription\/\" target=\"_blank\" title=\"\" onclick=\"\">\n\t\t:gt::gt: Je participe\t<\/a>\n<\/div>\n<\/div><\/div><\/div><div class=\"kc-elm kc-css-702875\" style=\"height: 24px; clear: both; width:100%;\"><\/div><\/div><\/div><\/div><\/div><\/section><section id=\"infospratiques\" data-kc-fullwidth=\"row\" class=\"kc-elm kc-css-729985 kc_row\"><div class=\"kc-row-container  kc-container\"><div class=\"kc-wrap-columns\"><div class=\"kc-elm kc-css-445339 kc_col-sm-12 kc_column kc_col-sm-12\"><div class=\"kc-col-container\"><div class=\"kc-elm kc-css-8303\" style=\"height: 24px; clear: both; width:100%;\"><\/div>\n<div class=\"kc-elm kc-css-830156 kc-title-wrap \">\n\n\t<h2 class=\"kc_title\">Informations pratiques <\/h2>\n<\/div>\n<div class=\"kc-elm kc-css-953467\" style=\"height: 20px; clear: both; width:100%;\"><\/div><div class=\"kc-elm kc-css-917072 kc_row kc_row_inner\"><div class=\"kc-elm kc-css-950060 kc_col-sm-3 kc_column_inner kc_col-sm-3\"><div class=\"kc_wrapper kc-col-inner-container\"><div class=\"kc-elm kc-css-528934 kc-feature-boxes kc-fb-layout-1\">\n\n\t<div class=\"content-icon\"><i class=\"fa-calendar-check\"><\/i><\/div><div class=\"content-title\">Quand ?<\/div><div class=\"content-desc\">Du 9 au 13 mars 2026<\/div>\n<\/div>\n<\/div><\/div><div class=\"kc-elm kc-css-758285 kc_col-sm-3 kc_column_inner kc_col-sm-3\"><div class=\"kc_wrapper kc-col-inner-container\"><div class=\"kc-elm kc-css-951254 kc-feature-boxes kc-fb-layout-1\">\n\n\t<div class=\"content-icon\"><i class=\"fa-location-arrow\"><\/i><\/div><div class=\"content-title\">O\u00f9 ?<\/div><div class=\"content-desc\">Rencontre de l'alternance le 12 mars \u00e0 Polytech Dijon -\r\nDu 9 au 13 mars \u00e0 la salle Multiplex UBE, 21000 Dijon<\/div>\n<\/div>\n<\/div><\/div><div class=\"kc-elm kc-css-128271 kc_col-sm-3 kc_column_inner kc_col-sm-3\"><div class=\"kc_wrapper kc-col-inner-container\"><div class=\"kc-elm kc-css-592440 kc-feature-boxes kc-fb-layout-1\">\n\n\t<div class=\"content-icon\"><i class=\"fa-briefcase\"><\/i><\/div><div class=\"content-title\">Quoi ?<\/div><div class=\"content-desc\">Une semaine d\u00e9di\u00e9e \u00e0 l\u2019emploi et \u00e0 l\u2019apprentissage<\/div>\n<\/div>\n<\/div><\/div><div class=\"kc-elm kc-css-1109 kc_col-sm-3 kc_column_inner kc_col-sm-3\"><div class=\"kc_wrapper kc-col-inner-container\"><div class=\"kc-elm kc-css-40348 kc-feature-boxes kc-fb-layout-1\">\n\n\t<div class=\"content-icon\"><i class=\"fa-comments\"><\/i><\/div><div class=\"content-title\">Comment participer ?<\/div><div class=\"content-desc\">Rendez-vous sur les pages d\u00e9di\u00e9es pour vous inscrire !<\/div>\n<\/div>\n<\/div><\/div><\/div><\/div><\/div><\/div><\/div><\/section><\/p>\n","protected":false},"excerpt":{"rendered":"<p class=\"more-link-p\"><a class=\"btn btn-primary\" href=\"https:\/\/blog.ube.fr\/lasemaineverslemploi-ube\/\">Voir plus &rarr;<\/a><\/p>\n","protected":false},"author":7661,"featured_media":0,"parent":0,"menu_order":0,"comment_status":"closed","ping_status":"closed","template":"","meta":{"_exactmetrics_skip_tracking":false,"_exactmetrics_sitenote_active":false,"_exactmetrics_sitenote_note":"","_exactmetrics_sitenote_category":0,"footnotes":""},"class_list":["post-19","page","type-page","status-publish","hentry"],"_links":{"self":[{"href":"https:\/\/blog.ube.fr\/lasemaineverslemploi-ube\/wp-json\/wp\/v2\/pages\/19","targetHints":{"allow":["GET"]}}],"collection":[{"href":"https:\/\/blog.ube.fr\/lasemaineverslemploi-ube\/wp-json\/wp\/v2\/pages"}],"about":[{"href":"https:\/\/blog.ube.fr\/lasemaineverslemploi-ube\/wp-json\/wp\/v2\/types\/page"}],"author":[{"embeddable":true,"href":"https:\/\/blog.ube.fr\/lasemaineverslemploi-ube\/wp-json\/wp\/v2\/users\/7661"}],"replies":[{"embeddable":true,"href":"https:\/\/blog.ube.fr\/lasemaineverslemploi-ube\/wp-json\/wp\/v2\/comments?post=19"}],"version-history":[{"count":171,"href":"https:\/\/blog.ube.fr\/lasemaineverslemploi-ube\/wp-json\/wp\/v2\/pages\/19\/revisions"}],"predecessor-version":[{"id":1050,"href":"https:\/\/blog.ube.fr\/lasemaineverslemploi-ube\/wp-json\/wp\/v2\/pages\/19\/revisions\/1050"}],"wp:attachment":[{"href":"https:\/\/blog.ube.fr\/lasemaineverslemploi-ube\/wp-json\/wp\/v2\/media?parent=19"}],"curies":[{"name":"wp","href":"https:\/\/api.w.org\/{rel}","templated":true}]}}