{"id":44,"date":"2018-11-28T16:22:56","date_gmt":"2018-11-28T15:22:56","guid":{"rendered":"http:\/\/blog.u-bourgogne.fr\/la-ptite-fac\/?page_id=44"},"modified":"2026-02-12T13:19:57","modified_gmt":"2026-02-12T12:19:57","slug":"notre-equipe","status":"publish","type":"page","link":"https:\/\/blog.ube.fr\/la-ptite-fac\/notre-equipe\/","title":{"rendered":"Notre \u00e9quipe"},"content":{"rendered":"<p><strong>L\u2019\u00e9quipe de professionnels salari\u00e9s de la P\u2019tite Fac\u00a0:<img loading=\"lazy\" decoding=\"async\" class=\"wp-image-412  alignright\" src=\"http:\/\/blog.ube.fr\/la-ptite-fac\/wp-content\/uploads\/sites\/110\/2026\/02\/Capture-decran-2026-02-12-131739-300x216.png\" alt=\"\" width=\"826\" height=\"594\" srcset=\"https:\/\/blog.ube.fr\/la-ptite-fac\/wp-content\/uploads\/sites\/110\/2026\/02\/Capture-decran-2026-02-12-131739-300x216.png 300w, https:\/\/blog.ube.fr\/la-ptite-fac\/wp-content\/uploads\/sites\/110\/2026\/02\/Capture-decran-2026-02-12-131739-768x553.png 768w, https:\/\/blog.ube.fr\/la-ptite-fac\/wp-content\/uploads\/sites\/110\/2026\/02\/Capture-decran-2026-02-12-131739.png 912w\" sizes=\"auto, (max-width: 826px) 100vw, 826px\" \/><\/strong><\/p>\n<p>&nbsp;<\/p>\n<ul>\n<li style=\"text-align: left;\">Une Directrice<\/li>\n<\/ul>\n<p style=\"text-align: left;\">Infirmi\u00e8re pu\u00e9ricultrice de formation, la directrice est la r\u00e9f\u00e9rente sant\u00e9 de la structure. Ses activit\u00e9s vont de la gestion administrative et RH \u00e0 la communication avec les partenaires et les parents.<\/p>\n<p>&nbsp;<\/p>\n<ul>\n<li style=\"text-align: left;\">Un Directeur Adjoint<\/li>\n<\/ul>\n<p style=\"text-align: left;\">En tant qu\u2019\u00e9ducateur de jeunes enfants, le directeur adjoint est le r\u00e9f\u00e9rent p\u00e9dagogique de la P\u2019tite Fac. Il seconde la Directrice dans ses diff\u00e9rentes t\u00e2ches, anime les \u00e9quipes et impulse de nouvelles id\u00e9es et projets ludiques.<\/p>\n<p>&nbsp;<\/p>\n<ul>\n<li>Une assistante administrative<\/li>\n<\/ul>\n<p>L&#8217;assistante administrative s&#8217;occupe de l&#8217;accueil t\u00e9l\u00e9phonique et de l&#8217;accueil des visiteurs. Elle appuie la direction dans toute la partie administrative.<\/p>\n<p>&nbsp;<\/p>\n<ul>\n<li>Deux \u00e9ducatrices de jeunes enfants<\/li>\n<\/ul>\n<p>Les \u00e9ducatrices de jeunes enfants garantissent la mise en place des projets \u00e9ducatif et p\u00e9dagogique. Elles veillent aux bien-\u00eatres physiologique et psychologique des enfants et m\u00e8ne des actions d&#8217;\u00e9ducation, d&#8217;animation ou de pr\u00e9vention. Investies dans l&#8217;observation des enfants, elles leur organisent un environnement riche et stimulant.<\/p>\n<p>&nbsp;<\/p>\n<ul>\n<li style=\"text-align: left;\">Sept auxiliaires de pu\u00e9riculture<\/li>\n<\/ul>\n<p style=\"text-align: left;\">Les auxiliaires de pu\u00e9riculture assurent la s\u00e9curit\u00e9 (psychique et physique) et les soins aupr\u00e8s des enfants. Elles contribuent \u00e0 l\u2019\u00e9veil des tout-petits en les accompagnant de fa\u00e7on bienveillante et en respectant leur rythme et leurs besoins. Elles partagent le quotidien des enfants et assurent l\u2019animation d\u2019ateliers p\u00e9dagogiques, l\u2019organisation des repas et les \u00e9changes avec les familles.<\/p>\n<p>&nbsp;<\/p>\n<ul>\n<li>Huit aides auxiliaires dipl\u00f4m\u00e9es du CAP Petite Enfance<\/li>\n<\/ul>\n<p>Les aides auxiliaires secondent les auxiliaires de pu\u00e9riculture dans certaines de leurs t\u00e2ches et assurent l\u2019hygi\u00e8ne des enfants.<\/p>\n<p>&nbsp;<\/p>\n<ul>\n<li>Un agent de service<\/li>\n<\/ul>\n<p>L\u2019agent de service g\u00e8re l\u2019organisation des repas, le linge et l\u2019entretien des locaux en journ\u00e9e.<\/p>\n<p>&nbsp;<\/p>\n<ul>\n<li>Un m\u00e9decin RSAI (R\u00e9f\u00e9rent Sant\u00e9 et Accueil Inclusif)<\/li>\n<\/ul>\n<div class=\"relative flex flex-col items-center gap-4\">\n<div class=\"flex items-center justify-center overflow-hidden\">\n<div class=\"flex items-center justify-center bg-brand-500\"><\/div>\n<\/div>\n<\/div>\n<div class=\"flex min-w-0 flex-1 flex-col\">\n<div class=\"flex w-full flex-col gap-2 break-words\" dir=\"auto\">\n<div>\n<div class=\"select-none\">\n<div class=\"markdown-container-style max-w-none gap-1 overflow-x-visible py-0.5 pb-4 font-normal text-wrap break-words select-text\" dir=\"auto\" data-message-part-type=\"answer\" data-testid=\"text-message-part\">\n<p>Le RSAI a pour r\u00f4le d\u2019informer, conseiller et former les \u00e9quipes et la direction sur la sant\u00e9 du jeune enfant et l\u2019accueil inclusif, en coordonnant la mise en \u0153uvre de protocoles, d\u2019adaptations et de projets individualis\u00e9s pour les enfants en situation de handicap ou atteints de maladies chroniques, tout en veillant \u00e0 leur bien-\u00eatre et \u00e0 leur d\u00e9veloppement. Il accompagne aussi les professionnels dans le rep\u00e9rage des situations \u00e0 risque, la promotion de la sant\u00e9 (nutrition, sommeil, etc.)<\/p>\n<\/div>\n<\/div>\n<\/div>\n<\/div>\n<\/div>\n<p>&nbsp;<\/p>\n<p><strong>Les parents volontaires membres du Conseil d\u2019Administration :<\/strong><\/p>\n<p>Si le fonctionnement quotidien de la P\u2019tite Fac repose sur des professionnels de la petite enfance, sa structure associative permet aux parents de jouer un r\u00f4le actif dans l\u2019administration de la structure. Chaque d\u00e9but d\u2019ann\u00e9e scolaire, le Conseil d\u2019Administration (CA) de l\u2019association est renouvel\u00e9, tous les parents peuvent choisir d\u2019en faire partie et participer ainsi aux d\u00e9cisions dont d\u00e9pendront les \u00e9volutions de la cr\u00e8che. Parmi ses membres, le CA \u00e9lit chaque ann\u00e9e un-e pr\u00e9sident-e, un-e tr\u00e9sorier-e et un-e secr\u00e9taire qui assurent l\u2019administration de l\u2019association. Le CA et cette \u00e9quipe de direction sont force de proposition et impulsent des projets ludiques et le d\u00e9veloppement des activit\u00e9s de la cr\u00e8che, en partenariat avec les salari\u00e9s.<\/p>\n<p>Cette \u00e9quipe \u00e9volue r\u00e9guli\u00e8rement, puisque les parents quittent le CA en m\u00eame temps que leur enfant la cr\u00e8che.<\/p>\n<p>Les autres parents peuvent participer de fa\u00e7on active \u00e0 la vie de la structure en fonction de leurs comp\u00e9tences et disponibilit\u00e9s en s\u2019inscrivant \u00e0 des commissions (bricolage, jardinage, musique, sorties, etc.).<\/p>\n<p>Il y a au sein de la structure de la place pour toutes les bonnes volont\u00e9s car pour que l\u2019association continue de vivre, il importe que tous ses membres s\u2019en soucient et s\u2019impliquent !<\/p>\n<p>&nbsp;<\/p>\n","protected":false},"excerpt":{"rendered":"<p>L\u2019\u00e9quipe de professionnels salari\u00e9s de la P\u2019tite Fac\u00a0: &nbsp; Une Directrice Infirmi\u00e8re pu\u00e9ricultrice de formation, la directrice est la r\u00e9f\u00e9rente sant\u00e9 de la structure. Ses activit\u00e9s vont de la gestion administrative et RH \u00e0 la communication avec les partenaires et les parents. &nbsp; Un Directeur Adjoint En tant qu\u2019\u00e9ducateur de jeunes enfants, le directeur adjoint&hellip;<\/p>\n<p class=\"more-link-p\"><a class=\"btn btn-primary\" href=\"https:\/\/blog.ube.fr\/la-ptite-fac\/notre-equipe\/\">Voir plus &rarr;<\/a><\/p>\n","protected":false},"author":392,"featured_media":0,"parent":0,"menu_order":0,"comment_status":"closed","ping_status":"closed","template":"","meta":{"footnotes":""},"class_list":["post-44","page","type-page","status-publish","hentry"],"_links":{"self":[{"href":"https:\/\/blog.ube.fr\/la-ptite-fac\/wp-json\/wp\/v2\/pages\/44","targetHints":{"allow":["GET"]}}],"collection":[{"href":"https:\/\/blog.ube.fr\/la-ptite-fac\/wp-json\/wp\/v2\/pages"}],"about":[{"href":"https:\/\/blog.ube.fr\/la-ptite-fac\/wp-json\/wp\/v2\/types\/page"}],"author":[{"embeddable":true,"href":"https:\/\/blog.ube.fr\/la-ptite-fac\/wp-json\/wp\/v2\/users\/392"}],"replies":[{"embeddable":true,"href":"https:\/\/blog.ube.fr\/la-ptite-fac\/wp-json\/wp\/v2\/comments?post=44"}],"version-history":[{"count":44,"href":"https:\/\/blog.ube.fr\/la-ptite-fac\/wp-json\/wp\/v2\/pages\/44\/revisions"}],"predecessor-version":[{"id":414,"href":"https:\/\/blog.ube.fr\/la-ptite-fac\/wp-json\/wp\/v2\/pages\/44\/revisions\/414"}],"wp:attachment":[{"href":"https:\/\/blog.ube.fr\/la-ptite-fac\/wp-json\/wp\/v2\/media?parent=44"}],"curies":[{"name":"wp","href":"https:\/\/api.w.org\/{rel}","templated":true}]}}