{"id":321,"date":"2021-08-30T17:00:08","date_gmt":"2021-08-30T15:00:08","guid":{"rendered":"http:\/\/blog.u-bourgogne.fr\/la-ptite-fac\/?page_id=321"},"modified":"2024-04-15T10:31:34","modified_gmt":"2024-04-15T08:31:34","slug":"formulaire-de-preinscription","status":"publish","type":"page","link":"https:\/\/blog.ube.fr\/la-ptite-fac\/formulaire-de-preinscription\/","title":{"rendered":"Formulaire de pr\u00e9-inscription"},"content":{"rendered":"<p>Avant toute d\u00e9marche, veuillez lire ce court texte: <a href=\"http:\/\/blog.ube.fr\/la-ptite-fac\/wp-content\/uploads\/sites\/110\/2024\/04\/Ou-mettez-vous-les-pieds-1.pdf\">O\u00f9 mettez-vous les pieds?<\/a><\/p>\n<p>Ensuite, la pr\u00e9-inscription se fait en ligne ici:<\/p>\n<p><a href=\"https:\/\/crechelaptitefac.portail-familles.app\/\">https:\/\/crechelaptitefac.portail-familles.app\/<\/a><\/p>\n<p>Pour vous aider dans cette d\u00e9marche vous pouvez consulter notre guide:<\/p>\n<p><a href=\"http:\/\/blog.ube.fr\/la-ptite-fac\/wp-content\/uploads\/sites\/110\/2024\/02\/Pre-inscription-La-Ptite-Fac-1.pdf\">Mode emploi Pr\u00e9-inscription La Ptite Fac<\/a><\/p>\n<p>&nbsp;<\/p>\n","protected":false},"excerpt":{"rendered":"<p>Avant toute d\u00e9marche, veuillez lire ce court texte: O\u00f9 mettez-vous les pieds? Ensuite, la pr\u00e9-inscription se fait en ligne ici: https:\/\/crechelaptitefac.portail-familles.app\/ Pour vous aider dans cette d\u00e9marche vous pouvez consulter notre guide: Mode emploi Pr\u00e9-inscription La Ptite Fac &nbsp;<\/p>\n<p class=\"more-link-p\"><a class=\"btn btn-primary\" href=\"https:\/\/blog.ube.fr\/la-ptite-fac\/formulaire-de-preinscription\/\">Voir plus &rarr;<\/a><\/p>\n","protected":false},"author":608,"featured_media":0,"parent":0,"menu_order":0,"comment_status":"closed","ping_status":"closed","template":"","meta":{"footnotes":""},"class_list":["post-321","page","type-page","status-publish","hentry"],"_links":{"self":[{"href":"https:\/\/blog.ube.fr\/la-ptite-fac\/wp-json\/wp\/v2\/pages\/321","targetHints":{"allow":["GET"]}}],"collection":[{"href":"https:\/\/blog.ube.fr\/la-ptite-fac\/wp-json\/wp\/v2\/pages"}],"about":[{"href":"https:\/\/blog.ube.fr\/la-ptite-fac\/wp-json\/wp\/v2\/types\/page"}],"author":[{"embeddable":true,"href":"https:\/\/blog.ube.fr\/la-ptite-fac\/wp-json\/wp\/v2\/users\/608"}],"replies":[{"embeddable":true,"href":"https:\/\/blog.ube.fr\/la-ptite-fac\/wp-json\/wp\/v2\/comments?post=321"}],"version-history":[{"count":8,"href":"https:\/\/blog.ube.fr\/la-ptite-fac\/wp-json\/wp\/v2\/pages\/321\/revisions"}],"predecessor-version":[{"id":396,"href":"https:\/\/blog.ube.fr\/la-ptite-fac\/wp-json\/wp\/v2\/pages\/321\/revisions\/396"}],"wp:attachment":[{"href":"https:\/\/blog.ube.fr\/la-ptite-fac\/wp-json\/wp\/v2\/media?parent=321"}],"curies":[{"name":"wp","href":"https:\/\/api.w.org\/{rel}","templated":true}]}}