{"id":25,"date":"2018-03-29T17:27:53","date_gmt":"2018-03-29T15:27:53","guid":{"rendered":"http:\/\/blog.u-bourgogne.fr\/la-ptite-fac\/?page_id=25"},"modified":"2024-04-15T10:23:59","modified_gmt":"2024-04-15T08:23:59","slug":"temoignages","status":"publish","type":"page","link":"https:\/\/blog.ube.fr\/la-ptite-fac\/temoignages\/","title":{"rendered":"Ils nous ont fait confiance !"},"content":{"rendered":"<p><a href=\"http:\/\/blog.ube.fr\/la-ptite-fac\/wp-content\/uploads\/sites\/110\/2021\/01\/logo-uB-filet.jpg\"><img loading=\"lazy\" decoding=\"async\" class=\"alignnone wp-image-271\" src=\"http:\/\/blog.ube.fr\/la-ptite-fac\/wp-content\/uploads\/sites\/110\/2021\/01\/logo-uB-filet.jpg\" alt=\"\" width=\"181\" height=\"113\" srcset=\"https:\/\/blog.ube.fr\/la-ptite-fac\/wp-content\/uploads\/sites\/110\/2021\/01\/logo-uB-filet.jpg 691w, https:\/\/blog.ube.fr\/la-ptite-fac\/wp-content\/uploads\/sites\/110\/2021\/01\/logo-uB-filet-300x187.jpg 300w\" sizes=\"auto, (max-width: 181px) 100vw, 181px\" \/><\/a><a href=\"http:\/\/blog.ube.fr\/la-ptite-fac\/wp-content\/uploads\/sites\/110\/2021\/01\/logo_ubfc.png\"><img loading=\"lazy\" decoding=\"async\" class=\"alignnone wp-image-269\" src=\"http:\/\/blog.ube.fr\/la-ptite-fac\/wp-content\/uploads\/sites\/110\/2021\/01\/logo_ubfc.png\" alt=\"\" width=\"237\" height=\"110\" srcset=\"https:\/\/blog.ube.fr\/la-ptite-fac\/wp-content\/uploads\/sites\/110\/2021\/01\/logo_ubfc.png 1081w, https:\/\/blog.ube.fr\/la-ptite-fac\/wp-content\/uploads\/sites\/110\/2021\/01\/logo_ubfc-300x140.png 300w, https:\/\/blog.ube.fr\/la-ptite-fac\/wp-content\/uploads\/sites\/110\/2021\/01\/logo_ubfc-1024x476.png 1024w, https:\/\/blog.ube.fr\/la-ptite-fac\/wp-content\/uploads\/sites\/110\/2021\/01\/logo_ubfc-768x357.png 768w\" sizes=\"auto, (max-width: 237px) 100vw, 237px\" \/>\u00a0 \u00a0 \u00a0 \u00a0 \u00a0\u00a0 <\/a><a href=\"http:\/\/blog.ube.fr\/la-ptite-fac\/wp-content\/uploads\/sites\/110\/2021\/01\/logo-inrae_inra_logo.png\"><img loading=\"lazy\" decoding=\"async\" class=\"alignnone wp-image-270\" src=\"http:\/\/blog.ube.fr\/la-ptite-fac\/wp-content\/uploads\/sites\/110\/2021\/01\/logo-inrae_inra_logo.png\" alt=\"\" width=\"214\" height=\"54\" srcset=\"https:\/\/blog.ube.fr\/la-ptite-fac\/wp-content\/uploads\/sites\/110\/2021\/01\/logo-inrae_inra_logo.png 317w, https:\/\/blog.ube.fr\/la-ptite-fac\/wp-content\/uploads\/sites\/110\/2021\/01\/logo-inrae_inra_logo-300x76.png 300w\" sizes=\"auto, (max-width: 214px) 100vw, 214px\" \/><\/a><img loading=\"lazy\" decoding=\"async\" class=\"sFlh5c pT0Scc iPVvYb\" src=\"https:\/\/www.institut-agro.fr\/files\/fichiers\/bibliotheque-de-documents\/institutionnel\/charte-graphique\/logos\/logo-institut-agro-couleur-300dpi.png\" alt=\"Espace t\u00e9l\u00e9chargement | L'Institut Agro\" width=\"295\" height=\"119\" aria-hidden=\"false\" \/><img loading=\"lazy\" decoding=\"async\" class=\"sFlh5c pT0Scc iPVvYb\" src=\"https:\/\/math.u-bourgogne.fr\/images\/charte\/logo-cnrs.png\" alt=\"IMB - Institut de Math\u00e9matiques de Bourgogne - UMR 5584 - Accueil\" width=\"166\" height=\"168\" aria-hidden=\"false\" \/><\/p>\n<p><img loading=\"lazy\" decoding=\"async\" class=\"sFlh5c pT0Scc iPVvYb\" src=\"https:\/\/www.aucap.fr\/wp-content\/themes\/aucapterravea\/images\/aucap-logo.png\" alt=\"Aucap Terravea : cabinet d'expertise comptable - audit\/conseils - Bourgogne\/Franche-Comt\u00e9\" width=\"202\" height=\"194\" aria-hidden=\"false\" \/><img loading=\"lazy\" decoding=\"async\" class=\"sFlh5c pT0Scc iPVvYb\" src=\"https:\/\/www.emploipublic.fr\/mediatheque\/3\/0\/2\/000882203_2000x400.jpg\" alt=\"Offre d'emploi SGAR BOURGOGNE FRANCHE COMTE - Emploipublic\" width=\"529\" height=\"121\" aria-hidden=\"false\" \/><img decoding=\"async\" class=\"sFlh5c pT0Scc iPVvYb\" src=\"https:\/\/www.actuia.com\/wp-content\/uploads\/2020\/01\/chu-dijon-bourgogne.png\" alt=\"CHU Dijon Bourgogne - Intelligence artificielle\" aria-hidden=\"false\" \/><\/p>\n<p><strong>Camille<\/strong>, maman-\u00e9tudiante en master de biologie :<br \/>\n\u201cLa P&#8217;tite fac se pr\u00e9occupe du statut maman-\u00e9tudiante. Savoir ma fille en bonnes mains me permet d&#8217;affronter ma journ\u00e9e avec l&#8217;esprit plus l\u00e9ger !\u201d<\/p>\n<p>&nbsp;<\/p>\n<p><strong>David<\/strong>, papa-\u00e9tudiant en licence 2 de droit :<br \/>\n&#8220;En plus d&#8217;avoir un mode de garde adapt\u00e9, les enfants et moi avons le confort d&#8217;\u00eatre g\u00e9ographiquement proche et surtout d&#8217;avoir une cr\u00e8che avec un mode de fonctionnement qui prend en compte les probl\u00e8mes engendr\u00e9s par les particularit\u00e9s d&#8217;une vie \u00e9tudiante !\u201d<\/p>\n<p>&nbsp;<\/p>\n<p><span style=\"font-weight: 400;\"><strong>Tatiana<\/strong>, maman d\u2019un enfant \u00e0 la P\u2019tite Fac \u00a0<\/span><span style=\"font-weight: 400;\">\u2b51\u2b51\u2b51\u2b51\u2b51<br \/>\n<\/span><span style=\"font-weight: 400;\">\u201cProximit\u00e9 du lieu de travail. Le personnel est tr\u00e8s professionnel, accueillant et joyeux. J\u2019ai appr\u00e9ci\u00e9 la sortie de fin d&#8217;ann\u00e9e pour les ouistitis.\u201d<\/span><\/p>\n<p>&nbsp;<\/p>\n<p><span style=\"font-weight: 400;\"><strong>Emeline<\/strong>, maman d\u2019un enfant \u00e0 la P\u2019tite Fac <\/span><span style=\"font-weight: 400;\">\u2b51\u2b51\u2b51\u2b51\u2b52<br \/>\n<\/span><span style=\"font-weight: 400;\">\u201cLe personnel est \u00e0 l&#8217;\u00e9coute et bienveillant \u00e0 l&#8217;\u00e9gard de nos enfants. Diverses activit\u00e9s sont propos\u00e9es pour l&#8217;\u00e9veil, notamment la peinture au doigt permettant aux parents d&#8217;admirer les \u0153uvres de nos enfants.\u201d<\/span><\/p>\n<p>&nbsp;<\/p>\n<p><span style=\"font-weight: 400;\"><strong>David<\/strong>, papa de deux enfants \u00e0 la P\u2019tite Fac <\/span><span style=\"font-weight: 400;\">\u2b51\u2b51\u2b51\u2b51\u2b51<br \/>\n<\/span><span style=\"font-weight: 400;\">\u201cLa P&#8217;tite Fac est id\u00e9alement situ\u00e9e sur le campus. Elle est bien entretenue et dot\u00e9e d&#8217;\u00e9quipement r\u00e9cent. Le personnel est adorable et les horaires sont tr\u00e8s pratiques. J\u2019ai appr\u00e9ci\u00e9 la venue de quelqu&#8217;un avec des animaux.\u201d<\/span><\/p>\n<p>&nbsp;<\/p>\n<p><span style=\"font-weight: 400;\"><strong>Ingrid<\/strong>, maman de Sann <\/span><span style=\"font-weight: 400;\">\u2b51\u2b51\u2b51\u2b51\u2b51<br \/>\n<\/span><span style=\"font-size: 16px;\">\u201cL&#8217;accueil est familial, le personnel adorable et compr\u00e9hensif, \u00e0 l&#8217;\u00e9coute des enfants&#8230; Mon petit gar\u00e7on a eu quelques difficult\u00e9s d&#8217;adaptation mais la patience et la douceur des &#8220;nounous&#8221; l&#8217;ont transform\u00e9. J\u2019ai bien aim\u00e9 les sorties biblioth\u00e8ques, ainsi que la f\u00eate de fin d&#8217;ann\u00e9e.\u201d<\/span><\/p>\n<p>&nbsp;<\/p>\n<p><span style=\"font-weight: 400;\"><strong>Amelle<\/strong>, maman d\u2019un enfant \u00e0 la P\u2019tite Fac <\/span><span style=\"font-weight: 400;\">\u2b51\u2b51\u2b51\u2b51\u2b51<br \/>\n<\/span><span style=\"font-size: 16px;\">\u201cLe personnel est \u00e0 l&#8217;\u00e9coute des enfants et des parents.\u201d<\/span><\/p>\n<p>&nbsp;<\/p>\n<p><span style=\"font-weight: 400;\"><strong>Aurore<\/strong>, maman d\u2019une petite fille \u00e0 la P\u2019tite Fac \u2b51\u2b51\u2b51\u2b51\u2b51<br \/>\n<\/span><span style=\"font-weight: 400;\">\u201cEquipe tr\u00e8s accueillante, je sais que ma fille est en s\u00e9curit\u00e9 la bas et c&#8217;est pour moi tr\u00e8s rassurant.\u201d<\/span><\/p>\n<p>&nbsp;<\/p>\n<p><span style=\"font-weight: 400;\"><strong> Ingrid<\/strong>, maman d\u2019un enfant \u00e0 la P\u2019tite Fac <\/span><span style=\"font-weight: 400;\">\u2b51\u2b51\u2b51\u2b51\u2b51<br \/>\n<\/span><span style=\"font-weight: 400;\">\u201cC&#8217;est une super cr\u00e8che o\u00f9 les enfants sont tr\u00e8s bien pris en charge par tout le personnel.\u201d <\/span><\/p>\n<p>&nbsp;<\/p>\n<p><span style=\"font-weight: 400;\"><strong>M\u00e9lissa<\/strong>, maman d\u2019un enfant \u00e0 la P\u2019tite Fac \u2b51\u2b51\u2b51\u2b51\u2b52<br \/>\n<\/span><span style=\"font-weight: 400;\">\u201cLe personnel est vraiment gentil, ils prennent soin de notre enfant. Il est tr\u00e8s facile de se garer pour d\u00e9poser son enfant, ce qui est un vrai confort. Pour No\u00ebl l&#8217;an pass\u00e9, nous avons eu en surprise une boule de No\u00ebl avec une photo de notre enfant d\u00e9guis\u00e9 en p\u00e8re No\u00ebl, c\u2019\u00e9tait vraiment tr\u00e8s mignon. Enfin les temps conviviaux, comme par exemple les go\u00fbters organis\u00e9s, font de cette cr\u00e8che un endroit tr\u00e8s accueillant.\u201d <\/span><\/p>\n<p>&nbsp;<\/p>\n<p><span style=\"font-weight: 400;\"><strong>Raluca<\/strong>, maman de deux enfants \u00e0 la P\u2019tite Fac <\/span><span style=\"font-weight: 400;\">\u2b51\u2b51\u2b51\u2b51\u2b51<br \/>\n<\/span><span style=\"font-weight: 400;\">\u201cJe suis tr\u00e8s satisfaite des prestations et surtout de la proximit\u00e9 de la cr\u00e8che avec mon lieu de travail. J\u2019ai bien aim\u00e9 la possibilit\u00e9 de mettre les enfants en compl\u00e9ment d\u2019une nounou.\u201d<\/span><\/p>\n<p>&nbsp;<\/p>\n<p><span style=\"font-weight: 400;\"><strong>Karine<\/strong>, maman d\u2019un enfant \u00e0 la P\u2019tite Fac \u2b51\u2b51\u2b51\u2b51\u2b52<br \/>\n<\/span><span style=\"font-weight: 400;\">\u201cLa cr\u00e8che se situe \u00e0 moins de 100m de mon lieu de travail, ce qui est tr\u00e8s appr\u00e9ciable. L&#8217;amplitude horaire me convient par rapport \u00e0 mes horaires de travail. Les enfants participent \u00e0 tout plein d&#8217;activit\u00e9s vari\u00e9es, sans diff\u00e9renciation de sexe et c&#8217;est important je trouve, qu&#8217;un petit gar\u00e7on puisse jouer \u00e0 la poup\u00e9e et une petite fille aux voitures, c&#8217;est de l&#8217;ouverture d&#8217;esprit et l&#8217;enrichissement personnel des enfants pour leur vie d&#8217;adulte.\u201d<\/span><\/p>\n<p>&nbsp;<\/p>\n<p><span style=\"font-weight: 400;\"><strong>Carine<\/strong>, maman de deux enfants \u00e0 la P\u2019tite Fac <\/span><span style=\"font-weight: 400;\">\u2b51\u2b51\u2b51\u2b51\u2b51<br \/>\n<\/span><span style=\"font-weight: 400;\">\u201cPr\u00e9sence sur le campus, professionnalisme et gentillesse du personnel. A noter : la pr\u00e9sence de Mamie &#8220;Josette&#8221; pour ces lectures; toutes activit\u00e9s sont bonnes \u00e0 prendre ! Type de structure qui devrait servir de mod\u00e8le pour tous les campus fran\u00e7ais, notamment dans le cadre de sa politique d&#8217;\u00e9galit\u00e9\/mixit\u00e9\/parit\u00e9.\u201d<\/span><\/p>\n<p>&nbsp;<\/p>\n<p><span style=\"font-weight: 400;\"><strong>Adrien<\/strong>, papa d\u2019un enfant \u00e0 la P\u2019tite Fac \u2b51\u2b51\u2b51\u2b51\u2b52<br \/>\n<\/span><span style=\"font-weight: 400;\">\u201cPersonnel comp\u00e9tent, \u00e0 l&#8217;\u00e9coute et tr\u00e8s sympathique. Localisation de la structure id\u00e9ale. Notre enfant se sent tr\u00e8s bien dans cette structure.\u201d<\/span><\/p>\n<p>&nbsp;<\/p>\n<p><span style=\"font-weight: 400;\"><strong>Marl\u00e8ne<\/strong>, maman de deux enfants \u00e0 la P\u2019tite Fac <\/span><span style=\"font-weight: 400;\">\u2b51\u2b51\u2b51\u2b51\u2b51<br \/>\n<\/span><span style=\"font-weight: 400;\">\u201cL\u2019\u00e9quipe est sympathique et j\u2019aime bien le c\u00f4t\u00e9 cocooning de la structure, dispose aussi d\u2019un grand jardin, appr\u00e9ciable lors des beaux jours. J\u2019ai appr\u00e9ci\u00e9 la sortie de cr\u00e8che de fin d\u2019ann\u00e9e au parc de l\u2019auxois, c\u2019est tr\u00e8s sympa d\u2019avoir pu voir nos enfants \u00e9voluer avec les copains en dehors de la structure. Int\u00e9ressant pour cr\u00e9er des liens entre parents \u00e9galement.\u201d<\/span><\/p>\n","protected":false},"excerpt":{"rendered":"<p>\u00a0 \u00a0 \u00a0 \u00a0 \u00a0\u00a0 Camille, maman-\u00e9tudiante en master de biologie : \u201cLa P&#8217;tite fac se pr\u00e9occupe du statut maman-\u00e9tudiante. Savoir ma fille en bonnes mains me permet d&#8217;affronter ma journ\u00e9e avec l&#8217;esprit plus l\u00e9ger !\u201d &nbsp; David, papa-\u00e9tudiant en licence 2 de droit : &#8220;En plus d&#8217;avoir un mode de garde adapt\u00e9, les enfants&hellip;<\/p>\n<p class=\"more-link-p\"><a class=\"btn btn-primary\" href=\"https:\/\/blog.ube.fr\/la-ptite-fac\/temoignages\/\">Voir plus &rarr;<\/a><\/p>\n","protected":false},"author":608,"featured_media":0,"parent":0,"menu_order":0,"comment_status":"closed","ping_status":"closed","template":"","meta":{"footnotes":""},"class_list":["post-25","page","type-page","status-publish","hentry"],"_links":{"self":[{"href":"https:\/\/blog.ube.fr\/la-ptite-fac\/wp-json\/wp\/v2\/pages\/25","targetHints":{"allow":["GET"]}}],"collection":[{"href":"https:\/\/blog.ube.fr\/la-ptite-fac\/wp-json\/wp\/v2\/pages"}],"about":[{"href":"https:\/\/blog.ube.fr\/la-ptite-fac\/wp-json\/wp\/v2\/types\/page"}],"author":[{"embeddable":true,"href":"https:\/\/blog.ube.fr\/la-ptite-fac\/wp-json\/wp\/v2\/users\/608"}],"replies":[{"embeddable":true,"href":"https:\/\/blog.ube.fr\/la-ptite-fac\/wp-json\/wp\/v2\/comments?post=25"}],"version-history":[{"count":14,"href":"https:\/\/blog.ube.fr\/la-ptite-fac\/wp-json\/wp\/v2\/pages\/25\/revisions"}],"predecessor-version":[{"id":381,"href":"https:\/\/blog.ube.fr\/la-ptite-fac\/wp-json\/wp\/v2\/pages\/25\/revisions\/381"}],"wp:attachment":[{"href":"https:\/\/blog.ube.fr\/la-ptite-fac\/wp-json\/wp\/v2\/media?parent=25"}],"curies":[{"name":"wp","href":"https:\/\/api.w.org\/{rel}","templated":true}]}}