{"id":234,"date":"2019-07-19T17:31:15","date_gmt":"2019-07-19T15:31:15","guid":{"rendered":"http:\/\/blog.u-bourgogne.fr\/la-ptite-fac\/?page_id=234"},"modified":"2024-04-15T10:19:55","modified_gmt":"2024-04-15T08:19:55","slug":"public","status":"publish","type":"page","link":"https:\/\/blog.ube.fr\/la-ptite-fac\/public\/","title":{"rendered":"O\u00f9 mettez vous les pieds?"},"content":{"rendered":"<ul>\n<li><strong>Vous recherchez juste un mode de garde pour votre enfant ?<\/strong><\/li>\n<\/ul>\n<p>\u2192Vous trouverez s\u00fbrement ailleurs une autre cr\u00e8che qui r\u00e9pondra parfaitement \u00e0 votre besoin !<\/p>\n<ul>\n<li><strong>Vous cherchez un lieu d\u2019accueil pour vous et votre enfant dans lequel vous pouvez prendre activement part \u00e0 son fonctionnement, participer \u00e0 son d\u00e9veloppement, vous exprimer, faire des rencontres et partager ?<\/strong><\/li>\n<\/ul>\n<p>\u2192Vous \u00eates au bon endroit, bienvenue\u00a0!<\/p>\n<p>Avant de nous rejoindre, merci de prendre 5 minutes pour lire ce court texte: <a href=\"http:\/\/blog.ube.fr\/la-ptite-fac\/wp-content\/uploads\/sites\/110\/2024\/04\/Ou-mettez-vous-les-pieds-1.pdf\">O\u00f9 mettez-vous les pieds?<\/a><\/p>\n","protected":false},"excerpt":{"rendered":"<p>Vous recherchez juste un mode de garde pour votre enfant ? \u2192Vous trouverez s\u00fbrement ailleurs une autre cr\u00e8che qui r\u00e9pondra parfaitement \u00e0 votre besoin ! Vous cherchez un lieu d\u2019accueil pour vous et votre enfant dans lequel vous pouvez prendre activement part \u00e0 son fonctionnement, participer \u00e0 son d\u00e9veloppement, vous exprimer, faire des rencontres et&hellip;<\/p>\n<p class=\"more-link-p\"><a class=\"btn btn-primary\" href=\"https:\/\/blog.ube.fr\/la-ptite-fac\/public\/\">Voir plus &rarr;<\/a><\/p>\n","protected":false},"author":608,"featured_media":0,"parent":0,"menu_order":0,"comment_status":"closed","ping_status":"closed","template":"","meta":{"footnotes":""},"class_list":["post-234","page","type-page","status-publish","hentry"],"_links":{"self":[{"href":"https:\/\/blog.ube.fr\/la-ptite-fac\/wp-json\/wp\/v2\/pages\/234","targetHints":{"allow":["GET"]}}],"collection":[{"href":"https:\/\/blog.ube.fr\/la-ptite-fac\/wp-json\/wp\/v2\/pages"}],"about":[{"href":"https:\/\/blog.ube.fr\/la-ptite-fac\/wp-json\/wp\/v2\/types\/page"}],"author":[{"embeddable":true,"href":"https:\/\/blog.ube.fr\/la-ptite-fac\/wp-json\/wp\/v2\/users\/608"}],"replies":[{"embeddable":true,"href":"https:\/\/blog.ube.fr\/la-ptite-fac\/wp-json\/wp\/v2\/comments?post=234"}],"version-history":[{"count":9,"href":"https:\/\/blog.ube.fr\/la-ptite-fac\/wp-json\/wp\/v2\/pages\/234\/revisions"}],"predecessor-version":[{"id":393,"href":"https:\/\/blog.ube.fr\/la-ptite-fac\/wp-json\/wp\/v2\/pages\/234\/revisions\/393"}],"wp:attachment":[{"href":"https:\/\/blog.ube.fr\/la-ptite-fac\/wp-json\/wp\/v2\/media?parent=234"}],"curies":[{"name":"wp","href":"https:\/\/api.w.org\/{rel}","templated":true}]}}