{"id":21,"date":"2018-11-28T16:14:51","date_gmt":"2018-11-28T15:14:51","guid":{"rendered":"http:\/\/blog.u-bourgogne.fr\/la-ptite-fac\/?page_id=21"},"modified":"2025-01-30T10:45:06","modified_gmt":"2025-01-30T09:45:06","slug":"contact","status":"publish","type":"page","link":"https:\/\/blog.ube.fr\/la-ptite-fac\/contact\/","title":{"rendered":"Contact"},"content":{"rendered":"<p><strong>Cr\u00e8che la P&#8217;tite Fac<\/strong><\/p>\n<p>Rue Claude Ladrey, 21000 Dijon<\/p>\n<p>03 80 39 50 83<\/p>\n<p>la.ptite.fac@ube.fr<\/p>\n<p>&nbsp;<\/p>\n<p>Pour conna\u00eetre l&#8217;actualit\u00e9 de la P&#8217;tite Fac, vous pouvez aussi nous suivre sur <a href=\"https:\/\/www.facebook.com\/LaPtiteFac\/?modal=admin_todo_tour\">Facebook<\/a> et <a title=\"Instagram\" href=\"https:\/\/www.instagram.com\/laptitefac\/\" rel=\"\">Instagram<\/a> !<\/p>\n<h2 style=\"text-align: left;\"><\/h2>\n","protected":false},"excerpt":{"rendered":"<p>Cr\u00e8che la P&#8217;tite Fac Rue Claude Ladrey, 21000 Dijon 03 80 39 50 83 la.ptite.fac@ube.fr &nbsp; Pour conna\u00eetre l&#8217;actualit\u00e9 de la P&#8217;tite Fac, vous pouvez aussi nous suivre sur Facebook et Instagram !<\/p>\n<p class=\"more-link-p\"><a class=\"btn btn-primary\" href=\"https:\/\/blog.ube.fr\/la-ptite-fac\/contact\/\">Voir plus &rarr;<\/a><\/p>\n","protected":false},"author":608,"featured_media":0,"parent":0,"menu_order":0,"comment_status":"closed","ping_status":"closed","template":"","meta":{"footnotes":""},"class_list":["post-21","page","type-page","status-publish","hentry"],"_links":{"self":[{"href":"https:\/\/blog.ube.fr\/la-ptite-fac\/wp-json\/wp\/v2\/pages\/21","targetHints":{"allow":["GET"]}}],"collection":[{"href":"https:\/\/blog.ube.fr\/la-ptite-fac\/wp-json\/wp\/v2\/pages"}],"about":[{"href":"https:\/\/blog.ube.fr\/la-ptite-fac\/wp-json\/wp\/v2\/types\/page"}],"author":[{"embeddable":true,"href":"https:\/\/blog.ube.fr\/la-ptite-fac\/wp-json\/wp\/v2\/users\/608"}],"replies":[{"embeddable":true,"href":"https:\/\/blog.ube.fr\/la-ptite-fac\/wp-json\/wp\/v2\/comments?post=21"}],"version-history":[{"count":9,"href":"https:\/\/blog.ube.fr\/la-ptite-fac\/wp-json\/wp\/v2\/pages\/21\/revisions"}],"predecessor-version":[{"id":408,"href":"https:\/\/blog.ube.fr\/la-ptite-fac\/wp-json\/wp\/v2\/pages\/21\/revisions\/408"}],"wp:attachment":[{"href":"https:\/\/blog.ube.fr\/la-ptite-fac\/wp-json\/wp\/v2\/media?parent=21"}],"curies":[{"name":"wp","href":"https:\/\/api.w.org\/{rel}","templated":true}]}}