{"id":16,"date":"2018-11-02T16:25:26","date_gmt":"2018-11-02T15:25:26","guid":{"rendered":"http:\/\/blog.u-bourgogne.fr\/la-ptite-fac\/?page_id=16"},"modified":"2026-03-06T11:53:02","modified_gmt":"2026-03-06T10:53:02","slug":"notre-histoire","status":"publish","type":"page","link":"https:\/\/blog.ube.fr\/la-ptite-fac\/notre-histoire\/","title":{"rendered":"Notre histoire"},"content":{"rendered":"<p><span style=\"font-weight: 400;\">Initialement appel\u00e9e le CLUB (Centre de Loisirs de l&#8217;Universit\u00e9 de Bourgogne), la structure a \u00e9t\u00e9 cr\u00e9\u00e9e en 1986 par le personnel de l&#8217;Universit\u00e9 de Bourgogne avec un fonctionnement cr\u00e8che les lundis, mardis, jeudis et vendredis et un fonctionnement centre de loisirs les mercredis.<br \/>\n<\/span><\/p>\n<p><span style=\"font-weight: 400;\">En 1997, le CLUB devient LA P\u2019TITE FAC et accueille 24 enfants. LA P\u2019TITE FAC a \u00e9t\u00e9 la premi\u00e8re cr\u00e8che en France \u00e0 s\u2019implanter sur un campus universitaire. Il en existe aujourd\u2019hui une dizaine du m\u00eame type.<\/span><\/p>\n<p><span style=\"font-weight: 400;\">En 2011, le centre de Loisirs ferme ses portes. La cr\u00e8che passe d&#8217;une capacit\u00e9 de 24 berceaux \u00e0 40 berceaux.<br \/>\n<\/span><\/p>\n<p><span style=\"font-weight: 400;\">En 2015, un financement conjoint de l&#8217;Universit\u00e9 de Bourgogne et de la Caisse d&#8217;Allocation Familiale a permis une nouvelle fois \u00e0 la structure d&#8217;augmenter sa capacit\u00e9, en portant le nombre total de berceaux \u00e0 55. Dans la perspective de la cr\u00e9ation d&#8217;une extension de 350m\u00b2 pour septembre 2027, l&#8217;agr\u00e9ment est pass\u00e9 en 57 places en janvier 2026.<\/span><\/p>\n<p>Aujourd&#8217;hui, LA P&#8217;TITE FAC accueille donc 57 enfants \u00e0 l&#8217;aide d&#8217;un personnel bienveillant et \u00e0 l&#8217;\u00e9coute.<\/p>\n<p>&nbsp;<\/p>\n","protected":false},"excerpt":{"rendered":"<p>Initialement appel\u00e9e le CLUB (Centre de Loisirs de l&#8217;Universit\u00e9 de Bourgogne), la structure a \u00e9t\u00e9 cr\u00e9\u00e9e en 1986 par le personnel de l&#8217;Universit\u00e9 de Bourgogne avec un fonctionnement cr\u00e8che les lundis, mardis, jeudis et vendredis et un fonctionnement centre de loisirs les mercredis. En 1997, le CLUB devient LA P\u2019TITE FAC et accueille 24 enfants.&hellip;<\/p>\n<p class=\"more-link-p\"><a class=\"btn btn-primary\" href=\"https:\/\/blog.ube.fr\/la-ptite-fac\/notre-histoire\/\">Voir plus &rarr;<\/a><\/p>\n","protected":false},"author":608,"featured_media":0,"parent":0,"menu_order":0,"comment_status":"closed","ping_status":"closed","template":"","meta":{"footnotes":""},"class_list":["post-16","page","type-page","status-publish","hentry"],"_links":{"self":[{"href":"https:\/\/blog.ube.fr\/la-ptite-fac\/wp-json\/wp\/v2\/pages\/16","targetHints":{"allow":["GET"]}}],"collection":[{"href":"https:\/\/blog.ube.fr\/la-ptite-fac\/wp-json\/wp\/v2\/pages"}],"about":[{"href":"https:\/\/blog.ube.fr\/la-ptite-fac\/wp-json\/wp\/v2\/types\/page"}],"author":[{"embeddable":true,"href":"https:\/\/blog.ube.fr\/la-ptite-fac\/wp-json\/wp\/v2\/users\/608"}],"replies":[{"embeddable":true,"href":"https:\/\/blog.ube.fr\/la-ptite-fac\/wp-json\/wp\/v2\/comments?post=16"}],"version-history":[{"count":12,"href":"https:\/\/blog.ube.fr\/la-ptite-fac\/wp-json\/wp\/v2\/pages\/16\/revisions"}],"predecessor-version":[{"id":416,"href":"https:\/\/blog.ube.fr\/la-ptite-fac\/wp-json\/wp\/v2\/pages\/16\/revisions\/416"}],"wp:attachment":[{"href":"https:\/\/blog.ube.fr\/la-ptite-fac\/wp-json\/wp\/v2\/media?parent=16"}],"curies":[{"name":"wp","href":"https:\/\/api.w.org\/{rel}","templated":true}]}}