{"id":13,"date":"2018-11-09T15:07:28","date_gmt":"2018-11-09T14:07:28","guid":{"rendered":"http:\/\/blog.u-bourgogne.fr\/la-ptite-fac\/?page_id=13"},"modified":"2024-02-02T16:55:44","modified_gmt":"2024-02-02T15:55:44","slug":"rejoignez-nous","status":"publish","type":"page","link":"https:\/\/blog.ube.fr\/la-ptite-fac\/rejoignez-nous\/","title":{"rendered":"Rejoignez-nous !"},"content":{"rendered":"<p><span style=\"font-weight: 400;\">Les inscriptions se font tout au long de l&#8217;ann\u00e9e. Les pr\u00e9-inscriptions sur la liste d&#8217;attente ont lieu toute l&#8217;ann\u00e9e \u00e0 partir du 6e mois de grossesse. Concernant les entr\u00e9es \u00e0 la reprise de septembre, la validation des inscriptions est faite par la commission qui se r\u00e9unit en mai\/juin (attributions en fonction principalement du nombre de places pour septembre et de l&#8217;\u00e2ge des enfants). Pour les enfants rentrant en cours d&#8217;ann\u00e9e, l&#8217;accueil se fait selon les places disponibles.<\/span><\/p>\n<p><b>La tarification est faite en fonction des revenus de la famille et du nombre d&#8217;enfants \u00e0 charge (bar\u00e8me PSU de la CAF). <\/b><strong>Vous pouvez estimer le co\u00fbt de l&#8217;accueil de votre enfant sur le <a href=\"https:\/\/monenfant.fr\/simuler-le-cout-en-creche\" target=\"_blank\" rel=\"noopener\">site de la Caisse d&#8217;allocations familiales<\/a>.<\/strong><\/p>\n<p>Les pr\u00e9-inscriptions se font en ligne ici: <a href=\"https:\/\/crechelaptitefac.portail-familles.app\/\">https:\/\/crechelaptitefac.portail-familles.app\/<\/a><\/p>\n<p>Pour vous aider \u00e0 remplir le formulaire vous pouvez consulter notre guide:<\/p>\n<p><a href=\"http:\/\/blog.ube.fr\/la-ptite-fac\/wp-content\/uploads\/sites\/110\/2024\/02\/Pre-inscription-La-Ptite-Fac-1.pdf\">Mode emploi Pr\u00e9-inscription La P&#8217;tite Fac<\/a><\/p>\n<p><span style=\"font-weight: 400;\">D\u00e8s r\u00e9ception de la fiche de pr\u00e9-inscription et du courrier dans lequel vous nous expliquez votre besoin, votre enfant sera inscrit sur liste d&#8217;attente. Nous vous contactons pour finaliser le dossier d&#8217;inscription et l&#8217;accueil de votre enfant.<\/span><\/p>\n<p>&nbsp;<\/p>\n","protected":false},"excerpt":{"rendered":"<p>Les inscriptions se font tout au long de l&#8217;ann\u00e9e. Les pr\u00e9-inscriptions sur la liste d&#8217;attente ont lieu toute l&#8217;ann\u00e9e \u00e0 partir du 6e mois de grossesse. Concernant les entr\u00e9es \u00e0 la reprise de septembre, la validation des inscriptions est faite par la commission qui se r\u00e9unit en mai\/juin (attributions en fonction principalement du nombre de&hellip;<\/p>\n<p class=\"more-link-p\"><a class=\"btn btn-primary\" href=\"https:\/\/blog.ube.fr\/la-ptite-fac\/rejoignez-nous\/\">Voir plus &rarr;<\/a><\/p>\n","protected":false},"author":608,"featured_media":0,"parent":0,"menu_order":0,"comment_status":"closed","ping_status":"closed","template":"","meta":{"footnotes":""},"class_list":["post-13","page","type-page","status-publish","hentry"],"_links":{"self":[{"href":"https:\/\/blog.ube.fr\/la-ptite-fac\/wp-json\/wp\/v2\/pages\/13","targetHints":{"allow":["GET"]}}],"collection":[{"href":"https:\/\/blog.ube.fr\/la-ptite-fac\/wp-json\/wp\/v2\/pages"}],"about":[{"href":"https:\/\/blog.ube.fr\/la-ptite-fac\/wp-json\/wp\/v2\/types\/page"}],"author":[{"embeddable":true,"href":"https:\/\/blog.ube.fr\/la-ptite-fac\/wp-json\/wp\/v2\/users\/608"}],"replies":[{"embeddable":true,"href":"https:\/\/blog.ube.fr\/la-ptite-fac\/wp-json\/wp\/v2\/comments?post=13"}],"version-history":[{"count":15,"href":"https:\/\/blog.ube.fr\/la-ptite-fac\/wp-json\/wp\/v2\/pages\/13\/revisions"}],"predecessor-version":[{"id":382,"href":"https:\/\/blog.ube.fr\/la-ptite-fac\/wp-json\/wp\/v2\/pages\/13\/revisions\/382"}],"wp:attachment":[{"href":"https:\/\/blog.ube.fr\/la-ptite-fac\/wp-json\/wp\/v2\/media?parent=13"}],"curies":[{"name":"wp","href":"https:\/\/api.w.org\/{rel}","templated":true}]}}