{"id":11,"date":"2018-03-29T10:25:22","date_gmt":"2018-03-29T08:25:22","guid":{"rendered":"http:\/\/blog.u-bourgogne.fr\/la-ptite-fac\/?page_id=11"},"modified":"2026-03-06T11:53:44","modified_gmt":"2026-03-06T10:53:44","slug":"accueil","status":"publish","type":"page","link":"https:\/\/blog.ube.fr\/la-ptite-fac\/","title":{"rendered":"Accueil"},"content":{"rendered":"<div class=\"mceTemp\"><span style=\"font-weight: 400;\"><strong>La P\u2019tite Fac<\/strong> est une cr\u00e8che associative <strong>\u00e0 gestion parentale<\/strong> situ\u00e9e sur le campus de l\u2019Universit\u00e9 de Bourgogne avec une capacit\u00e9 d\u2019accueil de 57 berceaux. Chaque enfant pris en charge apprend \u00e0 se socialiser dans un contexte de partage, d\u2019\u00e9coute et de confiance. Vous pouvez retrouver toutes les actualit\u00e9s de la P&#8217;tite Fac sur notre <a href=\"https:\/\/www.facebook.com\/LaPtiteFac\/\" target=\"_blank\" rel=\"noopener\">page Facebook <\/a><\/span>et notre <a href=\"https:\/\/www.instagram.com\/laptitefac\/\">page Instagram.<\/a><\/div>\n<h4><span style=\"font-weight: 400;\">Notre mission ?<\/span><\/h4>\n<p><span style=\"font-weight: 400;\">Veiller au d\u00e9veloppement personnel de l\u2019enfant par le biais d\u2019activit\u00e9s quotidiennes tout en respectant le rythme de chacun. <\/span><span style=\"font-weight: 400;\">Les activit\u00e9s des enfants sont r\u00e9alis\u00e9es en application du projet \u00e9ducatif de l\u2019association compl\u00e9t\u00e9 par les diff\u00e9rents projets p\u00e9dagogiques.<\/span><\/p>\n<h4><span style=\"font-weight: 400;\">Qui ?<\/span><\/h4>\n<p><span style=\"font-weight: 400;\">Nous accueillons les enfants de 2 mois \u00bd \u00e0 4 ans. Notre structure est ouverte aux \u00e9tudiants et personnels de l\u2019universit\u00e9 en priorit\u00e9 (44 berceaux), mais aussi aux administrations et entreprises priv\u00e9es.<\/span><\/p>\n<h4><span style=\"font-weight: 400;\">Quand ?<\/span><\/h4>\n<p><span style=\"font-weight: 400;\">Nous sommes ouverts du lundi au vendredi de 07h45 \u00e0 18H15. Nous sommes ferm\u00e9s deux semaines durant les vacances de No\u00ebl et cinq semaines l\u2019\u00e9t\u00e9.<br \/>\n<\/span><\/p>\n<h4><span style=\"font-weight: 400;\">O\u00f9 ?<\/span><\/h4>\n<p><span style=\"font-weight: 400;\">Nous sommes situ\u00e9s sur le campus de l&#8217;Universit\u00e9 de Bourgogne,<strong> rue Claude Ladrey<\/strong>, en face de l\u2019INRA, \u00e0 proximit\u00e9 de l\u2019arr\u00eat de tramway Erasme.<\/span><\/p>\n<div style=\"overflow: hidden; width: 700px;\">\n<p><iframe loading=\"lazy\" style=\"border: 0;\" frameborder=\"0\" height=\"450\" src=\"https:\/\/www.google.com\/maps\/embed?pb=!1m14!1m8!1m3!1d1352.4598150734091!2d5.0683581723526!3d47.315908601823246!3m2!1i1024!2i768!4f13.1!3m3!1m2!1s0x47f29e6ce8795fdb%3A0x36e54b1fd6a9876b!2sLa+P'tite+Fac+-+Cr%C3%A8che+multi-accueil!5e0!3m2!1sfr!2sfr!4v1563462187704!5m2!1sfr!2sfr\" width=\"600\"><\/iframe><\/p>\n<\/div>\n","protected":false},"excerpt":{"rendered":"<p>La P\u2019tite Fac est une cr\u00e8che associative \u00e0 gestion parentale situ\u00e9e sur le campus de l\u2019Universit\u00e9 de Bourgogne avec une capacit\u00e9 d\u2019accueil de 57 berceaux. Chaque enfant pris en charge apprend \u00e0 se socialiser dans un contexte de partage, d\u2019\u00e9coute et de confiance. Vous pouvez retrouver toutes les actualit\u00e9s de la P&#8217;tite Fac sur notre&hellip;<\/p>\n<p class=\"more-link-p\"><a class=\"btn btn-primary\" href=\"https:\/\/blog.ube.fr\/la-ptite-fac\/\">Voir plus &rarr;<\/a><\/p>\n","protected":false},"author":608,"featured_media":0,"parent":0,"menu_order":0,"comment_status":"closed","ping_status":"closed","template":"","meta":{"footnotes":""},"class_list":["post-11","page","type-page","status-publish","hentry"],"_links":{"self":[{"href":"https:\/\/blog.ube.fr\/la-ptite-fac\/wp-json\/wp\/v2\/pages\/11","targetHints":{"allow":["GET"]}}],"collection":[{"href":"https:\/\/blog.ube.fr\/la-ptite-fac\/wp-json\/wp\/v2\/pages"}],"about":[{"href":"https:\/\/blog.ube.fr\/la-ptite-fac\/wp-json\/wp\/v2\/types\/page"}],"author":[{"embeddable":true,"href":"https:\/\/blog.ube.fr\/la-ptite-fac\/wp-json\/wp\/v2\/users\/608"}],"replies":[{"embeddable":true,"href":"https:\/\/blog.ube.fr\/la-ptite-fac\/wp-json\/wp\/v2\/comments?post=11"}],"version-history":[{"count":29,"href":"https:\/\/blog.ube.fr\/la-ptite-fac\/wp-json\/wp\/v2\/pages\/11\/revisions"}],"predecessor-version":[{"id":417,"href":"https:\/\/blog.ube.fr\/la-ptite-fac\/wp-json\/wp\/v2\/pages\/11\/revisions\/417"}],"wp:attachment":[{"href":"https:\/\/blog.ube.fr\/la-ptite-fac\/wp-json\/wp\/v2\/media?parent=11"}],"curies":[{"name":"wp","href":"https:\/\/api.w.org\/{rel}","templated":true}]}}