{"id":7,"date":"2016-06-09T12:47:20","date_gmt":"2016-06-09T11:47:20","guid":{"rendered":"http:\/\/blog.u-bourgogne.fr\/immuno-oncology\/?page_id=7"},"modified":"2016-06-11T15:17:03","modified_gmt":"2016-06-11T14:17:03","slug":"objectifs","status":"publish","type":"page","link":"https:\/\/blog.ube.fr\/immuno-oncology\/objectifs\/","title":{"rendered":"Objectifs"},"content":{"rendered":"<p>Pr\u00e9senter une mise \u00e0 jour des connaissances g\u00e9n\u00e9rales et une synth\u00e8se des derniers r\u00e9sultats de la recherche en immunologie et immunoth\u00e9rapie des cancers.<br \/>\nChaque conf\u00e9rencier pr\u00e9sente un \u00e9tat de la question dont il a la charge et pr\u00e9sente les derni\u00e8res recherches dont les siennes.<\/p>\n<p>La langue utilis\u00e9e sera le Fran\u00e7ais.<\/p>\n<p>&nbsp;<\/p>\n<h1 class=\"title\">Public concern\u00e9<\/h1>\n<ul style=\"padding-left: 30px\">\n<li>Enseignants et\/ou chercheurs, cliniciens, scientifiques, m\u00e9decins ou pharmaciens,<\/li>\n<li>Doctorants, post-doctorants, praticiens,<\/li>\n<li>Secteurs public ou priv\u00e9.<\/li>\n<\/ul>\n","protected":false},"excerpt":{"rendered":"<p>Pr\u00e9senter une mise \u00e0 jour des connaissances g\u00e9n\u00e9rales et une synth\u00e8se des derniers r\u00e9sultats de la recherche en immunologie et immunoth\u00e9rapie des cancers. Chaque conf\u00e9rencier pr\u00e9sente un \u00e9tat de la question dont il a la charge et pr\u00e9sente les derni\u00e8res recherches dont les siennes. La langue utilis\u00e9e sera le Fran\u00e7ais. &nbsp; Public concern\u00e9 Enseignants et\/ou<\/p>\n<p><a class=\"button\" href=\"https:\/\/blog.ube.fr\/immuno-oncology\/objectifs\/\" title=\"More\">  Voir plus \u2192<\/a><\/p>\n","protected":false},"author":260,"featured_media":0,"parent":0,"menu_order":0,"comment_status":"closed","ping_status":"closed","template":"","meta":{"footnotes":""},"class_list":["post-7","page","type-page","status-publish","hentry"],"_links":{"self":[{"href":"https:\/\/blog.ube.fr\/immuno-oncology\/wp-json\/wp\/v2\/pages\/7","targetHints":{"allow":["GET"]}}],"collection":[{"href":"https:\/\/blog.ube.fr\/immuno-oncology\/wp-json\/wp\/v2\/pages"}],"about":[{"href":"https:\/\/blog.ube.fr\/immuno-oncology\/wp-json\/wp\/v2\/types\/page"}],"author":[{"embeddable":true,"href":"https:\/\/blog.ube.fr\/immuno-oncology\/wp-json\/wp\/v2\/users\/260"}],"replies":[{"embeddable":true,"href":"https:\/\/blog.ube.fr\/immuno-oncology\/wp-json\/wp\/v2\/comments?post=7"}],"version-history":[{"count":5,"href":"https:\/\/blog.ube.fr\/immuno-oncology\/wp-json\/wp\/v2\/pages\/7\/revisions"}],"predecessor-version":[{"id":102,"href":"https:\/\/blog.ube.fr\/immuno-oncology\/wp-json\/wp\/v2\/pages\/7\/revisions\/102"}],"wp:attachment":[{"href":"https:\/\/blog.ube.fr\/immuno-oncology\/wp-json\/wp\/v2\/media?parent=7"}],"curies":[{"name":"wp","href":"https:\/\/api.w.org\/{rel}","templated":true}]}}