{"id":21,"date":"2016-06-09T13:05:11","date_gmt":"2016-06-09T12:05:11","guid":{"rendered":"http:\/\/blog.u-bourgogne.fr\/immuno-oncology\/?page_id=21"},"modified":"2024-06-10T13:05:11","modified_gmt":"2024-06-10T12:05:11","slug":"contacts","status":"publish","type":"page","link":"https:\/\/blog.ube.fr\/immuno-oncology\/contacts\/","title":{"rendered":"Contacts"},"content":{"rendered":"<p style=\"padding-left: 30px;\"><img decoding=\"async\" src=\"http:\/\/blog.ube.fr\/immuno-oncology\/wp-content\/uploads\/sites\/57\/2016\/06\/puce.png\" alt=\"\" \/> 11<sup>\u00e8mes<\/sup> Journ\u00e9es d&#8217;Immunologie et Immunoth\u00e9rapie des Cancers (JIIC) organis\u00e9es par :<\/p>\n<p style=\"padding-left: 30px;\"><a class=\"mail ita\" href=\"mailto:catherine.paul@u-bourgogne.fr\">Catherine PAUL<\/a><br \/>\n<a class=\"mail ita\" href=\"mailto:stephanie.plenchette@u-bourgogne.fr\">St\u00e9phanie PLENCHETTE<\/a><br \/>\n<a href=\"mailto:veronique.laurens@u-bourgogne.fr\">V\u00e9ronique LAURENS<\/a><\/p>\n<hr \/>\n<p>&nbsp;<\/p>\n<p style=\"padding-left: 30px;\"><img loading=\"lazy\" decoding=\"async\" class=\"alignnone\" src=\"http:\/\/blog.ube.fr\/immuno-oncology\/wp-content\/uploads\/sites\/57\/2016\/06\/puce.png\" alt=\"\" width=\"20\" height=\"20\" \/>\u00a0Universit\u00e9 de Bourgogne<\/p>\n<div class=\" aligncenter\" style=\"margin-left: 40px; border: solid 1px #ee7705; width: 38em;\">\n<p style=\"margin: 0in; font-family: Calibri; font-size: 11pt; color: black; text-align: center;\"><strong>Coordonn\u00e9es agent comptable:<\/strong><\/p>\n<p style=\"margin: 0in; font-family: Calibri; font-size: 11pt; color: black; text-align: center;\"><em>Facult\u00e9 des Sciences de Sant\u00e9<\/em><\/p>\n<p style=\"margin: 0in; font-family: Calibri; font-size: 11pt; color: black; text-align: center;\"><em>7 Bd Jeanne d\u2019Arc<\/em><\/p>\n<p style=\"margin: 0in; font-family: Calibri; font-size: 11pt; color: black; text-align: center;\"><em>BP 87900<\/em><\/p>\n<p style=\"margin: 0in; font-family: Calibri; font-size: 11pt; color: black; text-align: center;\"><em>21079 DIJON CEDEX<br \/>\n<\/em><span id=\"OBJ_PREFIX_DWT333_ZmEmailObjectHandler\" class=\"Object\" role=\"link\"><span id=\"OBJ_PREFIX_DWT359_ZmEmailObjectHandler\" class=\"Object\" role=\"link\"><\/span><\/span><\/p>\n<\/div>\n<p>&nbsp;<\/p>\n<div><\/div>\n","protected":false},"excerpt":{"rendered":"<p>11\u00e8mes Journ\u00e9es d&#8217;Immunologie et Immunoth\u00e9rapie des Cancers (JIIC) organis\u00e9es par : Catherine PAUL St\u00e9phanie PLENCHETTE V\u00e9ronique LAURENS &nbsp; \u00a0Universit\u00e9 de Bourgogne Coordonn\u00e9es agent comptable: Facult\u00e9 des Sciences de Sant\u00e9 7 Bd Jeanne d\u2019Arc BP 87900 21079 DIJON CEDEX &nbsp;<\/p>\n","protected":false},"author":260,"featured_media":0,"parent":0,"menu_order":0,"comment_status":"closed","ping_status":"closed","template":"","meta":{"footnotes":""},"class_list":["post-21","page","type-page","status-publish","hentry"],"_links":{"self":[{"href":"https:\/\/blog.ube.fr\/immuno-oncology\/wp-json\/wp\/v2\/pages\/21","targetHints":{"allow":["GET"]}}],"collection":[{"href":"https:\/\/blog.ube.fr\/immuno-oncology\/wp-json\/wp\/v2\/pages"}],"about":[{"href":"https:\/\/blog.ube.fr\/immuno-oncology\/wp-json\/wp\/v2\/types\/page"}],"author":[{"embeddable":true,"href":"https:\/\/blog.ube.fr\/immuno-oncology\/wp-json\/wp\/v2\/users\/260"}],"replies":[{"embeddable":true,"href":"https:\/\/blog.ube.fr\/immuno-oncology\/wp-json\/wp\/v2\/comments?post=21"}],"version-history":[{"count":70,"href":"https:\/\/blog.ube.fr\/immuno-oncology\/wp-json\/wp\/v2\/pages\/21\/revisions"}],"predecessor-version":[{"id":566,"href":"https:\/\/blog.ube.fr\/immuno-oncology\/wp-json\/wp\/v2\/pages\/21\/revisions\/566"}],"wp:attachment":[{"href":"https:\/\/blog.ube.fr\/immuno-oncology\/wp-json\/wp\/v2\/media?parent=21"}],"curies":[{"name":"wp","href":"https:\/\/api.w.org\/{rel}","templated":true}]}}