{"id":16,"date":"2016-06-09T13:03:34","date_gmt":"2016-06-09T12:03:34","guid":{"rendered":"http:\/\/blog.u-bourgogne.fr\/immuno-oncology\/?page_id=16"},"modified":"2024-06-24T08:39:08","modified_gmt":"2024-06-24T07:39:08","slug":"inscription","status":"publish","type":"page","link":"https:\/\/blog.ube.fr\/immuno-oncology\/inscription\/","title":{"rendered":"Inscription"},"content":{"rendered":"<h3 class=\"rubrik\">Tarifs :<\/h3>\n<ul style=\"padding-left: 30px;\">\n<li>Tout public 250 \u20ac<\/li>\n<li>\u00c9tudiant 120\u20ac<\/li>\n<\/ul>\n<h3 class=\"rubrik\">Proc\u00e9dure d&#8217;inscription :<\/h3>\n<p>L&#8217;inscription est obligatoire par l&#8217;interm\u00e9diaire du <a href=\"http:\/\/blog.ube.fr\/immuno-oncology\/wp-content\/uploads\/sites\/57\/2024\/06\/JIIC-2024-Bulletin-dinscription-colloque-10-au-12.12.2024-1.pdf\"><b>formulaire d&#8217;inscription <\/b><\/a>avant le 13 octobre 2024. Le formulaire est \u00e0 retourner \u00e0 <a href=\"mailto:catherine.paul@u-bourgogne.fr\">catherine.paul@u-bourgogne.fr<\/a> .<\/p>\n<h3>Proc\u00e9dure de paiement :<\/h3>\n<p style=\"margin: 0in; color: black;\"><span style=\"font-family: Symbol; font-size: 11.0pt;\">\u00b7<\/span><span style=\"font-family: 'Times New Roman'; font-size: 7.0pt;\">\u00a0\u00a0\u00a0\u00a0\u00a0\u00a0\u00a0\u00a0 <\/span><span style=\"text-decoration: underline; font-family: Calibri; font-size: 11.0pt;\">par ch\u00e8que \u00e0 l\u2019ordre\u00a0du R\u00e9gisseur des UFR de sant\u00e9<\/span><\/p>\n<p style=\"margin: 0in; color: black;\"><span style=\"font-family: Symbol; font-size: 11.0pt;\">\u00b7<\/span><span style=\"font-family: 'Times New Roman'; font-size: 7.0pt;\">\u00a0\u00a0\u00a0\u00a0\u00a0\u00a0\u00a0\u00a0 <\/span><span style=\"text-decoration: underline; font-family: Calibri; font-size: 11.0pt;\">par virement sur le compte du R\u00e9gisseur des UFR de sant\u00e9<\/span><\/p>\n<p style=\"margin: 0in; color: black;\"><span style=\"font-family: Symbol; font-size: 11.0pt;\">\u00b7<\/span><span style=\"font-family: 'Times New Roman'; font-size: 7.0pt;\">\u00a0\u00a0\u00a0\u00a0\u00a0\u00a0\u00a0\u00a0 <\/span><span style=\"text-decoration: underline; font-family: Calibri; font-size: 11.0pt;\">par bon de commande<\/span><\/p>\n","protected":false},"excerpt":{"rendered":"<p>Tarifs : Tout public 250 \u20ac \u00c9tudiant 120\u20ac Proc\u00e9dure d&#8217;inscription : L&#8217;inscription est obligatoire par l&#8217;interm\u00e9diaire du formulaire d&#8217;inscription avant le 13 octobre 2024. Le formulaire est \u00e0 retourner \u00e0 catherine.paul@u-bourgogne.fr . Proc\u00e9dure de paiement : \u00b7\u00a0\u00a0\u00a0\u00a0\u00a0\u00a0\u00a0\u00a0 par ch\u00e8que \u00e0 l\u2019ordre\u00a0du R\u00e9gisseur des UFR de sant\u00e9 \u00b7\u00a0\u00a0\u00a0\u00a0\u00a0\u00a0\u00a0\u00a0 par virement sur le compte du R\u00e9gisseur des<\/p>\n<p><a class=\"button\" href=\"https:\/\/blog.ube.fr\/immuno-oncology\/inscription\/\" title=\"More\">  Voir plus \u2192<\/a><\/p>\n","protected":false},"author":260,"featured_media":0,"parent":0,"menu_order":0,"comment_status":"closed","ping_status":"closed","template":"","meta":{"footnotes":""},"class_list":["post-16","page","type-page","status-publish","hentry"],"_links":{"self":[{"href":"https:\/\/blog.ube.fr\/immuno-oncology\/wp-json\/wp\/v2\/pages\/16","targetHints":{"allow":["GET"]}}],"collection":[{"href":"https:\/\/blog.ube.fr\/immuno-oncology\/wp-json\/wp\/v2\/pages"}],"about":[{"href":"https:\/\/blog.ube.fr\/immuno-oncology\/wp-json\/wp\/v2\/types\/page"}],"author":[{"embeddable":true,"href":"https:\/\/blog.ube.fr\/immuno-oncology\/wp-json\/wp\/v2\/users\/260"}],"replies":[{"embeddable":true,"href":"https:\/\/blog.ube.fr\/immuno-oncology\/wp-json\/wp\/v2\/comments?post=16"}],"version-history":[{"count":31,"href":"https:\/\/blog.ube.fr\/immuno-oncology\/wp-json\/wp\/v2\/pages\/16\/revisions"}],"predecessor-version":[{"id":616,"href":"https:\/\/blog.ube.fr\/immuno-oncology\/wp-json\/wp\/v2\/pages\/16\/revisions\/616"}],"wp:attachment":[{"href":"https:\/\/blog.ube.fr\/immuno-oncology\/wp-json\/wp\/v2\/media?parent=16"}],"curies":[{"name":"wp","href":"https:\/\/api.w.org\/{rel}","templated":true}]}}