{"id":14,"date":"2016-06-09T13:02:43","date_gmt":"2016-06-09T12:02:43","guid":{"rendered":"http:\/\/blog.u-bourgogne.fr\/immuno-oncology\/?page_id=14"},"modified":"2024-06-10T13:05:47","modified_gmt":"2024-06-10T12:05:47","slug":"organisation","status":"publish","type":"page","link":"https:\/\/blog.ube.fr\/immuno-oncology\/organisation\/","title":{"rendered":"Organisation"},"content":{"rendered":"<div>\n<p>Les 11<sup>\u00e8mes <\/sup>journ\u00e9es d&#8217;immunologie et immunoth\u00e9rapie des cancers auront lieu, du 13 au 15 d\u00e9cembre 2022,\u00a0 \u00e0 la Maison des Sciences de L&#8217;Homme \u00e0 Dijon<\/p>\n<\/div>\n<div><\/div>\n<h3>H\u00e9bergements autres que Hotels<\/h3>\n<ul style=\"padding-left: 30px;\">\n<li><a href=\"http:\/\/maisoninternationale.fr\/\" target=\"_blank\" rel=\"noopener noreferrer\">Maison Internationale<\/a><\/li>\n<li><a href=\"http:\/\/www.foyer-tremouille-dijon.fr\/residence-etudiante-dijon\" target=\"_blank\" rel=\"noopener noreferrer\">Le Foyer de Jeunes Travailleuses et d&#8217;Etudiantes<\/a><\/li>\n<li><a href=\"http:\/\/www.crous-dijon.fr\/logement\/residences-montmuzard\/\" target=\"_blank\" rel=\"noopener noreferrer\">R\u00e9sidence universitaire Montmuzard<\/a><\/li>\n<li><a href=\"http:\/\/www.cri-dijon.com\/\" target=\"_blank\" rel=\"noopener noreferrer\">Centre de rencontre international<\/a><\/li>\n<li><a href=\"http:\/\/www.aparthotel-dijon.fr\/\" target=\"_blank\" rel=\"noopener noreferrer\">La r\u00e9sidence h\u00f4teli\u00e8re &#8220;Urbaneva&#8221;<\/a><\/li>\n<li><a href=\"https:\/\/www.abritel.fr\/annonces\/location-vacances\/france_bourgogne_21_dijon_dt0.php\" target=\"_blank\" rel=\"noopener noreferrer\">Abritel &#8211; Location studio<\/a><\/li>\n<\/ul>\n<h3 class=\"rubrik\" style=\"padding-left: 30px;\"><\/h3>\n<h3 class=\"rubrik\">Transports<\/h3>\n<table border=\"0\" width=\"100%\" cellspacing=\"0\" cellpadding=\"0\">\n<tbody>\n<tr>\n<td valign=\"top\" width=\"100\"><img loading=\"lazy\" decoding=\"async\" src=\"http:\/\/blog.ube.fr\/immuno-oncology\/wp-content\/uploads\/sites\/57\/2016\/06\/train.png\" alt=\"\" width=\"100\" height=\"70\" \/><\/td>\n<td valign=\"top\" width=\"400\">\n<ul style=\"padding-left: 20px;\">\n<li>14 TGV par jour de Paris<\/li>\n<li>6 TGV par jour de la Suisse (Lausanne, Bern, Zurich)<\/li>\n<li>6 TGV par jour de Marseille<\/li>\n<li>10 TGV par jour de Nice<\/li>\n<\/ul>\n<\/td>\n<td valign=\"top\" width=\"100\"><img loading=\"lazy\" decoding=\"async\" src=\"http:\/\/blog.ube.fr\/immuno-oncology\/wp-content\/uploads\/sites\/57\/2016\/06\/autoroute.png\" alt=\"\" width=\"100\" height=\"61\" \/><\/td>\n<td valign=\"top\">\n<ul>\n<li>Acc\u00e8s autoroutier de Paris (A6)<\/li>\n<li>Lille- Belgique (A26-A5)<\/li>\n<li>Metz-Luxembourg (A31)<\/li>\n<li>Strasbourg-Allemagne (A36)<\/li>\n<li>Gen\u00e8ve (A40-A39)<\/li>\n<\/ul>\n<\/td>\n<\/tr>\n<tr>\n<td valign=\"top\" width=\"100\"><\/td>\n<td valign=\"top\" width=\"400\"><\/td>\n<td valign=\"top\" width=\"100\"><\/td>\n<td valign=\"top\"><\/td>\n<\/tr>\n<tr>\n<td colspan=\"4\">\n<table>\n<tbody>\n<tr>\n<td align=\"center\"><a class=\"link blu\" href=\"http:\/\/blog.ube.fr\/immuno-oncology\/wp-content\/uploads\/sites\/57\/2016\/06\/plan.jpg\" target=\"_blank\" rel=\"noopener noreferrer\"><img loading=\"lazy\" decoding=\"async\" class=\"\" title=\"\" src=\"http:\/\/blog.ube.fr\/immuno-oncology\/wp-content\/uploads\/sites\/57\/2019\/09\/MSH.jpg\" alt=\"\" width=\"694\" height=\"415\" \/><\/a><\/td>\n<td width=\"30\"><\/td>\n<td><img loading=\"lazy\" decoding=\"async\" class=\"alignleft\" src=\"https:\/\/upload.wikimedia.org\/wikipedia\/commons\/thumb\/0\/05\/Rame_Station_Tramway_Darcy_-_Dijon_%28FR21%29_-_2022-04-16_-_1.jpg\/800px-Rame_Station_Tramway_Darcy_-_Dijon_%28FR21%29_-_2022-04-16_-_1.jpg\" alt=\"Tramway de Dijon \u2014 Wikip\u00e9dia\" width=\"190\" height=\"142\" \/> La Maison des Sciences de l&#8217;Homme est situ\u00e9e \u00e0 l&#8217;est de DIJON et est desservie par la ligne de tramway T1 (arr\u00eat \u00ab Erasme \u00bb)<\/td>\n<\/tr>\n<\/tbody>\n<\/table>\n<\/td>\n<\/tr>\n<\/tbody>\n<\/table>\n","protected":false},"excerpt":{"rendered":"<p>Les 11\u00e8mes journ\u00e9es d&#8217;immunologie et immunoth\u00e9rapie des cancers auront lieu, du 13 au 15 d\u00e9cembre 2022,\u00a0 \u00e0 la Maison des Sciences de L&#8217;Homme \u00e0 Dijon H\u00e9bergements autres que Hotels Maison Internationale Le Foyer de Jeunes Travailleuses et d&#8217;Etudiantes R\u00e9sidence universitaire Montmuzard Centre de rencontre international La r\u00e9sidence h\u00f4teli\u00e8re &#8220;Urbaneva&#8221; Abritel &#8211; Location studio Transports 14<\/p>\n<p><a class=\"button\" href=\"https:\/\/blog.ube.fr\/immuno-oncology\/organisation\/\" title=\"More\">  Voir plus \u2192<\/a><\/p>\n","protected":false},"author":260,"featured_media":0,"parent":0,"menu_order":0,"comment_status":"closed","ping_status":"closed","template":"","meta":{"footnotes":""},"class_list":["post-14","page","type-page","status-publish","hentry"],"_links":{"self":[{"href":"https:\/\/blog.ube.fr\/immuno-oncology\/wp-json\/wp\/v2\/pages\/14","targetHints":{"allow":["GET"]}}],"collection":[{"href":"https:\/\/blog.ube.fr\/immuno-oncology\/wp-json\/wp\/v2\/pages"}],"about":[{"href":"https:\/\/blog.ube.fr\/immuno-oncology\/wp-json\/wp\/v2\/types\/page"}],"author":[{"embeddable":true,"href":"https:\/\/blog.ube.fr\/immuno-oncology\/wp-json\/wp\/v2\/users\/260"}],"replies":[{"embeddable":true,"href":"https:\/\/blog.ube.fr\/immuno-oncology\/wp-json\/wp\/v2\/comments?post=14"}],"version-history":[{"count":95,"href":"https:\/\/blog.ube.fr\/immuno-oncology\/wp-json\/wp\/v2\/pages\/14\/revisions"}],"predecessor-version":[{"id":567,"href":"https:\/\/blog.ube.fr\/immuno-oncology\/wp-json\/wp\/v2\/pages\/14\/revisions\/567"}],"wp:attachment":[{"href":"https:\/\/blog.ube.fr\/immuno-oncology\/wp-json\/wp\/v2\/media?parent=14"}],"curies":[{"name":"wp","href":"https:\/\/api.w.org\/{rel}","templated":true}]}}