{"id":2069,"date":"2023-05-24T15:17:12","date_gmt":"2023-05-24T14:17:12","guid":{"rendered":"https:\/\/blog.u-bourgogne.fr\/hrms2023\/?page_id=2069"},"modified":"2023-07-26T14:13:41","modified_gmt":"2023-07-26T13:13:41","slug":"menus","status":"publish","type":"page","link":"https:\/\/blog.ube.fr\/hrms2023\/menus","title":{"rendered":"Menus"},"content":{"rendered":"<p style=\"font-weight: 400;\">Conference menus for each day, in French and English.<\/p>\n<p style=\"font-weight: 400;\">The banquet (Wednesday evening) menu is available <a href=\"https:\/\/blog.ube.fr\/hrms2023\/tourism-banquet\">at the bottom of this page<\/a>.<\/p>\n<table style=\"font-weight: 400;\" width=\"642\">\n<tbody>\n<tr>\n<td width=\"312\"><strong>D\u00e9jeuners<\/strong><\/td>\n<td width=\"331\"><strong>Lunches<\/strong><\/td>\n<\/tr>\n<\/tbody>\n<\/table>\n<p style=\"font-weight: 400;\"><strong>\u00a0<\/strong><\/p>\n<table style=\"font-weight: 400;\" width=\"642\">\n<tbody>\n<tr>\n<td width=\"312\"><strong><em>Lundi 28 ao\u00fbt<\/em><\/strong><\/td>\n<td width=\"331\"><strong><em>Monday, August 28<sup>th<\/sup><\/em><\/strong><\/td>\n<\/tr>\n<tr>\n<td width=\"312\">Filet de cabillaud sauce Dieppoise<\/td>\n<td width=\"331\">Cod fillet with Dieppoise sauce<\/td>\n<\/tr>\n<tr>\n<td width=\"312\">Riz cr\u00e9ole &amp; haricots plats d\u2019Espagne<\/td>\n<td width=\"331\">Creole Rice &amp; flat beans from Spain<\/td>\n<\/tr>\n<tr>\n<td width=\"312\">Tiramisu<\/td>\n<td width=\"331\">Tiramisu<\/td>\n<\/tr>\n<tr>\n<td width=\"312\">&amp; caf\u00e9 ou th\u00e9<\/td>\n<td width=\"331\">&amp; coffee or tea<\/td>\n<\/tr>\n<\/tbody>\n<\/table>\n<table style=\"font-weight: 400;\" width=\"642\">\n<tbody>\n<tr>\n<td width=\"312\"><strong><em>Mardi 29 <\/em><\/strong><strong><em>ao\u00fbt<\/em><\/strong><\/td>\n<td width=\"331\"><strong><em>Tuesday, August 29<sup>th<\/sup><\/em><\/strong><\/td>\n<\/tr>\n<tr>\n<td width=\"312\">Cuisse de canard \u00e0 l\u2019orange<\/td>\n<td width=\"331\">Duck leg with orange<\/td>\n<\/tr>\n<tr>\n<td width=\"312\">\u00c9cras\u00e9 de pommes de terre &amp; carottes saut\u00e9es<\/td>\n<td width=\"331\">Mashed potatoes &amp; saut\u00e9ed carrots<\/td>\n<\/tr>\n<tr>\n<td width=\"312\">Salade de fruits<\/td>\n<td width=\"331\">Fruit salad<\/td>\n<\/tr>\n<tr>\n<td width=\"312\">&amp; caf\u00e9 ou th\u00e9<\/td>\n<td width=\"331\">&amp; coffee or tea<\/td>\n<\/tr>\n<\/tbody>\n<\/table>\n<table style=\"font-weight: 400;\" width=\"642\">\n<tbody>\n<tr>\n<td width=\"312\"><strong><em>Mercredi 30 ao\u00fbt<\/em><\/strong><\/td>\n<td width=\"331\"><strong><em>Wednesday, August 30<sup>th<\/sup><\/em><\/strong><\/td>\n<\/tr>\n<tr>\n<td width=\"312\">Paleron de b\u0153uf \u00e0 la Bourguignonne<\/td>\n<td width=\"331\">Beefchuck Bourguignonne<\/td>\n<\/tr>\n<tr>\n<td width=\"312\">Tagliatelles &amp; brocolis vapeur<\/td>\n<td width=\"331\">Tagliatelles &amp; steamed broccoli<\/td>\n<\/tr>\n<tr>\n<td width=\"312\">Op\u00e9ra et sa cr\u00e8me anglaise<\/td>\n<td width=\"331\">Opera cake &amp; French Cream (cold Custard)<\/td>\n<\/tr>\n<tr>\n<td width=\"312\">&amp; caf\u00e9 ou th\u00e9<\/td>\n<td width=\"331\">&amp; coffee or tea<\/td>\n<\/tr>\n<\/tbody>\n<\/table>\n<table style=\"font-weight: 400;\" width=\"643\">\n<tbody>\n<tr>\n<td width=\"312\"><strong><em>Jeudi 31 ao\u00fbt<\/em><\/strong><\/td>\n<td width=\"331\"><strong><em>Thursday, August 31<sup>st<\/sup><\/em><\/strong><\/td>\n<\/tr>\n<tr>\n<td width=\"312\">Poulet Gaston G\u00e9rard<\/td>\n<td width=\"331\">Gaston G\u00e9rard Chicken<\/td>\n<\/tr>\n<tr>\n<td width=\"312\">Gratin Dauphinois &amp; salade verte<\/td>\n<td width=\"331\">Gratin Dauphinois &amp; green salad<\/td>\n<\/tr>\n<tr>\n<td width=\"312\">Bavarois mandarine Cointreau<\/td>\n<td width=\"331\">Tangerine Bavarian cake with Cointreau liqueur<\/td>\n<\/tr>\n<tr>\n<td width=\"312\">&amp; caf\u00e9 ou th\u00e9<\/td>\n<td width=\"331\">&amp; coffee or tea<\/td>\n<\/tr>\n<\/tbody>\n<\/table>\n<table style=\"font-weight: 400;\" width=\"643\">\n<tbody>\n<tr>\n<td width=\"312\"><strong><em>Vendredi 1<sup>er<\/sup> septembre<\/em><\/strong><\/td>\n<td width=\"331\"><strong><em>Friday, September 1<sup>st<\/sup><\/em><\/strong><\/td>\n<\/tr>\n<tr>\n<td width=\"312\">\u00c9chine de porc aux raisins<\/td>\n<td width=\"331\">Pork loin with grapes<\/td>\n<\/tr>\n<tr>\n<td width=\"312\">Carottes, navets, panais<\/td>\n<td width=\"331\">Carots, turnips, parsnips<\/td>\n<\/tr>\n<tr>\n<td width=\"312\">Tarte aux poires<\/td>\n<td width=\"331\">Pear pie<\/td>\n<\/tr>\n<tr>\n<td width=\"312\">&amp; caf\u00e9 ou th\u00e9<\/td>\n<td width=\"331\">&amp; coffee or tea<\/td>\n<\/tr>\n<\/tbody>\n<\/table>\n<table style=\"font-weight: 400;\" width=\"642\">\n<tbody>\n<tr>\n<td width=\"312\"><strong>D\u00eeners<\/strong><\/td>\n<td width=\"331\"><strong>Dinners<\/strong><\/td>\n<\/tr>\n<\/tbody>\n<\/table>\n<table style=\"font-weight: 400;\" width=\"642\">\n<tbody>\n<tr>\n<td width=\"312\"><strong><em>Mardi 29 ao\u00fbt<\/em><\/strong><\/td>\n<td width=\"331\"><strong><em>Tuesday, August 29<sup>th<\/sup><\/em><\/strong><\/td>\n<\/tr>\n<tr>\n<td width=\"312\">Fish (cabillaud)<\/td>\n<td width=\"331\">Fish (cod)<\/td>\n<\/tr>\n<tr>\n<td width=\"312\">&amp; Chips (pommes de terre saut\u00e9es)<\/td>\n<td width=\"331\">&amp; Chips (saut\u00e9ed potatoes)<\/td>\n<\/tr>\n<tr>\n<td width=\"312\">Tarte aux pommes<\/td>\n<td width=\"331\">Apple pie<\/td>\n<\/tr>\n<\/tbody>\n<\/table>\n<table style=\"font-weight: 400;\" width=\"642\">\n<tbody>\n<tr>\n<td width=\"312\"><strong><em>Jeudi 31 <\/em><\/strong><strong><em>ao\u00fbt<\/em><\/strong><\/td>\n<td width=\"331\"><strong><em>Thursday, August 31<sup>st<\/sup><\/em><\/strong><\/td>\n<\/tr>\n<tr>\n<td width=\"312\">Salade pamplemousse avocats crevettes<\/td>\n<td width=\"331\">Grapefruit avocado shrimp salad<\/td>\n<\/tr>\n<tr>\n<td width=\"312\">Blanquette de poisson aux petits l\u00e9gumes<\/td>\n<td width=\"331\">Blanquette of fish with small vegetables<\/td>\n<\/tr>\n<tr>\n<td width=\"312\">Riz pilaf &amp; jardini\u00e8re de l\u00e9gumes<\/td>\n<td width=\"331\">Rice Pilaf &amp; Medley of mixed vegetables<\/td>\n<\/tr>\n<tr>\n<td colspan=\"2\" width=\"642\"><em>Dinner on Thursday is with starter and main course, no dessert, because it is followed by a tasting of regional products during the evening poster session.<\/em><\/td>\n<\/tr>\n<\/tbody>\n<\/table>\n<p style=\"font-weight: 400;\"><strong>V\u00c9G\u00c9TARIENS :<\/strong> chaque jour, notre restaurant vous proposera une alternative.<\/p>\n<p style=\"font-weight: 400;\"><strong>VEGETARIANS:<\/strong> every day, our restaurant will offer you an alternative.<\/p>\n","protected":false},"excerpt":{"rendered":"<p>Conference menus for each day, in French and English. The banquet (Wednesday evening) menu is available at the bottom of this page. D\u00e9jeuners Lunches \u00a0 Lundi 28 ao\u00fbt Monday, August 28th Filet de cabillaud sauce Dieppoise Cod fillet with Dieppoise sauce Riz cr\u00e9ole &amp; haricots plats d\u2019Espagne Creole Rice &amp; flat beans from Spain Tiramisu&hellip;<\/p>\n<p class=\"more-link-p\"><a class=\"btn btn-primary\" href=\"https:\/\/blog.ube.fr\/hrms2023\/menus\">Voir plus &rarr;<\/a><\/p>\n","protected":false},"author":4400,"featured_media":0,"parent":0,"menu_order":0,"comment_status":"closed","ping_status":"closed","template":"","meta":{"_exactmetrics_skip_tracking":false,"_exactmetrics_sitenote_active":false,"_exactmetrics_sitenote_note":"","_exactmetrics_sitenote_category":0,"footnotes":""},"class_list":["post-2069","page","type-page","status-publish","hentry"],"_links":{"self":[{"href":"https:\/\/blog.ube.fr\/hrms2023\/wp-json\/wp\/v2\/pages\/2069","targetHints":{"allow":["GET"]}}],"collection":[{"href":"https:\/\/blog.ube.fr\/hrms2023\/wp-json\/wp\/v2\/pages"}],"about":[{"href":"https:\/\/blog.ube.fr\/hrms2023\/wp-json\/wp\/v2\/types\/page"}],"author":[{"embeddable":true,"href":"https:\/\/blog.ube.fr\/hrms2023\/wp-json\/wp\/v2\/users\/4400"}],"replies":[{"embeddable":true,"href":"https:\/\/blog.ube.fr\/hrms2023\/wp-json\/wp\/v2\/comments?post=2069"}],"version-history":[{"count":2,"href":"https:\/\/blog.ube.fr\/hrms2023\/wp-json\/wp\/v2\/pages\/2069\/revisions"}],"predecessor-version":[{"id":2377,"href":"https:\/\/blog.ube.fr\/hrms2023\/wp-json\/wp\/v2\/pages\/2069\/revisions\/2377"}],"wp:attachment":[{"href":"https:\/\/blog.ube.fr\/hrms2023\/wp-json\/wp\/v2\/media?parent=2069"}],"curies":[{"name":"wp","href":"https:\/\/api.w.org\/{rel}","templated":true}]}}