{"id":1520,"date":"2022-10-13T17:20:28","date_gmt":"2022-10-13T16:20:28","guid":{"rendered":"https:\/\/blog.u-bourgogne.fr\/hrms2023\/?page_id=1520"},"modified":"2023-07-27T07:51:29","modified_gmt":"2023-07-27T06:51:29","slug":"tourism-banquet","status":"publish","type":"page","link":"https:\/\/blog.ube.fr\/hrms2023\/tourism-banquet","title":{"rendered":"Tourism &#038; Banquet"},"content":{"rendered":"<p>As always, the Local Organizing Commiting has arranged a <strong>touristic excursion<\/strong> for all participants, to make you discover some marvels of Burgundy!<\/p>\n<p>It will be followed by a <strong>conference dinner<\/strong>.<\/p>\n<p>This will take place on Wednesday August, 30<sup>th<\/sup>, 2023.<\/p>\n<h1>Touristic excursion<\/h1>\n<p>The visit will take place in three sites in Auxois, a very nice region in the west of Dijon:<\/p>\n<ul>\n<li>Mus\u00e9oparc of Alesia: A nice interactive museum about the huge 52 BC battle between Vercingetorix and Cesar.<br \/>\nSee: <a href=\"https:\/\/www.alesia.com\/lieux-de-visite-en\/\">https:\/\/www.alesia.com\/lieux-de-visite-en\/<\/a><\/li>\n<\/ul>\n<p style=\"text-align: center;\"><a href=\"https:\/\/blog.ube.fr\/hrms2023\/wp-content\/uploads\/sites\/179\/2023\/04\/MuseoParc.jpg\"><img loading=\"lazy\" decoding=\"async\" class=\"alignnone wp-image-1863\" src=\"https:\/\/blog.ube.fr\/hrms2023\/wp-content\/uploads\/sites\/179\/2023\/04\/MuseoParc-300x200.jpg\" alt=\"\" width=\"600\" height=\"401\" srcset=\"https:\/\/blog.ube.fr\/hrms2023\/wp-content\/uploads\/sites\/179\/2023\/04\/MuseoParc-300x200.jpg 300w, https:\/\/blog.ube.fr\/hrms2023\/wp-content\/uploads\/sites\/179\/2023\/04\/MuseoParc-1024x684.jpg 1024w, https:\/\/blog.ube.fr\/hrms2023\/wp-content\/uploads\/sites\/179\/2023\/04\/MuseoParc-768x513.jpg 768w, https:\/\/blog.ube.fr\/hrms2023\/wp-content\/uploads\/sites\/179\/2023\/04\/MuseoParc-1536x1025.jpg 1536w, https:\/\/blog.ube.fr\/hrms2023\/wp-content\/uploads\/sites\/179\/2023\/04\/MuseoParc-600x401.jpg 600w, https:\/\/blog.ube.fr\/hrms2023\/wp-content\/uploads\/sites\/179\/2023\/04\/MuseoParc.jpg 2000w\" sizes=\"auto, (max-width: 600px) 100vw, 600px\" \/><\/a><\/p>\n<ul>\n<li>The Alesia archeological site<br \/>\nSee: <a href=\"https:\/\/www.alesia.com\/lieux-de-visite-en\/#vestiges\">https:\/\/www.alesia.com\/lieux-de-visite-en\/#vestiges<\/a><\/li>\n<\/ul>\n<p style=\"text-align: center;\"><a href=\"https:\/\/blog.ube.fr\/hrms2023\/wp-content\/uploads\/sites\/179\/2023\/04\/Alesia.png\"><img loading=\"lazy\" decoding=\"async\" class=\"alignnone wp-image-1861\" src=\"https:\/\/blog.ube.fr\/hrms2023\/wp-content\/uploads\/sites\/179\/2023\/04\/Alesia-300x169.png\" alt=\"\" width=\"600\" height=\"339\" srcset=\"https:\/\/blog.ube.fr\/hrms2023\/wp-content\/uploads\/sites\/179\/2023\/04\/Alesia-300x169.png 300w, https:\/\/blog.ube.fr\/hrms2023\/wp-content\/uploads\/sites\/179\/2023\/04\/Alesia-1024x578.png 1024w, https:\/\/blog.ube.fr\/hrms2023\/wp-content\/uploads\/sites\/179\/2023\/04\/Alesia-768x434.png 768w, https:\/\/blog.ube.fr\/hrms2023\/wp-content\/uploads\/sites\/179\/2023\/04\/Alesia-600x339.png 600w, https:\/\/blog.ube.fr\/hrms2023\/wp-content\/uploads\/sites\/179\/2023\/04\/Alesia.png 1169w\" sizes=\"auto, (max-width: 600px) 100vw, 600px\" \/><\/a><\/p>\n<ul>\n<li>The Bussy-Rabutin Castle, a beautiful 17th-century castle.<br \/>\nSee: <a href=\"https:\/\/www.chateau-bussy-rabutin.fr\/en\/\">https:\/\/www.chateau-bussy-rabutin.fr\/en\/<\/a><\/li>\n<\/ul>\n<p style=\"text-align: center;\"><a href=\"https:\/\/blog.ube.fr\/hrms2023\/wp-content\/uploads\/sites\/179\/2023\/04\/Bussy-Rabutin.jpg\"><img loading=\"lazy\" decoding=\"async\" class=\"alignnone wp-image-1862\" src=\"https:\/\/blog.ube.fr\/hrms2023\/wp-content\/uploads\/sites\/179\/2023\/04\/Bussy-Rabutin-300x200.jpg\" alt=\"\" width=\"600\" height=\"400\" srcset=\"https:\/\/blog.ube.fr\/hrms2023\/wp-content\/uploads\/sites\/179\/2023\/04\/Bussy-Rabutin-300x200.jpg 300w, https:\/\/blog.ube.fr\/hrms2023\/wp-content\/uploads\/sites\/179\/2023\/04\/Bussy-Rabutin-1024x682.jpg 1024w, https:\/\/blog.ube.fr\/hrms2023\/wp-content\/uploads\/sites\/179\/2023\/04\/Bussy-Rabutin-768x512.jpg 768w, https:\/\/blog.ube.fr\/hrms2023\/wp-content\/uploads\/sites\/179\/2023\/04\/Bussy-Rabutin-600x400.jpg 600w, https:\/\/blog.ube.fr\/hrms2023\/wp-content\/uploads\/sites\/179\/2023\/04\/Bussy-Rabutin.jpg 1220w\" sizes=\"auto, (max-width: 600px) 100vw, 600px\" \/><\/a><\/p>\n<h1>Banquet<\/h1>\n<p>A <strong>conference dinner<\/strong> will follow this visit and will be held in a really nice place, the Domaine de Pont-de-Pany.<br \/>\nSee:\u00a0<a href=\"https:\/\/www.domainedepontdepany.fr\/\">https:\/\/www.domainedepontdepany.fr\/<\/a><\/p>\n<p style=\"text-align: center;\"><a href=\"https:\/\/blog.ube.fr\/hrms2023\/wp-content\/uploads\/sites\/179\/2023\/04\/PontDePany.jpg\"><img loading=\"lazy\" decoding=\"async\" class=\"alignnone wp-image-1864\" src=\"https:\/\/blog.ube.fr\/hrms2023\/wp-content\/uploads\/sites\/179\/2023\/04\/PontDePany-300x200.jpg\" alt=\"\" width=\"600\" height=\"400\" srcset=\"https:\/\/blog.ube.fr\/hrms2023\/wp-content\/uploads\/sites\/179\/2023\/04\/PontDePany-300x200.jpg 300w, https:\/\/blog.ube.fr\/hrms2023\/wp-content\/uploads\/sites\/179\/2023\/04\/PontDePany-1024x682.jpg 1024w, https:\/\/blog.ube.fr\/hrms2023\/wp-content\/uploads\/sites\/179\/2023\/04\/PontDePany-768x512.jpg 768w, https:\/\/blog.ube.fr\/hrms2023\/wp-content\/uploads\/sites\/179\/2023\/04\/PontDePany-600x400.jpg 600w, https:\/\/blog.ube.fr\/hrms2023\/wp-content\/uploads\/sites\/179\/2023\/04\/PontDePany.jpg 1280w\" sizes=\"auto, (max-width: 600px) 100vw, 600px\" \/><\/a><\/p>\n<p>&nbsp;<\/p>\n<p>Here is the dinner menu:<\/p>\n<table style=\"border-collapse: collapse; width: 100%;\">\n<tbody>\n<tr>\n<td style=\"width: 50%;\"><em><strong>Ap\u00e9ritif<\/strong><\/em><\/td>\n<td style=\"width: 50%;\"><em><strong>Aperitif<\/strong><\/em><\/td>\n<\/tr>\n<tr>\n<td style=\"width: 50%;\">Cr\u00e9mant de Bourgogne AOC<br \/>\nChouquettine<br \/>\nCuisse de caille fum\u00e9es<br \/>\nFeuillet\u00e9 escargot<br \/>\nVerrine v\u00e9g\u00e9tarienne<\/td>\n<td style=\"width: 50%;\">Cr\u00e9mant de Bourgogne AOC<br \/>\nSmall chouquette<br \/>\nSmoked quail leg<br \/>\nPuff pastry with snails<br \/>\nVegetarian verrine<\/td>\n<\/tr>\n<tr>\n<td style=\"width: 50%;\"><em><strong>D\u00eener<\/strong><\/em><\/td>\n<td style=\"width: 50%;\"><em><strong>Dinner<\/strong><\/em><\/td>\n<\/tr>\n<tr>\n<td style=\"width: 50%;\">Goug\u00e8re de pleurotes \u00e0 l&#8217;Epoisses<br \/>\nFricandeau de pintade sauce porto<br \/>\nAssiette de 3 fromages r\u00e9gionaux<br \/>\nD\u00e9lice glac\u00e9 vanille et cassis sur son lit de nougatine<\/td>\n<td style=\"width: 50%;\">Goug\u00e8re of oyster mushrooms with Epoisses (Burgunder cheese)<br \/>\nGuinea fowl fricandeau with Porto wine sauce<br \/>\nPlate of 3 regional cheeses<br \/>\nVanilla and blackcurrant ice cream on a bed of nougatine (almond and hazelnut nougat)<\/td>\n<\/tr>\n<tr>\n<td style=\"width: 50%;\"><em><strong>D\u00eener, version v\u00e9g\u00e9tarienne (entr\u00e9e et plat)<\/strong><\/em><\/td>\n<td style=\"width: 50%;\"><em><strong>Dinner, vegetarian version (starter and main course)<\/strong><\/em><\/td>\n<\/tr>\n<tr>\n<td style=\"width: 50%;\">Millefeuilles d&#8217;asperges et sa sauce fouett\u00e9e<br \/>\nRisotto aux petits l\u00e9gumes<\/td>\n<td style=\"width: 50%;\">Millefeuille of asparagus and its whipped sauce<br \/>\nRisotto with small vegetables<\/td>\n<\/tr>\n<tr>\n<td style=\"width: 50%;\"><strong><em>Boissons<\/em><\/strong><\/td>\n<td style=\"width: 50%;\"><em><strong>Beverages<\/strong><\/em><\/td>\n<\/tr>\n<tr>\n<td style=\"width: 50%;\">Eau plate et p\u00e9tillante<br \/>\nM\u00e2con IGE Ch\u00e2teau London (Bourgogne blanc, c\u00e9page Chardonnay)<br \/>\nHautes-C\u00f4tes de Beaune (Bourgogne rouge, c\u00e9page Pinot noir)<br \/>\nCaf\u00e9<\/td>\n<td style=\"width: 50%;\">Still water and sparkling water<br \/>\nM\u00e2con IGE Ch\u00e2teau London (white Bourgogne, grape variety Chardonnay)<br \/>\nHautes-C\u00f4tes de Beaune (red Bourgogne, grape variety Pinot noir)<br \/>\nCoffee<\/td>\n<\/tr>\n<\/tbody>\n<\/table>\n<p>&nbsp;<\/p>\n","protected":false},"excerpt":{"rendered":"<p>As always, the Local Organizing Commiting has arranged a touristic excursion for all participants, to make you discover some marvels of Burgundy! It will be followed by a conference dinner. This will take place on Wednesday August, 30th, 2023. Touristic excursion The visit will take place in three sites in Auxois, a very nice region&hellip;<\/p>\n<p class=\"more-link-p\"><a class=\"btn btn-primary\" href=\"https:\/\/blog.ube.fr\/hrms2023\/tourism-banquet\">Voir plus &rarr;<\/a><\/p>\n","protected":false},"author":4183,"featured_media":0,"parent":0,"menu_order":0,"comment_status":"closed","ping_status":"closed","template":"","meta":{"_exactmetrics_skip_tracking":false,"_exactmetrics_sitenote_active":false,"_exactmetrics_sitenote_note":"","_exactmetrics_sitenote_category":0,"footnotes":""},"class_list":["post-1520","page","type-page","status-publish","hentry"],"_links":{"self":[{"href":"https:\/\/blog.ube.fr\/hrms2023\/wp-json\/wp\/v2\/pages\/1520","targetHints":{"allow":["GET"]}}],"collection":[{"href":"https:\/\/blog.ube.fr\/hrms2023\/wp-json\/wp\/v2\/pages"}],"about":[{"href":"https:\/\/blog.ube.fr\/hrms2023\/wp-json\/wp\/v2\/types\/page"}],"author":[{"embeddable":true,"href":"https:\/\/blog.ube.fr\/hrms2023\/wp-json\/wp\/v2\/users\/4183"}],"replies":[{"embeddable":true,"href":"https:\/\/blog.ube.fr\/hrms2023\/wp-json\/wp\/v2\/comments?post=1520"}],"version-history":[{"count":19,"href":"https:\/\/blog.ube.fr\/hrms2023\/wp-json\/wp\/v2\/pages\/1520\/revisions"}],"predecessor-version":[{"id":2381,"href":"https:\/\/blog.ube.fr\/hrms2023\/wp-json\/wp\/v2\/pages\/1520\/revisions\/2381"}],"wp:attachment":[{"href":"https:\/\/blog.ube.fr\/hrms2023\/wp-json\/wp\/v2\/media?parent=1520"}],"curies":[{"name":"wp","href":"https:\/\/api.w.org\/{rel}","templated":true}]}}