{"id":1511,"date":"2022-10-13T17:18:34","date_gmt":"2022-10-13T16:18:34","guid":{"rendered":"https:\/\/blog.u-bourgogne.fr\/hrms2023\/?page_id=1511"},"modified":"2023-04-12T15:47:05","modified_gmt":"2023-04-12T14:47:05","slug":"committees","status":"publish","type":"page","link":"https:\/\/blog.ube.fr\/hrms2023\/committees","title":{"rendered":"Committees"},"content":{"rendered":"<p><img loading=\"lazy\" decoding=\"async\" class=\"alignnone wp-image-1933\" src=\"https:\/\/blog.ube.fr\/hrms2023\/wp-content\/uploads\/sites\/179\/2023\/04\/People-150x150.jpg\" alt=\"\" width=\"80\" height=\"80\" srcset=\"https:\/\/blog.ube.fr\/hrms2023\/wp-content\/uploads\/sites\/179\/2023\/04\/People-150x150.jpg 150w, https:\/\/blog.ube.fr\/hrms2023\/wp-content\/uploads\/sites\/179\/2023\/04\/People-300x300.jpg 300w, https:\/\/blog.ube.fr\/hrms2023\/wp-content\/uploads\/sites\/179\/2023\/04\/People-100x100.jpg 100w\" sizes=\"auto, (max-width: 80px) 100vw, 80px\" \/>\u00a0The people behind the HRMS Colloquium!<\/p>\n<h3>Executive Committee<\/h3>\n<table style=\"background-color: #ffffff; border-style: none;\" border=\"0\">\n<tbody>\n<tr>\n<td style=\"border-style: none;\"><strong>Fr\u00e9d\u00e9ric MERKT<\/strong><\/td>\n<td style=\"border-style: none;\"><\/td>\n<td style=\"border-style: none;\"><strong>Th\u00e9r\u00e8se HUET<\/strong><\/td>\n<td style=\"border-style: none;\"><\/td>\n<td style=\"border-style: none;\"><strong>Paolo DE NATALE<\/strong><\/td>\n<\/tr>\n<tr>\n<td style=\"background-color: #ffffff; border-style: none;\">Lab. f\u00fcr Physikalische Chemie,<br \/>\nETH Z\u00fcrich,<br \/>\nSwitzerland<\/td>\n<td style=\"background-color: #ffffff; border-style: none;\"><\/td>\n<td style=\"background-color: #ffffff; border-style: none;\">Laboratoire PhLAM,<br \/>\nUniversit\u00e9 de Lille, CNRS UMR 8523,<br \/>\nFrance<\/td>\n<td style=\"background-color: #ffffff; border-style: none;\"><\/td>\n<td style=\"background-color: #ffffff; border-style: none;\">Istituto Nazionale di Ottica-CNR<br \/>\nFirenze,<br \/>\nItaly<\/td>\n<\/tr>\n<\/tbody>\n<\/table>\n<h3>Local Organizers<\/h3>\n<table border=\"0\">\n<tbody>\n<tr>\n<td style=\"border-style: none;\"><strong>Vincent BOUDON, Claude LEROY<\/strong><\/td>\n<\/tr>\n<tr>\n<td style=\"background-color: #ffffff; border-style: none;\">Laboratoire Interdisciplinaire\u00a0Carnot de Bourgogne<br \/>\nUMR 6303 CNRS\u2013Universit\u00e9 Bourgogne Franche-Comt\u00e9,<br \/>\nDijon, France<\/td>\n<\/tr>\n<\/tbody>\n<\/table>\n<h3>Scientific Committee<\/h3>\n<table border=\"0\">\n<tbody>\n<tr>\n<td style=\"background-color: #ffffff; border-style: none;\">V. BOUDON<\/td>\n<td style=\"background-color: #ffffff; border-style: none;\"><\/td>\n<td style=\"background-color: #ffffff; border-style: none;\">L. HALONEN<\/td>\n<td style=\"background-color: #ffffff; border-style: none;\"><\/td>\n<td style=\"background-color: #ffffff; border-style: none;\">F. MERKT<\/td>\n<td style=\"background-color: #ffffff; border-style: none;\"><\/td>\n<td style=\"background-color: #ffffff; border-style: none;\">J. TENNYSON<\/td>\n<\/tr>\n<tr>\n<td style=\"background-color: #ffffff; border-style: none;\">A. CS\u00c1SZ\u00c1R<\/td>\n<td style=\"background-color: #ffffff; border-style: none;\"><\/td>\n<td style=\"background-color: #ffffff; border-style: none;\">T. HUET<\/td>\n<td style=\"background-color: #ffffff; border-style: none;\"><\/td>\n<td style=\"background-color: #ffffff; border-style: none;\">J. ORPHAL<\/td>\n<td style=\"background-color: #ffffff; border-style: none;\"><\/td>\n<td style=\"background-color: #ffffff; border-style: none;\">J. VANDER AUWERA<\/td>\n<\/tr>\n<tr>\n<td style=\"background-color: #ffffff; border-style: none;\">P. DE NATALE<\/td>\n<td style=\"background-color: #ffffff; border-style: none;\"><\/td>\n<td style=\"background-color: #ffffff; border-style: none;\">I. KLEINER<\/td>\n<td style=\"background-color: #ffffff; border-style: none;\"><\/td>\n<td style=\"background-color: #ffffff; border-style: none;\">V. PEREVALOV<\/td>\n<td style=\"background-color: #ffffff; border-style: none;\"><\/td>\n<td style=\"background-color: #ffffff; border-style: none;\">S. WILLITSCH<\/td>\n<\/tr>\n<tr>\n<td style=\"background-color: #ffffff; border-style: none;\">W. ERNST<\/td>\n<td style=\"background-color: #ffffff; border-style: none;\"><\/td>\n<td style=\"background-color: #ffffff; border-style: none;\">H. LINNARTZ<\/td>\n<td style=\"background-color: #ffffff; border-style: none;\"><\/td>\n<td style=\"background-color: #ffffff; border-style: none;\">S. SCHLEMMER<\/td>\n<td style=\"background-color: #ffffff; border-style: none;\"><\/td>\n<td style=\"background-color: #ffffff; border-style: none;\"><\/td>\n<\/tr>\n<\/tbody>\n<\/table>\n<h3>Local Organizing Committee<\/h3>\n<table border=\"0\">\n<tbody>\n<tr>\n<td style=\"border-color: #ffffff; background-color: #ffffff; border-style: none;\">V. BOUDON<\/td>\n<td style=\"border-color: #ffffff; background-color: #ffffff; border-style: none;\"><\/td>\n<td style=\"border-color: #ffffff; background-color: #ffffff; border-style: none;\">G. GUILLON<\/td>\n<td style=\"border-color: #ffffff; background-color: #ffffff; border-style: none;\"><\/td>\n<td style=\"border-color: #ffffff; background-color: #ffffff; border-style: none;\">M. LEPERS<\/td>\n<td style=\"border-color: #ffffff; background-color: #ffffff; border-style: none;\"><\/td>\n<td style=\"border-color: #ffffff; background-color: #ffffff; border-style: none;\">C. PRIOU-JACOTOT<\/td>\n<\/tr>\n<tr>\n<td style=\"border-color: #ffffff; background-color: #ffffff; border-style: none;\">F. CHAUSSARD<\/td>\n<td style=\"border-color: #ffffff; background-color: #ffffff; border-style: none;\"><\/td>\n<td style=\"border-color: #ffffff; background-color: #ffffff; border-style: none;\">P. HARDY<\/td>\n<td style=\"border-color: #ffffff; background-color: #ffffff; border-style: none;\"><\/td>\n<td style=\"border-color: #ffffff; background-color: #ffffff; border-style: none;\">C. LEROY<\/td>\n<td style=\"border-color: #ffffff; background-color: #ffffff; border-style: none;\"><\/td>\n<td style=\"border-color: #ffffff; background-color: #ffffff; border-style: none;\">C. RICHARD<\/td>\n<\/tr>\n<tr>\n<td style=\"border-color: #ffffff; background-color: #ffffff; border-style: none;\">I. EL BAKKOUCHI<\/td>\n<td style=\"border-color: #ffffff; background-color: #ffffff; border-style: none;\"><\/td>\n<td style=\"border-color: #ffffff; background-color: #ffffff; border-style: none;\">E. HERTZ<\/td>\n<td style=\"border-color: #ffffff; background-color: #ffffff; border-style: none;\"><\/td>\n<td style=\"border-color: #ffffff; background-color: #ffffff; border-style: none;\">M. LO\u00cbTE<\/td>\n<td style=\"border-color: #ffffff; background-color: #ffffff; border-style: none;\"><\/td>\n<td style=\"border-color: #ffffff; background-color: #ffffff; border-style: none;\">B. SINARDET<\/td>\n<\/tr>\n<tr>\n<td style=\"border-color: #ffffff; background-color: #ffffff; border-style: none;\">C. F\u00c8VRE<\/td>\n<td style=\"border-color: #ffffff; background-color: #ffffff; border-style: none;\"><\/td>\n<td style=\"border-color: #ffffff; background-color: #ffffff; border-style: none;\">P. HONVAULT<\/td>\n<td style=\"border-color: #ffffff; background-color: #ffffff; border-style: none;\"><\/td>\n<td style=\"border-color: #ffffff; background-color: #ffffff; border-style: none;\">J. LOPEZ<\/td>\n<td style=\"border-color: #ffffff; background-color: #ffffff; border-style: none;\"><\/td>\n<td style=\"border-color: #ffffff; background-color: #ffffff; border-style: none;\">C. VAUTRIN<\/td>\n<\/tr>\n<tr>\n<td style=\"border-color: #ffffff; background-color: #ffffff; border-style: none;\">T. GABARD<\/td>\n<td style=\"border-color: #ffffff; background-color: #ffffff; border-style: none;\"><\/td>\n<td style=\"border-color: #ffffff; background-color: #ffffff; border-style: none;\"><span lang=\"EN-US\">G. HOVHANNESYAN<\/span><\/td>\n<td style=\"border-color: #ffffff; background-color: #ffffff; border-style: none;\"><\/td>\n<td style=\"border-color: #ffffff; background-color: #ffffff; border-style: none;\">R. MOMIER<\/td>\n<td style=\"border-color: #ffffff; background-color: #ffffff; border-style: none;\"><\/td>\n<td style=\"border-color: #ffffff; background-color: #ffffff; border-style: none;\"><\/td>\n<\/tr>\n<tr>\n<td style=\"border-color: #ffffff; background-color: #ffffff; border-style: none;\">B. GOURIER<\/td>\n<td style=\"border-color: #ffffff; background-color: #ffffff; border-style: none;\"><\/td>\n<td style=\"border-color: #ffffff; background-color: #ffffff; border-style: none;\">B. LAVOREL<\/td>\n<td style=\"border-color: #ffffff; background-color: #ffffff; border-style: none;\"><\/td>\n<td style=\"border-color: #ffffff; background-color: #ffffff; border-style: none;\">S. PERNOT<\/td>\n<td style=\"border-color: #ffffff; background-color: #ffffff; border-style: none;\"><\/td>\n<td style=\"border-color: #ffffff; background-color: #ffffff; border-style: none;\"><\/td>\n<\/tr>\n<\/tbody>\n<\/table>\n","protected":false},"excerpt":{"rendered":"<p>\u00a0The people behind the HRMS Colloquium! Executive Committee Fr\u00e9d\u00e9ric MERKT Th\u00e9r\u00e8se HUET Paolo DE NATALE Lab. f\u00fcr Physikalische Chemie, ETH Z\u00fcrich, Switzerland Laboratoire PhLAM, Universit\u00e9 de Lille, CNRS UMR 8523, France Istituto Nazionale di Ottica-CNR Firenze, Italy Local Organizers Vincent BOUDON, Claude LEROY Laboratoire Interdisciplinaire\u00a0Carnot de Bourgogne UMR 6303 CNRS\u2013Universit\u00e9 Bourgogne Franche-Comt\u00e9, Dijon, France Scientific&hellip;<\/p>\n<p class=\"more-link-p\"><a class=\"btn btn-primary\" href=\"https:\/\/blog.ube.fr\/hrms2023\/committees\">Voir plus &rarr;<\/a><\/p>\n","protected":false},"author":4183,"featured_media":0,"parent":0,"menu_order":0,"comment_status":"closed","ping_status":"closed","template":"","meta":{"_exactmetrics_skip_tracking":false,"_exactmetrics_sitenote_active":false,"_exactmetrics_sitenote_note":"","_exactmetrics_sitenote_category":0,"footnotes":""},"class_list":["post-1511","page","type-page","status-publish","hentry"],"_links":{"self":[{"href":"https:\/\/blog.ube.fr\/hrms2023\/wp-json\/wp\/v2\/pages\/1511","targetHints":{"allow":["GET"]}}],"collection":[{"href":"https:\/\/blog.ube.fr\/hrms2023\/wp-json\/wp\/v2\/pages"}],"about":[{"href":"https:\/\/blog.ube.fr\/hrms2023\/wp-json\/wp\/v2\/types\/page"}],"author":[{"embeddable":true,"href":"https:\/\/blog.ube.fr\/hrms2023\/wp-json\/wp\/v2\/users\/4183"}],"replies":[{"embeddable":true,"href":"https:\/\/blog.ube.fr\/hrms2023\/wp-json\/wp\/v2\/comments?post=1511"}],"version-history":[{"count":26,"href":"https:\/\/blog.ube.fr\/hrms2023\/wp-json\/wp\/v2\/pages\/1511\/revisions"}],"predecessor-version":[{"id":1935,"href":"https:\/\/blog.ube.fr\/hrms2023\/wp-json\/wp\/v2\/pages\/1511\/revisions\/1935"}],"wp:attachment":[{"href":"https:\/\/blog.ube.fr\/hrms2023\/wp-json\/wp\/v2\/media?parent=1511"}],"curies":[{"name":"wp","href":"https:\/\/api.w.org\/{rel}","templated":true}]}}