{"id":25,"date":"2023-04-03T15:30:16","date_gmt":"2023-04-03T13:30:16","guid":{"rendered":"https:\/\/blog.u-bourgogne.fr\/forthemwinterschoolcellsignal2023\/?page_id=25"},"modified":"2025-03-20T11:08:00","modified_gmt":"2025-03-20T10:08:00","slug":"hotel-and-travel-information","status":"publish","type":"page","link":"https:\/\/blog.ube.fr\/forthemwinterschoolcellsignal2023\/hotel-and-travel-information\/","title":{"rendered":"Hotel and Travel Information"},"content":{"rendered":"<p><span style=\"color: #0000ff;\"><strong><span style=\"font-size: 14pt;\">Hotel<\/span><\/strong><\/span><\/p>\n<p>Practical information about hotels in Dijon <strong><span style=\"font-size: 14pt;\"><a href=\"https:\/\/en.destinationdijon.com\/practical-information\/accommodation\/\">here<\/a><\/span><\/strong><\/p>\n<p><span style=\"font-family: georgia, palatino, serif;\">or access to the &#8220;<a href=\"https:\/\/www.adonis-dijon.com\/en\/index.html\"><span style=\"font-size: 14pt;\"><strong>Adonis Dijon Maison Internationale<\/strong><\/span><\/a>&#8221; on campus<\/span><\/p>\n<p><span style=\"color: #0000ff;\"><strong><span style=\"font-size: 14pt;\">Travel information<\/span><\/strong><\/span><\/p>\n<p>Dijon is easily accessible by train (TGV Sud-Est, TGV M\u00e9diterran\u00e9e, TGV Rhin-Rh\u00f4ne) or by the motorway (A5, A6, A36, A39) in less than two hours from Paris, Lyon, Strasbourg, Basel, Z\u00fcrich, Lausanne, or Geneva.<\/p>\n<p><img loading=\"lazy\" decoding=\"async\" class=\"wp-image-50 size-large\" src=\"https:\/\/blog.ube.fr\/forthemwinterschoolcellsignal2023\/wp-content\/uploads\/sites\/187\/2023\/04\/Carte-accessibilite-Dijon-449x304.jpg\" alt=\"\" width=\"449\" height=\"304\" \/><\/p>\n<p>&nbsp;<\/p>\n<p><span style=\"color: #0000ff;\"><strong><span style=\"font-size: 14pt;\">Transportation Options to the &#8220;<span style=\"font-size: 18pt; color: #ff9900;\"><a style=\"color: #ff9900;\" href=\"https:\/\/www.google.com\/maps\/place\/P%C3%B4le+Acquisition-Apprentissage-Formation-%C3%89ducation\/@47.3118173,5.0659913,17.75z\/data=!4m6!3m5!1s0x47f29e6e0e35d95b:0xaedce3b42374208e!8m2!3d47.312244!4d5.065656!16s%2Fg%2F1w6r7m3j?entry=ttu\">Pole AAFE<\/a><\/span>&#8221; on uB Campus (At the cross of &#8220;Edgar Faure&#8221; Street and &#8220;Esplanade Erasme&#8221;)<\/span><\/strong><\/span><\/p>\n<p>By Tramway: line T1, Station \u201cErasme\u201d from the city center direction: Quetigny<\/p>\n<p>By bus: line 5, Station \u201cAgroSup\u201d from the city center direction: Universit\u00e9<\/p>\n<p>By car: Free Parking on the campus<\/p>\n<p><img loading=\"lazy\" decoding=\"async\" class=\"alignnone wp-image-30 size-full\" src=\"https:\/\/blog.ube.fr\/forthemwinterschoolcellsignal2023\/wp-content\/uploads\/sites\/187\/2023\/04\/01aafeDijon-500x500-1-e1680699388621.jpg\" alt=\"\" width=\"477\" height=\"383\" \/> <img loading=\"lazy\" decoding=\"async\" class=\"alignnone wp-image-51 size-full\" src=\"https:\/\/blog.ube.fr\/forthemwinterschoolcellsignal2023\/wp-content\/uploads\/sites\/187\/2023\/04\/plan-dijon.jpg\" alt=\"\" width=\"482\" height=\"425\" \/><img loading=\"lazy\" decoding=\"async\" class=\"aligncenter wp-image-117\" src=\"https:\/\/blog.ube.fr\/forthemwinterschoolcellsignal2023\/wp-content\/uploads\/sites\/187\/2023\/09\/plan-campus-2-1.png\" alt=\"\" width=\"768\" height=\"1000\" srcset=\"https:\/\/blog.ube.fr\/forthemwinterschoolcellsignal2023\/wp-content\/uploads\/sites\/187\/2023\/09\/plan-campus-2-1.png 2116w, https:\/\/blog.ube.fr\/forthemwinterschoolcellsignal2023\/wp-content\/uploads\/sites\/187\/2023\/09\/plan-campus-2-1-768x1000.png 768w, https:\/\/blog.ube.fr\/forthemwinterschoolcellsignal2023\/wp-content\/uploads\/sites\/187\/2023\/09\/plan-campus-2-1-1179x1536.png 1179w, https:\/\/blog.ube.fr\/forthemwinterschoolcellsignal2023\/wp-content\/uploads\/sites\/187\/2023\/09\/plan-campus-2-1-1572x2048.png 1572w\" sizes=\"auto, (max-width: 768px) 100vw, 768px\" \/><\/p>\n<p>&nbsp;<\/p>\n<p><img loading=\"lazy\" decoding=\"async\" class=\"alignnone size-full wp-image-140\" src=\"https:\/\/blog.ube.fr\/forthemwinterschoolcellsignal2023\/wp-content\/uploads\/sites\/187\/2023\/11\/Bandeau-logofinal.png\" alt=\"\" width=\"2000\" height=\"347\" srcset=\"https:\/\/blog.ube.fr\/forthemwinterschoolcellsignal2023\/wp-content\/uploads\/sites\/187\/2023\/11\/Bandeau-logofinal.png 2000w, https:\/\/blog.ube.fr\/forthemwinterschoolcellsignal2023\/wp-content\/uploads\/sites\/187\/2023\/11\/Bandeau-logofinal-768x133.png 768w, https:\/\/blog.ube.fr\/forthemwinterschoolcellsignal2023\/wp-content\/uploads\/sites\/187\/2023\/11\/Bandeau-logofinal-1536x266.png 1536w\" sizes=\"auto, (max-width: 2000px) 100vw, 2000px\" \/><\/p>\n<p style=\"text-align: right;\">Edited by M. GAYRAL<\/p>\n","protected":false},"excerpt":{"rendered":"<p>Hotel Practical information about hotels in Dijon here or access to the &#8220;Adonis Dijon Maison Internationale&#8221; on campus Travel information Dijon is easily accessible by train (TGV Sud-Est, TGV M\u00e9diterran\u00e9e, TGV Rhin-Rh\u00f4ne) or by the motorway (A5, A6, A36, A39) in less than two hours from Paris, Lyon, Strasbourg, Basel, Z\u00fcrich, Lausanne, or Geneva. &nbsp;<\/p>\n<p><a class=\"button\" href=\"https:\/\/blog.ube.fr\/forthemwinterschoolcellsignal2023\/hotel-and-travel-information\/\" title=\"More\">  Voir plus \u2192<\/a><\/p>\n","protected":false},"author":4787,"featured_media":0,"parent":0,"menu_order":0,"comment_status":"closed","ping_status":"closed","template":"","meta":{"_exactmetrics_skip_tracking":false,"_exactmetrics_sitenote_active":false,"_exactmetrics_sitenote_note":"","_exactmetrics_sitenote_category":0,"footnotes":""},"class_list":["post-25","page","type-page","status-publish","hentry"],"_links":{"self":[{"href":"https:\/\/blog.ube.fr\/forthemwinterschoolcellsignal2023\/wp-json\/wp\/v2\/pages\/25","targetHints":{"allow":["GET"]}}],"collection":[{"href":"https:\/\/blog.ube.fr\/forthemwinterschoolcellsignal2023\/wp-json\/wp\/v2\/pages"}],"about":[{"href":"https:\/\/blog.ube.fr\/forthemwinterschoolcellsignal2023\/wp-json\/wp\/v2\/types\/page"}],"author":[{"embeddable":true,"href":"https:\/\/blog.ube.fr\/forthemwinterschoolcellsignal2023\/wp-json\/wp\/v2\/users\/4787"}],"replies":[{"embeddable":true,"href":"https:\/\/blog.ube.fr\/forthemwinterschoolcellsignal2023\/wp-json\/wp\/v2\/comments?post=25"}],"version-history":[{"count":20,"href":"https:\/\/blog.ube.fr\/forthemwinterschoolcellsignal2023\/wp-json\/wp\/v2\/pages\/25\/revisions"}],"predecessor-version":[{"id":163,"href":"https:\/\/blog.ube.fr\/forthemwinterschoolcellsignal2023\/wp-json\/wp\/v2\/pages\/25\/revisions\/163"}],"wp:attachment":[{"href":"https:\/\/blog.ube.fr\/forthemwinterschoolcellsignal2023\/wp-json\/wp\/v2\/media?parent=25"}],"curies":[{"name":"wp","href":"https:\/\/api.w.org\/{rel}","templated":true}]}}