{"id":2,"date":"2018-02-26T16:13:11","date_gmt":"2018-02-26T15:13:11","guid":{"rendered":"http:\/\/blog.u-bourgogne.fr\/du-agda\/?page_id=2"},"modified":"2024-11-08T14:00:04","modified_gmt":"2024-11-08T13:00:04","slug":"page-d-exemple","status":"publish","type":"page","link":"https:\/\/blog.ube.fr\/du-agda\/","title":{"rendered":"Accueil"},"content":{"rendered":"<p><img loading=\"lazy\" decoding=\"async\" class=\"alignleft size-full wp-image-34\" src=\"http:\/\/blog.ube.fr\/du-agda\/wp-content\/uploads\/sites\/108\/2018\/02\/Ligne-horizontale.jpg\" alt=\"\" width=\"2578\" height=\"50\" srcset=\"https:\/\/blog.ube.fr\/du-agda\/wp-content\/uploads\/sites\/108\/2018\/02\/Ligne-horizontale.jpg 2578w, https:\/\/blog.ube.fr\/du-agda\/wp-content\/uploads\/sites\/108\/2018\/02\/Ligne-horizontale-300x6.jpg 300w, https:\/\/blog.ube.fr\/du-agda\/wp-content\/uploads\/sites\/108\/2018\/02\/Ligne-horizontale-768x15.jpg 768w, https:\/\/blog.ube.fr\/du-agda\/wp-content\/uploads\/sites\/108\/2018\/02\/Ligne-horizontale-1024x20.jpg 1024w\" sizes=\"auto, (max-width: 2578px) 100vw, 2578px\" \/><\/p>\n<p style=\"font-weight: 400;\"><strong>\u00ab Ce DU \u00e9tait au d\u00e9part une fin en soi et finalement c\u2019est le d\u00e9but d\u2019autre chose \u00bb (St\u00e9phane, promotion 2023 &#8211; 2024)<\/strong><\/p>\n<p>&nbsp;<\/p>\n<div class=\"page\" title=\"Page 1\">\n<div class=\"section\">\n<div class=\"layoutArea\">\n<div class=\"column\">\n<div class=\"page\" title=\"Page 1\">\n<div class=\"layoutArea\">\n<div class=\"column\">\n<h1>Le Dipl\u00f4me d\u2019Universit\u00e9 \u00ab Administration, Gestion et D\u00e9veloppement des Associations \u00bb : une certification reconnue, con\u00e7ue pour un impact concret du terrain !<\/h1>\n<\/div>\n<\/div>\n<\/div>\n<p><strong><br \/>\nCette formation vous dote des comp\u00e9tences essentielles pour relever les d\u00e9fis du secteur associatif.<\/strong> En validant ce programme, vous obtenez \u00e0 la fois un dipl\u00f4me universitaire et <a href=\"https:\/\/www.francecompetences.fr\/recherche\/rs\/6670\/\" target=\"_blank\" rel=\"noopener\">une certification reconnue par France Comp\u00e9tences<\/a>. Cette double reconnaissance vous apporte :<\/p>\n<ul style=\"list-style-type: circle;\">\n<li><span style=\"font-size: 16px;\"><span style=\"font-size: 16px;\"><strong>Une valeur acad\u00e9mique<\/strong> : le dipl\u00f4me renforce et valorise vos comp\u00e9tences dans un cadre acad\u00e9mique solide.<\/span><\/span><\/li>\n<li><strong>Une certification professionnelle<\/strong> : inscrite au R\u00e9pertoire Sp\u00e9cifique de France Comp\u00e9tences, elle assure une reconnaissance nationale, accroissant ainsi votre employabilit\u00e9 et cr\u00e9dibilit\u00e9 dans le monde associatif.<\/li>\n<\/ul>\n<p>Un autre objectif de cette formation est de <strong>renforcer la confiance en soi<\/strong>, d\u2019accro\u00eetre sa capacit\u00e9 d\u2019adaptation et de d\u00e9velopper les comp\u00e9tences n\u00e9cessaires pour acc\u00e9der \u00e0 des postes \u00e0 plus grande responsabilit\u00e9.<\/p>\n<p>Pour cela, il est essentiel de renouveler en permanence ses pratiques, d\u2019\u00e9voluer avec les changements l\u00e9gislatifs, les nouvelles tendances, la gestion des b\u00e9n\u00e9voles, etc. C\u2019est pourquoi, depuis 2007, ce Dipl\u00f4me Universitaire (DU) forme chaque ann\u00e9e plus de 20 personnes gr\u00e2ce \u00e0 un programme unique.<\/p>\n<p><strong>Les principales motivations des apprenants :<\/strong><\/p>\n<ol>\n<li><strong>Vision globale<\/strong> : Comprendre le fonctionnement des associations et leur potentiel de d\u00e9veloppement.<\/li>\n<li><span style=\"font-size: 16px;\">\u00a0<strong>Renforcement de comp\u00e9tences<\/strong> : Gagner en l\u00e9gitimit\u00e9 et en expertise, notamment par l\u2019obtention d\u2019un dipl\u00f4me universitaire valorisant les exp\u00e9riences.<\/span><\/li>\n<li><span style=\"font-size: 16px;\"><strong>Engagement associatif<\/strong> : S\u2019engager avec conviction dans les activit\u00e9s associatives et encourager les dynamiques communautaires.<\/span><\/li>\n<li><span style=\"font-size: 16px;\"><strong>Apprentissage continu<\/strong> : Poursuivre sa formation pour progresser professionnellement et relever de nouveaux d\u00e9fis.<\/span><\/li>\n<li><span style=\"font-size: 16px;\"><strong>Contribution au d\u00e9veloppement<\/strong> : Proposer des projets structurants et \u00eatre force de proposition.<\/span><\/li>\n<li><span style=\"font-size: 16px;\"><strong>\u00c9volution professionnelle<\/strong> : Aspirer \u00e0 des r\u00f4les \u00e0 responsabilit\u00e9s et approfondir ses connaissances pour une efficacit\u00e9 accrue.<\/span><\/li>\n<\/ol>\n<p><strong>Les d\u00e9fis majeurs auxquels sont confront\u00e9es les associations pour leur avenir : <\/strong><\/p>\n<ul style=\"list-style-type: circle;\">\n<li><strong>Parties prenantes<\/strong> : b\u00e9n\u00e9ficiaires et b\u00e9n\u00e9voles de plus en plus volatiles.<\/li>\n<li><strong>Finances<\/strong> : hausse des charges, baisse des subventions \u2013 comment y faire face et diversifier les sources de revenus ?<\/li>\n<li><strong>Management<\/strong> : r\u00f4le d\u2019employeur et gestion d\u2019\u00e9quipes.<\/li>\n<li><strong>Juridique et fiscal<\/strong> : respect des r\u00e8gles, normes et obligations.<\/li>\n<li><strong>Marketing et communication<\/strong> : valoriser les savoir-faire et les rendre accessibles.<\/li>\n<\/ul>\n<p>Ainsi, le DU AGDA met au c\u0153ur de ses pr\u00e9occupations l\u2019apprentissage et le perfectionnement du <strong>\u00ab savoir agir associatif \u00bb<\/strong> gr\u00e2ce \u00e0 des formateurs experts. Ce savoir-faire vise \u00e0 garantir aux associations un fonctionnement quotidien efficace, r\u00e9actif et convivial, tout en favorisant un d\u00e9veloppement harmonieux.<\/p>\n<p>La \u00ab professionnalisation \u00bb des salari\u00e9s est cruciale pour soutenir le d\u00e9veloppement de l\u2019association tout en facilitant l\u2019engagement. L\u2019association doit atteindre un haut niveau de performance sans pour autant sacrifier ses <strong>valeurs<\/strong>, ses <strong>id\u00e9aux fondateurs<\/strong> et l\u2019<strong>esprit militant<\/strong> qui l\u2019anime.<\/p>\n<p>Cette \u00ab professionnalisation \u00bb vise \u00e9galement \u00e0 <strong>am\u00e9liorer la qualit\u00e9 du service offert<\/strong> aux adh\u00e9rents et \u00e0 <strong>p\u00e9renniser l\u2019activit\u00e9<\/strong> en d\u00e9veloppant une expertise plus pointue. En effet, si l&#8217;on consid\u00e8re que les administrateurs \u00ab d\u00e9tiennent le pouvoir d\u2019orientation et de d\u00e9cisions strat\u00e9giques \u00bb, ils doivent pouvoir, gr\u00e2ce \u00e0 la mont\u00e9e en comp\u00e9tences de leurs salari\u00e9s, prendre le recul n\u00e9cessaire pour piloter leurs projets et devenir ainsi de v\u00e9ritables chefs d\u2019orchestre garants de l\u2019esprit associatif et citoyen.<\/p>\n<p><strong>Un accompagnement personnalis\u00e9<\/strong> est int\u00e9gr\u00e9 au cursus pour rapprocher la formation universitaire du quotidien des associations. En plus des modules de formation, le programme inclut un <strong>tutorat<\/strong> et un <strong>suivi personnalis\u00e9<\/strong>, vous permettant de devenir une force motrice au sein de votre association, pr\u00eate \u00e0 relever les d\u00e9fis actuels et futurs du secteur associatif.<\/p>\n<\/div>\n<\/div>\n<\/div>\n<\/div>\n<p>&nbsp;<\/p>\n<p><img loading=\"lazy\" decoding=\"async\" class=\" wp-image-29 alignright\" src=\"http:\/\/blog.ube.fr\/du-agda\/wp-content\/uploads\/sites\/108\/2018\/02\/Traits-Coupure.jpg\" width=\"219\" height=\"38\" \/><\/p>\n<p>&nbsp;<\/p>\n<p>&nbsp;<\/p>\n<p>&nbsp;<\/p>\n<p>&nbsp;<\/p>\n<p>&nbsp;<\/p>\n<h6><strong>Cette formation est soutenue par :<\/strong><\/h6>\n<p>&nbsp;<\/p>\n<p><img loading=\"lazy\" decoding=\"async\" class=\"alignleft size-full wp-image-171\" src=\"http:\/\/blog.ube.fr\/du-agda\/wp-content\/uploads\/sites\/108\/2020\/07\/logo-DU-agda.png\" alt=\"\" width=\"2361\" height=\"187\" srcset=\"https:\/\/blog.ube.fr\/du-agda\/wp-content\/uploads\/sites\/108\/2020\/07\/logo-DU-agda.png 2361w, https:\/\/blog.ube.fr\/du-agda\/wp-content\/uploads\/sites\/108\/2020\/07\/logo-DU-agda-300x24.png 300w, https:\/\/blog.ube.fr\/du-agda\/wp-content\/uploads\/sites\/108\/2020\/07\/logo-DU-agda-1024x81.png 1024w, https:\/\/blog.ube.fr\/du-agda\/wp-content\/uploads\/sites\/108\/2020\/07\/logo-DU-agda-768x61.png 768w, https:\/\/blog.ube.fr\/du-agda\/wp-content\/uploads\/sites\/108\/2020\/07\/logo-DU-agda-1536x122.png 1536w, https:\/\/blog.ube.fr\/du-agda\/wp-content\/uploads\/sites\/108\/2020\/07\/logo-DU-agda-2048x162.png 2048w\" sizes=\"auto, (max-width: 2361px) 100vw, 2361px\" \/><\/p>\n<p>&nbsp;<\/p>\n<p>&nbsp;<\/p>\n<p>&nbsp;<\/p>\n<p>&nbsp;<\/p>\n","protected":false},"excerpt":{"rendered":"<p>\u00ab Ce DU \u00e9tait au d\u00e9part une fin en soi et finalement c\u2019est le d\u00e9but d\u2019autre chose \u00bb (St\u00e9phane, promotion 2023 &#8211; 2024) &nbsp; Le Dipl\u00f4me d\u2019Universit\u00e9 \u00ab Administration, Gestion et D\u00e9veloppement des Associations \u00bb : une certification reconnue, con\u00e7ue pour un impact concret du terrain ! Cette formation vous dote des comp\u00e9tences essentielles pour&hellip;<\/p>\n<p class=\"more-link-p\"><a class=\"btn btn-primary\" href=\"https:\/\/blog.ube.fr\/du-agda\/\">Voir plus &rarr;<\/a><\/p>\n","protected":false},"author":270,"featured_media":0,"parent":0,"menu_order":0,"comment_status":"closed","ping_status":"open","template":"","meta":{"footnotes":""},"class_list":["post-2","page","type-page","status-publish","hentry"],"_links":{"self":[{"href":"https:\/\/blog.ube.fr\/du-agda\/wp-json\/wp\/v2\/pages\/2","targetHints":{"allow":["GET"]}}],"collection":[{"href":"https:\/\/blog.ube.fr\/du-agda\/wp-json\/wp\/v2\/pages"}],"about":[{"href":"https:\/\/blog.ube.fr\/du-agda\/wp-json\/wp\/v2\/types\/page"}],"author":[{"embeddable":true,"href":"https:\/\/blog.ube.fr\/du-agda\/wp-json\/wp\/v2\/users\/270"}],"replies":[{"embeddable":true,"href":"https:\/\/blog.ube.fr\/du-agda\/wp-json\/wp\/v2\/comments?post=2"}],"version-history":[{"count":30,"href":"https:\/\/blog.ube.fr\/du-agda\/wp-json\/wp\/v2\/pages\/2\/revisions"}],"predecessor-version":[{"id":251,"href":"https:\/\/blog.ube.fr\/du-agda\/wp-json\/wp\/v2\/pages\/2\/revisions\/251"}],"wp:attachment":[{"href":"https:\/\/blog.ube.fr\/du-agda\/wp-json\/wp\/v2\/media?parent=2"}],"curies":[{"name":"wp","href":"https:\/\/api.w.org\/{rel}","templated":true}]}}