{"id":145,"date":"2020-05-25T11:31:35","date_gmt":"2020-05-25T09:31:35","guid":{"rendered":"http:\/\/blog.u-bourgogne.fr\/du-agda\/?page_id=145"},"modified":"2024-11-13T12:01:17","modified_gmt":"2024-11-13T11:01:17","slug":"temoignages","status":"publish","type":"page","link":"https:\/\/blog.ube.fr\/du-agda\/temoignages\/","title":{"rendered":"T\u00e9moignages"},"content":{"rendered":"<h1><img loading=\"lazy\" decoding=\"async\" class=\"alignleft size-full wp-image-34\" src=\"http:\/\/blog.ube.fr\/du-agda\/wp-content\/uploads\/sites\/108\/2018\/02\/Ligne-horizontale.jpg\" alt=\"\" width=\"2578\" height=\"50\" srcset=\"https:\/\/blog.ube.fr\/du-agda\/wp-content\/uploads\/sites\/108\/2018\/02\/Ligne-horizontale.jpg 2578w, https:\/\/blog.ube.fr\/du-agda\/wp-content\/uploads\/sites\/108\/2018\/02\/Ligne-horizontale-300x6.jpg 300w, https:\/\/blog.ube.fr\/du-agda\/wp-content\/uploads\/sites\/108\/2018\/02\/Ligne-horizontale-768x15.jpg 768w, https:\/\/blog.ube.fr\/du-agda\/wp-content\/uploads\/sites\/108\/2018\/02\/Ligne-horizontale-1024x20.jpg 1024w\" sizes=\"auto, (max-width: 2578px) 100vw, 2578px\" \/><\/h1>\n<p>&nbsp;<\/p>\n<h1><\/h1>\n<h5><strong>Ils parlent de la formation AGDA\u2026<br \/>\n<\/strong><\/h5>\n<h6><\/h6>\n<table>\n<tbody>\n<tr>\n<td width=\"651\"><span class=\"Apple-converted-space\">\u00a0<\/span>&#8220;La premi\u00e8re session a \u00e9t\u00e9 tr\u00e8s r\u00e9v\u00e9latrice : la rencontre des autres, de nos probl\u00e9matiques conjointes. Je ne me suis plus du tout sentie seule face \u00e0 mes difficult\u00e9s.&#8221;<span class=\"Apple-converted-space\">\u00a0<\/span><\/p>\n<p>&#8220;Cette formation m&#8217;a permis d&#8217;\u00e9claircir les probl\u00e9matiques dans mon association et de pouvoir hi\u00e9rarchiser les priorit\u00e9s et les parties prenantes pour le changement.&#8221;<span class=\"Apple-converted-space\">\u00a0<\/span><\/p>\n<p>&#8220;J&#8217;ai d\u00e9couvert l&#8217;activit\u00e9 et l&#8217;engagement de coll\u00e8gues du milieu associatif agissant sur d&#8217;autres territoires dans des domaines \u00e9loign\u00e9s de l&#8217;action de l&#8217;association pour laquelle je travaille.&#8221;<span class=\"Apple-converted-space\">\u00a0<\/span><\/p>\n<p>&#8220;J&#8217;ai beaucoup appr\u00e9ci\u00e9 les \u00e9changes informels avec les autres stagiaires. Les divers univers et probl\u00e9matiques m&#8217;ont apport\u00e9 une ouverture encore plus large de la vie associative.&#8221;<span class=\"Apple-converted-space\">\u00a0<\/span><\/p>\n<p>&#8220;Les intervenants sont des professionnels qui ont permis un \u00e9change riche gr\u00e2ce \u00e0 leur exp\u00e9rience. Ils ont pu r\u00e9pondre \u00e0 nos questions et \u00e9taient tr\u00e8s abordables. J&#8217;ai eu\/nous avons eu la chance d&#8217;avoir un groupe tr\u00e8s agr\u00e9able, qui donnait envie de se retrouver et qui a permis des moments d&#8217;\u00e9change tr\u00e8s riches.&#8221;<span class=\"Apple-converted-space\">\u00a0<\/span><\/p>\n<p>&#8220;L&#8217;entrepreneuriat social m&#8217;attire encore plus \u00e0 l&#8217;issue de cette formation. De nouveaux horizons s&#8217;ouvrent que je n&#8217;avais pas imagin\u00e9 avant ce DU.&#8221;<span class=\"Apple-converted-space\">\u00a0<\/span><\/p>\n<p>&#8220;J&#8217;ai particuli\u00e8rement appr\u00e9ci\u00e9 les intervenants et l&#8217;incarnation de leur savoir. Ce charisme ressenti pour chacun et chacune. On sent le savoir et surtout l&#8217;envie de transmettre. Inversement, les intervenants semblaient contents d&#8217;\u00eatre en face d&#8217;\u00e9tudiants tels que nous.&#8221;<span class=\"Apple-converted-space\">\u00a0<\/span><\/p>\n<p>&#8220;Ce DU \u00e9tait au d\u00e9part une fin en soi et finalement, c&#8217;est le d\u00e9but d&#8217;autres choses. La possibilit\u00e9 de rencontrer des personnes d&#8217;horizons tr\u00e8s vari\u00e9s (autres candidats, formateurs, administrateurs, etc.) est une v\u00e9ritable richesse.&#8221;<span class=\"Apple-converted-space\">\u00a0<\/span><\/p>\n<p>&#8220;Le moment de d\u00e9couverte que j&#8217;ai le plus appr\u00e9ci\u00e9 a \u00e9t\u00e9 le pitch de pr\u00e9sentation du m\u00e9moire : s&#8217;obliger \u00e0 r\u00e9sumer en 3 minutes le travail de m\u00e9moire oblige \u00e0 trouver, d\u00e9couvrir le coeur de la probl\u00e9matique et le lien personnel avec soi-m\u00eame, ce qui fait \u00e9cho \u00e0 notre propre histoire.&#8221;<span class=\"Apple-converted-space\">\u00a0<\/span><\/p>\n<p>&#8220;Le m\u00e9moire est un gros travail de lecture, d&#8217;enqu\u00eate et de r\u00e9flexion qu&#8217;on ne ferait jamais si on n&#8217;y \u00e9tait pas contraint. Ce travail de prise de recul est<span class=\"Apple-converted-space\">\u00a0<\/span><\/p>\n<p>essentiel et constitue un \u00e9norme avantage pour appr\u00e9hender sa pratique professionnelle.&#8221;<span class=\"Apple-converted-space\">\u00a0<\/span><\/p>\n<p>&#8220;J&#8217;ai le sentiment g\u00e9n\u00e9ral de sortir la t\u00eate du guidon et de visualiser le fonctionnement et la pratique professionnelle avec une hauteur qui faisait du bien et qui donnait le sentiment, un peu perdu jusqu&#8217;alors, d&#8217;aller quelque part.&#8221;<span class=\"Apple-converted-space\">\u00a0<\/span><\/p>\n<p>&#8220;Je pense que cette formation va asseoir une confiance en mes comp\u00e9tences et une force de proposition que je n&#8217;aurais peut-\u00eatre pas eu sans le DU.&#8221;<span class=\"Apple-converted-space\">\u00a0<\/span><\/p>\n<p>&#8220;Quoi qu&#8217;il en r\u00e9sulte, c&#8217;est une formation qui m&#8217;aura donn\u00e9 bien plus de confiance en mes comp\u00e9tences et une envie de les mettre en oeuvre dans l&#8217;asso. o\u00f9 je travaille ou m\u00eame ailleurs. Merci pour la convivialit\u00e9 et le bon esprit qui ont r\u00e9gn\u00e9 toute cette ann\u00e9e.&#8221;<span class=\"Apple-converted-space\">\u00a0<\/span><\/p>\n<p>&#8220;Cette formation me fait prendre conscience de la n\u00e9cessit\u00e9 de repenser la place des b\u00e9n\u00e9voles au sein de l&#8217;association et leur interaction avec les salari\u00e9s et la gouvernance.&#8221;<span class=\"Apple-converted-space\">\u00a0<\/span><\/p>\n<p>&#8220;Au-del\u00e0 des perspectives concr\u00e8tes \u00e0 mettre en oeuvre au sein de mon association, cette formation a ouvert des perspectives d&#8217;\u00e9volution professionnelle vers des domaines li\u00e9s \u00e0 la gestion du monde associatif dans une commune, communaut\u00e9 de communes, d\u00e9partement, r\u00e9gion.&#8221;<span class=\"Apple-converted-space\">\u00a0<\/span><\/td>\n<\/tr>\n<\/tbody>\n<\/table>\n<h6><\/h6>\n","protected":false},"excerpt":{"rendered":"<p>&nbsp; Ils parlent de la formation AGDA\u2026 \u00a0&#8220;La premi\u00e8re session a \u00e9t\u00e9 tr\u00e8s r\u00e9v\u00e9latrice : la rencontre des autres, de nos probl\u00e9matiques conjointes. Je ne me suis plus du tout sentie seule face \u00e0 mes difficult\u00e9s.&#8221;\u00a0 &#8220;Cette formation m&#8217;a permis d&#8217;\u00e9claircir les probl\u00e9matiques dans mon association et de pouvoir hi\u00e9rarchiser les priorit\u00e9s et les parties&hellip;<\/p>\n<p class=\"more-link-p\"><a class=\"btn btn-primary\" href=\"https:\/\/blog.ube.fr\/du-agda\/temoignages\/\">Voir plus &rarr;<\/a><\/p>\n","protected":false},"author":270,"featured_media":0,"parent":0,"menu_order":0,"comment_status":"closed","ping_status":"closed","template":"","meta":{"footnotes":""},"class_list":["post-145","page","type-page","status-publish","hentry"],"_links":{"self":[{"href":"https:\/\/blog.ube.fr\/du-agda\/wp-json\/wp\/v2\/pages\/145","targetHints":{"allow":["GET"]}}],"collection":[{"href":"https:\/\/blog.ube.fr\/du-agda\/wp-json\/wp\/v2\/pages"}],"about":[{"href":"https:\/\/blog.ube.fr\/du-agda\/wp-json\/wp\/v2\/types\/page"}],"author":[{"embeddable":true,"href":"https:\/\/blog.ube.fr\/du-agda\/wp-json\/wp\/v2\/users\/270"}],"replies":[{"embeddable":true,"href":"https:\/\/blog.ube.fr\/du-agda\/wp-json\/wp\/v2\/comments?post=145"}],"version-history":[{"count":22,"href":"https:\/\/blog.ube.fr\/du-agda\/wp-json\/wp\/v2\/pages\/145\/revisions"}],"predecessor-version":[{"id":264,"href":"https:\/\/blog.ube.fr\/du-agda\/wp-json\/wp\/v2\/pages\/145\/revisions\/264"}],"wp:attachment":[{"href":"https:\/\/blog.ube.fr\/du-agda\/wp-json\/wp\/v2\/media?parent=145"}],"curies":[{"name":"wp","href":"https:\/\/api.w.org\/{rel}","templated":true}]}}